{"id":3659,"date":"2021-01-15T09:14:00","date_gmt":"2021-01-15T09:14:00","guid":{"rendered":"https:\/\/casesdeltaebre.com\/politique-de-confidentialite\/"},"modified":"2021-01-15T09:14:01","modified_gmt":"2021-01-15T09:14:01","slug":"politique-de-confidentialite","status":"publish","type":"page","link":"https:\/\/casesdeltaebre.com\/fr\/politique-de-confidentialite\/","title":{"rendered":"Politique de confidentialit\u00e9"},"content":{"rendered":"\r\n<p><h4>POLITIQUE DE CONFIDENTIALIT\u00c9 ET PROTECTION DES DONN\u00c9ES PERSONNELLES.<\/h4><\/p>\r\n\r\n<p>Anna Borr\u00e0s i Cesena, DNI 46221971K, en application de la r\u00e9glementation en vigueur sur la protection des donn\u00e9es personnelles, informe que les donn\u00e9es personnelles collect\u00e9es via les formulaires sur le site Web <em><strong>Cases del Delta<\/strong><\/em>, sont incluses dans les fichiers automatis\u00e9s les utilisateurs sp\u00e9cifiques des services propos\u00e9s par ces pages et qui sont la demande d&rsquo;information, de r\u00e9servation ou de formalisation d&rsquo;un contrat de location touristique.<\/p>\r\n\r\n<p>Le but de la collecte et du traitement automatis\u00e9s des donn\u00e9es personnelles est de maintenir la relation commerciale et d&rsquo;effectuer des informations, des conseils et d&rsquo;autres activit\u00e9s sp\u00e9cifiques au propri\u00e9taire du site Web.<\/p>\r\n\r\n<p>Ces donn\u00e9es ne seront transf\u00e9r\u00e9es qu&rsquo;aux entit\u00e9s ou aux personnes qui sont n\u00e9cessaires ou li\u00e9es au seul but de se conformer \u00e0 la fourniture du service propos\u00e9 sur le site Web et pour la conformit\u00e9 est contract\u00e9e avec le propri\u00e9taire professionnel de celui-ci. Il s&rsquo;entend comme une cession autoris\u00e9e par l&rsquo;utilisateur tout ce qui concerne l&rsquo;exigence pour formaliser les r\u00e9servations opportunes dans les entreprises de transport de passagers, les soci\u00e9t\u00e9s titulaires de biens immobiliers destin\u00e9s au g\u00eete touristique ou de vacances, les titulaires de biens immobiliers destin\u00e9 au tourisme rural, etc., ainsi qu&rsquo;aux autorit\u00e9s et administrations publiques dans le cadre de l&rsquo;application et du respect de la loi 5\/2012 de la taxe sur les s\u00e9jours dans les \u00e9tablissements touristiques de Catalogne et LO 4\/2015 de la protection de la s\u00e9curit\u00e9 des citoyens , ainsi que toute autre disposition normative qui fixe la cession des donn\u00e9es collect\u00e9es comme imp\u00e9ratif l\u00e9gal.<\/p>\r\n\r\n<p>Anna Borr\u00e0s i Cesena adopte les mesures n\u00e9cessaires pour garantir la s\u00e9curit\u00e9, l&rsquo;int\u00e9grit\u00e9 et la confidentialit\u00e9 des donn\u00e9es conform\u00e9ment aux dispositions du r\u00e8glement (UE) 2016\/679 du Parlement europ\u00e9en et du Conseil du 27 avril 2016, relative \u00e0 la protection des personnes physiques \u00e0 l&rsquo;\u00e9gard du traitement des donn\u00e9es \u00e0 caract\u00e8re personnel et \u00e0 la libre circulation de celles-ci.<\/p>\r\n\r\n<p>L&rsquo;utilisateur peut \u00e0 tout moment exercer les droits d&rsquo;acc\u00e8s, d&rsquo;opposition, de rectification et d&rsquo;annulation reconnus dans le r\u00e8glement (UE) pr\u00e9cit\u00e9. L&rsquo;exercice de ces droits peut \u00eatre effectu\u00e9 par l&rsquo;utilisateur par courrier \u00e9lectronique \u00e0: info@casesdeltaebre.com.<\/p>\r\n\r\n<p>L&rsquo;utilisateur d\u00e9clare que toutes les donn\u00e9es fournies par lui sont vraies et correctes, lib\u00e9rant dans cet acte \u00e0 Anna Borr\u00e0s et Cesena de toute cette responsabilit\u00e9 d\u00e9riv\u00e9e de la facilitation de toute donn\u00e9e fausse ou erron\u00e9e de mani\u00e8re malveillante qui peut supposer la violation du droit \u00e0 la vie priv\u00e9e ou la loi sur la protection des donn\u00e9es elle-m\u00eame \u00e0 l&rsquo;\u00e9gard des utilisateurs tiers.<\/p>\r\n\r\n<p><h4>BUT DU TRAITEMENT<\/h4><\/p>\r\n\r\n<p>Chez Cases del Delta nous traiterons vos donn\u00e9es personnelles collect\u00e9es via notre site Web aux fins suivantes:<\/p>\r\n\r\n<ol class=\"wp-block-list\" type=\"1\">\r\n<li>En cas de sous-traitance des services propos\u00e9s sur le site www.casesdeltaebre.com, pour maintenir et se conformer \u00e0 l&rsquo;obligation contractuelle exig\u00e9e du propri\u00e9taire du site, ainsi que la gestion, l&rsquo;administration, l&rsquo;information, la fourniture et l&rsquo;am\u00e9lioration du service.<\/li>\r\n<li>Envoi des informations demand\u00e9es via les formulaires fournis sur www.casesdeltaebre.com<\/li>\r\n<li>Envoyez des newsletters, ainsi que des communications commerciales pour des promotions et \/ ou des offres publicitaires pour Casas del Delta li\u00e9es au secteur du tourisme.<\/li>\r\n<\/ol>\r\n\r\n<p>Nous vous rappelons que vous pouvez vous opposer \u00e0 l&rsquo;envoi de communications commerciales par tout moyen et \u00e0 tout moment en envoyant un email \u00e0 l&rsquo;adresse indiqu\u00e9e ci-dessus.<\/p>\r\n\r\n<p>Les champs de ces enregistrements doivent \u00eatre remplis, et il est impossible de r\u00e9aliser les objectifs d\u00e9clar\u00e9s sans fournir ces informations.<\/p>\r\n\r\n<p><h4>CONSERVATION DES DONN\u00c9ES COLLECT\u00c9ES<\/h4><\/p>\r\n\r\n<p>Les donn\u00e9es personnelles fournies seront conserv\u00e9es jusqu&rsquo;\u00e0 ce que leur suppression soit demand\u00e9e par l&rsquo;utilisateur et pendant la p\u00e9riode pendant laquelle des responsabilit\u00e9s l\u00e9gales peuvent survenir pour les services fournis.<\/p>\r\n\r\n<p><h4>L\u00c9GITIMATION<\/h4><\/p>\r\n\r\n<p>Le traitement des donn\u00e9es est effectu\u00e9 avec les bases juridiques suivantes qui le l\u00e9gitiment:<\/p>\r\n\r\n<ol class=\"wp-block-list\" type=\"1\">\r\n<li>La demande de renseignements et \/ ou la location d&rsquo;un h\u00e9bergement de Tourisme Rural, les conditions g\u00e9n\u00e9rales de vente vous seront mises \u00e0 votre disposition dans tous les cas, pr\u00e9alablement \u00e0 une \u00e9ventuelle location.<\/li>\r\n<li>Consentement libre, sp\u00e9cifique, \u00e9clair\u00e9 et sans \u00e9quivoque, comme nous vous informons en mettant \u00e0 disposition cette politique de confidentialit\u00e9, qui apr\u00e8s l&rsquo;avoir lue, si vous \u00eates d&rsquo;accord, vous pouvez accepter par une action claire affirmative, tout comme le fait de cocher la case pr\u00e9vue \u00e0 cet effet \u00e0 la fin de la pr\u00e9sente D\u00e9claration.<\/li>\r\n<\/ol>\r\n\r\n<p>Dans le cas o\u00f9 vos donn\u00e9es ne nous sont pas fournies ou sont faites de mani\u00e8re erron\u00e9e ou incompl\u00e8te, nous ne serons pas en mesure de r\u00e9pondre \u00e0 votre demande, ce qui entra\u00eenera l&rsquo;impossibilit\u00e9 totale de fournir les informations demand\u00e9es ou d&rsquo;ex\u00e9cuter la sous-traitance des services.<\/p>\r\n\r\n<p><h4>B\u00c9N\u00c9FICIAIRES<\/h4><\/p>\r\n\r\n<p>Les donn\u00e9es ne seront communiqu\u00e9es \u00e0 aucun tiers en dehors de <strong>Cases del Delta<\/strong>, sauf dans les cas requis par les lois r\u00e9gissant l&rsquo;activit\u00e9 touristique et dans les cas li\u00e9s \u00e0 la fourniture du service contract\u00e9 par l&rsquo;utilisateur.<\/p>\r\n\r\n<p><h4>PROTECTION DE L&rsquo;INFORMATION<\/h4><\/p>\r\n\r\n<p><strong>Cases del Delta<\/strong> sauvegarde le contenu h\u00e9berg\u00e9 sur ses serveurs, mais n&rsquo;est pas responsable de la perte ou de la suppression accidentelle de donn\u00e9es par les utilisateurs. De m\u00eame, il ne garantit pas le remplacement complet des donn\u00e9es supprim\u00e9es par les utilisateurs, car les donn\u00e9es mentionn\u00e9es pourraient avoir \u00e9t\u00e9 supprim\u00e9es et \/ ou modifi\u00e9es pendant la p\u00e9riode \u00e9coul\u00e9e depuis la derni\u00e8re sauvegarde.<\/p>\r\n\r\n<p>Les services propos\u00e9s, \u00e0 l&rsquo;exception des services de sauvegarde sp\u00e9cifiques, n&rsquo;incluent pas le remplacement du contenu conserv\u00e9 dans les sauvegardes effectu\u00e9es par <strong>Cases del Delta<\/strong>, lorsque cette perte est imputable \u00e0 l&rsquo;utilisateur; dans ce cas, des frais seront d\u00e9termin\u00e9s en fonction de la complexit\u00e9 et du volume de la r\u00e9cup\u00e9ration, toujours avec l&rsquo;acceptation pr\u00e9alable de l&rsquo;utilisateur.<\/p>\r\n\r\n<p>Le remplacement des donn\u00e9es supprim\u00e9es n&rsquo;est inclus dans le prix du service que lorsque la perte du contenu est due \u00e0 des causes imputables au propri\u00e9taire du site et \u00e0 sa base de donn\u00e9es correspondante.<\/p>\r\n\r\n<p><h4>COMMUNICATIONS COMMERCIALES<\/h4><\/p>\r\n\r\n<p>Conform\u00e9ment \u00e0 la loi sur les services de la soci\u00e9t\u00e9 de l&rsquo;information ou LSSI, Casas del Delta n&rsquo;enverra pas de publicit\u00e9 ou de communication promotionnelle par e-mail ou par tout autre moyen de communication \u00e9lectronique \u00e9quivalent qui n&rsquo;a pas \u00e9t\u00e9 pr\u00e9alablement demand\u00e9 ou express\u00e9ment autoris\u00e9 par les destinataires du m\u00eame.<\/p>\r\n\r\n<p>Dans le cas des utilisateurs avec lesquels il existe une relation contractuelle ant\u00e9rieure, <strong>Cases del Delta<\/strong> s&rsquo;ils sont autoris\u00e9s \u00e0 envoyer des communications commerciales concernant les produits ou services de www.casesdeltaebre.com, sauf renonciation expresse formalis\u00e9e par le client. Dans tous les cas, l&rsquo;utilisateur, apr\u00e8s avoir prouv\u00e9 son identit\u00e9, peut demander qu&rsquo;aucune autre information commerciale ne lui soit transmise via les canaux du Service Client.<\/p>\r\n\r\n<p>Sur la base de tout cela et en cochant la case, je d\u00e9clare \u00eatre majeur et je consens de mani\u00e8re claire et sans \u00e9quivoque \u00e0 Anna Borr\u00e0s Cesena, en tant que propri\u00e9taire du site www.casesdeltaebre.com, d&rsquo;accord avec la direction, l&rsquo;administration et la possession de mes donn\u00e9es personnelles fournies aux fins et objectifs transcrits dans la pr\u00e9sente d\u00e9claration de politique de confidentialit\u00e9.<\/p>\r\n","protected":false},"excerpt":{"rendered":"<p>POLITIQUE DE CONFIDENTIALIT\u00c9 ET PROTECTION DES DONN\u00c9ES PERSONNELLES. Anna Borr\u00e0s i Cesena, DNI 46221971K, en application de la r\u00e9glementation en vigueur sur la protection des donn\u00e9es personnelles, informe que les donn\u00e9es personnelles collect\u00e9es via les formulaires sur le site Web Cases del Delta, sont incluses dans les fichiers automatis\u00e9s les utilisateurs sp\u00e9cifiques des services propos\u00e9s &#8230; <a title=\"Politique de confidentialit\u00e9\" class=\"read-more\" href=\"https:\/\/casesdeltaebre.com\/fr\/politique-de-confidentialite\/\" aria-label=\"En savoir plus sur Politique de confidentialit\u00e9\">Lire la suite<\/a><\/p>\n","protected":false},"author":1,"featured_media":0,"parent":0,"menu_order":0,"comment_status":"closed","ping_status":"closed","template":"","meta":{"_exactmetrics_skip_tracking":false,"_exactmetrics_sitenote_active":false,"_exactmetrics_sitenote_note":"","_exactmetrics_sitenote_category":0,"footnotes":""},"class_list":["post-3659","page","type-page","status-publish"],"yoast_head":"<!-- This site is optimized with the Yoast SEO plugin v20.2 - https:\/\/yoast.com\/wordpress\/plugins\/seo\/ -->\n<title>Politique de confidentialit\u00e9 - Cases del Delta<\/title>\n<meta name=\"robots\" content=\"index, follow, max-snippet:-1, max-image-preview:large, max-video-preview:-1\" \/>\n<link rel=\"canonical\" href=\"https:\/\/casesdeltaebre.com\/fr\/politique-de-confidentialite\/\" \/>\n<meta property=\"og:locale\" content=\"fr_FR\" \/>\n<meta property=\"og:type\" content=\"article\" \/>\n<meta property=\"og:title\" content=\"Politique de confidentialit\u00e9 - Cases del Delta\" \/>\n<meta property=\"og:description\" content=\"POLITIQUE DE CONFIDENTIALIT\u00c9 ET PROTECTION DES DONN\u00c9ES PERSONNELLES. Anna Borr\u00e0s i Cesena, DNI 46221971K, en application de la r\u00e9glementation en vigueur sur la protection des donn\u00e9es personnelles, informe que les donn\u00e9es personnelles collect\u00e9es via les formulaires sur le site Web Cases del Delta, sont incluses dans les fichiers automatis\u00e9s les utilisateurs sp\u00e9cifiques des services propos\u00e9s ... Lire la suite\" \/>\n<meta property=\"og:url\" content=\"https:\/\/casesdeltaebre.com\/fr\/politique-de-confidentialite\/\" \/>\n<meta property=\"og:site_name\" content=\"Cases del Delta\" \/>\n<meta property=\"article:modified_time\" content=\"2021-01-15T09:14:01+00:00\" \/>\n<meta name=\"twitter:card\" content=\"summary_large_image\" \/>\n<meta name=\"twitter:label1\" content=\"Dur\u00e9e de lecture estim\u00e9e\" \/>\n\t<meta name=\"twitter:data1\" content=\"6 minutes\" \/>\n<script type=\"application\/ld+json\" class=\"yoast-schema-graph\">{\"@context\":\"https:\/\/schema.org\",\"@graph\":[{\"@type\":\"WebPage\",\"@id\":\"https:\/\/casesdeltaebre.com\/fr\/politique-de-confidentialite\/\",\"url\":\"https:\/\/casesdeltaebre.com\/fr\/politique-de-confidentialite\/\",\"name\":\"Politique de confidentialit\u00e9 - Cases del Delta\",\"isPartOf\":{\"@id\":\"https:\/\/casesdeltaebre.com\/fr\/#website\"},\"datePublished\":\"2021-01-15T09:14:00+00:00\",\"dateModified\":\"2021-01-15T09:14:01+00:00\",\"breadcrumb\":{\"@id\":\"https:\/\/casesdeltaebre.com\/fr\/politique-de-confidentialite\/#breadcrumb\"},\"inLanguage\":\"fr-FR\",\"potentialAction\":[{\"@type\":\"ReadAction\",\"target\":[\"https:\/\/casesdeltaebre.com\/fr\/politique-de-confidentialite\/\"]}]},{\"@type\":\"BreadcrumbList\",\"@id\":\"https:\/\/casesdeltaebre.com\/fr\/politique-de-confidentialite\/#breadcrumb\",\"itemListElement\":[{\"@type\":\"ListItem\",\"position\":1,\"name\":\"Portada\",\"item\":\"https:\/\/casesdeltaebre.com\/fr\/\"},{\"@type\":\"ListItem\",\"position\":2,\"name\":\"Politique de confidentialit\u00e9\"}]},{\"@type\":\"WebSite\",\"@id\":\"https:\/\/casesdeltaebre.com\/fr\/#website\",\"url\":\"https:\/\/casesdeltaebre.com\/fr\/\",\"name\":\"Cases del Delta\",\"description\":\"Ecoturisme al Delta de l&#039;Ebre\",\"publisher\":{\"@id\":\"https:\/\/casesdeltaebre.com\/fr\/#organization\"},\"potentialAction\":[{\"@type\":\"SearchAction\",\"target\":{\"@type\":\"EntryPoint\",\"urlTemplate\":\"https:\/\/casesdeltaebre.com\/fr\/?s={search_term_string}\"},\"query-input\":\"required name=search_term_string\"}],\"inLanguage\":\"fr-FR\"},{\"@type\":\"Organization\",\"@id\":\"https:\/\/casesdeltaebre.com\/fr\/#organization\",\"name\":\"Cases del Delta\",\"url\":\"https:\/\/casesdeltaebre.com\/fr\/\",\"logo\":{\"@type\":\"ImageObject\",\"inLanguage\":\"fr-FR\",\"@id\":\"https:\/\/casesdeltaebre.com\/fr\/#\/schema\/logo\/image\/\",\"url\":\"https:\/\/casesdeltaebre.com\/wp-content\/uploads\/2019\/06\/cropped-LogoCasesDeltaHoritzontal-1.png\",\"contentUrl\":\"https:\/\/casesdeltaebre.com\/wp-content\/uploads\/2019\/06\/cropped-LogoCasesDeltaHoritzontal-1.png\",\"width\":938,\"height\":205,\"caption\":\"Cases del Delta\"},\"image\":{\"@id\":\"https:\/\/casesdeltaebre.com\/fr\/#\/schema\/logo\/image\/\"}}]}<\/script>\n<!-- \/ Yoast SEO plugin. -->","yoast_head_json":{"title":"Politique de confidentialit\u00e9 - Cases del Delta","robots":{"index":"index","follow":"follow","max-snippet":"max-snippet:-1","max-image-preview":"max-image-preview:large","max-video-preview":"max-video-preview:-1"},"canonical":"https:\/\/casesdeltaebre.com\/fr\/politique-de-confidentialite\/","og_locale":"fr_FR","og_type":"article","og_title":"Politique de confidentialit\u00e9 - Cases del Delta","og_description":"POLITIQUE DE CONFIDENTIALIT\u00c9 ET PROTECTION DES DONN\u00c9ES PERSONNELLES. Anna Borr\u00e0s i Cesena, DNI 46221971K, en application de la r\u00e9glementation en vigueur sur la protection des donn\u00e9es personnelles, informe que les donn\u00e9es personnelles collect\u00e9es via les formulaires sur le site Web Cases del Delta, sont incluses dans les fichiers automatis\u00e9s les utilisateurs sp\u00e9cifiques des services propos\u00e9s ... Lire la suite","og_url":"https:\/\/casesdeltaebre.com\/fr\/politique-de-confidentialite\/","og_site_name":"Cases del Delta","article_modified_time":"2021-01-15T09:14:01+00:00","twitter_card":"summary_large_image","twitter_misc":{"Dur\u00e9e de lecture estim\u00e9e":"6 minutes"},"schema":{"@context":"https:\/\/schema.org","@graph":[{"@type":"WebPage","@id":"https:\/\/casesdeltaebre.com\/fr\/politique-de-confidentialite\/","url":"https:\/\/casesdeltaebre.com\/fr\/politique-de-confidentialite\/","name":"Politique de confidentialit\u00e9 - Cases del Delta","isPartOf":{"@id":"https:\/\/casesdeltaebre.com\/fr\/#website"},"datePublished":"2021-01-15T09:14:00+00:00","dateModified":"2021-01-15T09:14:01+00:00","breadcrumb":{"@id":"https:\/\/casesdeltaebre.com\/fr\/politique-de-confidentialite\/#breadcrumb"},"inLanguage":"fr-FR","potentialAction":[{"@type":"ReadAction","target":["https:\/\/casesdeltaebre.com\/fr\/politique-de-confidentialite\/"]}]},{"@type":"BreadcrumbList","@id":"https:\/\/casesdeltaebre.com\/fr\/politique-de-confidentialite\/#breadcrumb","itemListElement":[{"@type":"ListItem","position":1,"name":"Portada","item":"https:\/\/casesdeltaebre.com\/fr\/"},{"@type":"ListItem","position":2,"name":"Politique de confidentialit\u00e9"}]},{"@type":"WebSite","@id":"https:\/\/casesdeltaebre.com\/fr\/#website","url":"https:\/\/casesdeltaebre.com\/fr\/","name":"Cases del Delta","description":"Ecoturisme al Delta de l&#039;Ebre","publisher":{"@id":"https:\/\/casesdeltaebre.com\/fr\/#organization"},"potentialAction":[{"@type":"SearchAction","target":{"@type":"EntryPoint","urlTemplate":"https:\/\/casesdeltaebre.com\/fr\/?s={search_term_string}"},"query-input":"required name=search_term_string"}],"inLanguage":"fr-FR"},{"@type":"Organization","@id":"https:\/\/casesdeltaebre.com\/fr\/#organization","name":"Cases del Delta","url":"https:\/\/casesdeltaebre.com\/fr\/","logo":{"@type":"ImageObject","inLanguage":"fr-FR","@id":"https:\/\/casesdeltaebre.com\/fr\/#\/schema\/logo\/image\/","url":"https:\/\/casesdeltaebre.com\/wp-content\/uploads\/2019\/06\/cropped-LogoCasesDeltaHoritzontal-1.png","contentUrl":"https:\/\/casesdeltaebre.com\/wp-content\/uploads\/2019\/06\/cropped-LogoCasesDeltaHoritzontal-1.png","width":938,"height":205,"caption":"Cases del Delta"},"image":{"@id":"https:\/\/casesdeltaebre.com\/fr\/#\/schema\/logo\/image\/"}}]}},"_links":{"self":[{"href":"https:\/\/casesdeltaebre.com\/fr\/wp-json\/wp\/v2\/pages\/3659","targetHints":{"allow":["GET"]}}],"collection":[{"href":"https:\/\/casesdeltaebre.com\/fr\/wp-json\/wp\/v2\/pages"}],"about":[{"href":"https:\/\/casesdeltaebre.com\/fr\/wp-json\/wp\/v2\/types\/page"}],"author":[{"embeddable":true,"href":"https:\/\/casesdeltaebre.com\/fr\/wp-json\/wp\/v2\/users\/1"}],"replies":[{"embeddable":true,"href":"https:\/\/casesdeltaebre.com\/fr\/wp-json\/wp\/v2\/comments?post=3659"}],"version-history":[{"count":1,"href":"https:\/\/casesdeltaebre.com\/fr\/wp-json\/wp\/v2\/pages\/3659\/revisions"}],"predecessor-version":[{"id":3660,"href":"https:\/\/casesdeltaebre.com\/fr\/wp-json\/wp\/v2\/pages\/3659\/revisions\/3660"}],"wp:attachment":[{"href":"https:\/\/casesdeltaebre.com\/fr\/wp-json\/wp\/v2\/media?parent=3659"}],"curies":[{"name":"wp","href":"https:\/\/api.w.org\/{rel}","templated":true}]}}