{"id":3548,"date":"2020-11-19T17:50:16","date_gmt":"2020-11-19T17:50:16","guid":{"rendered":"https:\/\/casesdeltaebre.com\/politica-de-cookies\/"},"modified":"2020-11-19T18:09:08","modified_gmt":"2020-11-19T18:09:08","slug":"politica-de-cookies","status":"publish","type":"page","link":"https:\/\/casesdeltaebre.com\/fr\/politica-de-cookies\/","title":{"rendered":"Cookies politique"},"content":{"rendered":"<h2>Que sont les cookies?<\/h2>\n<p>Les cookies sont des fichiers qui peuvent \u00eatre t\u00e9l\u00e9charg\u00e9s sur votre ordinateur via des pages Web. Ce sont des outils qui jouent un r\u00f4le essentiel dans la fourniture de nombreux services de la soci\u00e9t\u00e9 de l&rsquo;information. Entre autres, permettre \u00e0 une page Web de stocker et de r\u00e9cup\u00e9rer des informations sur les habitudes de navigation d&rsquo;un utilisateur ou de son \u00e9quipement et, en fonction des informations obtenues, peut \u00eatre utilis\u00e9 pour reconna\u00eetre l&rsquo;utilisateur et am\u00e9liorer le service offert.<\/p>\n<h2>Types de cookies<\/h2>\n<p>En fonction de l&rsquo;entit\u00e9 qui g\u00e8re le domaine \u00e0 partir duquel les cookies sont envoy\u00e9s et traite les donn\u00e9es obtenues, deux types peuvent \u00eatre distingu\u00e9s:<\/p>\n<ul>\n<li><strong>Propres cookies<\/strong>: Ceux qui sont envoy\u00e9s \u00e0 l&rsquo;\u00e9quipement terminal de l&rsquo;utilisateur \u00e0 partir d&rsquo;un ordinateur ou d&rsquo;un domaine g\u00e9r\u00e9 par l&rsquo;\u00e9diteur lui-m\u00eame et \u00e0 partir duquel le service demand\u00e9 par l&rsquo;utilisateur est fourni.<\/li>\n<li><strong>Cookies tiers<\/strong>: ceux qui sont envoy\u00e9s \u00e0 l&rsquo;\u00e9quipement terminal de l&rsquo;utilisateur \u00e0 partir d&rsquo;un ordinateur ou d&rsquo;un domaine non g\u00e9r\u00e9 par l&rsquo;\u00e9diteur, mais par une autre entit\u00e9 qui traite les donn\u00e9es obtenues via les cookies.<\/li>\n<\/ul>\n<p>Dans le cas o\u00f9 des cookies sont install\u00e9s \u00e0 partir d&rsquo;un ordinateur ou d&rsquo;un domaine g\u00e9r\u00e9 par l&rsquo;\u00e9diteur lui-m\u00eame, mais les informations collect\u00e9es par leur interm\u00e9diaire sont g\u00e9r\u00e9es par un tiers, ne peut pas \u00eatre consid\u00e9r\u00e9 comme ses propres cookies.<\/p>\n<p>Il existe \u00e9galement une deuxi\u00e8me classification en fonction de la dur\u00e9e pendant laquelle ils restent stock\u00e9s dans le navigateur du client, pouvoir \u00eatre:<\/p>\n<ul>\n<li><strong>Les cookies de session<\/strong>: con\u00e7u pour collecter et stocker des donn\u00e9es pendant que l&rsquo;utilisateur acc\u00e8de \u00e0 une page Web. Ils sont g\u00e9n\u00e9ralement utilis\u00e9s pour stocker des informations qui ne l&rsquo;int\u00e9ressent que pour la fourniture du service demand\u00e9 par l&rsquo;utilisateur en une seule fois. (p.e. une liste des produits achet\u00e9s).<\/li>\n<li><strong>Cookies persistants<\/strong>: les donn\u00e9es sont toujours stock\u00e9es dans le terminal et peuvent \u00eatre consult\u00e9es et trait\u00e9es pendant une p\u00e9riode d\u00e9finie par le responsable du cookie, et cela peut aller de quelques minutes \u00e0 plusieurs ann\u00e9es.<\/li>\n<\/ul>\n<p>Finalement, Il existe une autre classification avec cinq types de cookies en fonction de la finalit\u00e9 pour laquelle les donn\u00e9es obtenues sont trait\u00e9es:<\/p>\n<ul>\n<li><strong>Cookies techniques<\/strong>: ceux qui permettent \u00e0 l&rsquo;utilisateur de naviguer dans une page Web, plate-forme ou application et l&rsquo;utilisation des diff\u00e9rentes options ou services qui y existent en tant que, par exemple, contr\u00f4ler le trafic et la communication des donn\u00e9es, identifier la session, acc\u00e9der aux parties d&rsquo;acc\u00e8s restreint, se souvenir des \u00e9l\u00e9ments qui composent une commande, effectuer le processus d&rsquo;achat d&rsquo;une commande, faire la demande d&rsquo;inscription ou de participation \u00e0 un \u00e9v\u00e9nement, utiliser les fonctions de s\u00e9curit\u00e9 lors de la navigation, stocker du contenu pour diffuser des vid\u00e9os ou du son ou partager du contenu via les r\u00e9seaux sociaux.<\/li>\n<li><strong>Cookies de personnalisation<\/strong>: Ils permettent \u00e0 l&rsquo;utilisateur d&rsquo;acc\u00e9der au service avec certaines caract\u00e9ristiques g\u00e9n\u00e9rales pr\u00e9d\u00e9finies en fonction d&rsquo;une s\u00e9rie de crit\u00e8res dans le terminal de l&rsquo;utilisateur, comme la langue., le type de navigateur par lequel vous acc\u00e9dez au service, la configuration r\u00e9gionale \u00e0 partir de laquelle vous acc\u00e9dez au service, etc.<\/li>\n<li><strong>Cookies d&rsquo;analyse<\/strong>: permettre \u00e0 la personne qui en est responsable, le suivi et l&rsquo;analyse du comportement des utilisateurs des sites Web auxquels ils sont li\u00e9s. Les informations collect\u00e9es via ce type de cookies sont utilis\u00e9es pour mesurer l&rsquo;activit\u00e9 des sites Web., application ou plateforme et pour la pr\u00e9paration des profils de navigation des utilisateurs desdits sites, applications et plateformes, afin d&rsquo;introduire des am\u00e9liorations bas\u00e9es sur l&rsquo;analyse des donn\u00e9es d&rsquo;utilisation effectu\u00e9es par les utilisateurs du service.<\/li>\n<li><strong>Cookies publicitaires<\/strong>: permettre la gestion, de la mani\u00e8re la plus efficace possible, d&rsquo;espaces publicitaires.<\/li>\n<li><strong>Cookies publicitaires comportementaux<\/strong>: stocker des informations sur le comportement des utilisateurs obtenues gr\u00e2ce \u00e0 l&rsquo;observation continue de leurs habitudes de navigation, qui permet de d\u00e9velopper un profil sp\u00e9cifique pour afficher de la publicit\u00e9 en fonction de celui-ci.<\/li>\n<li><strong>Cookies de r\u00e9seaux sociaux externes<\/strong>: sont utilis\u00e9s pour que les visiteurs puissent interagir avec le contenu de diff\u00e9rentes plateformes sociales (Facebook, Youtube, Gazouillement, LinkedIn, etc..) et qui ne sont g\u00e9n\u00e9r\u00e9s que pour les utilisateurs desdits r\u00e9seaux sociaux. Les conditions d&rsquo;utilisation de ces cookies et les informations collect\u00e9es sont r\u00e9gies par la politique de confidentialit\u00e9 de la plateforme sociale correspondante..<\/li>\n<\/ul>\n<h2>D\u00e9sactivation et \u00e9limination des cookies<\/h2>\n<p>Vous avez la possibilit\u00e9 d&rsquo;autoriser, bloquer ou supprimer les cookies install\u00e9s sur votre ordinateur en configurant les options du navigateur install\u00e9es sur votre ordinateur. En d\u00e9sactivant les cookies, certains des services disponibles peuvent ne plus \u00eatre op\u00e9rationnels. La fa\u00e7on de d\u00e9sactiver les cookies est diff\u00e9rente pour chaque navigateur, mais normalement, cela peut \u00eatre fait \u00e0 partir du menu Outils ou Options. Vous pouvez \u00e9galement consulter le menu Aide du navigateur o\u00f9 vous pouvez trouver des instructions. L&rsquo;utilisateur peut \u00e0 tout moment choisir les cookies qu&rsquo;il souhaite utiliser sur ce site.<\/p>\n<p>Pouvez-vous permettre, bloquer ou supprimer les cookies install\u00e9s sur votre ordinateur en configurant les options du navigateur install\u00e9es sur votre ordinateur:<\/p>\n<ul>\n<li>Microsoft Internet Explorer ou Microsoft Edge: http:\/\/windows.microsoft.com\/es-es\/windows-vista\/Block-or-allow-cookies<\/li>\n<li>Mozilla Firefox: http:\/\/support.mozilla.org\/es\/kb\/impedir-que-los-sitios-web-guarden-sus-preferencia<\/li>\n<li>Chrome: https:\/\/support.google.com\/accounts\/answer\/61416?hl = est<\/li>\n<li>Safari: http:\/\/safari.helpmax.net\/es\/privacidad-y-seguridad\/como-gestionar-las-cookies\/<\/li>\n<li>Op\u00e9ra: http:\/\/help.opera.com\/Linux\/10.60\/es-ES\/cookies.html<\/li>\n<\/ul>\n<p>En plus, Vous pouvez \u00e9galement g\u00e9rer le magasin de cookies dans votre navigateur gr\u00e2ce \u00e0 des outils tels que les suivants<\/p>\n<ul>\n<li>Chester: www.ghostery.com\/<\/li>\n<\/ul>\n<h2>Cookies utilis\u00e9s sur ce site<\/h2>\n<p>Ce site utilise ses propres cookies techniques pour le bon fonctionnement du site et des cookies tiers. Ensuite, les cookies utilis\u00e9s dans ce portail sont identifi\u00e9s, ainsi que sa typologie et sa fonction:<\/p>\n<p>&nbsp;<\/p>\n<table width=\"100%\">\n<tbody>\n<tr>\n<th width=\"15%\"><strong>nom<\/strong><\/th>\n<th width=\"10%\"><strong>Objectif<\/strong><\/th>\n<th width=\"10%\"><strong>Fournisseur<\/strong><\/th>\n<th width=\"55%\"><strong>La description<\/strong><\/th>\n<th width=\"10%\"><strong>Dur\u00e9e<\/strong><\/th>\n<\/tr>\n<tr>\n<td>NE PAS<\/td>\n<td>La publicit\u00e9<\/td>\n<td>Google<\/td>\n<td>Enregistrer un identifiant<\/td>\n<td>6 mois<\/td>\n<\/tr>\n<tr>\n<td>SIDCC<\/td>\n<td>Analytique<\/td>\n<td>Google<\/td>\n<td>Fournit des services et extrait des informations anonymes sur la navigation<\/td>\n<td>3 mois<\/td>\n<\/tr>\n<tr>\n<td>SID<\/td>\n<td>Analiticas<\/td>\n<td>Google<\/td>\n<td>Collectez des informations pour le moteur de recherche Google<\/td>\n<td>Persistant<\/td>\n<\/tr>\n<tr>\n<td>HSID<\/td>\n<td>La publicit\u00e9<\/td>\n<td>Google<\/td>\n<td>Mesurer les performances des annonces et fournir des recommandations<\/td>\n<td>Persistant<\/td>\n<\/tr>\n<tr>\n<td>SAPISID<\/td>\n<td>La publicit\u00e9<\/td>\n<td>Google<\/td>\n<td>Mesurer les performances des annonces et fournir des recommandations<\/td>\n<td>Persistant<\/td>\n<\/tr>\n<tr>\n<td>APISID<\/td>\n<td>La publicit\u00e9<\/td>\n<td>Google<\/td>\n<td>Mesurer les performances des annonces et fournir des recommandations<\/td>\n<td>&nbsp;<\/td>\n<\/tr>\n<tr>\n<td>SSID<\/td>\n<td>La publicit\u00e9<\/td>\n<td>Google<\/td>\n<td>Mesurer les performances des annonces et fournir des recommandations<\/td>\n<td>&nbsp;<\/td>\n<\/tr>\n<tr>\n<td>_Secure-3PSIDCC<\/td>\n<td>La publicit\u00e9<\/td>\n<td>Google<\/td>\n<td>Ces cookies sont utilis\u00e9s pour diffuser des publicit\u00e9s plus pertinentes pour vous et vos int\u00e9r\u00eats.<\/td>\n<td>2 ans<\/td>\n<\/tr>\n<tr>\n<td>_Secure-3PAPISID<\/td>\n<td>La publicit\u00e9<\/td>\n<td>Google<\/td>\n<td>Ces cookies sont utilis\u00e9s pour diffuser des publicit\u00e9s plus pertinentes pour vous et vos int\u00e9r\u00eats.<\/td>\n<td>2 ans<\/td>\n<\/tr>\n<tr>\n<td>_Secure-3PSID<\/td>\n<td>La publicit\u00e9<\/td>\n<td>Google<\/td>\n<td>Ces cookies sont utilis\u00e9s pour diffuser des publicit\u00e9s plus pertinentes pour vous et vos int\u00e9r\u00eats.<\/td>\n<td>2 ans<\/td>\n<\/tr>\n<tr>\n<td>pinpoint_<\/td>\n<td>Technique<\/td>\n<td>Poss\u00e9der<\/td>\n<td>Syst\u00e8me de reservation. N\u00e9cessaire pour la gestion des donn\u00e9es du calendrier de r\u00e9servation<\/td>\n<td>Session<\/td>\n<\/tr>\n<tr>\n<td>views_cookyie_policy<\/td>\n<td>Technique<\/td>\n<td>Poss\u00e9der<\/td>\n<td>Syst\u00e8me de gestion des cookies<\/td>\n<td>Session<\/td>\n<\/tr>\n<tr>\n<td>cookielawinfo-checkbox-n\u00e9cessaire<\/td>\n<td>Technique<\/td>\n<td>Poss\u00e9der<\/td>\n<td>Syst\u00e8me de gestion des cookies. D\u00e9finit le connecteur de consentement des cookies GDPR. Son objectif est de v\u00e9rifier si l&rsquo;utilisateur a donn\u00e9 son consentement<\/td>\n<td>6 mois<\/td>\n<\/tr>\n<\/tbody>\n<\/table>\n<p>&nbsp;<\/p>\n<h2>Acceptation de la politique de cookies<\/h2>\n<p>Il est suppos\u00e9 que vous acceptez l&rsquo;utilisation de cookies. Cependant, affiche des informations sur sa politique de cookies en bas ou en haut de n&rsquo;importe quelle page du portail \u00e0 chaque connexion afin que vous soyez au courant.<\/p>\n<p>Compte tenu de ces informations, il est possible d&rsquo;effectuer les actions suivantes:<\/p>\n<ul>\n<li>Accepter les cookies. Cet avis ne sera plus affich\u00e9 lors de l&rsquo;acc\u00e8s \u00e0 une page du portail au cours de cette session.<\/li>\n<li>L&rsquo;avis est masqu\u00e9 sur cette page.<\/li>\n<li>Modifiez vos param\u00e8tres. Vous pouvez obtenir plus d&rsquo;informations sur ce que sont les cookies, conna\u00eetre la politique de cookies et modifier les param\u00e8tres de votre navigateur.<\/li>\n<\/ul>\n","protected":false},"excerpt":{"rendered":"<p>Que sont les cookies? Les cookies sont des fichiers qui peuvent \u00eatre t\u00e9l\u00e9charg\u00e9s sur votre ordinateur via des pages Web. Ce sont des outils qui jouent un r\u00f4le essentiel dans la fourniture de nombreux services de la soci\u00e9t\u00e9 de l&rsquo;information. Entre autres, permettre \u00e0 une page Web de stocker et de r\u00e9cup\u00e9rer des informations sur &#8230; <a title=\"Cookies politique\" class=\"read-more\" href=\"https:\/\/casesdeltaebre.com\/fr\/politica-de-cookies\/\" aria-label=\"En savoir plus sur Cookies politique\">Lire la suite<\/a><\/p>\n","protected":false},"author":1,"featured_media":0,"parent":0,"menu_order":0,"comment_status":"closed","ping_status":"closed","template":"","meta":{"_exactmetrics_skip_tracking":false,"_exactmetrics_sitenote_active":false,"_exactmetrics_sitenote_note":"","_exactmetrics_sitenote_category":0,"footnotes":""},"class_list":["post-3548","page","type-page","status-publish"],"yoast_head":"<!-- This site is optimized with the Yoast SEO plugin v20.2 - https:\/\/yoast.com\/wordpress\/plugins\/seo\/ -->\n<title>Cookies politique - Cases del Delta<\/title>\n<meta name=\"robots\" content=\"index, follow, max-snippet:-1, max-image-preview:large, max-video-preview:-1\" \/>\n<link rel=\"canonical\" href=\"https:\/\/casesdeltaebre.com\/fr\/politica-de-cookies\/\" \/>\n<meta property=\"og:locale\" content=\"fr_FR\" \/>\n<meta property=\"og:type\" content=\"article\" \/>\n<meta property=\"og:title\" content=\"Cookies politique - Cases del Delta\" \/>\n<meta property=\"og:description\" content=\"Que sont les cookies? Les cookies sont des fichiers qui peuvent \u00eatre t\u00e9l\u00e9charg\u00e9s sur votre ordinateur via des pages Web. Ce sont des outils qui jouent un r\u00f4le essentiel dans la fourniture de nombreux services de la soci\u00e9t\u00e9 de l&rsquo;information. Entre autres, permettre \u00e0 une page Web de stocker et de r\u00e9cup\u00e9rer des informations sur ... Lire la suite\" \/>\n<meta property=\"og:url\" content=\"https:\/\/casesdeltaebre.com\/fr\/politica-de-cookies\/\" \/>\n<meta property=\"og:site_name\" content=\"Cases del Delta\" \/>\n<meta property=\"article:modified_time\" content=\"2020-11-19T18:09:08+00:00\" \/>\n<meta name=\"twitter:card\" content=\"summary_large_image\" \/>\n<meta name=\"twitter:label1\" content=\"Dur\u00e9e de lecture estim\u00e9e\" \/>\n\t<meta name=\"twitter:data1\" content=\"7 minutes\" \/>\n<script type=\"application\/ld+json\" class=\"yoast-schema-graph\">{\"@context\":\"https:\/\/schema.org\",\"@graph\":[{\"@type\":\"WebPage\",\"@id\":\"https:\/\/casesdeltaebre.com\/fr\/politica-de-cookies\/\",\"url\":\"https:\/\/casesdeltaebre.com\/fr\/politica-de-cookies\/\",\"name\":\"Cookies politique - Cases del Delta\",\"isPartOf\":{\"@id\":\"https:\/\/casesdeltaebre.com\/fr\/#website\"},\"datePublished\":\"2020-11-19T17:50:16+00:00\",\"dateModified\":\"2020-11-19T18:09:08+00:00\",\"breadcrumb\":{\"@id\":\"https:\/\/casesdeltaebre.com\/fr\/politica-de-cookies\/#breadcrumb\"},\"inLanguage\":\"fr-FR\",\"potentialAction\":[{\"@type\":\"ReadAction\",\"target\":[\"https:\/\/casesdeltaebre.com\/fr\/politica-de-cookies\/\"]}]},{\"@type\":\"BreadcrumbList\",\"@id\":\"https:\/\/casesdeltaebre.com\/fr\/politica-de-cookies\/#breadcrumb\",\"itemListElement\":[{\"@type\":\"ListItem\",\"position\":1,\"name\":\"Portada\",\"item\":\"https:\/\/casesdeltaebre.com\/fr\/\"},{\"@type\":\"ListItem\",\"position\":2,\"name\":\"Cookies politique\"}]},{\"@type\":\"WebSite\",\"@id\":\"https:\/\/casesdeltaebre.com\/fr\/#website\",\"url\":\"https:\/\/casesdeltaebre.com\/fr\/\",\"name\":\"Cases del Delta\",\"description\":\"Ecoturisme al Delta de l&#039;Ebre\",\"publisher\":{\"@id\":\"https:\/\/casesdeltaebre.com\/fr\/#organization\"},\"potentialAction\":[{\"@type\":\"SearchAction\",\"target\":{\"@type\":\"EntryPoint\",\"urlTemplate\":\"https:\/\/casesdeltaebre.com\/fr\/?s={search_term_string}\"},\"query-input\":\"required name=search_term_string\"}],\"inLanguage\":\"fr-FR\"},{\"@type\":\"Organization\",\"@id\":\"https:\/\/casesdeltaebre.com\/fr\/#organization\",\"name\":\"Cases del Delta\",\"url\":\"https:\/\/casesdeltaebre.com\/fr\/\",\"logo\":{\"@type\":\"ImageObject\",\"inLanguage\":\"fr-FR\",\"@id\":\"https:\/\/casesdeltaebre.com\/fr\/#\/schema\/logo\/image\/\",\"url\":\"https:\/\/casesdeltaebre.com\/wp-content\/uploads\/2019\/06\/cropped-LogoCasesDeltaHoritzontal-1.png\",\"contentUrl\":\"https:\/\/casesdeltaebre.com\/wp-content\/uploads\/2019\/06\/cropped-LogoCasesDeltaHoritzontal-1.png\",\"width\":938,\"height\":205,\"caption\":\"Cases del Delta\"},\"image\":{\"@id\":\"https:\/\/casesdeltaebre.com\/fr\/#\/schema\/logo\/image\/\"}}]}<\/script>\n<!-- \/ Yoast SEO plugin. -->","yoast_head_json":{"title":"Cookies politique - Cases del Delta","robots":{"index":"index","follow":"follow","max-snippet":"max-snippet:-1","max-image-preview":"max-image-preview:large","max-video-preview":"max-video-preview:-1"},"canonical":"https:\/\/casesdeltaebre.com\/fr\/politica-de-cookies\/","og_locale":"fr_FR","og_type":"article","og_title":"Cookies politique - Cases del Delta","og_description":"Que sont les cookies? Les cookies sont des fichiers qui peuvent \u00eatre t\u00e9l\u00e9charg\u00e9s sur votre ordinateur via des pages Web. Ce sont des outils qui jouent un r\u00f4le essentiel dans la fourniture de nombreux services de la soci\u00e9t\u00e9 de l&rsquo;information. Entre autres, permettre \u00e0 une page Web de stocker et de r\u00e9cup\u00e9rer des informations sur ... Lire la suite","og_url":"https:\/\/casesdeltaebre.com\/fr\/politica-de-cookies\/","og_site_name":"Cases del Delta","article_modified_time":"2020-11-19T18:09:08+00:00","twitter_card":"summary_large_image","twitter_misc":{"Dur\u00e9e de lecture estim\u00e9e":"7 minutes"},"schema":{"@context":"https:\/\/schema.org","@graph":[{"@type":"WebPage","@id":"https:\/\/casesdeltaebre.com\/fr\/politica-de-cookies\/","url":"https:\/\/casesdeltaebre.com\/fr\/politica-de-cookies\/","name":"Cookies politique - Cases del Delta","isPartOf":{"@id":"https:\/\/casesdeltaebre.com\/fr\/#website"},"datePublished":"2020-11-19T17:50:16+00:00","dateModified":"2020-11-19T18:09:08+00:00","breadcrumb":{"@id":"https:\/\/casesdeltaebre.com\/fr\/politica-de-cookies\/#breadcrumb"},"inLanguage":"fr-FR","potentialAction":[{"@type":"ReadAction","target":["https:\/\/casesdeltaebre.com\/fr\/politica-de-cookies\/"]}]},{"@type":"BreadcrumbList","@id":"https:\/\/casesdeltaebre.com\/fr\/politica-de-cookies\/#breadcrumb","itemListElement":[{"@type":"ListItem","position":1,"name":"Portada","item":"https:\/\/casesdeltaebre.com\/fr\/"},{"@type":"ListItem","position":2,"name":"Cookies politique"}]},{"@type":"WebSite","@id":"https:\/\/casesdeltaebre.com\/fr\/#website","url":"https:\/\/casesdeltaebre.com\/fr\/","name":"Cases del Delta","description":"Ecoturisme al Delta de l&#039;Ebre","publisher":{"@id":"https:\/\/casesdeltaebre.com\/fr\/#organization"},"potentialAction":[{"@type":"SearchAction","target":{"@type":"EntryPoint","urlTemplate":"https:\/\/casesdeltaebre.com\/fr\/?s={search_term_string}"},"query-input":"required name=search_term_string"}],"inLanguage":"fr-FR"},{"@type":"Organization","@id":"https:\/\/casesdeltaebre.com\/fr\/#organization","name":"Cases del Delta","url":"https:\/\/casesdeltaebre.com\/fr\/","logo":{"@type":"ImageObject","inLanguage":"fr-FR","@id":"https:\/\/casesdeltaebre.com\/fr\/#\/schema\/logo\/image\/","url":"https:\/\/casesdeltaebre.com\/wp-content\/uploads\/2019\/06\/cropped-LogoCasesDeltaHoritzontal-1.png","contentUrl":"https:\/\/casesdeltaebre.com\/wp-content\/uploads\/2019\/06\/cropped-LogoCasesDeltaHoritzontal-1.png","width":938,"height":205,"caption":"Cases del Delta"},"image":{"@id":"https:\/\/casesdeltaebre.com\/fr\/#\/schema\/logo\/image\/"}}]}},"_links":{"self":[{"href":"https:\/\/casesdeltaebre.com\/fr\/wp-json\/wp\/v2\/pages\/3548","targetHints":{"allow":["GET"]}}],"collection":[{"href":"https:\/\/casesdeltaebre.com\/fr\/wp-json\/wp\/v2\/pages"}],"about":[{"href":"https:\/\/casesdeltaebre.com\/fr\/wp-json\/wp\/v2\/types\/page"}],"author":[{"embeddable":true,"href":"https:\/\/casesdeltaebre.com\/fr\/wp-json\/wp\/v2\/users\/1"}],"replies":[{"embeddable":true,"href":"https:\/\/casesdeltaebre.com\/fr\/wp-json\/wp\/v2\/comments?post=3548"}],"version-history":[{"count":2,"href":"https:\/\/casesdeltaebre.com\/fr\/wp-json\/wp\/v2\/pages\/3548\/revisions"}],"predecessor-version":[{"id":3551,"href":"https:\/\/casesdeltaebre.com\/fr\/wp-json\/wp\/v2\/pages\/3548\/revisions\/3551"}],"wp:attachment":[{"href":"https:\/\/casesdeltaebre.com\/fr\/wp-json\/wp\/v2\/media?parent=3548"}],"curies":[{"name":"wp","href":"https:\/\/api.w.org\/{rel}","templated":true}]}}