{"id":2990,"date":"2020-05-24T18:32:09","date_gmt":"2020-05-24T18:32:09","guid":{"rendered":"https:\/\/casesdeltaebre.com\/?page_id=2990"},"modified":"2025-02-25T10:03:16","modified_gmt":"2025-02-25T10:03:16","slug":"barraca-vilbor","status":"publish","type":"page","link":"https:\/\/casesdeltaebre.com\/fr\/les-casetes\/barraca-vilbor\/","title":{"rendered":"Villa Paquita Loft"},"content":{"rendered":"<section class=\"wpb-content-wrapper\"><p>[vc_row][vc_column][vc_column_text]<br \/>\nHUTTE &#8211; 057594<br \/>\nLa Villa Paquita Loft est un appartement situ\u00e9 dans le delta de l&rsquo;\u00c8bre. Elle offre tout le confort d&rsquo;une maison conventionnelle avec le charme de la tradition et la proximit\u00e9 avec la nature. Il dispose d&rsquo;une salle de bain compl\u00e8te avec douche et d&rsquo;une cuisine ouverte compl\u00e8te. Nous soulignons l&rsquo;espace de sa terrasse priv\u00e9e, le barbecue et le mobilier d&rsquo;ext\u00e9rieur, id\u00e9aux pour se d\u00e9tendre et se d\u00e9connecter tout en profitant d&rsquo;une exp\u00e9rience dans le Delta de l&rsquo;\u00c8bre.<br \/>\nLe loft est situ\u00e9 dans un endroit calme et est am\u00e9nag\u00e9 avec beaucoup de go\u00fbt. L&rsquo;espace est tr\u00e8s bien utilis\u00e9, il y a tout ce dont vous avez besoin. C&rsquo;\u00e9tait tr\u00e8s bien entretenu et propre. Nous avons \u00e9galement appr\u00e9ci\u00e9 la terrasse.<br \/>\nRoger, le propri\u00e9taire, \u00e9tait super sympa et la communication avec lui \u00e9tait tr\u00e8s facile. Super recommand\u00e9! Rachel<br \/>\n[\/vc_column_text][\/vc_column][\/vc_row][vc_row][vc_column][vc_single_image image=\u00a0\u00bb5559&Prime; img_size=\u00a0\u00bbfull\u00a0\u00bb alignment=\u00a0\u00bbcenter\u00a0\u00bb][\/vc_column][\/vc_row][vc_row][vc_column width=\u00a0\u00bb1\/2&Prime;][vc_gallery type=\u00a0\u00bbflexslider_slide\u00a0\u00bb interval=\u00a0\u00bb3&Prime; images=\u00a0\u00bb5559,5555,5563,5579,5567,5571,5583,5587,5611,5464,5599,5595,5591,5603,5551&Prime; img_size=\u00a0\u00bblarge\u00a0\u00bb][\/vc_column][vc_column width=\u00a0\u00bb1\/2&Prime;][vc_column_text]<br \/>\n<strong>Dans la maison que vous trouverez:<\/strong><\/p>\n<ul>\n<li>Draps et serviettes de toilette<\/li>\n<li>Tous les ustensiles n\u00e9cessaires pour la cuisine et le lavage<\/li>\n<li>R\u00e9frig\u00e9rateur<\/li>\n<li>Micro-ondes<\/li>\n<li>Machine \u00e0 laver<\/li>\n<li>Grille-pain<\/li>\n<li>S\u00e8che-cheveux<\/li>\n<li>Corde \u00e0 linge<\/li>\n<\/ul>\n<p>Dans la cuisine, nous laissons du sel et de l&rsquo;huile des terres de l&rsquo;Ebre. Et aussi du savon \u00e0 vaisselle, des sacs poubelles, du papier de cuisine, des nappes et des serviettes de table.<\/p>\n<p>Il dispose du wifi[\/vc_column_text][\/vc_column][\/vc_row][vc_row][vc_column][vc_column_text]Le loft est entour\u00e9 d&rsquo;une grande terrasse avec mobilier d&rsquo;ext\u00e9rieur, un barbecue, plusieurs coins de charme.[\/vc_column_text][\/vc_column][\/vc_row][vc_row][vc_column width=\u00a0\u00bb1\/2&Prime;][vc_single_image image=\u00a0\u00bb5615&Prime; img_size=\u00a0\u00bbfull\u00a0\u00bb][\/vc_column][vc_column width=\u00a0\u00bb1\/2&Prime;][vc_gmaps link=\u00a0\u00bb#E-8_JTNDaWZyYW1lJTIwc3JjJTNEJTIyaHR0cHMlM0ElMkYlMkZ3d3cuZ29vZ2xlLmNvbSUyRm1hcHMlMkZlbWJlZCUzRnBiJTNEJTIxMW0xNCUyMTFtMTIlMjExbTMlMjExZDEwNjkuMTM3NjY3Nzg4NzM5JTIxMmQwLjc0MTI5MTAzMTg3NzQ1MTUlMjEzZDQwLjcxODUwMTI0OTQwNDk2NiUyMTJtMyUyMTFmMCUyMTJmMCUyMTNmMCUyMTNtMiUyMTFpMTAyNCUyMTJpNzY4JTIxNGYxMy4xJTIxNWUwJTIxM20yJTIxMXNlcyUyMTJzZXMlMjE0djE3MzQwMjI0OTczNjAlMjE1bTIlMjExc2VzJTIxMnNlcyUyMiUyMHdpZHRoJTNEJTIyNjAwJTIyJTIwaGVpZ2h0JTNEJTIyNDUwJTIyJTIwc3R5bGUlM0QlMjJib3JkZXIlM0EwJTNCJTIyJTIwYWxsb3dmdWxsc2NyZWVuJTNEJTIyJTIyJTIwbG9hZGluZyUzRCUyMmxhenklMjIlMjByZWZlcnJlcnBvbGljeSUzRCUyMm5vLXJlZmVycmVyLXdoZW4tZG93bmdyYWRlJTIyJTNFJTNDJTJGaWZyYW1lJTNF\u00a0\u00bb size=\u00a0\u00bb300&Prime;][\/vc_column][\/vc_row][vc_row][vc_column width=\u00a0\u00bb1\/3&Prime;][\/vc_column][vc_column width=\u00a0\u00bb1\/3&Prime;][vc_empty_space][vc_btn title=\u00a0\u00bbR\u00e9server ici\u00a0\u00bb color=\u00a0\u00bbturquoise\u00a0\u00bb link=\u00a0\u00bburl:https%3A%2F%2Fcasesdeltaebre.amenitiz.io%2Fes%2Fbooking%2Froom%23DatesGuests-BE|target:_blank|\u00a0\u00bb][\/vc_column][vc_column width=\u00a0\u00bb1\/3&Prime;][\/vc_column][\/vc_row]<\/p>\n<\/section>","protected":false},"excerpt":{"rendered":"<p>[vc_row][vc_column][vc_column_text] HUTTE &#8211; 057594 La Villa Paquita Loft est un appartement situ\u00e9 dans le delta de l&rsquo;\u00c8bre. Elle offre tout le confort d&rsquo;une maison conventionnelle avec le charme de la tradition et la proximit\u00e9 avec la nature. Il dispose d&rsquo;une salle de bain compl\u00e8te avec douche et d&rsquo;une cuisine ouverte compl\u00e8te. Nous soulignons l&rsquo;espace de &#8230; <a title=\"Villa Paquita Loft\" class=\"read-more\" href=\"https:\/\/casesdeltaebre.com\/fr\/les-casetes\/barraca-vilbor\/\" aria-label=\"En savoir plus sur Villa Paquita Loft\">Lire la suite<\/a><\/p>\n","protected":false},"author":1,"featured_media":0,"parent":2078,"menu_order":0,"comment_status":"closed","ping_status":"closed","template":"","meta":{"_exactmetrics_skip_tracking":false,"_exactmetrics_sitenote_active":false,"_exactmetrics_sitenote_note":"","_exactmetrics_sitenote_category":0,"footnotes":""},"class_list":["post-2990","page","type-page","status-publish"],"yoast_head":"<!-- This site is optimized with the Yoast SEO plugin v20.2 - https:\/\/yoast.com\/wordpress\/plugins\/seo\/ -->\n<title>Villa Paquita Loft - Cases del Delta<\/title>\n<meta name=\"description\" content=\"Loft de charme dans le delta de l&#039;\u00c8bre.\" \/>\n<meta name=\"robots\" content=\"index, follow, max-snippet:-1, max-image-preview:large, max-video-preview:-1\" \/>\n<link rel=\"canonical\" href=\"https:\/\/casesdeltaebre.com\/fr\/les-casetes\/barraca-vilbor\/\" \/>\n<meta property=\"og:locale\" content=\"fr_FR\" \/>\n<meta property=\"og:type\" content=\"article\" \/>\n<meta property=\"og:title\" content=\"Villa Paquita Loft - Cases del Delta\" \/>\n<meta property=\"og:description\" content=\"Loft de charme dans le delta de l&#039;\u00c8bre.\" \/>\n<meta property=\"og:url\" content=\"https:\/\/casesdeltaebre.com\/fr\/les-casetes\/barraca-vilbor\/\" \/>\n<meta property=\"og:site_name\" content=\"Cases del Delta\" \/>\n<meta property=\"article:modified_time\" content=\"2025-02-25T10:03:16+00:00\" \/>\n<meta name=\"twitter:card\" content=\"summary_large_image\" \/>\n<meta name=\"twitter:label1\" content=\"Dur\u00e9e de lecture estim\u00e9e\" \/>\n\t<meta name=\"twitter:data1\" content=\"2 minutes\" \/>\n<script type=\"application\/ld+json\" class=\"yoast-schema-graph\">{\"@context\":\"https:\/\/schema.org\",\"@graph\":[{\"@type\":\"WebPage\",\"@id\":\"https:\/\/casesdeltaebre.com\/fr\/les-casetes\/barraca-vilbor\/\",\"url\":\"https:\/\/casesdeltaebre.com\/fr\/les-casetes\/barraca-vilbor\/\",\"name\":\"Villa Paquita Loft - Cases del Delta\",\"isPartOf\":{\"@id\":\"https:\/\/casesdeltaebre.com\/fr\/#website\"},\"datePublished\":\"2020-05-24T18:32:09+00:00\",\"dateModified\":\"2025-02-25T10:03:16+00:00\",\"description\":\"Loft de charme dans le delta de l'\u00c8bre.\",\"breadcrumb\":{\"@id\":\"https:\/\/casesdeltaebre.com\/fr\/les-casetes\/barraca-vilbor\/#breadcrumb\"},\"inLanguage\":\"fr-FR\",\"potentialAction\":[{\"@type\":\"ReadAction\",\"target\":[\"https:\/\/casesdeltaebre.com\/fr\/les-casetes\/barraca-vilbor\/\"]}]},{\"@type\":\"BreadcrumbList\",\"@id\":\"https:\/\/casesdeltaebre.com\/fr\/les-casetes\/barraca-vilbor\/#breadcrumb\",\"itemListElement\":[{\"@type\":\"ListItem\",\"position\":1,\"name\":\"Portada\",\"item\":\"https:\/\/casesdeltaebre.com\/fr\/\"},{\"@type\":\"ListItem\",\"position\":2,\"name\":\"Les maisons\",\"item\":\"https:\/\/casesdeltaebre.com\/fr\/les-casetes\/\"},{\"@type\":\"ListItem\",\"position\":3,\"name\":\"Villa Paquita Loft\"}]},{\"@type\":\"WebSite\",\"@id\":\"https:\/\/casesdeltaebre.com\/fr\/#website\",\"url\":\"https:\/\/casesdeltaebre.com\/fr\/\",\"name\":\"Cases del Delta\",\"description\":\"Ecoturisme al Delta de l&#039;Ebre\",\"publisher\":{\"@id\":\"https:\/\/casesdeltaebre.com\/fr\/#organization\"},\"potentialAction\":[{\"@type\":\"SearchAction\",\"target\":{\"@type\":\"EntryPoint\",\"urlTemplate\":\"https:\/\/casesdeltaebre.com\/fr\/?s={search_term_string}\"},\"query-input\":\"required name=search_term_string\"}],\"inLanguage\":\"fr-FR\"},{\"@type\":\"Organization\",\"@id\":\"https:\/\/casesdeltaebre.com\/fr\/#organization\",\"name\":\"Cases del Delta\",\"url\":\"https:\/\/casesdeltaebre.com\/fr\/\",\"logo\":{\"@type\":\"ImageObject\",\"inLanguage\":\"fr-FR\",\"@id\":\"https:\/\/casesdeltaebre.com\/fr\/#\/schema\/logo\/image\/\",\"url\":\"https:\/\/casesdeltaebre.com\/wp-content\/uploads\/2019\/06\/cropped-LogoCasesDeltaHoritzontal-1.png\",\"contentUrl\":\"https:\/\/casesdeltaebre.com\/wp-content\/uploads\/2019\/06\/cropped-LogoCasesDeltaHoritzontal-1.png\",\"width\":938,\"height\":205,\"caption\":\"Cases del Delta\"},\"image\":{\"@id\":\"https:\/\/casesdeltaebre.com\/fr\/#\/schema\/logo\/image\/\"}}]}<\/script>\n<!-- \/ Yoast SEO plugin. -->","yoast_head_json":{"title":"Villa Paquita Loft - Cases del Delta","description":"Loft de charme dans le delta de l'\u00c8bre.","robots":{"index":"index","follow":"follow","max-snippet":"max-snippet:-1","max-image-preview":"max-image-preview:large","max-video-preview":"max-video-preview:-1"},"canonical":"https:\/\/casesdeltaebre.com\/fr\/les-casetes\/barraca-vilbor\/","og_locale":"fr_FR","og_type":"article","og_title":"Villa Paquita Loft - Cases del Delta","og_description":"Loft de charme dans le delta de l'\u00c8bre.","og_url":"https:\/\/casesdeltaebre.com\/fr\/les-casetes\/barraca-vilbor\/","og_site_name":"Cases del Delta","article_modified_time":"2025-02-25T10:03:16+00:00","twitter_card":"summary_large_image","twitter_misc":{"Dur\u00e9e de lecture estim\u00e9e":"2 minutes"},"schema":{"@context":"https:\/\/schema.org","@graph":[{"@type":"WebPage","@id":"https:\/\/casesdeltaebre.com\/fr\/les-casetes\/barraca-vilbor\/","url":"https:\/\/casesdeltaebre.com\/fr\/les-casetes\/barraca-vilbor\/","name":"Villa Paquita Loft - Cases del Delta","isPartOf":{"@id":"https:\/\/casesdeltaebre.com\/fr\/#website"},"datePublished":"2020-05-24T18:32:09+00:00","dateModified":"2025-02-25T10:03:16+00:00","description":"Loft de charme dans le delta de l'\u00c8bre.","breadcrumb":{"@id":"https:\/\/casesdeltaebre.com\/fr\/les-casetes\/barraca-vilbor\/#breadcrumb"},"inLanguage":"fr-FR","potentialAction":[{"@type":"ReadAction","target":["https:\/\/casesdeltaebre.com\/fr\/les-casetes\/barraca-vilbor\/"]}]},{"@type":"BreadcrumbList","@id":"https:\/\/casesdeltaebre.com\/fr\/les-casetes\/barraca-vilbor\/#breadcrumb","itemListElement":[{"@type":"ListItem","position":1,"name":"Portada","item":"https:\/\/casesdeltaebre.com\/fr\/"},{"@type":"ListItem","position":2,"name":"Les maisons","item":"https:\/\/casesdeltaebre.com\/fr\/les-casetes\/"},{"@type":"ListItem","position":3,"name":"Villa Paquita Loft"}]},{"@type":"WebSite","@id":"https:\/\/casesdeltaebre.com\/fr\/#website","url":"https:\/\/casesdeltaebre.com\/fr\/","name":"Cases del Delta","description":"Ecoturisme al Delta de l&#039;Ebre","publisher":{"@id":"https:\/\/casesdeltaebre.com\/fr\/#organization"},"potentialAction":[{"@type":"SearchAction","target":{"@type":"EntryPoint","urlTemplate":"https:\/\/casesdeltaebre.com\/fr\/?s={search_term_string}"},"query-input":"required name=search_term_string"}],"inLanguage":"fr-FR"},{"@type":"Organization","@id":"https:\/\/casesdeltaebre.com\/fr\/#organization","name":"Cases del Delta","url":"https:\/\/casesdeltaebre.com\/fr\/","logo":{"@type":"ImageObject","inLanguage":"fr-FR","@id":"https:\/\/casesdeltaebre.com\/fr\/#\/schema\/logo\/image\/","url":"https:\/\/casesdeltaebre.com\/wp-content\/uploads\/2019\/06\/cropped-LogoCasesDeltaHoritzontal-1.png","contentUrl":"https:\/\/casesdeltaebre.com\/wp-content\/uploads\/2019\/06\/cropped-LogoCasesDeltaHoritzontal-1.png","width":938,"height":205,"caption":"Cases del Delta"},"image":{"@id":"https:\/\/casesdeltaebre.com\/fr\/#\/schema\/logo\/image\/"}}]}},"_links":{"self":[{"href":"https:\/\/casesdeltaebre.com\/fr\/wp-json\/wp\/v2\/pages\/2990","targetHints":{"allow":["GET"]}}],"collection":[{"href":"https:\/\/casesdeltaebre.com\/fr\/wp-json\/wp\/v2\/pages"}],"about":[{"href":"https:\/\/casesdeltaebre.com\/fr\/wp-json\/wp\/v2\/types\/page"}],"author":[{"embeddable":true,"href":"https:\/\/casesdeltaebre.com\/fr\/wp-json\/wp\/v2\/users\/1"}],"replies":[{"embeddable":true,"href":"https:\/\/casesdeltaebre.com\/fr\/wp-json\/wp\/v2\/comments?post=2990"}],"version-history":[{"count":23,"href":"https:\/\/casesdeltaebre.com\/fr\/wp-json\/wp\/v2\/pages\/2990\/revisions"}],"predecessor-version":[{"id":6042,"href":"https:\/\/casesdeltaebre.com\/fr\/wp-json\/wp\/v2\/pages\/2990\/revisions\/6042"}],"up":[{"embeddable":true,"href":"https:\/\/casesdeltaebre.com\/fr\/wp-json\/wp\/v2\/pages\/2078"}],"wp:attachment":[{"href":"https:\/\/casesdeltaebre.com\/fr\/wp-json\/wp\/v2\/media?parent=2990"}],"curies":[{"name":"wp","href":"https:\/\/api.w.org\/{rel}","templated":true}]}}