{"id":2255,"date":"2019-07-12T14:32:01","date_gmt":"2019-07-12T14:32:01","guid":{"rendered":"https:\/\/casesdeltaebre.com\/mentions-legales\/"},"modified":"2020-11-19T18:26:02","modified_gmt":"2020-11-19T18:26:02","slug":"mentions-legales","status":"publish","type":"page","link":"https:\/\/casesdeltaebre.com\/fr\/mentions-legales\/","title":{"rendered":"Mentions l\u00e9gales"},"content":{"rendered":"<h3>Cases del Delta Ecoturisme<\/h3>\n<h4><strong>HUTTE-1534<\/strong><\/h4>\n<h4><strong>HUTTE-0618<\/strong><\/h4>\n<h4><strong>HUTTE-2068<\/strong><\/h4>\n<h4>Anna Borr\u00e0s Cesena<\/h4>\n<h4>Carrer Ferderic Mar\u00e8s 46 2-2<\/h4>\n<h4>08450 Llinars del Valles<\/h4>\n<h4>Barcelona<\/h4>\n<h4>46221971K<\/h4>\n<p><a href=\"mailto:info@casesdeltaebre.com\">info@casesdeltaebre.com<\/a><\/p>\n<p><strong>Point d&rsquo;information du parc naturel du delta de l&rsquo;\u00c8bre<\/strong><\/p>\n<p><strong>Accr\u00e9dit\u00e9 avec la Charte europ\u00e9enne du tourisme durable<\/strong><\/p>\n<p><strong>Ecotourisme Delta de l&rsquo;Ebre (Association des Entreprises et Activit\u00e9s Touristiques du Delta de l&rsquo;Ebre)<\/strong><\/p>\n<p><strong>Association de Tourisme Rural des Terres de l&rsquo;Ebre (ATUREBRE)<\/strong><\/p>\n<p>Ce site Web et son contenu sont la propri\u00e9t\u00e9 de Anna Borr\u00e0s Cesena, qui, sous le nom de Ecotourisme Cases del Delta, en est l&rsquo;\u00e9diteur et le propri\u00e9taire.<\/p>\n<p>Toute transmission, cession, vente, location et \/ ou exposition publique de ce site ou de toute partie de celui-ci est interdite, sauf autorisation pr\u00e9alable, expresse et par \u00e9crit. L&rsquo;utilisateur s&rsquo;engage \u00e0 utiliser le contenu de mani\u00e8re diligente, correcte et licite, et en particulier, \u00e0 s&rsquo;abstenir d&rsquo;utiliser le contenu de mani\u00e8re, \u00e0 des fins contraires \u00e0 la loi, \u00e0 la morale et \u00e0 la bonnes coutumes ou ordre public g\u00e9n\u00e9ralement accept\u00e9s; s&rsquo;engage \u00e0 ne pas reproduire ou copier, distribuer, autoriser l&rsquo;acc\u00e8s public par quelque moyen que ce soit et par la communication publique, transformer ou modifier le contenu, sauf autorisation du titulaire des droits correspondants ou autorisation l\u00e9gale; Supprimer, \u00e9diter ou manipuler \u00ab\u00a0copyright\u00a0\u00bb.<\/p>\n<p>Anna Borr\u00e0s Cesena se r\u00e9serve le droit de modifier le contenu du site web sans pr\u00e9avis et sans aucune limitation.<\/p>\n<p>Le pr\u00e9sent document informe les utilisateurs de ce site Web des conditions g\u00e9n\u00e9rales d&rsquo;utilisation et \/ ou de consultation. L&rsquo;utilisation et \/ ou la consultation de ce site Web implique l&rsquo;acceptation pleine et enti\u00e8re des conditions \u00e9nonc\u00e9es dans le pr\u00e9sent document par les visiteurs.<\/p>\n<p>L&rsquo;utilisateur s&rsquo;engage \u00e0 indemniser Anna Borr\u00e0s Cesena de tout dommage ou dommages pouvant \u00eatre caus\u00e9s par l&rsquo;utilisation de ce site web, en violation des pr\u00e9sentes conditions g\u00e9n\u00e9rales et \/ ou de la l\u00e9gislation en vigueur.<\/p>\n<p>Anna Borr\u00e0s Cesena se r\u00e9serve le droit de modifier les conditions l\u00e9gales \u00e9nonc\u00e9es dans le pr\u00e9sent document sans pr\u00e9avis.<\/p>\n<p>Anna Borr\u00e0s Cesena ne garantit pas l&rsquo;absence de virus ou d&rsquo;autres \u00e9l\u00e9ments sur le Web susceptibles de modifier votre syst\u00e8me informatique.<\/p>\n<p>Anna Borr\u00e0s Cesena d\u00e9cline toute responsabilit\u00e9 pour les services et \/ ou informations fournis sur d&rsquo;autres sites li\u00e9s \u00e0 ce site.<\/p>\n<p>Anna Borr\u00e0s Cesena n&rsquo;exerce aucun type de contr\u00f4le sur les sites Web de tiers ni ne les surveille.<\/p>\n","protected":false},"excerpt":{"rendered":"<p>Cases del Delta Ecoturisme HUTTE-1534 HUTTE-0618 HUTTE-2068 Anna Borr\u00e0s Cesena Carrer Ferderic Mar\u00e8s 46 2-2 08450 Llinars del Valles Barcelona 46221971K info@casesdeltaebre.com Point d&rsquo;information du parc naturel du delta de l&rsquo;\u00c8bre Accr\u00e9dit\u00e9 avec la Charte europ\u00e9enne du tourisme durable Ecotourisme Delta de l&rsquo;Ebre (Association des Entreprises et Activit\u00e9s Touristiques du Delta de l&rsquo;Ebre) Association de &#8230; <a title=\"Mentions l\u00e9gales\" class=\"read-more\" href=\"https:\/\/casesdeltaebre.com\/fr\/mentions-legales\/\" aria-label=\"En savoir plus sur Mentions l\u00e9gales\">Lire la suite<\/a><\/p>\n","protected":false},"author":1,"featured_media":0,"parent":0,"menu_order":0,"comment_status":"closed","ping_status":"closed","template":"","meta":{"_exactmetrics_skip_tracking":false,"_exactmetrics_sitenote_active":false,"_exactmetrics_sitenote_note":"","_exactmetrics_sitenote_category":0,"footnotes":""},"class_list":["post-2255","page","type-page","status-publish"],"yoast_head":"<!-- This site is optimized with the Yoast SEO plugin v20.2 - https:\/\/yoast.com\/wordpress\/plugins\/seo\/ -->\n<title>Mentions l\u00e9gales - Cases del Delta<\/title>\n<meta name=\"robots\" content=\"index, follow, max-snippet:-1, max-image-preview:large, max-video-preview:-1\" \/>\n<link rel=\"canonical\" href=\"https:\/\/casesdeltaebre.com\/fr\/mentions-legales\/\" \/>\n<meta property=\"og:locale\" content=\"fr_FR\" \/>\n<meta property=\"og:type\" content=\"article\" \/>\n<meta property=\"og:title\" content=\"Mentions l\u00e9gales - Cases del Delta\" \/>\n<meta property=\"og:description\" content=\"Cases del Delta Ecoturisme HUTTE-1534 HUTTE-0618 HUTTE-2068 Anna Borr\u00e0s Cesena Carrer Ferderic Mar\u00e8s 46 2-2 08450 Llinars del Valles Barcelona 46221971K info@casesdeltaebre.com Point d&rsquo;information du parc naturel du delta de l&rsquo;\u00c8bre Accr\u00e9dit\u00e9 avec la Charte europ\u00e9enne du tourisme durable Ecotourisme Delta de l&rsquo;Ebre (Association des Entreprises et Activit\u00e9s Touristiques du Delta de l&rsquo;Ebre) Association de ... Lire la suite\" \/>\n<meta property=\"og:url\" content=\"https:\/\/casesdeltaebre.com\/fr\/mentions-legales\/\" \/>\n<meta property=\"og:site_name\" content=\"Cases del Delta\" \/>\n<meta property=\"article:modified_time\" content=\"2020-11-19T18:26:02+00:00\" \/>\n<meta name=\"twitter:card\" content=\"summary_large_image\" \/>\n<meta name=\"twitter:label1\" content=\"Dur\u00e9e de lecture estim\u00e9e\" \/>\n\t<meta name=\"twitter:data1\" content=\"2 minutes\" \/>\n<script type=\"application\/ld+json\" class=\"yoast-schema-graph\">{\"@context\":\"https:\/\/schema.org\",\"@graph\":[{\"@type\":\"WebPage\",\"@id\":\"https:\/\/casesdeltaebre.com\/fr\/mentions-legales\/\",\"url\":\"https:\/\/casesdeltaebre.com\/fr\/mentions-legales\/\",\"name\":\"Mentions l\u00e9gales - Cases del Delta\",\"isPartOf\":{\"@id\":\"https:\/\/casesdeltaebre.com\/fr\/#website\"},\"datePublished\":\"2019-07-12T14:32:01+00:00\",\"dateModified\":\"2020-11-19T18:26:02+00:00\",\"breadcrumb\":{\"@id\":\"https:\/\/casesdeltaebre.com\/fr\/mentions-legales\/#breadcrumb\"},\"inLanguage\":\"fr-FR\",\"potentialAction\":[{\"@type\":\"ReadAction\",\"target\":[\"https:\/\/casesdeltaebre.com\/fr\/mentions-legales\/\"]}]},{\"@type\":\"BreadcrumbList\",\"@id\":\"https:\/\/casesdeltaebre.com\/fr\/mentions-legales\/#breadcrumb\",\"itemListElement\":[{\"@type\":\"ListItem\",\"position\":1,\"name\":\"Portada\",\"item\":\"https:\/\/casesdeltaebre.com\/fr\/\"},{\"@type\":\"ListItem\",\"position\":2,\"name\":\"Mentions l\u00e9gales\"}]},{\"@type\":\"WebSite\",\"@id\":\"https:\/\/casesdeltaebre.com\/fr\/#website\",\"url\":\"https:\/\/casesdeltaebre.com\/fr\/\",\"name\":\"Cases del Delta\",\"description\":\"Ecoturisme al Delta de l&#039;Ebre\",\"publisher\":{\"@id\":\"https:\/\/casesdeltaebre.com\/fr\/#organization\"},\"potentialAction\":[{\"@type\":\"SearchAction\",\"target\":{\"@type\":\"EntryPoint\",\"urlTemplate\":\"https:\/\/casesdeltaebre.com\/fr\/?s={search_term_string}\"},\"query-input\":\"required name=search_term_string\"}],\"inLanguage\":\"fr-FR\"},{\"@type\":\"Organization\",\"@id\":\"https:\/\/casesdeltaebre.com\/fr\/#organization\",\"name\":\"Cases del Delta\",\"url\":\"https:\/\/casesdeltaebre.com\/fr\/\",\"logo\":{\"@type\":\"ImageObject\",\"inLanguage\":\"fr-FR\",\"@id\":\"https:\/\/casesdeltaebre.com\/fr\/#\/schema\/logo\/image\/\",\"url\":\"https:\/\/casesdeltaebre.com\/wp-content\/uploads\/2019\/06\/cropped-LogoCasesDeltaHoritzontal-1.png\",\"contentUrl\":\"https:\/\/casesdeltaebre.com\/wp-content\/uploads\/2019\/06\/cropped-LogoCasesDeltaHoritzontal-1.png\",\"width\":938,\"height\":205,\"caption\":\"Cases del Delta\"},\"image\":{\"@id\":\"https:\/\/casesdeltaebre.com\/fr\/#\/schema\/logo\/image\/\"}}]}<\/script>\n<!-- \/ Yoast SEO plugin. -->","yoast_head_json":{"title":"Mentions l\u00e9gales - Cases del Delta","robots":{"index":"index","follow":"follow","max-snippet":"max-snippet:-1","max-image-preview":"max-image-preview:large","max-video-preview":"max-video-preview:-1"},"canonical":"https:\/\/casesdeltaebre.com\/fr\/mentions-legales\/","og_locale":"fr_FR","og_type":"article","og_title":"Mentions l\u00e9gales - Cases del Delta","og_description":"Cases del Delta Ecoturisme HUTTE-1534 HUTTE-0618 HUTTE-2068 Anna Borr\u00e0s Cesena Carrer Ferderic Mar\u00e8s 46 2-2 08450 Llinars del Valles Barcelona 46221971K info@casesdeltaebre.com Point d&rsquo;information du parc naturel du delta de l&rsquo;\u00c8bre Accr\u00e9dit\u00e9 avec la Charte europ\u00e9enne du tourisme durable Ecotourisme Delta de l&rsquo;Ebre (Association des Entreprises et Activit\u00e9s Touristiques du Delta de l&rsquo;Ebre) Association de ... Lire la suite","og_url":"https:\/\/casesdeltaebre.com\/fr\/mentions-legales\/","og_site_name":"Cases del Delta","article_modified_time":"2020-11-19T18:26:02+00:00","twitter_card":"summary_large_image","twitter_misc":{"Dur\u00e9e de lecture estim\u00e9e":"2 minutes"},"schema":{"@context":"https:\/\/schema.org","@graph":[{"@type":"WebPage","@id":"https:\/\/casesdeltaebre.com\/fr\/mentions-legales\/","url":"https:\/\/casesdeltaebre.com\/fr\/mentions-legales\/","name":"Mentions l\u00e9gales - Cases del Delta","isPartOf":{"@id":"https:\/\/casesdeltaebre.com\/fr\/#website"},"datePublished":"2019-07-12T14:32:01+00:00","dateModified":"2020-11-19T18:26:02+00:00","breadcrumb":{"@id":"https:\/\/casesdeltaebre.com\/fr\/mentions-legales\/#breadcrumb"},"inLanguage":"fr-FR","potentialAction":[{"@type":"ReadAction","target":["https:\/\/casesdeltaebre.com\/fr\/mentions-legales\/"]}]},{"@type":"BreadcrumbList","@id":"https:\/\/casesdeltaebre.com\/fr\/mentions-legales\/#breadcrumb","itemListElement":[{"@type":"ListItem","position":1,"name":"Portada","item":"https:\/\/casesdeltaebre.com\/fr\/"},{"@type":"ListItem","position":2,"name":"Mentions l\u00e9gales"}]},{"@type":"WebSite","@id":"https:\/\/casesdeltaebre.com\/fr\/#website","url":"https:\/\/casesdeltaebre.com\/fr\/","name":"Cases del Delta","description":"Ecoturisme al Delta de l&#039;Ebre","publisher":{"@id":"https:\/\/casesdeltaebre.com\/fr\/#organization"},"potentialAction":[{"@type":"SearchAction","target":{"@type":"EntryPoint","urlTemplate":"https:\/\/casesdeltaebre.com\/fr\/?s={search_term_string}"},"query-input":"required name=search_term_string"}],"inLanguage":"fr-FR"},{"@type":"Organization","@id":"https:\/\/casesdeltaebre.com\/fr\/#organization","name":"Cases del Delta","url":"https:\/\/casesdeltaebre.com\/fr\/","logo":{"@type":"ImageObject","inLanguage":"fr-FR","@id":"https:\/\/casesdeltaebre.com\/fr\/#\/schema\/logo\/image\/","url":"https:\/\/casesdeltaebre.com\/wp-content\/uploads\/2019\/06\/cropped-LogoCasesDeltaHoritzontal-1.png","contentUrl":"https:\/\/casesdeltaebre.com\/wp-content\/uploads\/2019\/06\/cropped-LogoCasesDeltaHoritzontal-1.png","width":938,"height":205,"caption":"Cases del Delta"},"image":{"@id":"https:\/\/casesdeltaebre.com\/fr\/#\/schema\/logo\/image\/"}}]}},"_links":{"self":[{"href":"https:\/\/casesdeltaebre.com\/fr\/wp-json\/wp\/v2\/pages\/2255","targetHints":{"allow":["GET"]}}],"collection":[{"href":"https:\/\/casesdeltaebre.com\/fr\/wp-json\/wp\/v2\/pages"}],"about":[{"href":"https:\/\/casesdeltaebre.com\/fr\/wp-json\/wp\/v2\/types\/page"}],"author":[{"embeddable":true,"href":"https:\/\/casesdeltaebre.com\/fr\/wp-json\/wp\/v2\/users\/1"}],"replies":[{"embeddable":true,"href":"https:\/\/casesdeltaebre.com\/fr\/wp-json\/wp\/v2\/comments?post=2255"}],"version-history":[{"count":2,"href":"https:\/\/casesdeltaebre.com\/fr\/wp-json\/wp\/v2\/pages\/2255\/revisions"}],"predecessor-version":[{"id":3559,"href":"https:\/\/casesdeltaebre.com\/fr\/wp-json\/wp\/v2\/pages\/2255\/revisions\/3559"}],"wp:attachment":[{"href":"https:\/\/casesdeltaebre.com\/fr\/wp-json\/wp\/v2\/media?parent=2255"}],"curies":[{"name":"wp","href":"https:\/\/api.w.org\/{rel}","templated":true}]}}