{"id":2089,"date":"2019-06-27T08:20:21","date_gmt":"2019-06-27T08:20:21","guid":{"rendered":"https:\/\/casesdeltaebre.com\/installations-et-itineraires\/"},"modified":"2022-03-30T15:09:30","modified_gmt":"2022-03-30T15:09:30","slug":"installations-et-itineraires","status":"publish","type":"page","link":"https:\/\/casesdeltaebre.com\/fr\/parc-naturel-du-delta-de-lebre\/installations-et-itineraires\/","title":{"rendered":"Installations et itin\u00e9raires"},"content":{"rendered":"<section class=\"wpb-content-wrapper\"><p>[vc_row][vc_column][vc_column_text]Le delta de l&rsquo;\u00c8bre est une zone prot\u00e9g\u00e9e depuis 1983 en tant que parc naturel et a \u00e9t\u00e9 consid\u00e9r\u00e9 comme une r\u00e9serve de biosph\u00e8re en 2013. Le parc pr\u00e9sente plusieurs points d&rsquo;int\u00e9r\u00eat en termes d&rsquo;observation des oiseaux, d&rsquo;environnement et des diff\u00e9rents \u00e9cosyst\u00e8mes qui le composent:<\/p>\n<h2><strong>Hemidelta droit<\/strong><\/h2>\n<p><a href=\"http:\/\/enjoyingdelta.com\/2013\/03\/16\/illa-de-buda\/\"><strong>Illa de Buda<\/strong><\/a>. L&rsquo;acc\u00e8s est restreint, bien qu&rsquo;il y ait quelques jours de l&rsquo;ann\u00e9e o\u00f9 l&rsquo;entr\u00e9e est autoris\u00e9e, car c&rsquo;est une importante aire de nidification \u00e0 prot\u00e9ger. A proximit\u00e9 se trouve l&rsquo;observatoire Migjorn qui permet une bonne vision. Il peut \u00eatre entour\u00e9 d&rsquo;un bateau ou d&rsquo;un kayak.<\/p>\n<p><strong>Bassa de la Platjola.<\/strong> Un endroit vierge situ\u00e9 pr\u00e8s de la plage de Platjola.<\/p>\n<p><strong>Bassa de la Tancada:<\/strong> Il y a une piste cyclable qui m\u00e8ne \u00e0 la lagune d&rsquo;Encanyissada (<a href=\"http:\/\/enjoyingdelta.com\/2013\/02\/05\/la-ruta-de-les-llacunes\/\" target=\"_blank\" rel=\"noopener noreferrer\">Route des llagunes<\/a>). Il a deux tours d&rsquo;observation. C&rsquo;est l&rsquo;un des meilleurs endroits pour voir des flamants roses, parfois il y a plus de 10.000 exemplaires, tout un spectacle. Le point id\u00e9al pour le contempler est le point de vue situ\u00e9 sur la route qui va de la plage d&rsquo;Eucaliptus \u00e0 la plage de Trabucador.<\/p>\n<p><strong>Llacuna de L\u2019Encanyissada.\u00a0<\/strong>Tr\u00e8s proche du delta du Poblenou, il s&rsquo;agit du plus grand lagon du delta, d&rsquo;environ 900 hectares et d&rsquo;une profondeur de 114 cm. Il communique naturellement avec la mer &#8211; avec la baie des Alfacs, par la Gola Vella &#8211; mais aussi artificiellement par les drains qui vont du lagon \u00e0 la baie. C&rsquo;est un noyau important de nidification des oiseaux<br \/>\nEn plus de la <a href=\"http:\/\/enjoyingdelta.com\/2012\/12\/31\/casa-de-fusta\/\" target=\"_blank\" rel=\"noopener noreferrer\">casa de Fusta<\/a>, o\u00f9 vous pouvez voir une exposition sur la faune de la r\u00e9gion, nous trouvons \u00e9galement une grande cabane traditionnelle qui est un point d&rsquo;information et agro-shop, un restaurant et un centre d&rsquo;activit\u00e9s. Il y a une piste cyclable de 3,4 kilom\u00e8tres et cinq points de vue.<\/p>\n<p><strong>Punta de la Banya.<\/strong> L&rsquo;autre bras du delta fait face \u00e0 la baie des Alfacs. C&rsquo;est l&rsquo;un des meilleurs endroits pour voir des flamants roses. Il y a un point de vue.<\/p>\n<p><a href=\"http:\/\/enjoyingdelta.com\/2013\/08\/17\/els-ullals-de-baltasar\/\" target=\"_blank\" rel=\"noopener noreferrer\"><strong>Ullals de Baltassar.<\/strong><\/a><\/p>\n<p>Sur le chemin de Sant Carles de la R\u00e0pita, sur la gauche se trouvent ces sources d&rsquo;eau qui ont cr\u00e9\u00e9 un \u00e9cosyst\u00e8me tr\u00e8s diff\u00e9rent du reste du delta. Comme venus d&rsquo;un autre monde, les Ullals de Baltasar sont une sorte de coin exotique dans cette grande plaine qu&rsquo;est le Delta. La v\u00e9g\u00e9tation haute et sauvage prot\u00e8ge ces sources d&rsquo;eau douce qui proviennent des montagnes voisines de la cha\u00eene du Montsi\u00e0 et des Ports. L&rsquo;eau fait un long voyage \u00e0 travers l&rsquo;int\u00e9rieur de la terre et appara\u00eet dans ce lieu en cr\u00e9ant un paysage fantastique form\u00e9 par de petits lacs, entour\u00e9s de for\u00eats d&rsquo;eucalyptus. On y acc\u00e8de en voiture par la route qui relie Amposta et San Carlos de la R\u00e1pita. Une s\u00e9rie de sentiers balis\u00e9s d\u00e9limit\u00e9s par des cl\u00f4tures de bois jalonnent l&rsquo;itin\u00e9raire et permettent au visiteur de contempler l&rsquo;ensemble et sa faune et sa flore particuli\u00e8re sans rien manquer. Au cours de la visite, vous pourrez observer des tortues, des grenouilles et des oiseaux particuliers tels que des casquettes noires et des gu\u00eapiers. Les for\u00eats d&rsquo;eucalyptus et la pr\u00e9sence de n\u00e9nuphars sont \u00e9galement caract\u00e9ristiques de cette zone d\u00e9clar\u00e9e refuge de p\u00eache et r\u00e9serve locale de chasse.<\/p>\n<p>[\/vc_column_text][\/vc_column][\/vc_row][vc_row][vc_column][vc_gallery type=\u00a0\u00bbflexslider_slide\u00a0\u00bb interval=\u00a0\u00bb3&Prime; images=\u00a0\u00bb119,300,301,289,496,495,555,559,580,790,792,793,1839,1868,304&Prime; img_size=\u00a0\u00bblarge\u00a0\u00bb][vc_column_text]<\/p>\n<h2><strong>Hemidelta gauche:<\/strong><\/h2>\n<p><strong>Bassa de les Olles.\u00a0<\/strong>Il se compose de cinq points de vue, d&rsquo;une piste cyclable de quatre kilom\u00e8tres de long et d&rsquo;une aire de service.<\/p>\n<p><strong>Punta del Fangar<\/strong>. Pas d&rsquo;acc\u00e8s motoris\u00e9. C&rsquo;est le bras nord du delta avec une superficie de 517 hectares. Nous trouvons un belv\u00e9d\u00e8re et le phare entour\u00e9 de mirages. Il y a une colonie de xarrasins, la plus importante de la p\u00e9ninsule. Pour s&rsquo;y rendre, vous devez laisser votre voiture \u00e0 la plage de Marquesa et marcher environ 4 kilom\u00e8tres. C&rsquo;est une promenade agr\u00e9able le long de la c\u00f4te.<\/p>\n<p><strong>Bassa del Garxal<\/strong>. Il y a une piste cyclable de trois kilom\u00e8tres et cinq points de vue, dont la Zigurat, une grande construction en bois dans laquelle vivent un grand nombre d&rsquo;oiseaux.<\/p>\n<p><img decoding=\"async\" title=\"gallery link=&quot;file&quot; columns=&quot;5&quot; ids=&quot;300,302,303,304,305&quot;\" src=\"http:\/\/casesdeltaebre.com\/wp-includes\/js\/tinymce\/plugins\/wpgallery\/img\/t.gif\" alt=\"\" \/>[\/vc_column_text][\/vc_column][\/vc_row][vc_row][vc_column][vc_column_text]<\/p>\n<h3 style=\"text-align: center;\"><strong>Tous les points d&rsquo;int\u00e9r\u00eat du Parc Naturel peuvent \u00eatre visit\u00e9s le long des itin\u00e9raires propos\u00e9s par le parc lui-m\u00eame.<br \/>\nIl y en a neuf au total.<\/strong><\/h3>\n<p>&nbsp;<\/p>\n<p>Itin\u00e9raires \u00e0 travers le Delta de l&rsquo;\u00c8bre en catalan, espagnol, fran\u00e7ais et anglais<\/p>\n<p style=\"text-align: center;\"><a href=\"https:\/\/parcsnaturals.gencat.cat\/ca\/xarxa-de-parcs\/delta-ebre\/gaudeix-del-parc\/equipaments-i-itineraris\/itineraris\/index.html\" target=\"_blank\" rel=\"noopener noreferrer\"><strong>Itin\u00e9raires \u00e0 travers de Delta de l&rsquo;Ebre en catalan, espagnol, fran\u00e7ais et anglais<\/strong><\/a><\/p>\n<p>[\/vc_column_text][\/vc_column][\/vc_row]<\/p>\n<\/section>","protected":false},"excerpt":{"rendered":"<p>[vc_row][vc_column][vc_column_text]Le delta de l&rsquo;\u00c8bre est une zone prot\u00e9g\u00e9e depuis 1983 en tant que parc naturel et a \u00e9t\u00e9 consid\u00e9r\u00e9 comme une r\u00e9serve de biosph\u00e8re en 2013. Le parc pr\u00e9sente plusieurs points d&rsquo;int\u00e9r\u00eat en termes d&rsquo;observation des oiseaux, d&rsquo;environnement et des diff\u00e9rents \u00e9cosyst\u00e8mes qui le composent: Hemidelta droit Illa de Buda. L&rsquo;acc\u00e8s est restreint, bien qu&rsquo;il &#8230; <a title=\"Installations et itin\u00e9raires\" class=\"read-more\" href=\"https:\/\/casesdeltaebre.com\/fr\/parc-naturel-du-delta-de-lebre\/installations-et-itineraires\/\" aria-label=\"En savoir plus sur Installations et itin\u00e9raires\">Lire la suite<\/a><\/p>\n","protected":false},"author":1,"featured_media":0,"parent":1787,"menu_order":0,"comment_status":"closed","ping_status":"closed","template":"","meta":{"_exactmetrics_skip_tracking":false,"_exactmetrics_sitenote_active":false,"_exactmetrics_sitenote_note":"","_exactmetrics_sitenote_category":0,"footnotes":""},"class_list":["post-2089","page","type-page","status-publish"],"yoast_head":"<!-- This site is optimized with the Yoast SEO plugin v20.2 - https:\/\/yoast.com\/wordpress\/plugins\/seo\/ -->\n<title>Installations et itin\u00e9raires - Cases del Delta<\/title>\n<meta name=\"description\" content=\"Tout ce que vous devez savoir pour conna\u00eetre le Delta de l&#039;\u00c8bre. Itin\u00e9raires, activit\u00e9s et propositions pour profiter de la visite.\" \/>\n<meta name=\"robots\" content=\"index, follow, max-snippet:-1, max-image-preview:large, max-video-preview:-1\" \/>\n<link rel=\"canonical\" href=\"https:\/\/casesdeltaebre.com\/fr\/parc-naturel-du-delta-de-lebre\/installations-et-itineraires\/\" \/>\n<meta property=\"og:locale\" content=\"fr_FR\" \/>\n<meta property=\"og:type\" content=\"article\" \/>\n<meta property=\"og:title\" content=\"Installations et itin\u00e9raires - Cases del Delta\" \/>\n<meta property=\"og:description\" content=\"Tout ce que vous devez savoir pour conna\u00eetre le Delta de l&#039;\u00c8bre. Itin\u00e9raires, activit\u00e9s et propositions pour profiter de la visite.\" \/>\n<meta property=\"og:url\" content=\"https:\/\/casesdeltaebre.com\/fr\/parc-naturel-du-delta-de-lebre\/installations-et-itineraires\/\" \/>\n<meta property=\"og:site_name\" content=\"Cases del Delta\" \/>\n<meta property=\"article:modified_time\" content=\"2022-03-30T15:09:30+00:00\" \/>\n<meta property=\"og:image\" content=\"http:\/\/casesdeltaebre.com\/wp-includes\/js\/tinymce\/plugins\/wpgallery\/img\/t.gif\" \/>\n<meta name=\"twitter:card\" content=\"summary_large_image\" \/>\n<meta name=\"twitter:label1\" content=\"Dur\u00e9e de lecture estim\u00e9e\" \/>\n\t<meta name=\"twitter:data1\" content=\"4 minutes\" \/>\n<script type=\"application\/ld+json\" class=\"yoast-schema-graph\">{\"@context\":\"https:\/\/schema.org\",\"@graph\":[{\"@type\":\"WebPage\",\"@id\":\"https:\/\/casesdeltaebre.com\/fr\/parc-naturel-du-delta-de-lebre\/installations-et-itineraires\/\",\"url\":\"https:\/\/casesdeltaebre.com\/fr\/parc-naturel-du-delta-de-lebre\/installations-et-itineraires\/\",\"name\":\"Installations et itin\u00e9raires - Cases del Delta\",\"isPartOf\":{\"@id\":\"https:\/\/casesdeltaebre.com\/fr\/#website\"},\"datePublished\":\"2019-06-27T08:20:21+00:00\",\"dateModified\":\"2022-03-30T15:09:30+00:00\",\"description\":\"Tout ce que vous devez savoir pour conna\u00eetre le Delta de l'\u00c8bre. Itin\u00e9raires, activit\u00e9s et propositions pour profiter de la visite.\",\"breadcrumb\":{\"@id\":\"https:\/\/casesdeltaebre.com\/fr\/parc-naturel-du-delta-de-lebre\/installations-et-itineraires\/#breadcrumb\"},\"inLanguage\":\"fr-FR\",\"potentialAction\":[{\"@type\":\"ReadAction\",\"target\":[\"https:\/\/casesdeltaebre.com\/fr\/parc-naturel-du-delta-de-lebre\/installations-et-itineraires\/\"]}]},{\"@type\":\"BreadcrumbList\",\"@id\":\"https:\/\/casesdeltaebre.com\/fr\/parc-naturel-du-delta-de-lebre\/installations-et-itineraires\/#breadcrumb\",\"itemListElement\":[{\"@type\":\"ListItem\",\"position\":1,\"name\":\"Portada\",\"item\":\"https:\/\/casesdeltaebre.com\/fr\/\"},{\"@type\":\"ListItem\",\"position\":2,\"name\":\"Vivez l&rsquo;exp\u00e9rience Delta\",\"item\":\"https:\/\/casesdeltaebre.com\/fr\/vivez-lexperience-delta-2\/\"},{\"@type\":\"ListItem\",\"position\":3,\"name\":\"Parc Naturel du delta de l&rsquo;\u00c8bre\",\"item\":\"https:\/\/casesdeltaebre.com\/fr\/vivez-lexperience-delta-2\/parc-naturel-du-delta-de-lebre\/\"},{\"@type\":\"ListItem\",\"position\":4,\"name\":\"Installations et itin\u00e9raires\"}]},{\"@type\":\"WebSite\",\"@id\":\"https:\/\/casesdeltaebre.com\/fr\/#website\",\"url\":\"https:\/\/casesdeltaebre.com\/fr\/\",\"name\":\"Cases del Delta\",\"description\":\"Ecoturisme al Delta de l&#039;Ebre\",\"publisher\":{\"@id\":\"https:\/\/casesdeltaebre.com\/fr\/#organization\"},\"potentialAction\":[{\"@type\":\"SearchAction\",\"target\":{\"@type\":\"EntryPoint\",\"urlTemplate\":\"https:\/\/casesdeltaebre.com\/fr\/?s={search_term_string}\"},\"query-input\":\"required name=search_term_string\"}],\"inLanguage\":\"fr-FR\"},{\"@type\":\"Organization\",\"@id\":\"https:\/\/casesdeltaebre.com\/fr\/#organization\",\"name\":\"Cases del Delta\",\"url\":\"https:\/\/casesdeltaebre.com\/fr\/\",\"logo\":{\"@type\":\"ImageObject\",\"inLanguage\":\"fr-FR\",\"@id\":\"https:\/\/casesdeltaebre.com\/fr\/#\/schema\/logo\/image\/\",\"url\":\"https:\/\/casesdeltaebre.com\/wp-content\/uploads\/2019\/06\/cropped-LogoCasesDeltaHoritzontal-1.png\",\"contentUrl\":\"https:\/\/casesdeltaebre.com\/wp-content\/uploads\/2019\/06\/cropped-LogoCasesDeltaHoritzontal-1.png\",\"width\":938,\"height\":205,\"caption\":\"Cases del Delta\"},\"image\":{\"@id\":\"https:\/\/casesdeltaebre.com\/fr\/#\/schema\/logo\/image\/\"}}]}<\/script>\n<!-- \/ Yoast SEO plugin. -->","yoast_head_json":{"title":"Installations et itin\u00e9raires - Cases del Delta","description":"Tout ce que vous devez savoir pour conna\u00eetre le Delta de l'\u00c8bre. Itin\u00e9raires, activit\u00e9s et propositions pour profiter de la visite.","robots":{"index":"index","follow":"follow","max-snippet":"max-snippet:-1","max-image-preview":"max-image-preview:large","max-video-preview":"max-video-preview:-1"},"canonical":"https:\/\/casesdeltaebre.com\/fr\/parc-naturel-du-delta-de-lebre\/installations-et-itineraires\/","og_locale":"fr_FR","og_type":"article","og_title":"Installations et itin\u00e9raires - Cases del Delta","og_description":"Tout ce que vous devez savoir pour conna\u00eetre le Delta de l'\u00c8bre. Itin\u00e9raires, activit\u00e9s et propositions pour profiter de la visite.","og_url":"https:\/\/casesdeltaebre.com\/fr\/parc-naturel-du-delta-de-lebre\/installations-et-itineraires\/","og_site_name":"Cases del Delta","article_modified_time":"2022-03-30T15:09:30+00:00","og_image":[{"url":"http:\/\/casesdeltaebre.com\/wp-includes\/js\/tinymce\/plugins\/wpgallery\/img\/t.gif"}],"twitter_card":"summary_large_image","twitter_misc":{"Dur\u00e9e de lecture estim\u00e9e":"4 minutes"},"schema":{"@context":"https:\/\/schema.org","@graph":[{"@type":"WebPage","@id":"https:\/\/casesdeltaebre.com\/fr\/parc-naturel-du-delta-de-lebre\/installations-et-itineraires\/","url":"https:\/\/casesdeltaebre.com\/fr\/parc-naturel-du-delta-de-lebre\/installations-et-itineraires\/","name":"Installations et itin\u00e9raires - Cases del Delta","isPartOf":{"@id":"https:\/\/casesdeltaebre.com\/fr\/#website"},"datePublished":"2019-06-27T08:20:21+00:00","dateModified":"2022-03-30T15:09:30+00:00","description":"Tout ce que vous devez savoir pour conna\u00eetre le Delta de l'\u00c8bre. Itin\u00e9raires, activit\u00e9s et propositions pour profiter de la visite.","breadcrumb":{"@id":"https:\/\/casesdeltaebre.com\/fr\/parc-naturel-du-delta-de-lebre\/installations-et-itineraires\/#breadcrumb"},"inLanguage":"fr-FR","potentialAction":[{"@type":"ReadAction","target":["https:\/\/casesdeltaebre.com\/fr\/parc-naturel-du-delta-de-lebre\/installations-et-itineraires\/"]}]},{"@type":"BreadcrumbList","@id":"https:\/\/casesdeltaebre.com\/fr\/parc-naturel-du-delta-de-lebre\/installations-et-itineraires\/#breadcrumb","itemListElement":[{"@type":"ListItem","position":1,"name":"Portada","item":"https:\/\/casesdeltaebre.com\/fr\/"},{"@type":"ListItem","position":2,"name":"Vivez l&rsquo;exp\u00e9rience Delta","item":"https:\/\/casesdeltaebre.com\/fr\/vivez-lexperience-delta-2\/"},{"@type":"ListItem","position":3,"name":"Parc Naturel du delta de l&rsquo;\u00c8bre","item":"https:\/\/casesdeltaebre.com\/fr\/vivez-lexperience-delta-2\/parc-naturel-du-delta-de-lebre\/"},{"@type":"ListItem","position":4,"name":"Installations et itin\u00e9raires"}]},{"@type":"WebSite","@id":"https:\/\/casesdeltaebre.com\/fr\/#website","url":"https:\/\/casesdeltaebre.com\/fr\/","name":"Cases del Delta","description":"Ecoturisme al Delta de l&#039;Ebre","publisher":{"@id":"https:\/\/casesdeltaebre.com\/fr\/#organization"},"potentialAction":[{"@type":"SearchAction","target":{"@type":"EntryPoint","urlTemplate":"https:\/\/casesdeltaebre.com\/fr\/?s={search_term_string}"},"query-input":"required name=search_term_string"}],"inLanguage":"fr-FR"},{"@type":"Organization","@id":"https:\/\/casesdeltaebre.com\/fr\/#organization","name":"Cases del Delta","url":"https:\/\/casesdeltaebre.com\/fr\/","logo":{"@type":"ImageObject","inLanguage":"fr-FR","@id":"https:\/\/casesdeltaebre.com\/fr\/#\/schema\/logo\/image\/","url":"https:\/\/casesdeltaebre.com\/wp-content\/uploads\/2019\/06\/cropped-LogoCasesDeltaHoritzontal-1.png","contentUrl":"https:\/\/casesdeltaebre.com\/wp-content\/uploads\/2019\/06\/cropped-LogoCasesDeltaHoritzontal-1.png","width":938,"height":205,"caption":"Cases del Delta"},"image":{"@id":"https:\/\/casesdeltaebre.com\/fr\/#\/schema\/logo\/image\/"}}]}},"_links":{"self":[{"href":"https:\/\/casesdeltaebre.com\/fr\/wp-json\/wp\/v2\/pages\/2089","targetHints":{"allow":["GET"]}}],"collection":[{"href":"https:\/\/casesdeltaebre.com\/fr\/wp-json\/wp\/v2\/pages"}],"about":[{"href":"https:\/\/casesdeltaebre.com\/fr\/wp-json\/wp\/v2\/types\/page"}],"author":[{"embeddable":true,"href":"https:\/\/casesdeltaebre.com\/fr\/wp-json\/wp\/v2\/users\/1"}],"replies":[{"embeddable":true,"href":"https:\/\/casesdeltaebre.com\/fr\/wp-json\/wp\/v2\/comments?post=2089"}],"version-history":[{"count":4,"href":"https:\/\/casesdeltaebre.com\/fr\/wp-json\/wp\/v2\/pages\/2089\/revisions"}],"predecessor-version":[{"id":4438,"href":"https:\/\/casesdeltaebre.com\/fr\/wp-json\/wp\/v2\/pages\/2089\/revisions\/4438"}],"up":[{"embeddable":true,"href":"https:\/\/casesdeltaebre.com\/fr\/wp-json\/wp\/v2\/pages\/1787"}],"wp:attachment":[{"href":"https:\/\/casesdeltaebre.com\/fr\/wp-json\/wp\/v2\/media?parent=2089"}],"curies":[{"name":"wp","href":"https:\/\/api.w.org\/{rel}","templated":true}]}}