{"id":2048,"date":"2019-06-23T17:09:34","date_gmt":"2019-06-23T17:09:34","guid":{"rendered":"https:\/\/casesdeltaebre.com\/vivez-lexperience-delta\/"},"modified":"2024-12-06T12:13:48","modified_gmt":"2024-12-06T12:13:48","slug":"vivez-lexperience-delta","status":"publish","type":"page","link":"https:\/\/casesdeltaebre.com\/fr\/vivez-lexperience-delta\/","title":{"rendered":"Que pouvons-nous faire&#8230;"},"content":{"rendered":"<section class=\"wpb-content-wrapper\"><p>[vc_row][vc_column][vc_column_text]<\/p>\n<h3 style=\"text-align: center;\">Tous les h\u00e9bergements de Cases del Delta sont situ\u00e9s au c\u0153ur du Delta, dans des endroits strat\u00e9giques pour explorer et d\u00e9couvrir les lieux les plus int\u00e9ressants du territoire.<\/h3>\n<p>[\/vc_column_text][\/vc_column][\/vc_row][vc_row][vc_column][vc_custom_heading text=\u00a0\u00bbVisites et activit\u00e9s\u00a0\u00bb font_container=\u00a0\u00bbtag:h2|text_align:center|color:%233d7722&Prime; google_fonts=\u00a0\u00bbfont_family:PT%20Sans%20Narrow%3Aregular%2C700|font_style:400%20regular%3A400%3Anormal\u00a0\u00bb][\/vc_column][\/vc_row][vc_row][vc_column width=\u00a0\u00bb1\/3&Prime;][vc_column_text]<strong>Promenade sur la rivi\u00e8re<\/strong><\/p>\n<p>L&rsquo;une des plus belles et des plus faciles promenades que l&rsquo;on puisse faire \u00e0 Sant Jaume d&rsquo;Enveja est la promenade fluviale qui s&rsquo;\u00e9tend parall\u00e8lement \u00e0 la rivi\u00e8re sur trente kilom\u00e8tres. Vous pouvez choisir la route jusqu&rsquo;\u00e0 l&#8217;embouchure, c&rsquo;est-\u00e0-dire \u00e0 droite, ou remonter vers Amposta. Les deux directions sont recommand\u00e9es. En cours de route, nous verrons des for\u00eats riveraines, toutes sortes de v\u00e9g\u00e9tation m\u00e9diterran\u00e9enne et, avec un peu de chance, nous pourrons observer des vol\u00e9es d&rsquo;oiseaux. La dur\u00e9e de l&rsquo;excursion d\u00e9pend de chacun.<\/p>\n<p><strong>Distance:<\/strong> Une fois arriv\u00e9 au pont Lo Passador, qui relie Sant Jaume \u00e0 Deltebre, vous pouvez suivre la promenade fluviale pendant 8,7 km jusqu&rsquo;\u00e0 l&rsquo;\u00eele de Buda. La premi\u00e8re section est asphalt\u00e9e, les 7 derniers kilom\u00e8tres sont sur un chemin de terre. Vous y trouverez des bancs, des aires de pique-nique, ainsi que des panneaux d&rsquo;information sur la faune et la flore de la r\u00e9gion. Quand vous atteindrez l&rsquo;\u00eele de Buda, vous devrez y retourner.[\/vc_column_text][vc_single_image image=\u00a0\u00bb1681&Prime; img_size=\u00a0\u00bblarge\u00a0\u00bb alignment=\u00a0\u00bbcenter\u00a0\u00bb][vc_column_text]<strong>Croisi\u00e8res fluviales.<\/strong><\/p>\n<p>De Deltebre il y a plusieurs bateaux qui traversent l&rsquo;\u00c8bre jusqu&rsquo;\u00e0 l&#8217;embouchure qui surplombe l&rsquo;\u00eele de Buda et le bras Migjorn. Dur\u00e9e 1&rsquo;30 minutes. Une autre option est d&rsquo;aller \u00e0 Riumar pour une travers\u00e9e de la bouche de 45 minutes. Ces bateaux partent de devant le restaurant Casa Nuri, situ\u00e9 pr\u00e8s de l&#8217;embouchure.<\/p>\n<p>Il existe deux types de croisi\u00e8res:<br \/>\n<strong>1 &#8211;<\/strong> Celles au d\u00e9part de Deltebre qui font un trajet de 1&rsquo;20 h<br \/>\nT\u00e9l. 977 077 022 \/645 927 110<br \/>\n<a href=\"http:\/\/crucerosdeltadelebro.es\" target=\"_blank\" rel=\"noopener\">Cruceros Delta del Ebro<\/a><br \/>\n<strong>2 &#8211;<\/strong> Celles qui font seulement le retour par la bouche et quittent Riumar (trajet 40 minutes).<br \/>\nT\u00e9l. de 977.480.128 -977.267.672\u00a0<a href=\"http:\/\/creuersdeltaebre.com\" target=\"_blank\" rel=\"noopener\">Creuers Delta de l&rsquo;Ebre<\/a><br \/>\n[\/vc_column_text][vc_single_image image=\u00a0\u00bb1920&Prime; img_size=\u00a0\u00bblarge\u00a0\u00bb alignment=\u00a0\u00bbcenter\u00a0\u00bb][vc_column_text]<strong><span style=\"font-size: 12pt; caret-color: #000000; font-family: GillSans;\"><a href=\"https:\/\/www.monnaturadelta.com\/es\/home\/portada\">M\u00f3nNatura Delta de l\u2019Ebre<\/a> <\/span><\/strong><\/p>\n<p>Situ\u00e9 dans la lagune de Tancada, MonNatura est un espace destin\u00e9 \u00e0 faire conna\u00eetre et diffuser la richesse et la vari\u00e9t\u00e9 du milieu naturel du Delta de l&rsquo;\u00c8bre, c&rsquo;est pourquoi nous proposons une visite de cette ancienne ferme piscicole que la Fondation La Pedrera a r\u00e9cup\u00e9r\u00e9e, ainsi que de la lagune de Tancada. Ne manquez pas la vue du point de vue, o\u00f9 vous pouvez voir des milliers de flamants roses. Ils offrent un large \u00e9ventail d&rsquo;activit\u00e9s, en particulier pour les enfants.[\/vc_column_text][vc_single_image image=\u00a0\u00bb1914&Prime; img_size=\u00a0\u00bbfull\u00a0\u00bb alignment=\u00a0\u00bbcenter\u00a0\u00bb][\/vc_column][vc_column width=\u00a0\u00bb1\/3&Prime;][vc_empty_space][vc_column_text]<br \/>\n<strong>Centre d&rsquo;interpr\u00e9tation du riz de La Torra de Camarles.<\/strong><\/p>\n<p>Une visite tr\u00e8s int\u00e9ressante si l&rsquo;on veut savoir comment \u00e9tait la vie sur ces terres il y a cent ans et comment la culture du riz a \u00e9volu\u00e9. Des visites guid\u00e9es sont fortement recommand\u00e9es.<br \/>\n[\/vc_column_text][vc_single_image image=\u00a0\u00bb945&Prime; img_size=\u00a0\u00bblarge\u00a0\u00bb alignment=\u00a0\u00bbcenter\u00a0\u00bb][vc_empty_space][vc_column_text]<a href=\"http:\/\/www.moliderafelet.com\" target=\"_blank\" rel=\"noopener\"><strong>Mol\u00ed de Rafelet.<\/strong><\/a><\/p>\n<p>Dans les visites au moulin \u00e0 bois Mol\u00ed de Rafelet vous pouvez conna\u00eetre la culture, le processus d&rsquo;\u00e9laboration, l&#8217;emballage du riz, ainsi que sa conservation, les m\u00e9thodes de cuisson, les vari\u00e9t\u00e9s comme la pompe, le marais, \u00e9cologique, etc.[\/vc_column_text][vc_single_image image=\u00a0\u00bb1890&Prime; img_size=\u00a0\u00bblarge\u00a0\u00bb alignment=\u00a0\u00bbcenter\u00a0\u00bb][vc_column_text]<\/p>\n<div class=\"page\" title=\"Page 4\">\n<div class=\"layoutArea\">\n<div class=\"column\">\n<p><strong>Activit\u00e9s en kayak avec <a href=\"https:\/\/www.riualebre.com\" target=\"_blank\" rel=\"noopener\">Riu a l&rsquo;Ebre<\/a>. <\/strong><\/p>\n<p>L&rsquo;un des moyens les plus recommandables de conna\u00eetre ce territoire est de la rivi\u00e8re et aussi par la mer. <strong>Riu a l&rsquo;Ebre<\/strong> offre un large \u00e9ventail de possibilit\u00e9s pour naviguer et d\u00e9couvrir des coins insolites de l&rsquo;\u00c8bre (\u00eele de Gracia, \u00eele de Sapinya, l&#8217;embouchure&#8230;) et les baies du Delta (excursion aux moules de la baie de Fangar Mirador Delta et la route \u00e0 la Tour de San Joan dans la baie d&rsquo;Alfacs). Ils organisent \u00e9galement des <strong>itin\u00e9raires guid\u00e9s \u00e0 v\u00e9lo et en camionnette<\/strong> \u00e0 travers les lieux les plus embl\u00e9matiques du delta de l&rsquo;\u00c8bre.<br \/>\nT\u00e9l. 600 47 10 78<\/p>\n<\/div>\n<\/div>\n<\/div>\n<p>[\/vc_column_text][vc_single_image image=\u00a0\u00bb1627&Prime; img_size=\u00a0\u00bbfull\u00a0\u00bb alignment=\u00a0\u00bbcenter\u00a0\u00bb][vc_column_text]<br \/>\n<a href=\"http:\/\/www.deltapolet.com\/\" target=\"_blank\" rel=\"noopener\">Delta Polet ou le Delta le plus authentique.<\/a><\/p>\n<p>Si vous souhaitez en savoir plus sur la culture ancestrale du riz, les coutumes de cette terre, faire des activit\u00e9s dans la nature, d\u00e9couvrir les oiseaux et d&rsquo;autres animaux de la faune autochtone du Delta, vous devez contacter Josep Polet. Une exp\u00e9rience que vous adorerez.<br \/>\n[\/vc_column_text][vc_single_image image=\u00a0\u00bb1925&Prime; img_size=\u00a0\u00bbfull\u00a0\u00bb alignment=\u00a0\u00bbcenter\u00a0\u00bb][vc_column_text]<\/p>\n<div class=\"page\" title=\"Page 5\">\n<div class=\"layoutArea\">\n<div class=\"column\">\n<p><a href=\"https:\/\/xarternauticeli.com\" target=\"_blank\" rel=\"noopener\"><strong>Xarter N\u00e0utic Eli. <\/strong><\/a><\/p>\n<p>D\u00e9couvrez le Delta de l&rsquo;\u00c8bre \u00e0 la voile. A la carte, on traverse l&#8217;embouchure de l&rsquo;\u00c8bre. Une exp\u00e9rience unique, un contact direct avec la mer par la main d&rsquo;un m\u00e9c\u00e8ne expert, Eli, qui conna\u00eet ces eaux comme personne. A bord du Skipper Black, un bateau d&rsquo;une capacit\u00e9 de 12 personnes, \u00e9quip\u00e9 d&rsquo;un moteur puissant, le fleuve est travers\u00e9 en douceur et vous entrez en M\u00e9diterran\u00e9e \u00e0 grande vitesse.<\/p>\n<\/div>\n<\/div>\n<\/div>\n<p>[\/vc_column_text][vc_single_image image=\u00a0\u00bb1952&Prime; img_size=\u00a0\u00bbfull\u00a0\u00bb alignment=\u00a0\u00bbcenter\u00a0\u00bb][\/vc_column][vc_column width=\u00a0\u00bb1\/3&Prime;][vc_empty_space][vc_column_text]<\/p>\n<div class=\"page\" title=\"Page 3\">\n<div class=\"layoutArea\">\n<div class=\"column\">\n<p><a href=\"http:\/\/www.santjaumeturisme.cat\/centre-dinterpretacio-de-barraques\/\" target=\"_blank\" rel=\"noopener\"><strong>Centre d&rsquo;interpr\u00e9tation des Barraques<\/strong>.<\/a><\/p>\n<p>Situ\u00e9 dans le village de Sant Jaume d&rsquo;Enveja, ce petit mus\u00e9e pr\u00e9sente une exposition sur la vie, le travail et le logement des premiers colons du Delta. Les \u00ab\u00a0barraques\u00a0\u00bb sont des constructions typiques faites avec les \u00e9l\u00e9ments que la nature leur offrait, roseaux, boue et \u00ab\u00a0borr\u00f3\u00a0\u00bb. On peut voir des maquettes de \u00ab\u00a0barraques\u00a0\u00bb anciennes, des photos, savoir comment elles ont \u00e9t\u00e9 fabriqu\u00e9es et quels usages elles avaient et conna\u00eetre un syst\u00e8me de vie totalement adapt\u00e9 \u00e0 l&rsquo;environnement.<\/p>\n<\/div>\n<\/div>\n<\/div>\n<p>[\/vc_column_text][vc_single_image image=\u00a0\u00bb1895&Prime; img_size=\u00a0\u00bblarge\u00a0\u00bb alignment=\u00a0\u00bbcenter\u00a0\u00bb][vc_empty_space][vc_column_text]<\/p>\n<div class=\"page\" title=\"Page 3\">\n<div class=\"layoutArea\">\n<div class=\"column\">\n<p><a href=\"https:\/\/www.ecoherbes.com\" target=\"_blank\" rel=\"noopener\"><strong>Ecoherbes Park. <\/strong><\/a><\/p>\n<p>Le Jardin botanique m\u00e9dicinal du parc Ecoherbes est un grand espace naturel o\u00f9 les visiteurs peuvent se promener, red\u00e9couvrir la nature et d\u00e9couvrir les plus de 400 esp\u00e8ces de plantes aromatiques et m\u00e9dicinales qui y poussent.<\/p>\n<\/div>\n<\/div>\n<\/div>\n<p>[\/vc_column_text][vc_single_image image=\u00a0\u00bb1899&Prime; img_size=\u00a0\u00bblarge\u00a0\u00bb alignment=\u00a0\u00bbcenter\u00a0\u00bb][vc_column_text]<br \/>\n<strong>Mussel farms in the Bay of Alfacs<\/strong><\/p>\n<p>The large southern bay is sheltered by Punta de la Banya, one of the Delta\u2019s most iconic spots, protected as a natural park and home to one of the largest stable flamingo colonies in Europe. A trip across the bay lets you learn about mussel farming and enjoy a tasting in the middle of the sea.<\/p>\n<p><strong>Mussel tasting in the Bay of Alfacs<\/strong><\/p>\n<p><strong>Muscl\u00e0rium.<\/strong> One of the Delta\u2019s finest gastronomic experiences. They take you by boat to the mussel farm, where you can enjoy a meal of mussels and oysters. Tel. 638 283 986<\/p>\n<p>Another option is the <strong>Mussel Farm of Avi Agust\u00ed<\/strong>.<br \/>\n[\/vc_column_text][vc_single_image image=\u00a0\u00bb1910&Prime; img_size=\u00a0\u00bbfull\u00a0\u00bb alignment=\u00a0\u00bbcenter\u00a0\u00bb][vc_column_text]<a href=\"http:\/\/www.miradorbadia.com\" target=\"_blank\" rel=\"noopener\"><strong>Mirador Badia.<\/strong><\/a><\/p>\n<p>Si vous voulez faire un itin\u00e9raire \u00e0 travers la baie del Fangar, admirer les falaises de la c\u00f4te de L&rsquo;Ampolla, conna\u00eetre la moule et faire une d\u00e9gustation de moules et d&rsquo;hu\u00eetres avec une excellente vue, vous pouvez aller \u00e0 <strong>la ville de<\/strong> <strong>L&rsquo;Ampolla<\/strong> o\u00f9 le bateau quitte Mirador Badia. Une excellente option pour passer une journ\u00e9e inoubliable.[\/vc_column_text][vc_single_image image=\u00a0\u00bb1957&Prime; img_size=\u00a0\u00bbfull\u00a0\u00bb alignment=\u00a0\u00bbcenter\u00a0\u00bb][\/vc_column][\/vc_row][vc_row][vc_column][\/vc_column][\/vc_row]<\/p>\n<\/section>","protected":false},"excerpt":{"rendered":"<p>[vc_row][vc_column][vc_column_text] Tous les h\u00e9bergements de Cases del Delta sont situ\u00e9s au c\u0153ur du Delta, dans des endroits strat\u00e9giques pour explorer et d\u00e9couvrir les lieux les plus int\u00e9ressants du territoire. [\/vc_column_text][\/vc_column][\/vc_row][vc_row][vc_column][vc_custom_heading text=\u00a0\u00bbVisites et activit\u00e9s\u00a0\u00bb font_container=\u00a0\u00bbtag:h2|text_align:center|color:%233d7722&Prime; google_fonts=\u00a0\u00bbfont_family:PT%20Sans%20Narrow%3Aregular%2C700|font_style:400%20regular%3A400%3Anormal\u00a0\u00bb][\/vc_column][\/vc_row][vc_row][vc_column width=\u00a0\u00bb1\/3&Prime;][vc_column_text]Promenade sur la rivi\u00e8re L&rsquo;une des plus belles et des plus faciles promenades que l&rsquo;on puisse faire \u00e0 Sant Jaume &#8230; <a title=\"Que pouvons-nous faire&#8230;\" class=\"read-more\" href=\"https:\/\/casesdeltaebre.com\/fr\/vivez-lexperience-delta\/\" aria-label=\"En savoir plus sur Que pouvons-nous faire&#8230;\">Lire la suite<\/a><\/p>\n","protected":false},"author":1,"featured_media":0,"parent":0,"menu_order":0,"comment_status":"closed","ping_status":"closed","template":"","meta":{"_exactmetrics_skip_tracking":false,"_exactmetrics_sitenote_active":false,"_exactmetrics_sitenote_note":"","_exactmetrics_sitenote_category":0,"footnotes":""},"class_list":["post-2048","page","type-page","status-publish"],"yoast_head":"<!-- This site is optimized with the Yoast SEO plugin v20.2 - https:\/\/yoast.com\/wordpress\/plugins\/seo\/ -->\n<title>Que pouvons-nous faire... - Cases del Delta<\/title>\n<meta name=\"description\" content=\"Tout ce qu&#039;il faut savoir pour conna\u00eetre et profiter du Delta de l&#039;\u00c8bre. Les meilleures visites, toutes les activit\u00e9s, la gastronomie.\" \/>\n<meta name=\"robots\" content=\"index, follow, max-snippet:-1, max-image-preview:large, max-video-preview:-1\" \/>\n<link rel=\"canonical\" href=\"https:\/\/casesdeltaebre.com\/fr\/vivez-lexperience-delta\/\" \/>\n<meta property=\"og:locale\" content=\"fr_FR\" \/>\n<meta property=\"og:type\" content=\"article\" \/>\n<meta property=\"og:title\" content=\"Que pouvons-nous faire... - Cases del Delta\" \/>\n<meta property=\"og:description\" content=\"Tout ce qu&#039;il faut savoir pour conna\u00eetre et profiter du Delta de l&#039;\u00c8bre. Les meilleures visites, toutes les activit\u00e9s, la gastronomie.\" \/>\n<meta property=\"og:url\" content=\"https:\/\/casesdeltaebre.com\/fr\/vivez-lexperience-delta\/\" \/>\n<meta property=\"og:site_name\" content=\"Cases del Delta\" \/>\n<meta property=\"article:modified_time\" content=\"2024-12-06T12:13:48+00:00\" \/>\n<meta name=\"twitter:card\" content=\"summary_large_image\" \/>\n<meta name=\"twitter:label1\" content=\"Dur\u00e9e de lecture estim\u00e9e\" \/>\n\t<meta name=\"twitter:data1\" content=\"7 minutes\" \/>\n<script type=\"application\/ld+json\" class=\"yoast-schema-graph\">{\"@context\":\"https:\/\/schema.org\",\"@graph\":[{\"@type\":\"WebPage\",\"@id\":\"https:\/\/casesdeltaebre.com\/fr\/vivez-lexperience-delta\/\",\"url\":\"https:\/\/casesdeltaebre.com\/fr\/vivez-lexperience-delta\/\",\"name\":\"Que pouvons-nous faire... - Cases del Delta\",\"isPartOf\":{\"@id\":\"https:\/\/casesdeltaebre.com\/fr\/#website\"},\"datePublished\":\"2019-06-23T17:09:34+00:00\",\"dateModified\":\"2024-12-06T12:13:48+00:00\",\"description\":\"Tout ce qu'il faut savoir pour conna\u00eetre et profiter du Delta de l'\u00c8bre. Les meilleures visites, toutes les activit\u00e9s, la gastronomie.\",\"breadcrumb\":{\"@id\":\"https:\/\/casesdeltaebre.com\/fr\/vivez-lexperience-delta\/#breadcrumb\"},\"inLanguage\":\"fr-FR\",\"potentialAction\":[{\"@type\":\"ReadAction\",\"target\":[\"https:\/\/casesdeltaebre.com\/fr\/vivez-lexperience-delta\/\"]}]},{\"@type\":\"BreadcrumbList\",\"@id\":\"https:\/\/casesdeltaebre.com\/fr\/vivez-lexperience-delta\/#breadcrumb\",\"itemListElement\":[{\"@type\":\"ListItem\",\"position\":1,\"name\":\"Portada\",\"item\":\"https:\/\/casesdeltaebre.com\/fr\/\"},{\"@type\":\"ListItem\",\"position\":2,\"name\":\"Que pouvons-nous faire&#8230;\"}]},{\"@type\":\"WebSite\",\"@id\":\"https:\/\/casesdeltaebre.com\/fr\/#website\",\"url\":\"https:\/\/casesdeltaebre.com\/fr\/\",\"name\":\"Cases del Delta\",\"description\":\"Ecoturisme al Delta de l&#039;Ebre\",\"publisher\":{\"@id\":\"https:\/\/casesdeltaebre.com\/fr\/#organization\"},\"potentialAction\":[{\"@type\":\"SearchAction\",\"target\":{\"@type\":\"EntryPoint\",\"urlTemplate\":\"https:\/\/casesdeltaebre.com\/fr\/?s={search_term_string}\"},\"query-input\":\"required name=search_term_string\"}],\"inLanguage\":\"fr-FR\"},{\"@type\":\"Organization\",\"@id\":\"https:\/\/casesdeltaebre.com\/fr\/#organization\",\"name\":\"Cases del Delta\",\"url\":\"https:\/\/casesdeltaebre.com\/fr\/\",\"logo\":{\"@type\":\"ImageObject\",\"inLanguage\":\"fr-FR\",\"@id\":\"https:\/\/casesdeltaebre.com\/fr\/#\/schema\/logo\/image\/\",\"url\":\"https:\/\/casesdeltaebre.com\/wp-content\/uploads\/2019\/06\/cropped-LogoCasesDeltaHoritzontal-1.png\",\"contentUrl\":\"https:\/\/casesdeltaebre.com\/wp-content\/uploads\/2019\/06\/cropped-LogoCasesDeltaHoritzontal-1.png\",\"width\":938,\"height\":205,\"caption\":\"Cases del Delta\"},\"image\":{\"@id\":\"https:\/\/casesdeltaebre.com\/fr\/#\/schema\/logo\/image\/\"}}]}<\/script>\n<!-- \/ Yoast SEO plugin. -->","yoast_head_json":{"title":"Que pouvons-nous faire... - Cases del Delta","description":"Tout ce qu'il faut savoir pour conna\u00eetre et profiter du Delta de l'\u00c8bre. Les meilleures visites, toutes les activit\u00e9s, la gastronomie.","robots":{"index":"index","follow":"follow","max-snippet":"max-snippet:-1","max-image-preview":"max-image-preview:large","max-video-preview":"max-video-preview:-1"},"canonical":"https:\/\/casesdeltaebre.com\/fr\/vivez-lexperience-delta\/","og_locale":"fr_FR","og_type":"article","og_title":"Que pouvons-nous faire... - Cases del Delta","og_description":"Tout ce qu'il faut savoir pour conna\u00eetre et profiter du Delta de l'\u00c8bre. Les meilleures visites, toutes les activit\u00e9s, la gastronomie.","og_url":"https:\/\/casesdeltaebre.com\/fr\/vivez-lexperience-delta\/","og_site_name":"Cases del Delta","article_modified_time":"2024-12-06T12:13:48+00:00","twitter_card":"summary_large_image","twitter_misc":{"Dur\u00e9e de lecture estim\u00e9e":"7 minutes"},"schema":{"@context":"https:\/\/schema.org","@graph":[{"@type":"WebPage","@id":"https:\/\/casesdeltaebre.com\/fr\/vivez-lexperience-delta\/","url":"https:\/\/casesdeltaebre.com\/fr\/vivez-lexperience-delta\/","name":"Que pouvons-nous faire... - Cases del Delta","isPartOf":{"@id":"https:\/\/casesdeltaebre.com\/fr\/#website"},"datePublished":"2019-06-23T17:09:34+00:00","dateModified":"2024-12-06T12:13:48+00:00","description":"Tout ce qu'il faut savoir pour conna\u00eetre et profiter du Delta de l'\u00c8bre. Les meilleures visites, toutes les activit\u00e9s, la gastronomie.","breadcrumb":{"@id":"https:\/\/casesdeltaebre.com\/fr\/vivez-lexperience-delta\/#breadcrumb"},"inLanguage":"fr-FR","potentialAction":[{"@type":"ReadAction","target":["https:\/\/casesdeltaebre.com\/fr\/vivez-lexperience-delta\/"]}]},{"@type":"BreadcrumbList","@id":"https:\/\/casesdeltaebre.com\/fr\/vivez-lexperience-delta\/#breadcrumb","itemListElement":[{"@type":"ListItem","position":1,"name":"Portada","item":"https:\/\/casesdeltaebre.com\/fr\/"},{"@type":"ListItem","position":2,"name":"Que pouvons-nous faire&#8230;"}]},{"@type":"WebSite","@id":"https:\/\/casesdeltaebre.com\/fr\/#website","url":"https:\/\/casesdeltaebre.com\/fr\/","name":"Cases del Delta","description":"Ecoturisme al Delta de l&#039;Ebre","publisher":{"@id":"https:\/\/casesdeltaebre.com\/fr\/#organization"},"potentialAction":[{"@type":"SearchAction","target":{"@type":"EntryPoint","urlTemplate":"https:\/\/casesdeltaebre.com\/fr\/?s={search_term_string}"},"query-input":"required name=search_term_string"}],"inLanguage":"fr-FR"},{"@type":"Organization","@id":"https:\/\/casesdeltaebre.com\/fr\/#organization","name":"Cases del Delta","url":"https:\/\/casesdeltaebre.com\/fr\/","logo":{"@type":"ImageObject","inLanguage":"fr-FR","@id":"https:\/\/casesdeltaebre.com\/fr\/#\/schema\/logo\/image\/","url":"https:\/\/casesdeltaebre.com\/wp-content\/uploads\/2019\/06\/cropped-LogoCasesDeltaHoritzontal-1.png","contentUrl":"https:\/\/casesdeltaebre.com\/wp-content\/uploads\/2019\/06\/cropped-LogoCasesDeltaHoritzontal-1.png","width":938,"height":205,"caption":"Cases del Delta"},"image":{"@id":"https:\/\/casesdeltaebre.com\/fr\/#\/schema\/logo\/image\/"}}]}},"_links":{"self":[{"href":"https:\/\/casesdeltaebre.com\/fr\/wp-json\/wp\/v2\/pages\/2048","targetHints":{"allow":["GET"]}}],"collection":[{"href":"https:\/\/casesdeltaebre.com\/fr\/wp-json\/wp\/v2\/pages"}],"about":[{"href":"https:\/\/casesdeltaebre.com\/fr\/wp-json\/wp\/v2\/types\/page"}],"author":[{"embeddable":true,"href":"https:\/\/casesdeltaebre.com\/fr\/wp-json\/wp\/v2\/users\/1"}],"replies":[{"embeddable":true,"href":"https:\/\/casesdeltaebre.com\/fr\/wp-json\/wp\/v2\/comments?post=2048"}],"version-history":[{"count":20,"href":"https:\/\/casesdeltaebre.com\/fr\/wp-json\/wp\/v2\/pages\/2048\/revisions"}],"predecessor-version":[{"id":5429,"href":"https:\/\/casesdeltaebre.com\/fr\/wp-json\/wp\/v2\/pages\/2048\/revisions\/5429"}],"wp:attachment":[{"href":"https:\/\/casesdeltaebre.com\/fr\/wp-json\/wp\/v2\/media?parent=2048"}],"curies":[{"name":"wp","href":"https:\/\/api.w.org\/{rel}","templated":true}]}}