{"id":2039,"date":"2019-06-23T14:13:54","date_gmt":"2019-06-23T14:13:54","guid":{"rendered":"https:\/\/casesdeltaebre.com\/balada\/"},"modified":"2023-01-13T15:03:00","modified_gmt":"2023-01-13T15:03:00","slug":"balada","status":"publish","type":"page","link":"https:\/\/casesdeltaebre.com\/fr\/balada\/","title":{"rendered":"Balada"},"content":{"rendered":"<section class=\"wpb-content-wrapper\"><p>[vc_row][vc_column][vc_column_text]<\/p>\n<h3><strong>Le paradis de la tranquillit\u00e9<\/strong><\/h3>\n<h4><strong>Balada<\/strong> est un petit noyau urbain situ\u00e9 dans le <strong>delta de l&rsquo;\u00c8bre<\/strong>, juste en face de l&rsquo;\u00eele de Gracia, \u00e0 c\u00f4t\u00e9 de l&rsquo;\u00c8bre. Il appartient aux municipalit\u00e9s d&rsquo;Amposta et de San Jaime, car il est situ\u00e9 \u00e0 la fronti\u00e8re entre les deux termes, entre la rive droite de l&rsquo;\u00c8bre et le canal de droite. Curieusement, la s\u00e9paration entre les deux arrondissements municipaux auxquels elle appartient se situe sur les deux bandes de sa seule rue, San Crist\u00f2fol.<\/h4>\n<h4>Au sein du noyau, la pr\u00e9sence d&rsquo;un grand laurier rose, la Baladre de Balada, un buisson devenu l&#8217;embl\u00e8me de cette petite ville. En raison de ses dimensions extraordinaires, ce laurier rose a \u00e9t\u00e9 class\u00e9 comme arbre monumental.<\/h4>\n<h4>C&rsquo;est une tr\u00e8s petite ville mais il y a quelques d\u00e9cennies, elle avait accueilli une vingtaine de familles. Actuellement, l&rsquo;une de ses grandes attractions est la promenade fluviale qui passe d&rsquo;Amposta \u00e0 l&#8217;embouchure de l&rsquo;\u00c8bre et passe au toucher, et la jet\u00e9e, un endroit tr\u00e8s agr\u00e9able pour prendre la fra\u00eecheur et o\u00f9 vous pouvez faire du kayak le long de la rivi\u00e8re.<\/h4>\n<p>[\/vc_column_text][\/vc_column][\/vc_row][vc_row][vc_column width=\u00a0\u00bb1\/2&Prime;][vc_gallery type=\u00a0\u00bbflexslider_slide\u00a0\u00bb interval=\u00a0\u00bb3&Prime; images=\u00a0\u00bb2807,2803,1441,1621,1618,1435&Prime; img_size=\u00a0\u00bblarge\u00a0\u00bb][\/vc_column][vc_column width=\u00a0\u00bb1\/2&Prime;][\/vc_column][\/vc_row]<\/p>\n<\/section>","protected":false},"excerpt":{"rendered":"<p>[vc_row][vc_column][vc_column_text] Le paradis de la tranquillit\u00e9 Balada est un petit noyau urbain situ\u00e9 dans le delta de l&rsquo;\u00c8bre, juste en face de l&rsquo;\u00eele de Gracia, \u00e0 c\u00f4t\u00e9 de l&rsquo;\u00c8bre. Il appartient aux municipalit\u00e9s d&rsquo;Amposta et de San Jaime, car il est situ\u00e9 \u00e0 la fronti\u00e8re entre les deux termes, entre la rive droite de l&rsquo;\u00c8bre &#8230; <a title=\"Balada\" class=\"read-more\" href=\"https:\/\/casesdeltaebre.com\/fr\/balada\/\" aria-label=\"En savoir plus sur Balada\">Lire la suite<\/a><\/p>\n","protected":false},"author":1,"featured_media":0,"parent":0,"menu_order":0,"comment_status":"closed","ping_status":"closed","template":"","meta":{"_exactmetrics_skip_tracking":false,"_exactmetrics_sitenote_active":false,"_exactmetrics_sitenote_note":"","_exactmetrics_sitenote_category":0,"footnotes":""},"class_list":["post-2039","page","type-page","status-publish"],"yoast_head":"<!-- This site is optimized with the Yoast SEO plugin v20.2 - https:\/\/yoast.com\/wordpress\/plugins\/seo\/ -->\n<title>Balada - Cases del Delta<\/title>\n<meta name=\"description\" content=\"D\u00e9couvrez la petite ville de Balada depuis CASETES DEL DELTA, en plein c\u0153ur du Delta de l&#039;Ebre. Une visite inoubliable.\" \/>\n<meta name=\"robots\" content=\"index, follow, max-snippet:-1, max-image-preview:large, max-video-preview:-1\" \/>\n<link rel=\"canonical\" href=\"https:\/\/casesdeltaebre.com\/fr\/balada\/\" \/>\n<meta property=\"og:locale\" content=\"fr_FR\" \/>\n<meta property=\"og:type\" content=\"article\" \/>\n<meta property=\"og:title\" content=\"Balada - Cases del Delta\" \/>\n<meta property=\"og:description\" content=\"D\u00e9couvrez la petite ville de Balada depuis CASETES DEL DELTA, en plein c\u0153ur du Delta de l&#039;Ebre. Une visite inoubliable.\" \/>\n<meta property=\"og:url\" content=\"https:\/\/casesdeltaebre.com\/fr\/balada\/\" \/>\n<meta property=\"og:site_name\" content=\"Cases del Delta\" \/>\n<meta property=\"article:modified_time\" content=\"2023-01-13T15:03:00+00:00\" \/>\n<meta name=\"twitter:card\" content=\"summary_large_image\" \/>\n<meta name=\"twitter:label1\" content=\"Dur\u00e9e de lecture estim\u00e9e\" \/>\n\t<meta name=\"twitter:data1\" content=\"1 minute\" \/>\n<script type=\"application\/ld+json\" class=\"yoast-schema-graph\">{\"@context\":\"https:\/\/schema.org\",\"@graph\":[{\"@type\":\"WebPage\",\"@id\":\"https:\/\/casesdeltaebre.com\/fr\/balada\/\",\"url\":\"https:\/\/casesdeltaebre.com\/fr\/balada\/\",\"name\":\"Balada - Cases del Delta\",\"isPartOf\":{\"@id\":\"https:\/\/casesdeltaebre.com\/fr\/#website\"},\"datePublished\":\"2019-06-23T14:13:54+00:00\",\"dateModified\":\"2023-01-13T15:03:00+00:00\",\"description\":\"D\u00e9couvrez la petite ville de Balada depuis CASETES DEL DELTA, en plein c\u0153ur du Delta de l'Ebre. Une visite inoubliable.\",\"breadcrumb\":{\"@id\":\"https:\/\/casesdeltaebre.com\/fr\/balada\/#breadcrumb\"},\"inLanguage\":\"fr-FR\",\"potentialAction\":[{\"@type\":\"ReadAction\",\"target\":[\"https:\/\/casesdeltaebre.com\/fr\/balada\/\"]}]},{\"@type\":\"BreadcrumbList\",\"@id\":\"https:\/\/casesdeltaebre.com\/fr\/balada\/#breadcrumb\",\"itemListElement\":[{\"@type\":\"ListItem\",\"position\":1,\"name\":\"Portada\",\"item\":\"https:\/\/casesdeltaebre.com\/fr\/\"},{\"@type\":\"ListItem\",\"position\":2,\"name\":\"Balada\"}]},{\"@type\":\"WebSite\",\"@id\":\"https:\/\/casesdeltaebre.com\/fr\/#website\",\"url\":\"https:\/\/casesdeltaebre.com\/fr\/\",\"name\":\"Cases del Delta\",\"description\":\"Ecoturisme al Delta de l&#039;Ebre\",\"publisher\":{\"@id\":\"https:\/\/casesdeltaebre.com\/fr\/#organization\"},\"potentialAction\":[{\"@type\":\"SearchAction\",\"target\":{\"@type\":\"EntryPoint\",\"urlTemplate\":\"https:\/\/casesdeltaebre.com\/fr\/?s={search_term_string}\"},\"query-input\":\"required name=search_term_string\"}],\"inLanguage\":\"fr-FR\"},{\"@type\":\"Organization\",\"@id\":\"https:\/\/casesdeltaebre.com\/fr\/#organization\",\"name\":\"Cases del Delta\",\"url\":\"https:\/\/casesdeltaebre.com\/fr\/\",\"logo\":{\"@type\":\"ImageObject\",\"inLanguage\":\"fr-FR\",\"@id\":\"https:\/\/casesdeltaebre.com\/fr\/#\/schema\/logo\/image\/\",\"url\":\"https:\/\/casesdeltaebre.com\/wp-content\/uploads\/2019\/06\/cropped-LogoCasesDeltaHoritzontal-1.png\",\"contentUrl\":\"https:\/\/casesdeltaebre.com\/wp-content\/uploads\/2019\/06\/cropped-LogoCasesDeltaHoritzontal-1.png\",\"width\":938,\"height\":205,\"caption\":\"Cases del Delta\"},\"image\":{\"@id\":\"https:\/\/casesdeltaebre.com\/fr\/#\/schema\/logo\/image\/\"}}]}<\/script>\n<!-- \/ Yoast SEO plugin. -->","yoast_head_json":{"title":"Balada - Cases del Delta","description":"D\u00e9couvrez la petite ville de Balada depuis CASETES DEL DELTA, en plein c\u0153ur du Delta de l'Ebre. Une visite inoubliable.","robots":{"index":"index","follow":"follow","max-snippet":"max-snippet:-1","max-image-preview":"max-image-preview:large","max-video-preview":"max-video-preview:-1"},"canonical":"https:\/\/casesdeltaebre.com\/fr\/balada\/","og_locale":"fr_FR","og_type":"article","og_title":"Balada - Cases del Delta","og_description":"D\u00e9couvrez la petite ville de Balada depuis CASETES DEL DELTA, en plein c\u0153ur du Delta de l'Ebre. Une visite inoubliable.","og_url":"https:\/\/casesdeltaebre.com\/fr\/balada\/","og_site_name":"Cases del Delta","article_modified_time":"2023-01-13T15:03:00+00:00","twitter_card":"summary_large_image","twitter_misc":{"Dur\u00e9e de lecture estim\u00e9e":"1 minute"},"schema":{"@context":"https:\/\/schema.org","@graph":[{"@type":"WebPage","@id":"https:\/\/casesdeltaebre.com\/fr\/balada\/","url":"https:\/\/casesdeltaebre.com\/fr\/balada\/","name":"Balada - Cases del Delta","isPartOf":{"@id":"https:\/\/casesdeltaebre.com\/fr\/#website"},"datePublished":"2019-06-23T14:13:54+00:00","dateModified":"2023-01-13T15:03:00+00:00","description":"D\u00e9couvrez la petite ville de Balada depuis CASETES DEL DELTA, en plein c\u0153ur du Delta de l'Ebre. Une visite inoubliable.","breadcrumb":{"@id":"https:\/\/casesdeltaebre.com\/fr\/balada\/#breadcrumb"},"inLanguage":"fr-FR","potentialAction":[{"@type":"ReadAction","target":["https:\/\/casesdeltaebre.com\/fr\/balada\/"]}]},{"@type":"BreadcrumbList","@id":"https:\/\/casesdeltaebre.com\/fr\/balada\/#breadcrumb","itemListElement":[{"@type":"ListItem","position":1,"name":"Portada","item":"https:\/\/casesdeltaebre.com\/fr\/"},{"@type":"ListItem","position":2,"name":"Balada"}]},{"@type":"WebSite","@id":"https:\/\/casesdeltaebre.com\/fr\/#website","url":"https:\/\/casesdeltaebre.com\/fr\/","name":"Cases del Delta","description":"Ecoturisme al Delta de l&#039;Ebre","publisher":{"@id":"https:\/\/casesdeltaebre.com\/fr\/#organization"},"potentialAction":[{"@type":"SearchAction","target":{"@type":"EntryPoint","urlTemplate":"https:\/\/casesdeltaebre.com\/fr\/?s={search_term_string}"},"query-input":"required name=search_term_string"}],"inLanguage":"fr-FR"},{"@type":"Organization","@id":"https:\/\/casesdeltaebre.com\/fr\/#organization","name":"Cases del Delta","url":"https:\/\/casesdeltaebre.com\/fr\/","logo":{"@type":"ImageObject","inLanguage":"fr-FR","@id":"https:\/\/casesdeltaebre.com\/fr\/#\/schema\/logo\/image\/","url":"https:\/\/casesdeltaebre.com\/wp-content\/uploads\/2019\/06\/cropped-LogoCasesDeltaHoritzontal-1.png","contentUrl":"https:\/\/casesdeltaebre.com\/wp-content\/uploads\/2019\/06\/cropped-LogoCasesDeltaHoritzontal-1.png","width":938,"height":205,"caption":"Cases del Delta"},"image":{"@id":"https:\/\/casesdeltaebre.com\/fr\/#\/schema\/logo\/image\/"}}]}},"_links":{"self":[{"href":"https:\/\/casesdeltaebre.com\/fr\/wp-json\/wp\/v2\/pages\/2039","targetHints":{"allow":["GET"]}}],"collection":[{"href":"https:\/\/casesdeltaebre.com\/fr\/wp-json\/wp\/v2\/pages"}],"about":[{"href":"https:\/\/casesdeltaebre.com\/fr\/wp-json\/wp\/v2\/types\/page"}],"author":[{"embeddable":true,"href":"https:\/\/casesdeltaebre.com\/fr\/wp-json\/wp\/v2\/users\/1"}],"replies":[{"embeddable":true,"href":"https:\/\/casesdeltaebre.com\/fr\/wp-json\/wp\/v2\/comments?post=2039"}],"version-history":[{"count":8,"href":"https:\/\/casesdeltaebre.com\/fr\/wp-json\/wp\/v2\/pages\/2039\/revisions"}],"predecessor-version":[{"id":4723,"href":"https:\/\/casesdeltaebre.com\/fr\/wp-json\/wp\/v2\/pages\/2039\/revisions\/4723"}],"wp:attachment":[{"href":"https:\/\/casesdeltaebre.com\/fr\/wp-json\/wp\/v2\/media?parent=2039"}],"curies":[{"name":"wp","href":"https:\/\/api.w.org\/{rel}","templated":true}]}}