{"id":1997,"date":"2019-06-16T08:09:49","date_gmt":"2019-06-16T08:09:49","guid":{"rendered":"https:\/\/casesdeltaebre.com\/sant-jaume-denveja\/"},"modified":"2020-05-27T19:30:41","modified_gmt":"2020-05-27T19:30:41","slug":"sant-jaume-denveja","status":"publish","type":"page","link":"https:\/\/casesdeltaebre.com\/fr\/sant-jaume-denveja\/","title":{"rendered":"Sant Jaume d&rsquo;Enveja"},"content":{"rendered":"<section class=\"wpb-content-wrapper\"><p>[vc_row][vc_column width=\u00a0\u00bb1\/2&Prime;][vc_column_text]Le village s&rsquo;\u00e9tend large et bas le long des <strong>rives de l&rsquo;\u00c8bre<\/strong>. Que vous veniez d&rsquo;Amposta ou du pont <strong>Lo Passador<\/strong>, la rue principale le traverse du nord au sud. Cette rue, il y a \u00e0 peine cinquante ans, \u00e9tait en terre poussi\u00e9reuse et \u00e9tait entour\u00e9e de maisons avec des toits et de petites portes. C&rsquo;est aujourd&rsquo;hui l&rsquo;axe principal de la population, o\u00f9 se rencontrent la majorit\u00e9 des magasins et des restaurants. C&rsquo;est la rue de l&rsquo;\u00e9glise, o\u00f9 l&rsquo;on c\u00e9l\u00e8bre les f\u00eates, les processions de P\u00e2ques et les chars du Carnaval&#8230; Sant Jaume compte environ <strong>3 600 habitants<\/strong>, la rivi\u00e8re l\u00e8che ses vergers et est entour\u00e9e de <strong>rizi\u00e8res<\/strong>. Les <strong>plages<\/strong> ne sont pas plus de dix minutes de la ville, les plages de grands sables et de calme, les eaux m\u00e9diterran\u00e9ennes, que les oiseaux foulent \u00e0 l&rsquo;aube et les rires et les courses des enfants le reste de la journ\u00e9e, la nuit est le patrimoine des crabes et la lune.[\/vc_column_text][\/vc_column][vc_column width=\u00a0\u00bb1\/2&Prime;][vc_single_image image=\u00a0\u00bb3200&Prime; img_size=\u00a0\u00bbfull\u00a0\u00bb][\/vc_column][\/vc_row][vc_row][vc_column width=\u00a0\u00bb1\/2&Prime;][vc_column_text]<br \/>\n<strong>Centre d&rsquo;interpr\u00e9tation de Les Barraques.<\/strong> Si vous voulez savoir comment vivaient les habitants du Delta il y a plus de cinquante ans, vous devez visiter ce centre o\u00f9 vous pouvez voir comment ils \u00e9taient et \u00e0 quoi servaient ces constructions rurales et traditionnelles de cette terre.<br \/>\n<strong>Festivals Majeurs.<\/strong> Ils sont c\u00e9l\u00e9br\u00e9s \u00e0 Sant Jaume, bien s\u00fbr. Pendant une semaine, le village change compl\u00e8tement. De l&rsquo;animation, des gens dans la rue et beaucoup de f\u00eates. Il y a des ar\u00e8nes \u00e0 la p\u00e9riph\u00e9rie, mais on peut aussi voir des \u00ab\u00a0corrrebous\u00a0\u00bb dans les rues principales. Des d\u00e9fil\u00e9s de chars et des danses nocturnes font partie du programme des festivit\u00e9s.<br \/>\n<strong>La rivi\u00e8re.<\/strong> Sant Jaume c\u00e9l\u00e8bre le festival \u00ab\u00a0Som Riu\u00a0\u00bb qui co\u00efncide avec l&rsquo;anniversaire de l&rsquo;inauguration de Lo Passador au d\u00e9but du mois d&rsquo;octobre avec des stands artisanaux et des produits gastronomiques, des d\u00e9monstrations d&rsquo;aviron et de musique. De la jet\u00e9e, les bateaux se dirigent vers l&#8217;embouchure, une promenade int\u00e9ressante pour d\u00e9couvrir la v\u00e9g\u00e9tation de la rive et sentir la navigation par les eaux calmes de l&rsquo;\u00c8bre. Des sports nautiques sont \u00e9galement pratiqu\u00e9s.<br \/>\n<strong>Promenade sur la rivi\u00e8re<\/strong>. D&rsquo;Amposta \u00e0 l&rsquo;\u00eele de Buda, c&rsquo;est un sentier bien balis\u00e9 et tr\u00e8s agr\u00e9able \u00e0 parcourir \u00e0 pied ou \u00e0 v\u00e9lo. Le tron\u00e7on entre Sant Jaume et Buda est long de 8,7 kilom\u00e8tres. Le sentier commence sur une piste asphalt\u00e9e et les 7 derniers kilom\u00e8tres sont sur un chemin de terre. Il y a des bancs, des aires de pique-nique, ainsi que des panneaux d&rsquo;information sur la faune et la flore de la r\u00e9gion. Quand vous arrivez sur l&rsquo;\u00eele de Buda, vous devez y retourner.<br \/>\n<strong>Manger \u00e0 Sant Jaume.<\/strong> La gastronomie du Delta se distingue par sa qualit\u00e9 et sa vari\u00e9t\u00e9. Les plats de riz, de poisson, de fruits de mer et de gibier sont spectaculaires gr\u00e2ce \u00e0 la mati\u00e8re premi\u00e8re mais aussi \u00e0 la tradition culinaire de ces terres. Vous pouvez d\u00e9guster cette excellente cuisine dans plusieurs restaurants de la commune. En savoir plus sur <a href=\"https:\/\/enjoyingdelta.com\/2017\/07\/11\/cuina-tradicional\/\" target=\"_blank\" rel=\"noopener noreferrer\">enjoyingdelta.com<\/a><br \/>\n<strong>Magasins.<\/strong> Dans le village vous pouvez tout acheter : l\u00e9gumes, poisson frais, bonbons traditionnels, riz et autres produits autochtones.<br \/>\n<strong>Les plages.<\/strong> La Platjola, el Serrallo et Mitjorn sont les trois plages de la municipalit\u00e9 de Sant Jaume. Les deux premiers n&rsquo;ont pas de service, sont sauvages et solitaires, Migjorn a un bar sur la plage et est situ\u00e9 pr\u00e8s de l&#8217;embouchure, en face de l&rsquo;\u00eele de Buda.<br \/>\n<strong>L&rsquo;\u00eele de Buda.<\/strong> Elle appartient \u00e0 la commune de Sant Jaume. Il couvre plus de mille hectares et mesure environ cinq kilom\u00e8tres de long. C&rsquo;est la plus grande \u00eele de Catalogne. Son entr\u00e9e est limit\u00e9e pour pr\u00e9server ses richesses naturelles.<\/p>\n<p>Sant Jaume \u00e9tait le territoire de Tortosa, tout comme l&rsquo;ensemble du delta de l&rsquo;\u00c8bre, jusqu&rsquo;en 1978, date \u00e0 laquelle la s\u00e9gr\u00e9gation fut r\u00e9alis\u00e9e. Ils le c\u00e9l\u00e8brent chaque ann\u00e9e pour San Juan avec des danses et des taureaux. Dans le district municipal de Sany Jaume se trouvait l&rsquo;ancien port de Tortosa appel\u00e9 Port Fang\u00f3s (port boueux), rendu inutilisable au milieu du XIVe si\u00e8cle en raison de l&rsquo;accumulation de boue qui le rendait impraticable.<\/p>\n<p><strong>Le village dispose de tous les services n\u00e9cessaires.<\/strong><\/p>\n<p>&nbsp;[\/vc_column_text][\/vc_column][vc_column width=\u00a0\u00bb1\/2&Prime;][vc_gallery type=\u00a0\u00bbimage_grid\u00a0\u00bb images=\u00a0\u00bb782,781,779,778,777,182,184,3192,3204&Prime; onclick=\u00a0\u00bb\u00a0\u00bb][vc_gallery type=\u00a0\u00bbimage_grid\u00a0\u00bb images=\u00a0\u00bb3216,3212,3208,187,3220,3224&Prime; onclick=\u00a0\u00bb\u00a0\u00bb][\/vc_column][\/vc_row][vc_row][vc_column][vc_empty_space height=\u00a0\u00bb16px\u00a0\u00bb][vc_btn title=\u00a0\u00bbSant Jaume Turisme\u00a0\u00bb color=\u00a0\u00bbturquoise\u00a0\u00bb align=\u00a0\u00bbcenter\u00a0\u00bb link=\u00a0\u00bburl:http%3A%2F%2Fwww.santjaumeturisme.cat|target:%20_blank|\u00a0\u00bb][\/vc_column][\/vc_row]<\/p>\n<\/section>","protected":false},"excerpt":{"rendered":"<p>[vc_row][vc_column width=\u00a0\u00bb1\/2&Prime;][vc_column_text]Le village s&rsquo;\u00e9tend large et bas le long des rives de l&rsquo;\u00c8bre. Que vous veniez d&rsquo;Amposta ou du pont Lo Passador, la rue principale le traverse du nord au sud. Cette rue, il y a \u00e0 peine cinquante ans, \u00e9tait en terre poussi\u00e9reuse et \u00e9tait entour\u00e9e de maisons avec des toits et de petites &#8230; <a title=\"Sant Jaume d&rsquo;Enveja\" class=\"read-more\" href=\"https:\/\/casesdeltaebre.com\/fr\/sant-jaume-denveja\/\" aria-label=\"En savoir plus sur Sant Jaume d&rsquo;Enveja\">Lire la suite<\/a><\/p>\n","protected":false},"author":1,"featured_media":0,"parent":0,"menu_order":0,"comment_status":"closed","ping_status":"closed","template":"","meta":{"_exactmetrics_skip_tracking":false,"_exactmetrics_sitenote_active":false,"_exactmetrics_sitenote_note":"","_exactmetrics_sitenote_category":0,"footnotes":""},"class_list":["post-1997","page","type-page","status-publish"],"yoast_head":"<!-- This site is optimized with the Yoast SEO plugin v20.2 - https:\/\/yoast.com\/wordpress\/plugins\/seo\/ -->\n<title>Sant Jaume d&#039;Enveja - Cases del Delta<\/title>\n<meta name=\"description\" content=\"Visitez Sant Jaume depuis Les Casetes del Delta. Le village dispose de tous les services et commerces et n&#039;est qu&#039;\u00e0 deux kilom\u00e8tres de l&#039;h\u00e9bergement.\" \/>\n<meta name=\"robots\" content=\"index, follow, max-snippet:-1, max-image-preview:large, max-video-preview:-1\" \/>\n<link rel=\"canonical\" href=\"https:\/\/casesdeltaebre.com\/fr\/sant-jaume-denveja\/\" \/>\n<meta property=\"og:locale\" content=\"fr_FR\" \/>\n<meta property=\"og:type\" content=\"article\" \/>\n<meta property=\"og:title\" content=\"Sant Jaume d&#039;Enveja - Cases del Delta\" \/>\n<meta property=\"og:description\" content=\"Visitez Sant Jaume depuis Les Casetes del Delta. Le village dispose de tous les services et commerces et n&#039;est qu&#039;\u00e0 deux kilom\u00e8tres de l&#039;h\u00e9bergement.\" \/>\n<meta property=\"og:url\" content=\"https:\/\/casesdeltaebre.com\/fr\/sant-jaume-denveja\/\" \/>\n<meta property=\"og:site_name\" content=\"Cases del Delta\" \/>\n<meta property=\"article:modified_time\" content=\"2020-05-27T19:30:41+00:00\" \/>\n<meta name=\"twitter:card\" content=\"summary_large_image\" \/>\n<meta name=\"twitter:label1\" content=\"Dur\u00e9e de lecture estim\u00e9e\" \/>\n\t<meta name=\"twitter:data1\" content=\"4 minutes\" \/>\n<script type=\"application\/ld+json\" class=\"yoast-schema-graph\">{\"@context\":\"https:\/\/schema.org\",\"@graph\":[{\"@type\":\"WebPage\",\"@id\":\"https:\/\/casesdeltaebre.com\/fr\/sant-jaume-denveja\/\",\"url\":\"https:\/\/casesdeltaebre.com\/fr\/sant-jaume-denveja\/\",\"name\":\"Sant Jaume d'Enveja - Cases del Delta\",\"isPartOf\":{\"@id\":\"https:\/\/casesdeltaebre.com\/fr\/#website\"},\"datePublished\":\"2019-06-16T08:09:49+00:00\",\"dateModified\":\"2020-05-27T19:30:41+00:00\",\"description\":\"Visitez Sant Jaume depuis Les Casetes del Delta. Le village dispose de tous les services et commerces et n'est qu'\u00e0 deux kilom\u00e8tres de l'h\u00e9bergement.\",\"breadcrumb\":{\"@id\":\"https:\/\/casesdeltaebre.com\/fr\/sant-jaume-denveja\/#breadcrumb\"},\"inLanguage\":\"fr-FR\",\"potentialAction\":[{\"@type\":\"ReadAction\",\"target\":[\"https:\/\/casesdeltaebre.com\/fr\/sant-jaume-denveja\/\"]}]},{\"@type\":\"BreadcrumbList\",\"@id\":\"https:\/\/casesdeltaebre.com\/fr\/sant-jaume-denveja\/#breadcrumb\",\"itemListElement\":[{\"@type\":\"ListItem\",\"position\":1,\"name\":\"Portada\",\"item\":\"https:\/\/casesdeltaebre.com\/fr\/\"},{\"@type\":\"ListItem\",\"position\":2,\"name\":\"Sant Jaume d&rsquo;Enveja\"}]},{\"@type\":\"WebSite\",\"@id\":\"https:\/\/casesdeltaebre.com\/fr\/#website\",\"url\":\"https:\/\/casesdeltaebre.com\/fr\/\",\"name\":\"Cases del Delta\",\"description\":\"Ecoturisme al Delta de l&#039;Ebre\",\"publisher\":{\"@id\":\"https:\/\/casesdeltaebre.com\/fr\/#organization\"},\"potentialAction\":[{\"@type\":\"SearchAction\",\"target\":{\"@type\":\"EntryPoint\",\"urlTemplate\":\"https:\/\/casesdeltaebre.com\/fr\/?s={search_term_string}\"},\"query-input\":\"required name=search_term_string\"}],\"inLanguage\":\"fr-FR\"},{\"@type\":\"Organization\",\"@id\":\"https:\/\/casesdeltaebre.com\/fr\/#organization\",\"name\":\"Cases del Delta\",\"url\":\"https:\/\/casesdeltaebre.com\/fr\/\",\"logo\":{\"@type\":\"ImageObject\",\"inLanguage\":\"fr-FR\",\"@id\":\"https:\/\/casesdeltaebre.com\/fr\/#\/schema\/logo\/image\/\",\"url\":\"https:\/\/casesdeltaebre.com\/wp-content\/uploads\/2019\/06\/cropped-LogoCasesDeltaHoritzontal-1.png\",\"contentUrl\":\"https:\/\/casesdeltaebre.com\/wp-content\/uploads\/2019\/06\/cropped-LogoCasesDeltaHoritzontal-1.png\",\"width\":938,\"height\":205,\"caption\":\"Cases del Delta\"},\"image\":{\"@id\":\"https:\/\/casesdeltaebre.com\/fr\/#\/schema\/logo\/image\/\"}}]}<\/script>\n<!-- \/ Yoast SEO plugin. -->","yoast_head_json":{"title":"Sant Jaume d'Enveja - Cases del Delta","description":"Visitez Sant Jaume depuis Les Casetes del Delta. Le village dispose de tous les services et commerces et n'est qu'\u00e0 deux kilom\u00e8tres de l'h\u00e9bergement.","robots":{"index":"index","follow":"follow","max-snippet":"max-snippet:-1","max-image-preview":"max-image-preview:large","max-video-preview":"max-video-preview:-1"},"canonical":"https:\/\/casesdeltaebre.com\/fr\/sant-jaume-denveja\/","og_locale":"fr_FR","og_type":"article","og_title":"Sant Jaume d'Enveja - Cases del Delta","og_description":"Visitez Sant Jaume depuis Les Casetes del Delta. Le village dispose de tous les services et commerces et n'est qu'\u00e0 deux kilom\u00e8tres de l'h\u00e9bergement.","og_url":"https:\/\/casesdeltaebre.com\/fr\/sant-jaume-denveja\/","og_site_name":"Cases del Delta","article_modified_time":"2020-05-27T19:30:41+00:00","twitter_card":"summary_large_image","twitter_misc":{"Dur\u00e9e de lecture estim\u00e9e":"4 minutes"},"schema":{"@context":"https:\/\/schema.org","@graph":[{"@type":"WebPage","@id":"https:\/\/casesdeltaebre.com\/fr\/sant-jaume-denveja\/","url":"https:\/\/casesdeltaebre.com\/fr\/sant-jaume-denveja\/","name":"Sant Jaume d'Enveja - Cases del Delta","isPartOf":{"@id":"https:\/\/casesdeltaebre.com\/fr\/#website"},"datePublished":"2019-06-16T08:09:49+00:00","dateModified":"2020-05-27T19:30:41+00:00","description":"Visitez Sant Jaume depuis Les Casetes del Delta. Le village dispose de tous les services et commerces et n'est qu'\u00e0 deux kilom\u00e8tres de l'h\u00e9bergement.","breadcrumb":{"@id":"https:\/\/casesdeltaebre.com\/fr\/sant-jaume-denveja\/#breadcrumb"},"inLanguage":"fr-FR","potentialAction":[{"@type":"ReadAction","target":["https:\/\/casesdeltaebre.com\/fr\/sant-jaume-denveja\/"]}]},{"@type":"BreadcrumbList","@id":"https:\/\/casesdeltaebre.com\/fr\/sant-jaume-denveja\/#breadcrumb","itemListElement":[{"@type":"ListItem","position":1,"name":"Portada","item":"https:\/\/casesdeltaebre.com\/fr\/"},{"@type":"ListItem","position":2,"name":"Sant Jaume d&rsquo;Enveja"}]},{"@type":"WebSite","@id":"https:\/\/casesdeltaebre.com\/fr\/#website","url":"https:\/\/casesdeltaebre.com\/fr\/","name":"Cases del Delta","description":"Ecoturisme al Delta de l&#039;Ebre","publisher":{"@id":"https:\/\/casesdeltaebre.com\/fr\/#organization"},"potentialAction":[{"@type":"SearchAction","target":{"@type":"EntryPoint","urlTemplate":"https:\/\/casesdeltaebre.com\/fr\/?s={search_term_string}"},"query-input":"required name=search_term_string"}],"inLanguage":"fr-FR"},{"@type":"Organization","@id":"https:\/\/casesdeltaebre.com\/fr\/#organization","name":"Cases del Delta","url":"https:\/\/casesdeltaebre.com\/fr\/","logo":{"@type":"ImageObject","inLanguage":"fr-FR","@id":"https:\/\/casesdeltaebre.com\/fr\/#\/schema\/logo\/image\/","url":"https:\/\/casesdeltaebre.com\/wp-content\/uploads\/2019\/06\/cropped-LogoCasesDeltaHoritzontal-1.png","contentUrl":"https:\/\/casesdeltaebre.com\/wp-content\/uploads\/2019\/06\/cropped-LogoCasesDeltaHoritzontal-1.png","width":938,"height":205,"caption":"Cases del Delta"},"image":{"@id":"https:\/\/casesdeltaebre.com\/fr\/#\/schema\/logo\/image\/"}}]}},"_links":{"self":[{"href":"https:\/\/casesdeltaebre.com\/fr\/wp-json\/wp\/v2\/pages\/1997","targetHints":{"allow":["GET"]}}],"collection":[{"href":"https:\/\/casesdeltaebre.com\/fr\/wp-json\/wp\/v2\/pages"}],"about":[{"href":"https:\/\/casesdeltaebre.com\/fr\/wp-json\/wp\/v2\/types\/page"}],"author":[{"embeddable":true,"href":"https:\/\/casesdeltaebre.com\/fr\/wp-json\/wp\/v2\/users\/1"}],"replies":[{"embeddable":true,"href":"https:\/\/casesdeltaebre.com\/fr\/wp-json\/wp\/v2\/comments?post=1997"}],"version-history":[{"count":6,"href":"https:\/\/casesdeltaebre.com\/fr\/wp-json\/wp\/v2\/pages\/1997\/revisions"}],"predecessor-version":[{"id":3234,"href":"https:\/\/casesdeltaebre.com\/fr\/wp-json\/wp\/v2\/pages\/1997\/revisions\/3234"}],"wp:attachment":[{"href":"https:\/\/casesdeltaebre.com\/fr\/wp-json\/wp\/v2\/media?parent=1997"}],"curies":[{"name":"wp","href":"https:\/\/api.w.org\/{rel}","templated":true}]}}