{"id":1794,"date":"2019-06-04T19:57:06","date_gmt":"2019-06-04T19:57:06","guid":{"rendered":"https:\/\/casesdeltaebre.com\/les-plages-du-delta\/"},"modified":"2020-11-07T16:55:56","modified_gmt":"2020-11-07T16:55:56","slug":"les-plages-du-delta","status":"publish","type":"page","link":"https:\/\/casesdeltaebre.com\/fr\/les-plages-du-delta\/","title":{"rendered":"Les plages du Delta"},"content":{"rendered":"<section class=\"wpb-content-wrapper\"><p>[vc_row][vc_column width=\u00a0\u00bb1\/2&Prime;][vc_column_text]<strong>Le delta de l\u2019\u00c8bre<\/strong> est entour\u00e9 de plus d\u2019une centaine de kilom\u00e8tres de plages, toutes peu fr\u00e9quent\u00e9es et un endroit sauvage. Au lever et au coucher du soleil, il y a des moments uniques avec des lumi\u00e8res extraordinaires qui restent \u00e0 jamais dans la m\u00e9moire. Mais il y a un fait qui les rend tout \u00e0 fait sp\u00e9ciales, leurs dimensions presque inaccessibles et l\u2019absence de personnes qui donnent la possibilit\u00e9 de jouir dans la solitude d\u2019un environnement magique et exclusif.<\/p>\n<p>[\/vc_column_text][vc_column_text]<\/p>\n<h3><b>Migjorn<\/b><\/h3>\n<p>Elle appartient au village de San Jaume et est situ\u00e9e pr\u00e8s de l\u2019embouchure de l\u2019\u00c8bre, aujourd\u2019hui recouverte de s\u00e9diments. C\u2019est un peu surpeupl\u00e9 plage et il ya un bar de plage pour se rafra\u00eechir et manger quelque chose, qui ouvre aussi la nuit. Tr\u00e8s proche est le point de vue de Migjorn d\u2019o\u00f9 vous obtenez une vue sensationnelle.<\/p>\n<h3><b>El Serrallo<\/b><\/h3>\n<p>La plus d\u00e9serte et vierge des plages du Delta. Il n\u2019a pas d\u2019\u00e9quipement mais le sentiment d\u2019\u00eatre seul \u00e0 se baigner dans l\u2019immensit\u00e9 de la mer n\u2019a pas de prix. L\u2019acc\u00e8s est un peu compliqu\u00e9. En marchant un bon morceau, vous pouvez atteindre le Migjorn, une bonne excursion pour apprendre le processus de drainage du Delta par les portes de d\u00e9charge.<\/p>\n<h3><b>El Trabucador<\/b><\/h3>\n<p>Le bras de sable qui s\u2019\u00e9tend de la plage d\u2019Eucaliptus (avec services) et la Punta del Cuerno (\u00e0 l\u2019extr\u00e9mit\u00e9 sud du Delta) re\u00e7oit le nom de Trabucador. Il a la mer des deux c\u00f4t\u00e9s ; d\u2019un c\u00f4t\u00e9 les eaux calmes de la baie des Alfaques et de l\u2019autre la M\u00e9diterran\u00e9e ouverte. Depuis quelques ann\u00e9es, c\u2019est devenu l\u2019un des endroits pr\u00e9f\u00e9r\u00e9s des kitesurfers. Il y a quelques \u00e9coles, des endroits pour louer de l\u2019\u00e9quipement et un bar sur la plage o\u00f9 ils font de la nourriture. El Trabucador est un arr\u00eat obligatoire pour les flamants roses qui traversent le Delta du nord au sud. Levez les yeux, vous les verrez s\u00fbrement.<\/p>\n<h3><b>Plage du Fangar<\/b><\/h3>\n<p>Il est situ\u00e9 au nord de l\u2019embouchure du delta de l\u2019\u00c8bre. Une plage vierge au milieu d\u2019un des espaces naturels et sc\u00e9niques les plus surprenants. Pleine de dunes, son immensit\u00e9 et sa beaut\u00e9 lui conf\u00e8rent un caract\u00e8re particulier. Pour s\u2019y rendre, il faut marcher depuis la plage de Marquesa (o\u00f9 il y a un restaurant). Vous pouvez \u00e9galement vous y rendre en bateau depuis La Ametlla ou La Ampolla. La plage rappelle un d\u00e9sert, \u00e0 cause de son sable fin et des mirages qui se produisent quand on marche vers le phare du Fangar.<\/p>\n<h3><b>Riumar<\/b><\/h3>\n<p>Il est situ\u00e9 dans l\u2019urbanisation du m\u00eame nom et tr\u00e8s pr\u00e8s de l\u2019embouchure de l\u2019\u00c8bre. Contrairement aux autres plages du Delta, celle-ci offre toutes sortes de services et, depuis 1997, elle a re\u00e7u le drapeau bleu. Compos\u00e9e de dunes hautes et compactes, prot\u00e9g\u00e9e par des passerelles en bois, c\u2019est l\u2019une des plus belles plages du Delta. En face se trouvent des bars de plage, des restaurants, un h\u00f4tel et divers services touristiques, y compris la location de bateaux et de v\u00e9los pour explorer les environs. Nous recommandons une excursion au Garxal, o\u00f9 il est possible d\u2019observer des flamants roses dans les petits \u00eelots qui forment des lagons pr\u00e8s de la plage.[\/vc_column_text][\/vc_column][vc_column width=\u00a0\u00bb1\/2&Prime;][vc_single_image image=\u00a0\u00bb791&Prime; img_size=\u00a0\u00bbfull\u00a0\u00bb][vc_single_image image=\u00a0\u00bb790&Prime; img_size=\u00a0\u00bbfull\u00a0\u00bb][vc_single_image image=\u00a0\u00bb174&Prime; img_size=\u00a0\u00bbfull\u00a0\u00bb][vc_single_image image=\u00a0\u00bb291&Prime; img_size=\u00a0\u00bbfull\u00a0\u00bb][vc_single_image image=\u00a0\u00bb173&Prime; img_size=\u00a0\u00bbfull\u00a0\u00bb][\/vc_column][\/vc_row][vc_row][vc_column width=\u00a0\u00bb1\/2&Prime;][\/vc_column][vc_column width=\u00a0\u00bb1\/2&Prime;][\/vc_column][\/vc_row][vc_row][vc_column][\/vc_column][\/vc_row]<\/p>\n<\/section>","protected":false},"excerpt":{"rendered":"<p>[vc_row][vc_column width=\u00a0\u00bb1\/2&Prime;][vc_column_text]Le delta de l\u2019\u00c8bre est entour\u00e9 de plus d\u2019une centaine de kilom\u00e8tres de plages, toutes peu fr\u00e9quent\u00e9es et un endroit sauvage. Au lever et au coucher du soleil, il y a des moments uniques avec des lumi\u00e8res extraordinaires qui restent \u00e0 jamais dans la m\u00e9moire. Mais il y a un fait qui les rend &#8230; <a title=\"Les plages du Delta\" class=\"read-more\" href=\"https:\/\/casesdeltaebre.com\/fr\/les-plages-du-delta\/\" aria-label=\"En savoir plus sur Les plages du Delta\">Lire la suite<\/a><\/p>\n","protected":false},"author":1,"featured_media":0,"parent":0,"menu_order":0,"comment_status":"closed","ping_status":"closed","template":"","meta":{"_exactmetrics_skip_tracking":false,"_exactmetrics_sitenote_active":false,"_exactmetrics_sitenote_note":"","_exactmetrics_sitenote_category":0,"footnotes":""},"class_list":["post-1794","page","type-page","status-publish"],"yoast_head":"<!-- This site is optimized with the Yoast SEO plugin v20.2 - https:\/\/yoast.com\/wordpress\/plugins\/seo\/ -->\n<title>Les plages du Delta - Cases del Delta<\/title>\n<meta name=\"description\" content=\"Une liste compl\u00e8te des plages du delta de l&#039;\u00c8bre. Comme ils sont, comment se fait-il, qui est le plus d\u00e9sert, qui est la plus belle.\" \/>\n<meta name=\"robots\" content=\"index, follow, max-snippet:-1, max-image-preview:large, max-video-preview:-1\" \/>\n<link rel=\"canonical\" href=\"https:\/\/casesdeltaebre.com\/fr\/les-plages-du-delta\/\" \/>\n<meta property=\"og:locale\" content=\"fr_FR\" \/>\n<meta property=\"og:type\" content=\"article\" \/>\n<meta property=\"og:title\" content=\"Les plages du Delta - Cases del Delta\" \/>\n<meta property=\"og:description\" content=\"Une liste compl\u00e8te des plages du delta de l&#039;\u00c8bre. Comme ils sont, comment se fait-il, qui est le plus d\u00e9sert, qui est la plus belle.\" \/>\n<meta property=\"og:url\" content=\"https:\/\/casesdeltaebre.com\/fr\/les-plages-du-delta\/\" \/>\n<meta property=\"og:site_name\" content=\"Cases del Delta\" \/>\n<meta property=\"article:modified_time\" content=\"2020-11-07T16:55:56+00:00\" \/>\n<meta name=\"twitter:card\" content=\"summary_large_image\" \/>\n<meta name=\"twitter:label1\" content=\"Dur\u00e9e de lecture estim\u00e9e\" \/>\n\t<meta name=\"twitter:data1\" content=\"3 minutes\" \/>\n<script type=\"application\/ld+json\" class=\"yoast-schema-graph\">{\"@context\":\"https:\/\/schema.org\",\"@graph\":[{\"@type\":\"WebPage\",\"@id\":\"https:\/\/casesdeltaebre.com\/fr\/les-plages-du-delta\/\",\"url\":\"https:\/\/casesdeltaebre.com\/fr\/les-plages-du-delta\/\",\"name\":\"Les plages du Delta - Cases del Delta\",\"isPartOf\":{\"@id\":\"https:\/\/casesdeltaebre.com\/fr\/#website\"},\"datePublished\":\"2019-06-04T19:57:06+00:00\",\"dateModified\":\"2020-11-07T16:55:56+00:00\",\"description\":\"Une liste compl\u00e8te des plages du delta de l'\u00c8bre. Comme ils sont, comment se fait-il, qui est le plus d\u00e9sert, qui est la plus belle.\",\"breadcrumb\":{\"@id\":\"https:\/\/casesdeltaebre.com\/fr\/les-plages-du-delta\/#breadcrumb\"},\"inLanguage\":\"fr-FR\",\"potentialAction\":[{\"@type\":\"ReadAction\",\"target\":[\"https:\/\/casesdeltaebre.com\/fr\/les-plages-du-delta\/\"]}]},{\"@type\":\"BreadcrumbList\",\"@id\":\"https:\/\/casesdeltaebre.com\/fr\/les-plages-du-delta\/#breadcrumb\",\"itemListElement\":[{\"@type\":\"ListItem\",\"position\":1,\"name\":\"Portada\",\"item\":\"https:\/\/casesdeltaebre.com\/fr\/\"},{\"@type\":\"ListItem\",\"position\":2,\"name\":\"Vivez l&rsquo;exp\u00e9rience Delta\",\"item\":\"https:\/\/casesdeltaebre.com\/fr\/vivez-lexperience-delta-2\/\"},{\"@type\":\"ListItem\",\"position\":3,\"name\":\"Les plages du Delta\"}]},{\"@type\":\"WebSite\",\"@id\":\"https:\/\/casesdeltaebre.com\/fr\/#website\",\"url\":\"https:\/\/casesdeltaebre.com\/fr\/\",\"name\":\"Cases del Delta\",\"description\":\"Ecoturisme al Delta de l&#039;Ebre\",\"publisher\":{\"@id\":\"https:\/\/casesdeltaebre.com\/fr\/#organization\"},\"potentialAction\":[{\"@type\":\"SearchAction\",\"target\":{\"@type\":\"EntryPoint\",\"urlTemplate\":\"https:\/\/casesdeltaebre.com\/fr\/?s={search_term_string}\"},\"query-input\":\"required name=search_term_string\"}],\"inLanguage\":\"fr-FR\"},{\"@type\":\"Organization\",\"@id\":\"https:\/\/casesdeltaebre.com\/fr\/#organization\",\"name\":\"Cases del Delta\",\"url\":\"https:\/\/casesdeltaebre.com\/fr\/\",\"logo\":{\"@type\":\"ImageObject\",\"inLanguage\":\"fr-FR\",\"@id\":\"https:\/\/casesdeltaebre.com\/fr\/#\/schema\/logo\/image\/\",\"url\":\"https:\/\/casesdeltaebre.com\/wp-content\/uploads\/2019\/06\/cropped-LogoCasesDeltaHoritzontal-1.png\",\"contentUrl\":\"https:\/\/casesdeltaebre.com\/wp-content\/uploads\/2019\/06\/cropped-LogoCasesDeltaHoritzontal-1.png\",\"width\":938,\"height\":205,\"caption\":\"Cases del Delta\"},\"image\":{\"@id\":\"https:\/\/casesdeltaebre.com\/fr\/#\/schema\/logo\/image\/\"}}]}<\/script>\n<!-- \/ Yoast SEO plugin. -->","yoast_head_json":{"title":"Les plages du Delta - Cases del Delta","description":"Une liste compl\u00e8te des plages du delta de l'\u00c8bre. Comme ils sont, comment se fait-il, qui est le plus d\u00e9sert, qui est la plus belle.","robots":{"index":"index","follow":"follow","max-snippet":"max-snippet:-1","max-image-preview":"max-image-preview:large","max-video-preview":"max-video-preview:-1"},"canonical":"https:\/\/casesdeltaebre.com\/fr\/les-plages-du-delta\/","og_locale":"fr_FR","og_type":"article","og_title":"Les plages du Delta - Cases del Delta","og_description":"Une liste compl\u00e8te des plages du delta de l'\u00c8bre. Comme ils sont, comment se fait-il, qui est le plus d\u00e9sert, qui est la plus belle.","og_url":"https:\/\/casesdeltaebre.com\/fr\/les-plages-du-delta\/","og_site_name":"Cases del Delta","article_modified_time":"2020-11-07T16:55:56+00:00","twitter_card":"summary_large_image","twitter_misc":{"Dur\u00e9e de lecture estim\u00e9e":"3 minutes"},"schema":{"@context":"https:\/\/schema.org","@graph":[{"@type":"WebPage","@id":"https:\/\/casesdeltaebre.com\/fr\/les-plages-du-delta\/","url":"https:\/\/casesdeltaebre.com\/fr\/les-plages-du-delta\/","name":"Les plages du Delta - Cases del Delta","isPartOf":{"@id":"https:\/\/casesdeltaebre.com\/fr\/#website"},"datePublished":"2019-06-04T19:57:06+00:00","dateModified":"2020-11-07T16:55:56+00:00","description":"Une liste compl\u00e8te des plages du delta de l'\u00c8bre. Comme ils sont, comment se fait-il, qui est le plus d\u00e9sert, qui est la plus belle.","breadcrumb":{"@id":"https:\/\/casesdeltaebre.com\/fr\/les-plages-du-delta\/#breadcrumb"},"inLanguage":"fr-FR","potentialAction":[{"@type":"ReadAction","target":["https:\/\/casesdeltaebre.com\/fr\/les-plages-du-delta\/"]}]},{"@type":"BreadcrumbList","@id":"https:\/\/casesdeltaebre.com\/fr\/les-plages-du-delta\/#breadcrumb","itemListElement":[{"@type":"ListItem","position":1,"name":"Portada","item":"https:\/\/casesdeltaebre.com\/fr\/"},{"@type":"ListItem","position":2,"name":"Vivez l&rsquo;exp\u00e9rience Delta","item":"https:\/\/casesdeltaebre.com\/fr\/vivez-lexperience-delta-2\/"},{"@type":"ListItem","position":3,"name":"Les plages du Delta"}]},{"@type":"WebSite","@id":"https:\/\/casesdeltaebre.com\/fr\/#website","url":"https:\/\/casesdeltaebre.com\/fr\/","name":"Cases del Delta","description":"Ecoturisme al Delta de l&#039;Ebre","publisher":{"@id":"https:\/\/casesdeltaebre.com\/fr\/#organization"},"potentialAction":[{"@type":"SearchAction","target":{"@type":"EntryPoint","urlTemplate":"https:\/\/casesdeltaebre.com\/fr\/?s={search_term_string}"},"query-input":"required name=search_term_string"}],"inLanguage":"fr-FR"},{"@type":"Organization","@id":"https:\/\/casesdeltaebre.com\/fr\/#organization","name":"Cases del Delta","url":"https:\/\/casesdeltaebre.com\/fr\/","logo":{"@type":"ImageObject","inLanguage":"fr-FR","@id":"https:\/\/casesdeltaebre.com\/fr\/#\/schema\/logo\/image\/","url":"https:\/\/casesdeltaebre.com\/wp-content\/uploads\/2019\/06\/cropped-LogoCasesDeltaHoritzontal-1.png","contentUrl":"https:\/\/casesdeltaebre.com\/wp-content\/uploads\/2019\/06\/cropped-LogoCasesDeltaHoritzontal-1.png","width":938,"height":205,"caption":"Cases del Delta"},"image":{"@id":"https:\/\/casesdeltaebre.com\/fr\/#\/schema\/logo\/image\/"}}]}},"_links":{"self":[{"href":"https:\/\/casesdeltaebre.com\/fr\/wp-json\/wp\/v2\/pages\/1794","targetHints":{"allow":["GET"]}}],"collection":[{"href":"https:\/\/casesdeltaebre.com\/fr\/wp-json\/wp\/v2\/pages"}],"about":[{"href":"https:\/\/casesdeltaebre.com\/fr\/wp-json\/wp\/v2\/types\/page"}],"author":[{"embeddable":true,"href":"https:\/\/casesdeltaebre.com\/fr\/wp-json\/wp\/v2\/users\/1"}],"replies":[{"embeddable":true,"href":"https:\/\/casesdeltaebre.com\/fr\/wp-json\/wp\/v2\/comments?post=1794"}],"version-history":[{"count":3,"href":"https:\/\/casesdeltaebre.com\/fr\/wp-json\/wp\/v2\/pages\/1794\/revisions"}],"predecessor-version":[{"id":3523,"href":"https:\/\/casesdeltaebre.com\/fr\/wp-json\/wp\/v2\/pages\/1794\/revisions\/3523"}],"wp:attachment":[{"href":"https:\/\/casesdeltaebre.com\/fr\/wp-json\/wp\/v2\/media?parent=1794"}],"curies":[{"name":"wp","href":"https:\/\/api.w.org\/{rel}","templated":true}]}}