{"id":1787,"date":"2019-06-04T19:36:22","date_gmt":"2019-06-04T19:36:22","guid":{"rendered":"https:\/\/casesdeltaebre.com\/parc-naturel-du-delta-de-lebre\/"},"modified":"2020-11-09T14:17:36","modified_gmt":"2020-11-09T14:17:36","slug":"parc-naturel-du-delta-de-lebre","status":"publish","type":"page","link":"https:\/\/casesdeltaebre.com\/fr\/parc-naturel-du-delta-de-lebre\/","title":{"rendered":"Parc Naturel du delta de l&rsquo;\u00c8bre"},"content":{"rendered":"<section class=\"wpb-content-wrapper\"><p>[vc_row][vc_column][vc_single_image image=\u00a0\u00bb2175&Prime; img_size=\u00a0\u00bbfull\u00a0\u00bb][vc_column_text]<strong>Le delta de l&rsquo;\u00c8bre<\/strong> est la plus grande zone humide de Catalogne et l&rsquo;une des plus importantes de la r\u00e9gion m\u00e9diterran\u00e9enne. L&#8217;embouchure de la rivi\u00e8re qui donne son nom \u00e0 toutes ces terres constitue un parc naturel de premi\u00e8re classe avec une richesse incomparable de flore et de faune qui le rendent unique. D&rsquo;une superficie totale de 7 736 hectares, elle comprend les r\u00e9gions du Baix Ebre et du Montsi\u00e0. Dans sa vaste extension se trouvent les lagunes d&rsquo;Olles, Canal Vell, Garxal, Alfacada, Platjola, Tancada et Encanyissada ; ainsi que les \u00eeles de Buda, Gracia, Sapinya et San Antonio ; les p\u00e9ninsules de Punta de la Banya et del Fangar et les Ullals de Baltasar.<\/p>\n<blockquote><p><strong>Dans le Delta vivent stable ou pas plus de 350 esp\u00e8ces d&rsquo;oiseaux. Le flamenco, avec une grande colonie stable, est un de ses symboles.<\/strong><\/p><\/blockquote>\n<p>Plus de 500 esp\u00e8ces diff\u00e9rentes donnent \u00e0 ce territoire un grand potentiel en termes de v\u00e9g\u00e9tation, o\u00f9 les roseli\u00e8res, joncs, eucalyptus et ch\u00e8vrefeuilles de rivi\u00e8re se distinguent. N&rsquo;oublions pas le riz, la culture en \u00e9toile du delta, dont la production occupe de grandes \u00e9tendues de terre. Quant \u00e0 la faune, les oiseaux sont tr\u00e8s importants dans la r\u00e9gion.<\/p>\n<p>Le climat humide offre un habitat id\u00e9al pour les insectes et les invert\u00e9br\u00e9s, tandis que les diff\u00e9rents degr\u00e9s de salinit\u00e9 de l&rsquo;eau permettent de trouver un grand nombre de poissons, notamment des anguilles, des rougets et des corvid\u00e9s. Les conditions climatiques et le terrain, ainsi que sa beaut\u00e9 naturelle, permettent de contempler un grand spectacle o\u00f9 l&rsquo;eau du fleuve et la mer sont les protagonistes principaux. De nombreux itin\u00e9raires et activit\u00e9s compl\u00e8tent l&rsquo;offre du delta de l&rsquo;\u00c8bre et de ses communes.<\/p>\n<blockquote><p><strong>Rivi\u00e8re, mer, dunes, rizi\u00e8res, lagunes, marais salants, mar\u00e9cages, for\u00eats riveraines&#8230; le delta de l&rsquo;\u00c8bre est un creuset de paysages qui forment un univers si riche qu&rsquo;il a \u00e9t\u00e9 consid\u00e9r\u00e9 comme une r\u00e9serve de biosph\u00e8re.<\/strong><\/p><\/blockquote>\n<p>[\/vc_column_text][vc_row_inner][vc_column_inner width=\u00a0\u00bb1\/2&Prime;][vc_gallery type=\u00a0\u00bbflexslider_slide\u00a0\u00bb interval=\u00a0\u00bb3&Prime; images=\u00a0\u00bb580,569,560,495,496,119,44,1839,1843,1847,1851,1855,1859,793,790,173,304,302&Prime; img_size=\u00a0\u00bb500&#215;440&Prime;][\/vc_column_inner][vc_column_inner width=\u00a0\u00bb1\/2&Prime;][vc_empty_space height=\u00a0\u00bb64px\u00a0\u00bb][vc_btn title=\u00a0\u00bbInstallations et visites de la r\u00e9serve naturelle du Delta de l&rsquo;\u00c8bre\u00a0\u00bb color=\u00a0\u00bbturquoise\u00a0\u00bb align=\u00a0\u00bbcenter\u00a0\u00bb link=\u00a0\u00bburl:https%3A%2F%2Fcasesdeltaebre.com%2Ffr%2Finstallations-et-itineraires%2F|title:Installations%20et%20visites|\u00a0\u00bb][vc_empty_space][vc_btn title=\u00a0\u00bbVenez conna\u00eetre les plages du Delta\u00a0\u00bb color=\u00a0\u00bbturquoise\u00a0\u00bb align=\u00a0\u00bbcenter\u00a0\u00bb link=\u00a0\u00bburl:https%3A%2F%2Fcasesdeltaebre.com%2Ffr%2Fles-plages-du-delta%2F|title:Installations%20et%20visites|\u00a0\u00bb][\/vc_column_inner][\/vc_row_inner][\/vc_column][\/vc_row]<\/p>\n<\/section>","protected":false},"excerpt":{"rendered":"<p>[vc_row][vc_column][vc_single_image image=\u00a0\u00bb2175&Prime; img_size=\u00a0\u00bbfull\u00a0\u00bb][vc_column_text]Le delta de l&rsquo;\u00c8bre est la plus grande zone humide de Catalogne et l&rsquo;une des plus importantes de la r\u00e9gion m\u00e9diterran\u00e9enne. L&#8217;embouchure de la rivi\u00e8re qui donne son nom \u00e0 toutes ces terres constitue un parc naturel de premi\u00e8re classe avec une richesse incomparable de flore et de faune qui le rendent unique. &#8230; <a title=\"Parc Naturel du delta de l&rsquo;\u00c8bre\" class=\"read-more\" href=\"https:\/\/casesdeltaebre.com\/fr\/parc-naturel-du-delta-de-lebre\/\" aria-label=\"En savoir plus sur Parc Naturel du delta de l&rsquo;\u00c8bre\">Lire la suite<\/a><\/p>\n","protected":false},"author":1,"featured_media":0,"parent":0,"menu_order":0,"comment_status":"closed","ping_status":"closed","template":"","meta":{"_exactmetrics_skip_tracking":false,"_exactmetrics_sitenote_active":false,"_exactmetrics_sitenote_note":"","_exactmetrics_sitenote_category":0,"footnotes":""},"class_list":["post-1787","page","type-page","status-publish"],"yoast_head":"<!-- This site is optimized with the Yoast SEO plugin v20.2 - https:\/\/yoast.com\/wordpress\/plugins\/seo\/ -->\n<title>Parc Naturel du delta de l&#039;\u00c8bre - Cases del Delta<\/title>\n<meta name=\"description\" content=\"S\u00e9journez dans les Casetes del Delta et d\u00e9couvrez le Delta de l&#039;Ebre, un territoire d&#039;oiseaux, de zones humides, de plages immenses, de rizi\u00e8res \u00e0 l&#039;infini. Prendre l&#039;\u00e9cotourisme.\" \/>\n<meta name=\"robots\" content=\"index, follow, max-snippet:-1, max-image-preview:large, max-video-preview:-1\" \/>\n<link rel=\"canonical\" href=\"https:\/\/casesdeltaebre.com\/fr\/parc-naturel-du-delta-de-lebre\/\" \/>\n<meta property=\"og:locale\" content=\"fr_FR\" \/>\n<meta property=\"og:type\" content=\"article\" \/>\n<meta property=\"og:title\" content=\"Parc Naturel du delta de l&#039;\u00c8bre - Cases del Delta\" \/>\n<meta property=\"og:description\" content=\"S\u00e9journez dans les Casetes del Delta et d\u00e9couvrez le Delta de l&#039;Ebre, un territoire d&#039;oiseaux, de zones humides, de plages immenses, de rizi\u00e8res \u00e0 l&#039;infini. Prendre l&#039;\u00e9cotourisme.\" \/>\n<meta property=\"og:url\" content=\"https:\/\/casesdeltaebre.com\/fr\/parc-naturel-du-delta-de-lebre\/\" \/>\n<meta property=\"og:site_name\" content=\"Cases del Delta\" \/>\n<meta property=\"article:modified_time\" content=\"2020-11-09T14:17:36+00:00\" \/>\n<meta name=\"twitter:card\" content=\"summary_large_image\" \/>\n<meta name=\"twitter:label1\" content=\"Dur\u00e9e de lecture estim\u00e9e\" \/>\n\t<meta name=\"twitter:data1\" content=\"2 minutes\" \/>\n<script type=\"application\/ld+json\" class=\"yoast-schema-graph\">{\"@context\":\"https:\/\/schema.org\",\"@graph\":[{\"@type\":\"WebPage\",\"@id\":\"https:\/\/casesdeltaebre.com\/fr\/parc-naturel-du-delta-de-lebre\/\",\"url\":\"https:\/\/casesdeltaebre.com\/fr\/parc-naturel-du-delta-de-lebre\/\",\"name\":\"Parc Naturel du delta de l'\u00c8bre - Cases del Delta\",\"isPartOf\":{\"@id\":\"https:\/\/casesdeltaebre.com\/fr\/#website\"},\"datePublished\":\"2019-06-04T19:36:22+00:00\",\"dateModified\":\"2020-11-09T14:17:36+00:00\",\"description\":\"S\u00e9journez dans les Casetes del Delta et d\u00e9couvrez le Delta de l'Ebre, un territoire d'oiseaux, de zones humides, de plages immenses, de rizi\u00e8res \u00e0 l'infini. Prendre l'\u00e9cotourisme.\",\"breadcrumb\":{\"@id\":\"https:\/\/casesdeltaebre.com\/fr\/parc-naturel-du-delta-de-lebre\/#breadcrumb\"},\"inLanguage\":\"fr-FR\",\"potentialAction\":[{\"@type\":\"ReadAction\",\"target\":[\"https:\/\/casesdeltaebre.com\/fr\/parc-naturel-du-delta-de-lebre\/\"]}]},{\"@type\":\"BreadcrumbList\",\"@id\":\"https:\/\/casesdeltaebre.com\/fr\/parc-naturel-du-delta-de-lebre\/#breadcrumb\",\"itemListElement\":[{\"@type\":\"ListItem\",\"position\":1,\"name\":\"Portada\",\"item\":\"https:\/\/casesdeltaebre.com\/fr\/\"},{\"@type\":\"ListItem\",\"position\":2,\"name\":\"Vivez l&rsquo;exp\u00e9rience Delta\",\"item\":\"https:\/\/casesdeltaebre.com\/fr\/vivez-lexperience-delta-2\/\"},{\"@type\":\"ListItem\",\"position\":3,\"name\":\"Parc Naturel du delta de l&rsquo;\u00c8bre\"}]},{\"@type\":\"WebSite\",\"@id\":\"https:\/\/casesdeltaebre.com\/fr\/#website\",\"url\":\"https:\/\/casesdeltaebre.com\/fr\/\",\"name\":\"Cases del Delta\",\"description\":\"Ecoturisme al Delta de l&#039;Ebre\",\"publisher\":{\"@id\":\"https:\/\/casesdeltaebre.com\/fr\/#organization\"},\"potentialAction\":[{\"@type\":\"SearchAction\",\"target\":{\"@type\":\"EntryPoint\",\"urlTemplate\":\"https:\/\/casesdeltaebre.com\/fr\/?s={search_term_string}\"},\"query-input\":\"required name=search_term_string\"}],\"inLanguage\":\"fr-FR\"},{\"@type\":\"Organization\",\"@id\":\"https:\/\/casesdeltaebre.com\/fr\/#organization\",\"name\":\"Cases del Delta\",\"url\":\"https:\/\/casesdeltaebre.com\/fr\/\",\"logo\":{\"@type\":\"ImageObject\",\"inLanguage\":\"fr-FR\",\"@id\":\"https:\/\/casesdeltaebre.com\/fr\/#\/schema\/logo\/image\/\",\"url\":\"https:\/\/casesdeltaebre.com\/wp-content\/uploads\/2019\/06\/cropped-LogoCasesDeltaHoritzontal-1.png\",\"contentUrl\":\"https:\/\/casesdeltaebre.com\/wp-content\/uploads\/2019\/06\/cropped-LogoCasesDeltaHoritzontal-1.png\",\"width\":938,\"height\":205,\"caption\":\"Cases del Delta\"},\"image\":{\"@id\":\"https:\/\/casesdeltaebre.com\/fr\/#\/schema\/logo\/image\/\"}}]}<\/script>\n<!-- \/ Yoast SEO plugin. -->","yoast_head_json":{"title":"Parc Naturel du delta de l'\u00c8bre - Cases del Delta","description":"S\u00e9journez dans les Casetes del Delta et d\u00e9couvrez le Delta de l'Ebre, un territoire d'oiseaux, de zones humides, de plages immenses, de rizi\u00e8res \u00e0 l'infini. Prendre l'\u00e9cotourisme.","robots":{"index":"index","follow":"follow","max-snippet":"max-snippet:-1","max-image-preview":"max-image-preview:large","max-video-preview":"max-video-preview:-1"},"canonical":"https:\/\/casesdeltaebre.com\/fr\/parc-naturel-du-delta-de-lebre\/","og_locale":"fr_FR","og_type":"article","og_title":"Parc Naturel du delta de l'\u00c8bre - Cases del Delta","og_description":"S\u00e9journez dans les Casetes del Delta et d\u00e9couvrez le Delta de l'Ebre, un territoire d'oiseaux, de zones humides, de plages immenses, de rizi\u00e8res \u00e0 l'infini. Prendre l'\u00e9cotourisme.","og_url":"https:\/\/casesdeltaebre.com\/fr\/parc-naturel-du-delta-de-lebre\/","og_site_name":"Cases del Delta","article_modified_time":"2020-11-09T14:17:36+00:00","twitter_card":"summary_large_image","twitter_misc":{"Dur\u00e9e de lecture estim\u00e9e":"2 minutes"},"schema":{"@context":"https:\/\/schema.org","@graph":[{"@type":"WebPage","@id":"https:\/\/casesdeltaebre.com\/fr\/parc-naturel-du-delta-de-lebre\/","url":"https:\/\/casesdeltaebre.com\/fr\/parc-naturel-du-delta-de-lebre\/","name":"Parc Naturel du delta de l'\u00c8bre - Cases del Delta","isPartOf":{"@id":"https:\/\/casesdeltaebre.com\/fr\/#website"},"datePublished":"2019-06-04T19:36:22+00:00","dateModified":"2020-11-09T14:17:36+00:00","description":"S\u00e9journez dans les Casetes del Delta et d\u00e9couvrez le Delta de l'Ebre, un territoire d'oiseaux, de zones humides, de plages immenses, de rizi\u00e8res \u00e0 l'infini. Prendre l'\u00e9cotourisme.","breadcrumb":{"@id":"https:\/\/casesdeltaebre.com\/fr\/parc-naturel-du-delta-de-lebre\/#breadcrumb"},"inLanguage":"fr-FR","potentialAction":[{"@type":"ReadAction","target":["https:\/\/casesdeltaebre.com\/fr\/parc-naturel-du-delta-de-lebre\/"]}]},{"@type":"BreadcrumbList","@id":"https:\/\/casesdeltaebre.com\/fr\/parc-naturel-du-delta-de-lebre\/#breadcrumb","itemListElement":[{"@type":"ListItem","position":1,"name":"Portada","item":"https:\/\/casesdeltaebre.com\/fr\/"},{"@type":"ListItem","position":2,"name":"Vivez l&rsquo;exp\u00e9rience Delta","item":"https:\/\/casesdeltaebre.com\/fr\/vivez-lexperience-delta-2\/"},{"@type":"ListItem","position":3,"name":"Parc Naturel du delta de l&rsquo;\u00c8bre"}]},{"@type":"WebSite","@id":"https:\/\/casesdeltaebre.com\/fr\/#website","url":"https:\/\/casesdeltaebre.com\/fr\/","name":"Cases del Delta","description":"Ecoturisme al Delta de l&#039;Ebre","publisher":{"@id":"https:\/\/casesdeltaebre.com\/fr\/#organization"},"potentialAction":[{"@type":"SearchAction","target":{"@type":"EntryPoint","urlTemplate":"https:\/\/casesdeltaebre.com\/fr\/?s={search_term_string}"},"query-input":"required name=search_term_string"}],"inLanguage":"fr-FR"},{"@type":"Organization","@id":"https:\/\/casesdeltaebre.com\/fr\/#organization","name":"Cases del Delta","url":"https:\/\/casesdeltaebre.com\/fr\/","logo":{"@type":"ImageObject","inLanguage":"fr-FR","@id":"https:\/\/casesdeltaebre.com\/fr\/#\/schema\/logo\/image\/","url":"https:\/\/casesdeltaebre.com\/wp-content\/uploads\/2019\/06\/cropped-LogoCasesDeltaHoritzontal-1.png","contentUrl":"https:\/\/casesdeltaebre.com\/wp-content\/uploads\/2019\/06\/cropped-LogoCasesDeltaHoritzontal-1.png","width":938,"height":205,"caption":"Cases del Delta"},"image":{"@id":"https:\/\/casesdeltaebre.com\/fr\/#\/schema\/logo\/image\/"}}]}},"_links":{"self":[{"href":"https:\/\/casesdeltaebre.com\/fr\/wp-json\/wp\/v2\/pages\/1787","targetHints":{"allow":["GET"]}}],"collection":[{"href":"https:\/\/casesdeltaebre.com\/fr\/wp-json\/wp\/v2\/pages"}],"about":[{"href":"https:\/\/casesdeltaebre.com\/fr\/wp-json\/wp\/v2\/types\/page"}],"author":[{"embeddable":true,"href":"https:\/\/casesdeltaebre.com\/fr\/wp-json\/wp\/v2\/users\/1"}],"replies":[{"embeddable":true,"href":"https:\/\/casesdeltaebre.com\/fr\/wp-json\/wp\/v2\/comments?post=1787"}],"version-history":[{"count":4,"href":"https:\/\/casesdeltaebre.com\/fr\/wp-json\/wp\/v2\/pages\/1787\/revisions"}],"predecessor-version":[{"id":3519,"href":"https:\/\/casesdeltaebre.com\/fr\/wp-json\/wp\/v2\/pages\/1787\/revisions\/3519"}],"wp:attachment":[{"href":"https:\/\/casesdeltaebre.com\/fr\/wp-json\/wp\/v2\/media?parent=1787"}],"curies":[{"name":"wp","href":"https:\/\/api.w.org\/{rel}","templated":true}]}}