{"id":1761,"date":"2019-06-04T16:25:52","date_gmt":"2019-06-04T16:25:52","guid":{"rendered":"https:\/\/casesdeltaebre.com\/la-casa-gran\/"},"modified":"2024-04-29T09:54:04","modified_gmt":"2024-04-29T09:54:04","slug":"la-casa-gran","status":"publish","type":"page","link":"https:\/\/casesdeltaebre.com\/fr\/les-casetes\/la-casa-gran\/","title":{"rendered":"La casa Gran"},"content":{"rendered":"<section class=\"wpb-content-wrapper\"><p>[vc_row][vc_column][vc_row_inner][vc_column_inner][vc_column_text]<\/p>\n<h3>HUTTE &#8211; 01524<\/h3>\n<h4>La Casa Gran peut accueillir de deux \u00e0 cinq personnes et dispose de tout le confort. Il se compose d&rsquo;un grand salon-salle \u00e0 manger, de deux chambres doubles, une avec un lit double et l&rsquo;autre avec deux lits simples et un lit suppl\u00e9mentaire, d&rsquo;une cuisine enti\u00e8rement \u00e9quip\u00e9e et d&rsquo;une salle de bain avec douche.<\/h4>\n<p>[\/vc_column_text][\/vc_column_inner][\/vc_row_inner][vc_column_text]<\/p>\n<blockquote><p>La maison est magnifique. Le traitement est tr\u00e8s bon et proche et l&rsquo;endroit est imbattable. Oriol<\/p><\/blockquote>\n<p>[\/vc_column_text][vc_single_image image=\u00a0\u00bb2173&Prime; img_size=\u00a0\u00bblarge\u00a0\u00bb][\/vc_column][\/vc_row][vc_row][vc_column width=\u00a0\u00bb1\/2&Prime;][vc_gallery type=\u00a0\u00bbimage_grid\u00a0\u00bb images=\u00a0\u00bb2744,1143,1552,1594,1101,1248,1597,1564,2703&Prime;][\/vc_column][vc_column width=\u00a0\u00bb1\/2&Prime;][vc_column_text]<\/p>\n<h4>Dans la maison vous trouverez:<\/h4>\n<ul>\n<li>Draps et serviettes de toilette<br \/>\nTous les ustensiles n\u00e9cessaires pour cuisiner et laver<br \/>\nR\u00e9frig\u00e9rateur<br \/>\nLave-vaisselle<br \/>\nMicro-ondes<br \/>\nMachine \u00e0 laver le linge<br \/>\nGrille-pain<br \/>\nS\u00e8che-cheveux<br \/>\nS\u00e8che-linge<\/li>\n<\/ul>\n<p>Dans la cuisine, nous laissons du sel, de l&rsquo;huile des Terres de l&rsquo;Ebre, du vinaigre et du caf\u00e9. Et aussi du savon \u00e0 vaisselle, des sacs poubelles, du papier absorbant, des nappes et des serviettes de table.<\/p>\n<ul>\n<li style=\"list-style-type: none;\">\n<ul>\n<li style=\"list-style-type: none;\">\n<ul>Il dispose d&rsquo;une connexion wifi<\/ul>\n<\/li>\n<\/ul>\n<\/li>\n<\/ul>\n<p>&nbsp;<\/p>\n<ul>\n<li style=\"list-style-type: none;\">\n<ul>\n<li style=\"list-style-type: none;\">\n<ul>Il dispose d&rsquo;un po\u00eale \u00e0 bois (avec tout le bois n\u00e9cessaire)<\/ul>\n<\/li>\n<\/ul>\n<\/li>\n<\/ul>\n<p>&nbsp;<\/p>\n<ul>\n<li style=\"list-style-type: none;\">\n<ul>Ventilateurs de plafond<\/ul>\n<\/li>\n<\/ul>\n<p>[\/vc_column_text][\/vc_column][\/vc_row][vc_row][vc_column width=\u00a0\u00bb1\/2&Prime;][vc_empty_space height=\u00a0\u00bb8&Prime;][\/vc_column][vc_column width=\u00a0\u00bb1\/2&Prime;][\/vc_column][\/vc_row][vc_row][vc_column][vc_column_text]Devant il y a un beau jardin avec table, chaises, barbecue et beaucoup d&rsquo;ombre. De la maison, vous pouvez aller jusqu&rsquo;\u00e0 la rivi\u00e8re, situ\u00e9e \u00e0 une centaine de m\u00e8tres, et il ya la promenade de la rivi\u00e8re qui longe toute la rive de la ville d&rsquo;Amposta \u00e0 l&#8217;embouchure. Un endroit fantastique pour marcher et faire du v\u00e9lo.[\/vc_column_text][vc_empty_space][\/vc_column][\/vc_row][vc_row][vc_column width=\u00a0\u00bb2\/3&Prime;][vc_custom_heading text=\u00a0\u00bbO\u00f9 se trouve la Casa Gran &#8211; Casetes del Delta\u00a0\u00bb font_container=\u00a0\u00bbtag:h3|text_align:left\u00a0\u00bb google_fonts=\u00a0\u00bbfont_family:Arimo%3Aregular%2Citalic%2C700%2C700italic|font_style:400%20regular%3A400%3Anormal\u00a0\u00bb][vc_gmaps link=\u00a0\u00bb#E-8_JTNDaWZyYW1lJTIwc3JjJTNEJTIyaHR0cHMlM0ElMkYlMkZ3d3cuZ29vZ2xlLmNvbSUyRm1hcHMlMkZlbWJlZCUzRnBiJTNEJTIxMW0xOCUyMTFtMTIlMjExbTMlMjExZDMwMjQuMjkxNTI2MDA5MTQwNCUyMTJkMC42ODY3NjY1MTU1NTc3Mjk5JTIxM2Q0MC43MTE1OTg0NDU1NzY3JTIxMm0zJTIxMWYwJTIxMmYwJTIxM2YwJTIxM20yJTIxMWkxMDI0JTIxMmk3NjglMjE0ZjEzLjElMjEzbTMlMjExbTIlMjExczB4MTJhMTA2OWVlNmNlY2RkZCUyNTNBMHhjYjVhN2ZiNzhlYTgzNDUlMjEyc0Nhc2V0ZXMlMjUyMGRlbCUyNTIwRGVsdGElMjE1ZTAlMjEzbTIlMjExc2NhJTIxMnNlcyUyMTR2MTYxMzMyNTAwODA5NiUyMTVtMiUyMTFzY2ElMjEyc2VzJTIyJTIwd2lkdGglM0QlMjI0NTAlMjIlMjBoZWlnaHQlM0QlMjIzMDAlMjIlMjBmcmFtZWJvcmRlciUzRCUyMjIlMjIlMjBzdHlsZSUzRCUyMmJvcmRlciUzQTAlM0IlMjIlMjBhbGxvd2Z1bGxzY3JlZW4lM0QlMjIlMjIlMjBhcmlhLWhpZGRlbiUzRCUyMmZhbHNlJTIyJTIwdGFiaW5kZXglM0QlMjIyJTIyJTNFJTNDJTJGaWZyYW1lJTNF\u00a0\u00bb size=\u00a0\u00bbStandar\u00a0\u00bb][\/vc_column][vc_column width=\u00a0\u00bb1\/3&Prime;][vc_custom_heading text=\u00a0\u00bbR\u00e9server ici\u00a0\u00bb font_container=\u00a0\u00bbtag:h3|text_align:left\u00a0\u00bb google_fonts=\u00a0\u00bbfont_family:Arimo%3Aregular%2Citalic%2C700%2C700italic|font_style:400%20regular%3A400%3Anormal\u00a0\u00bb][vc_raw_html]PGlmcmFtZSBzcmM9Imh0dHBzOi8vd3d3LmF2YWlib29rLmNvbS93aWRnZXRzX3Byb3BpZXRhcmlvcy9sb2FkZXIucGhwP2lkPTgxNDY0Jmxhbmc9ZnIiIHN0eWxlPSJ3aWR0aDogNTAwcHg7IGhlaWdodDogMzU1cHg7IGJvcmRlcjogMCIgZnJhbWVib3JkZXI9MCBhbGxvd3RyYW5zcGFyZW5jeT0iYWxsb3d0cmFuc3BhcmVuY3kiPlR1IG5hdmVnYWRvciBubyBzb3BvcnRhIGlmcmFtZXM8L2lmcmFtZT48ZGl2IHN0eWxlPSJ3aWR0aDogNTAwcHg7IG1hcmdpbjogYXV0byI+PGEgaHJlZj0iaHR0cHM6Ly93d3cuYXZhaWJvb2suY29tL2VuLyIgdGFyZ2V0PSJfYmxhbmsiPnBvd2VyZWQgYnkgQXZhaUJvb2suY29tPC9hPjwvZGl2Pg==[\/vc_raw_html][\/vc_column][\/vc_row]<\/p>\n<\/section>","protected":false},"excerpt":{"rendered":"<p>[vc_row][vc_column][vc_row_inner][vc_column_inner][vc_column_text] HUTTE &#8211; 01524 La Casa Gran peut accueillir de deux \u00e0 cinq personnes et dispose de tout le confort. Il se compose d&rsquo;un grand salon-salle \u00e0 manger, de deux chambres doubles, une avec un lit double et l&rsquo;autre avec deux lits simples et un lit suppl\u00e9mentaire, d&rsquo;une cuisine enti\u00e8rement \u00e9quip\u00e9e et d&rsquo;une salle de &#8230; <a title=\"La casa Gran\" class=\"read-more\" href=\"https:\/\/casesdeltaebre.com\/fr\/les-casetes\/la-casa-gran\/\" aria-label=\"En savoir plus sur La casa Gran\">Lire la suite<\/a><\/p>\n","protected":false},"author":1,"featured_media":0,"parent":2078,"menu_order":0,"comment_status":"closed","ping_status":"closed","template":"","meta":{"_exactmetrics_skip_tracking":false,"_exactmetrics_sitenote_active":false,"_exactmetrics_sitenote_note":"","_exactmetrics_sitenote_category":0,"footnotes":""},"class_list":["post-1761","page","type-page","status-publish"],"yoast_head":"<!-- This site is optimized with the Yoast SEO plugin v20.2 - https:\/\/yoast.com\/wordpress\/plugins\/seo\/ -->\n<title>La casa Gran - Cases del Delta<\/title>\n<meta name=\"description\" content=\"Venez \u00e0 la Casa Gran de las Casetes del Delta et profitez d&#039;un environnement unique et d&#039;une maison de charme. Une proposition d&#039;\u00e9cotourisme au c\u0153ur du delta de l&#039;\u00c8bre.\" \/>\n<meta name=\"robots\" content=\"index, follow, max-snippet:-1, max-image-preview:large, max-video-preview:-1\" \/>\n<link rel=\"canonical\" href=\"https:\/\/casesdeltaebre.com\/fr\/les-casetes\/la-casa-gran\/\" \/>\n<meta property=\"og:locale\" content=\"fr_FR\" \/>\n<meta property=\"og:type\" content=\"article\" \/>\n<meta property=\"og:title\" content=\"La casa Gran - Cases del Delta\" \/>\n<meta property=\"og:description\" content=\"Venez \u00e0 la Casa Gran de las Casetes del Delta et profitez d&#039;un environnement unique et d&#039;une maison de charme. Une proposition d&#039;\u00e9cotourisme au c\u0153ur du delta de l&#039;\u00c8bre.\" \/>\n<meta property=\"og:url\" content=\"https:\/\/casesdeltaebre.com\/fr\/les-casetes\/la-casa-gran\/\" \/>\n<meta property=\"og:site_name\" content=\"Cases del Delta\" \/>\n<meta property=\"article:modified_time\" content=\"2024-04-29T09:54:04+00:00\" \/>\n<meta name=\"twitter:card\" content=\"summary_large_image\" \/>\n<meta name=\"twitter:label1\" content=\"Dur\u00e9e de lecture estim\u00e9e\" \/>\n\t<meta name=\"twitter:data1\" content=\"3 minutes\" \/>\n<script type=\"application\/ld+json\" class=\"yoast-schema-graph\">{\"@context\":\"https:\/\/schema.org\",\"@graph\":[{\"@type\":\"WebPage\",\"@id\":\"https:\/\/casesdeltaebre.com\/fr\/les-casetes\/la-casa-gran\/\",\"url\":\"https:\/\/casesdeltaebre.com\/fr\/les-casetes\/la-casa-gran\/\",\"name\":\"La casa Gran - Cases del Delta\",\"isPartOf\":{\"@id\":\"https:\/\/casesdeltaebre.com\/fr\/#website\"},\"datePublished\":\"2019-06-04T16:25:52+00:00\",\"dateModified\":\"2024-04-29T09:54:04+00:00\",\"description\":\"Venez \u00e0 la Casa Gran de las Casetes del Delta et profitez d'un environnement unique et d'une maison de charme. Une proposition d'\u00e9cotourisme au c\u0153ur du delta de l'\u00c8bre.\",\"breadcrumb\":{\"@id\":\"https:\/\/casesdeltaebre.com\/fr\/les-casetes\/la-casa-gran\/#breadcrumb\"},\"inLanguage\":\"fr-FR\",\"potentialAction\":[{\"@type\":\"ReadAction\",\"target\":[\"https:\/\/casesdeltaebre.com\/fr\/les-casetes\/la-casa-gran\/\"]}]},{\"@type\":\"BreadcrumbList\",\"@id\":\"https:\/\/casesdeltaebre.com\/fr\/les-casetes\/la-casa-gran\/#breadcrumb\",\"itemListElement\":[{\"@type\":\"ListItem\",\"position\":1,\"name\":\"Portada\",\"item\":\"https:\/\/casesdeltaebre.com\/fr\/\"},{\"@type\":\"ListItem\",\"position\":2,\"name\":\"Les maisons\",\"item\":\"https:\/\/casesdeltaebre.com\/fr\/les-casetes\/\"},{\"@type\":\"ListItem\",\"position\":3,\"name\":\"La casa Gran\"}]},{\"@type\":\"WebSite\",\"@id\":\"https:\/\/casesdeltaebre.com\/fr\/#website\",\"url\":\"https:\/\/casesdeltaebre.com\/fr\/\",\"name\":\"Cases del Delta\",\"description\":\"Ecoturisme al Delta de l&#039;Ebre\",\"publisher\":{\"@id\":\"https:\/\/casesdeltaebre.com\/fr\/#organization\"},\"potentialAction\":[{\"@type\":\"SearchAction\",\"target\":{\"@type\":\"EntryPoint\",\"urlTemplate\":\"https:\/\/casesdeltaebre.com\/fr\/?s={search_term_string}\"},\"query-input\":\"required name=search_term_string\"}],\"inLanguage\":\"fr-FR\"},{\"@type\":\"Organization\",\"@id\":\"https:\/\/casesdeltaebre.com\/fr\/#organization\",\"name\":\"Cases del Delta\",\"url\":\"https:\/\/casesdeltaebre.com\/fr\/\",\"logo\":{\"@type\":\"ImageObject\",\"inLanguage\":\"fr-FR\",\"@id\":\"https:\/\/casesdeltaebre.com\/fr\/#\/schema\/logo\/image\/\",\"url\":\"https:\/\/casesdeltaebre.com\/wp-content\/uploads\/2019\/06\/cropped-LogoCasesDeltaHoritzontal-1.png\",\"contentUrl\":\"https:\/\/casesdeltaebre.com\/wp-content\/uploads\/2019\/06\/cropped-LogoCasesDeltaHoritzontal-1.png\",\"width\":938,\"height\":205,\"caption\":\"Cases del Delta\"},\"image\":{\"@id\":\"https:\/\/casesdeltaebre.com\/fr\/#\/schema\/logo\/image\/\"}}]}<\/script>\n<!-- \/ Yoast SEO plugin. -->","yoast_head_json":{"title":"La casa Gran - Cases del Delta","description":"Venez \u00e0 la Casa Gran de las Casetes del Delta et profitez d'un environnement unique et d'une maison de charme. Une proposition d'\u00e9cotourisme au c\u0153ur du delta de l'\u00c8bre.","robots":{"index":"index","follow":"follow","max-snippet":"max-snippet:-1","max-image-preview":"max-image-preview:large","max-video-preview":"max-video-preview:-1"},"canonical":"https:\/\/casesdeltaebre.com\/fr\/les-casetes\/la-casa-gran\/","og_locale":"fr_FR","og_type":"article","og_title":"La casa Gran - Cases del Delta","og_description":"Venez \u00e0 la Casa Gran de las Casetes del Delta et profitez d'un environnement unique et d'une maison de charme. Une proposition d'\u00e9cotourisme au c\u0153ur du delta de l'\u00c8bre.","og_url":"https:\/\/casesdeltaebre.com\/fr\/les-casetes\/la-casa-gran\/","og_site_name":"Cases del Delta","article_modified_time":"2024-04-29T09:54:04+00:00","twitter_card":"summary_large_image","twitter_misc":{"Dur\u00e9e de lecture estim\u00e9e":"3 minutes"},"schema":{"@context":"https:\/\/schema.org","@graph":[{"@type":"WebPage","@id":"https:\/\/casesdeltaebre.com\/fr\/les-casetes\/la-casa-gran\/","url":"https:\/\/casesdeltaebre.com\/fr\/les-casetes\/la-casa-gran\/","name":"La casa Gran - Cases del Delta","isPartOf":{"@id":"https:\/\/casesdeltaebre.com\/fr\/#website"},"datePublished":"2019-06-04T16:25:52+00:00","dateModified":"2024-04-29T09:54:04+00:00","description":"Venez \u00e0 la Casa Gran de las Casetes del Delta et profitez d'un environnement unique et d'une maison de charme. Une proposition d'\u00e9cotourisme au c\u0153ur du delta de l'\u00c8bre.","breadcrumb":{"@id":"https:\/\/casesdeltaebre.com\/fr\/les-casetes\/la-casa-gran\/#breadcrumb"},"inLanguage":"fr-FR","potentialAction":[{"@type":"ReadAction","target":["https:\/\/casesdeltaebre.com\/fr\/les-casetes\/la-casa-gran\/"]}]},{"@type":"BreadcrumbList","@id":"https:\/\/casesdeltaebre.com\/fr\/les-casetes\/la-casa-gran\/#breadcrumb","itemListElement":[{"@type":"ListItem","position":1,"name":"Portada","item":"https:\/\/casesdeltaebre.com\/fr\/"},{"@type":"ListItem","position":2,"name":"Les maisons","item":"https:\/\/casesdeltaebre.com\/fr\/les-casetes\/"},{"@type":"ListItem","position":3,"name":"La casa Gran"}]},{"@type":"WebSite","@id":"https:\/\/casesdeltaebre.com\/fr\/#website","url":"https:\/\/casesdeltaebre.com\/fr\/","name":"Cases del Delta","description":"Ecoturisme al Delta de l&#039;Ebre","publisher":{"@id":"https:\/\/casesdeltaebre.com\/fr\/#organization"},"potentialAction":[{"@type":"SearchAction","target":{"@type":"EntryPoint","urlTemplate":"https:\/\/casesdeltaebre.com\/fr\/?s={search_term_string}"},"query-input":"required name=search_term_string"}],"inLanguage":"fr-FR"},{"@type":"Organization","@id":"https:\/\/casesdeltaebre.com\/fr\/#organization","name":"Cases del Delta","url":"https:\/\/casesdeltaebre.com\/fr\/","logo":{"@type":"ImageObject","inLanguage":"fr-FR","@id":"https:\/\/casesdeltaebre.com\/fr\/#\/schema\/logo\/image\/","url":"https:\/\/casesdeltaebre.com\/wp-content\/uploads\/2019\/06\/cropped-LogoCasesDeltaHoritzontal-1.png","contentUrl":"https:\/\/casesdeltaebre.com\/wp-content\/uploads\/2019\/06\/cropped-LogoCasesDeltaHoritzontal-1.png","width":938,"height":205,"caption":"Cases del Delta"},"image":{"@id":"https:\/\/casesdeltaebre.com\/fr\/#\/schema\/logo\/image\/"}}]}},"_links":{"self":[{"href":"https:\/\/casesdeltaebre.com\/fr\/wp-json\/wp\/v2\/pages\/1761","targetHints":{"allow":["GET"]}}],"collection":[{"href":"https:\/\/casesdeltaebre.com\/fr\/wp-json\/wp\/v2\/pages"}],"about":[{"href":"https:\/\/casesdeltaebre.com\/fr\/wp-json\/wp\/v2\/types\/page"}],"author":[{"embeddable":true,"href":"https:\/\/casesdeltaebre.com\/fr\/wp-json\/wp\/v2\/users\/1"}],"replies":[{"embeddable":true,"href":"https:\/\/casesdeltaebre.com\/fr\/wp-json\/wp\/v2\/comments?post=1761"}],"version-history":[{"count":25,"href":"https:\/\/casesdeltaebre.com\/fr\/wp-json\/wp\/v2\/pages\/1761\/revisions"}],"predecessor-version":[{"id":5202,"href":"https:\/\/casesdeltaebre.com\/fr\/wp-json\/wp\/v2\/pages\/1761\/revisions\/5202"}],"up":[{"embeddable":true,"href":"https:\/\/casesdeltaebre.com\/fr\/wp-json\/wp\/v2\/pages\/2078"}],"wp:attachment":[{"href":"https:\/\/casesdeltaebre.com\/fr\/wp-json\/wp\/v2\/media?parent=1761"}],"curies":[{"name":"wp","href":"https:\/\/api.w.org\/{rel}","templated":true}]}}