{"id":1755,"date":"2019-06-04T16:10:13","date_gmt":"2019-06-04T16:10:13","guid":{"rendered":"https:\/\/casesdeltaebre.com\/tourisme-durable\/"},"modified":"2024-12-06T12:37:22","modified_gmt":"2024-12-06T12:37:22","slug":"tourisme-durable","status":"publish","type":"page","link":"https:\/\/casesdeltaebre.com\/fr\/tourisme-durable\/","title":{"rendered":"Tourisme durable"},"content":{"rendered":"<section class=\"wpb-content-wrapper\"><p>[vc_row][vc_column][vc_custom_heading text=\u00a0\u00bbMim\u00e9tiser avec la nature\u00a0\u00bb font_container=\u00a0\u00bbtag:h3|text_align:left|color:%233f6d1e\u00a0\u00bb google_fonts=\u00a0\u00bbfont_family:PT%20Sans%20Narrow%3Aregular%2C700|font_style:400%20regular%3A400%3Anormal\u00a0\u00bb][\/vc_column][\/vc_row][vc_row][vc_column width=\u00a0\u00bb1\/2&Prime;][vc_empty_space][vc_column_text]<strong>Les h\u00e9bergements de Cases del Delta<\/strong> sont nich\u00e9s dans la nature. Entour\u00e9s de rizi\u00e8res, pr\u00e8s du fleuve et des plages, et avec une multitude de sentiers \u00e0 proximit\u00e9 pour explorer le Delta de l\u2019\u00c8bre. Ce territoire est class\u00e9 <a href=\"https:\/\/www.ebrebiosfera.org\"><strong>R\u00e9serve de Biosph\u00e8re<\/strong><\/a> pour ses qualit\u00e9s naturelles, pour \u00eatre un point d\u2019accueil et d\u2019h\u00e9bergement pour des milliers d\u2019oiseaux, mais aussi comme un exemple de coexistence entre un environnement naturel et l\u2019activit\u00e9 humaine. Dans le delta, il y a d\u2019immenses plages o\u00f9 se promener, ainsi que des endroits pour pratiquer des sports nautiques. Le riz, en plus de dessiner le paysage, est une source de vie pour les oiseaux qui vivent dans le delta et pour les hommes qui le cultivent.<\/p>\n<p><strong>Cases del Delta est engag\u00e9e envers son environnement<\/strong>, c\u2019est pourquoi nous avons adh\u00e9r\u00e9 \u00e0 la <a href=\"http:\/\/www.redeuroparc.org\/actividades\/carta-europea-turismo-sostenible\"><strong>Charte Europ\u00e9enne du Tourisme Durable<\/strong><\/a> (CETS) de la f\u00e9d\u00e9ration europ\u00e9enne Europarc, qui vise \u00e0 promouvoir un tourisme durable dans les espaces naturels prot\u00e9g\u00e9s d\u2019Europe.<\/p>\n<p>Nous vous invitons \u00e0 d\u00e9couvrir le <a href=\"http:\/\/parcsnaturals.gencat.cat\/fr\/delta-ebre\"><strong>Parc Naturel du Delta de l\u2019\u00c8bre<\/strong><\/a> et le reste des <a href=\"https:\/\/terresdelebre.travel\"><strong>Terres de l\u2019Ebre<\/strong><\/a> depuis les h\u00e9bergements de Cases del Delta. Nos maisons se fondent dans le paysage environnant et b\u00e9n\u00e9ficient d\u2019un emplacement privil\u00e9gi\u00e9 qui permet un acc\u00e8s facile \u00e0 tous les points d\u2019int\u00e9r\u00eat du delta. Profitez des paysages, des activit\u00e9s et de la gastronomie de cette r\u00e9gion pleine de surprises.[\/vc_column_text][\/vc_column][vc_column width=\u00a0\u00bb1\/2&Prime;][vc_empty_space][vc_single_image image=\u00a0\u00bb1684&Prime; img_size=\u00a0\u00bbfull\u00a0\u00bb][\/vc_column][\/vc_row][vc_row][vc_column][vc_gallery type=\u00a0\u00bbimage_grid\u00a0\u00bb images=\u00a0\u00bb1275,978,924,1278,1290,1281,1293,1284,1296,1299,1302,1642,1645,1618,1444,1429,1056,1438,1396,1233,1047,1023,1041,993,939,1711,1714,1723&Prime;][\/vc_column][\/vc_row][vc_row][vc_column][vc_empty_space][\/vc_column][\/vc_row][vc_row][vc_column width=\u00a0\u00bb1\/6&Prime;][vc_single_image image=\u00a0\u00bb1696&Prime; img_size=\u00a0\u00bb100&#215;100&Prime; onclick=\u00a0\u00bbcustom_link\u00a0\u00bb img_link_target=\u00a0\u00bb_blank\u00a0\u00bb link=\u00a0\u00bbhttp:\/\/parcsnaturals.gencat.cat\/ca\/delta-ebre\/\u00a0\u00bb][\/vc_column][vc_column width=\u00a0\u00bb1\/6&Prime;][vc_single_image image=\u00a0\u00bb1699&Prime; img_size=\u00a0\u00bb100&#215;100&Prime; onclick=\u00a0\u00bbcustom_link\u00a0\u00bb img_link_target=\u00a0\u00bb_blank\u00a0\u00bb link=\u00a0\u00bbhttp:\/\/www.redeuroparc.org\u00a0\u00bb][\/vc_column][vc_column width=\u00a0\u00bb1\/6&Prime;][vc_single_image image=\u00a0\u00bb4461&Prime; img_size=\u00a0\u00bb100&#215;100&Prime; onclick=\u00a0\u00bbcustom_link\u00a0\u00bb img_link_target=\u00a0\u00bb_blank\u00a0\u00bb link=\u00a0\u00bbhttp:\/\/www.redeuroparc.org\u00a0\u00bb][\/vc_column][vc_column width=\u00a0\u00bb1\/6&Prime;][vc_single_image image=\u00a0\u00bb4235&Prime; img_size=\u00a0\u00bb100&#215;100&Prime; onclick=\u00a0\u00bbcustom_link\u00a0\u00bb img_link_target=\u00a0\u00bb_blank\u00a0\u00bb link=\u00a0\u00bbhttp:\/\/deltadelebreturisme.com\u00a0\u00bb][\/vc_column][vc_column width=\u00a0\u00bb1\/6&Prime;][vc_single_image image=\u00a0\u00bb1693&Prime; img_size=\u00a0\u00bb100&#215;100&Prime; onclick=\u00a0\u00bbcustom_link\u00a0\u00bb img_link_target=\u00a0\u00bb_blank\u00a0\u00bb link=\u00a0\u00bbhttp:\/\/soyecoturista.com\u00a0\u00bb][\/vc_column][vc_column width=\u00a0\u00bb1\/6&Prime;][vc_single_image image=\u00a0\u00bb1705&Prime; img_size=\u00a0\u00bb100&#215;100&Prime; onclick=\u00a0\u00bbcustom_link\u00a0\u00bb img_link_target=\u00a0\u00bb_blank\u00a0\u00bb link=\u00a0\u00bbhttps:\/\/terresdelebre.travel\u00a0\u00bb][\/vc_column][\/vc_row]<\/p>\n<\/section>","protected":false},"excerpt":{"rendered":"<p>[vc_row][vc_column][vc_custom_heading text=\u00a0\u00bbMim\u00e9tiser avec la nature\u00a0\u00bb font_container=\u00a0\u00bbtag:h3|text_align:left|color:%233f6d1e\u00a0\u00bb google_fonts=\u00a0\u00bbfont_family:PT%20Sans%20Narrow%3Aregular%2C700|font_style:400%20regular%3A400%3Anormal\u00a0\u00bb][\/vc_column][\/vc_row][vc_row][vc_column width=\u00a0\u00bb1\/2&Prime;][vc_empty_space][vc_column_text]Les h\u00e9bergements de Cases del Delta sont nich\u00e9s dans la nature. Entour\u00e9s de rizi\u00e8res, pr\u00e8s du fleuve et des plages, et avec une multitude de sentiers \u00e0 proximit\u00e9 pour explorer le Delta de l\u2019\u00c8bre. Ce territoire est class\u00e9 R\u00e9serve de Biosph\u00e8re pour ses qualit\u00e9s naturelles, pour \u00eatre un &#8230; <a title=\"Tourisme durable\" class=\"read-more\" href=\"https:\/\/casesdeltaebre.com\/fr\/tourisme-durable\/\" aria-label=\"En savoir plus sur Tourisme durable\">Lire la suite<\/a><\/p>\n","protected":false},"author":1,"featured_media":0,"parent":0,"menu_order":0,"comment_status":"closed","ping_status":"closed","template":"","meta":{"_exactmetrics_skip_tracking":false,"_exactmetrics_sitenote_active":false,"_exactmetrics_sitenote_note":"","_exactmetrics_sitenote_category":0,"footnotes":""},"class_list":["post-1755","page","type-page","status-publish"],"yoast_head":"<!-- This site is optimized with the Yoast SEO plugin v20.2 - https:\/\/yoast.com\/wordpress\/plugins\/seo\/ -->\n<title>Tourisme durable - Cases del Delta<\/title>\n<meta name=\"description\" content=\"Venez d\u00e9couvrir Les Casetes del Delta, une proposition de tourisme durable au c\u0153ur du Delta de l&#039;\u00c8bre, et profitez d&#039;un environnement unique.\" \/>\n<meta name=\"robots\" content=\"index, follow, max-snippet:-1, max-image-preview:large, max-video-preview:-1\" \/>\n<link rel=\"canonical\" href=\"https:\/\/casesdeltaebre.com\/fr\/tourisme-durable\/\" \/>\n<meta property=\"og:locale\" content=\"fr_FR\" \/>\n<meta property=\"og:type\" content=\"article\" \/>\n<meta property=\"og:title\" content=\"Tourisme durable - Cases del Delta\" \/>\n<meta property=\"og:description\" content=\"Venez d\u00e9couvrir Les Casetes del Delta, une proposition de tourisme durable au c\u0153ur du Delta de l&#039;\u00c8bre, et profitez d&#039;un environnement unique.\" \/>\n<meta property=\"og:url\" content=\"https:\/\/casesdeltaebre.com\/fr\/tourisme-durable\/\" \/>\n<meta property=\"og:site_name\" content=\"Cases del Delta\" \/>\n<meta property=\"article:modified_time\" content=\"2024-12-06T12:37:22+00:00\" \/>\n<meta name=\"twitter:card\" content=\"summary_large_image\" \/>\n<meta name=\"twitter:label1\" content=\"Dur\u00e9e de lecture estim\u00e9e\" \/>\n\t<meta name=\"twitter:data1\" content=\"3 minutes\" \/>\n<script type=\"application\/ld+json\" class=\"yoast-schema-graph\">{\"@context\":\"https:\/\/schema.org\",\"@graph\":[{\"@type\":\"WebPage\",\"@id\":\"https:\/\/casesdeltaebre.com\/fr\/tourisme-durable\/\",\"url\":\"https:\/\/casesdeltaebre.com\/fr\/tourisme-durable\/\",\"name\":\"Tourisme durable - Cases del Delta\",\"isPartOf\":{\"@id\":\"https:\/\/casesdeltaebre.com\/fr\/#website\"},\"datePublished\":\"2019-06-04T16:10:13+00:00\",\"dateModified\":\"2024-12-06T12:37:22+00:00\",\"description\":\"Venez d\u00e9couvrir Les Casetes del Delta, une proposition de tourisme durable au c\u0153ur du Delta de l'\u00c8bre, et profitez d'un environnement unique.\",\"breadcrumb\":{\"@id\":\"https:\/\/casesdeltaebre.com\/fr\/tourisme-durable\/#breadcrumb\"},\"inLanguage\":\"fr-FR\",\"potentialAction\":[{\"@type\":\"ReadAction\",\"target\":[\"https:\/\/casesdeltaebre.com\/fr\/tourisme-durable\/\"]}]},{\"@type\":\"BreadcrumbList\",\"@id\":\"https:\/\/casesdeltaebre.com\/fr\/tourisme-durable\/#breadcrumb\",\"itemListElement\":[{\"@type\":\"ListItem\",\"position\":1,\"name\":\"Portada\",\"item\":\"https:\/\/casesdeltaebre.com\/fr\/\"},{\"@type\":\"ListItem\",\"position\":2,\"name\":\"Tourisme durable\"}]},{\"@type\":\"WebSite\",\"@id\":\"https:\/\/casesdeltaebre.com\/fr\/#website\",\"url\":\"https:\/\/casesdeltaebre.com\/fr\/\",\"name\":\"Cases del Delta\",\"description\":\"Ecoturisme al Delta de l&#039;Ebre\",\"publisher\":{\"@id\":\"https:\/\/casesdeltaebre.com\/fr\/#organization\"},\"potentialAction\":[{\"@type\":\"SearchAction\",\"target\":{\"@type\":\"EntryPoint\",\"urlTemplate\":\"https:\/\/casesdeltaebre.com\/fr\/?s={search_term_string}\"},\"query-input\":\"required name=search_term_string\"}],\"inLanguage\":\"fr-FR\"},{\"@type\":\"Organization\",\"@id\":\"https:\/\/casesdeltaebre.com\/fr\/#organization\",\"name\":\"Cases del Delta\",\"url\":\"https:\/\/casesdeltaebre.com\/fr\/\",\"logo\":{\"@type\":\"ImageObject\",\"inLanguage\":\"fr-FR\",\"@id\":\"https:\/\/casesdeltaebre.com\/fr\/#\/schema\/logo\/image\/\",\"url\":\"https:\/\/casesdeltaebre.com\/wp-content\/uploads\/2019\/06\/cropped-LogoCasesDeltaHoritzontal-1.png\",\"contentUrl\":\"https:\/\/casesdeltaebre.com\/wp-content\/uploads\/2019\/06\/cropped-LogoCasesDeltaHoritzontal-1.png\",\"width\":938,\"height\":205,\"caption\":\"Cases del Delta\"},\"image\":{\"@id\":\"https:\/\/casesdeltaebre.com\/fr\/#\/schema\/logo\/image\/\"}}]}<\/script>\n<!-- \/ Yoast SEO plugin. -->","yoast_head_json":{"title":"Tourisme durable - Cases del Delta","description":"Venez d\u00e9couvrir Les Casetes del Delta, une proposition de tourisme durable au c\u0153ur du Delta de l'\u00c8bre, et profitez d'un environnement unique.","robots":{"index":"index","follow":"follow","max-snippet":"max-snippet:-1","max-image-preview":"max-image-preview:large","max-video-preview":"max-video-preview:-1"},"canonical":"https:\/\/casesdeltaebre.com\/fr\/tourisme-durable\/","og_locale":"fr_FR","og_type":"article","og_title":"Tourisme durable - Cases del Delta","og_description":"Venez d\u00e9couvrir Les Casetes del Delta, une proposition de tourisme durable au c\u0153ur du Delta de l'\u00c8bre, et profitez d'un environnement unique.","og_url":"https:\/\/casesdeltaebre.com\/fr\/tourisme-durable\/","og_site_name":"Cases del Delta","article_modified_time":"2024-12-06T12:37:22+00:00","twitter_card":"summary_large_image","twitter_misc":{"Dur\u00e9e de lecture estim\u00e9e":"3 minutes"},"schema":{"@context":"https:\/\/schema.org","@graph":[{"@type":"WebPage","@id":"https:\/\/casesdeltaebre.com\/fr\/tourisme-durable\/","url":"https:\/\/casesdeltaebre.com\/fr\/tourisme-durable\/","name":"Tourisme durable - Cases del Delta","isPartOf":{"@id":"https:\/\/casesdeltaebre.com\/fr\/#website"},"datePublished":"2019-06-04T16:10:13+00:00","dateModified":"2024-12-06T12:37:22+00:00","description":"Venez d\u00e9couvrir Les Casetes del Delta, une proposition de tourisme durable au c\u0153ur du Delta de l'\u00c8bre, et profitez d'un environnement unique.","breadcrumb":{"@id":"https:\/\/casesdeltaebre.com\/fr\/tourisme-durable\/#breadcrumb"},"inLanguage":"fr-FR","potentialAction":[{"@type":"ReadAction","target":["https:\/\/casesdeltaebre.com\/fr\/tourisme-durable\/"]}]},{"@type":"BreadcrumbList","@id":"https:\/\/casesdeltaebre.com\/fr\/tourisme-durable\/#breadcrumb","itemListElement":[{"@type":"ListItem","position":1,"name":"Portada","item":"https:\/\/casesdeltaebre.com\/fr\/"},{"@type":"ListItem","position":2,"name":"Tourisme durable"}]},{"@type":"WebSite","@id":"https:\/\/casesdeltaebre.com\/fr\/#website","url":"https:\/\/casesdeltaebre.com\/fr\/","name":"Cases del Delta","description":"Ecoturisme al Delta de l&#039;Ebre","publisher":{"@id":"https:\/\/casesdeltaebre.com\/fr\/#organization"},"potentialAction":[{"@type":"SearchAction","target":{"@type":"EntryPoint","urlTemplate":"https:\/\/casesdeltaebre.com\/fr\/?s={search_term_string}"},"query-input":"required name=search_term_string"}],"inLanguage":"fr-FR"},{"@type":"Organization","@id":"https:\/\/casesdeltaebre.com\/fr\/#organization","name":"Cases del Delta","url":"https:\/\/casesdeltaebre.com\/fr\/","logo":{"@type":"ImageObject","inLanguage":"fr-FR","@id":"https:\/\/casesdeltaebre.com\/fr\/#\/schema\/logo\/image\/","url":"https:\/\/casesdeltaebre.com\/wp-content\/uploads\/2019\/06\/cropped-LogoCasesDeltaHoritzontal-1.png","contentUrl":"https:\/\/casesdeltaebre.com\/wp-content\/uploads\/2019\/06\/cropped-LogoCasesDeltaHoritzontal-1.png","width":938,"height":205,"caption":"Cases del Delta"},"image":{"@id":"https:\/\/casesdeltaebre.com\/fr\/#\/schema\/logo\/image\/"}}]}},"_links":{"self":[{"href":"https:\/\/casesdeltaebre.com\/fr\/wp-json\/wp\/v2\/pages\/1755","targetHints":{"allow":["GET"]}}],"collection":[{"href":"https:\/\/casesdeltaebre.com\/fr\/wp-json\/wp\/v2\/pages"}],"about":[{"href":"https:\/\/casesdeltaebre.com\/fr\/wp-json\/wp\/v2\/types\/page"}],"author":[{"embeddable":true,"href":"https:\/\/casesdeltaebre.com\/fr\/wp-json\/wp\/v2\/users\/1"}],"replies":[{"embeddable":true,"href":"https:\/\/casesdeltaebre.com\/fr\/wp-json\/wp\/v2\/comments?post=1755"}],"version-history":[{"count":16,"href":"https:\/\/casesdeltaebre.com\/fr\/wp-json\/wp\/v2\/pages\/1755\/revisions"}],"predecessor-version":[{"id":5446,"href":"https:\/\/casesdeltaebre.com\/fr\/wp-json\/wp\/v2\/pages\/1755\/revisions\/5446"}],"wp:attachment":[{"href":"https:\/\/casesdeltaebre.com\/fr\/wp-json\/wp\/v2\/media?parent=1755"}],"curies":[{"name":"wp","href":"https:\/\/api.w.org\/{rel}","templated":true}]}}