{"id":1749,"date":"2019-06-04T15:57:33","date_gmt":"2019-06-04T15:57:33","guid":{"rendered":"https:\/\/casesdeltaebre.com\/tourisme-rural-dans-le-delta-de-lebre\/"},"modified":"2024-12-24T07:35:07","modified_gmt":"2024-12-24T07:35:07","slug":"tourisme-rural-dans-le-delta-de-lebre","status":"publish","type":"page","link":"https:\/\/casesdeltaebre.com\/fr\/","title":{"rendered":"H\u00e9bergement dans le delta de l&rsquo;\u00c8bre"},"content":{"rendered":"<section class=\"wpb-content-wrapper\"><p>[vc_row][vc_column][vc_single_image image=\u00a0\u00bb4074&Prime; img_size=\u00a0\u00bbfull\u00a0\u00bb alignment=\u00a0\u00bbcenter\u00a0\u00bb][\/vc_column][\/vc_row][vc_row][vc_column][vc_empty_space][\/vc_column][\/vc_row][vc_row][vc_column][vc_custom_heading text=\u00a0\u00bbMaisons de charme pour profiter du delta de l&rsquo;\u00c8bre. Nous faisons du tourisme durable\u00a0\u00bb font_container=\u00a0\u00bbtag:h1|text_align:center\u00a0\u00bb use_theme_fonts=\u00a0\u00bbyes\u00a0\u00bb][\/vc_column][\/vc_row][vc_row][vc_column][vc_empty_space height=\u00a0\u00bb40px\u00a0\u00bb][\/vc_column][\/vc_row][vc_row][vc_column width=\u00a0\u00bb1\/2&Prime;][vc_custom_heading text=\u00a0\u00bbCasa Gran\u00a0\u00bb font_container=\u00a0\u00bbtag:h2|text_align:center\u00a0\u00bb use_theme_fonts=\u00a0\u00bbyes\u00a0\u00bb][vc_single_image image=\u00a0\u00bb3971&Prime; img_size=\u00a0\u00bb600&#215;400&Prime; alignment=\u00a0\u00bbcenter\u00a0\u00bb onclick=\u00a0\u00bbcustom_link\u00a0\u00bb img_link_target=\u00a0\u00bb_blank\u00a0\u00bb css_animation=\u00a0\u00bbnone\u00a0\u00bb link=\u00a0\u00bbhttps:\/\/casesdeltaebre.com\/fr\/les-casetes\/la-casa-gran\/\u00a0\u00bb][vc_column_text]<br \/>\nDe 2 \u00e0 5 places. 2 chambres doubles, une avec un lit double et l&rsquo;autre avec deux lits simples et un lit d&rsquo;appoint. Salle de bain compl\u00e8te Cuisine \u00e9quip\u00e9e Jardin avec barbecue.<br \/>\n[\/vc_column_text][vc_btn title=\u00a0\u00bbCasa Gran\u00a0\u00bb color=\u00a0\u00bbturquoise\u00a0\u00bb align=\u00a0\u00bbcenter\u00a0\u00bb link=\u00a0\u00bburl:https%3A%2F%2Fcasesdeltaebre.com%2Ffr%2Fles-casetes%2Fla-casa-gran%2F|target:%20_blank|\u00a0\u00bb][\/vc_column][vc_column width=\u00a0\u00bb1\/2&Prime;][vc_custom_heading text=\u00a0\u00bbCasa Petita\u00a0\u00bb font_container=\u00a0\u00bbtag:h2|text_align:center\u00a0\u00bb use_theme_fonts=\u00a0\u00bbyes\u00a0\u00bb][vc_single_image image=\u00a0\u00bb1573&Prime; img_size=\u00a0\u00bb600&#215;400&Prime; alignment=\u00a0\u00bbcenter\u00a0\u00bb onclick=\u00a0\u00bbcustom_link\u00a0\u00bb img_link_target=\u00a0\u00bb_blank\u00a0\u00bb css_animation=\u00a0\u00bbnone\u00a0\u00bb link=\u00a0\u00bbhttps:\/\/casesdeltaebre.com\/fr\/les-casetes\/la-casa-petita\/\u00a0\u00bb][vc_column_text]<\/p>\n<h5 style=\"text-align: center;\">De 2 \u00e0 4 places. 1 chambre avec un lit double et une mezzanine avec deux lits simples. Salle de bain compl\u00e8te Cuisine \u00e9quip\u00e9e Jardin avec barbecue.<\/h5>\n<p>[\/vc_column_text][vc_btn title=\u00a0\u00bbCasa Petita\u00a0\u00bb color=\u00a0\u00bbturquoise\u00a0\u00bb align=\u00a0\u00bbcenter\u00a0\u00bb link=\u00a0\u00bburl:https%3A%2F%2Fcasesdeltaebre.com%2Ffr%2Fles-casetes%2Fla-casa-petita%2F|target:%20_blank|\u00a0\u00bb][\/vc_column][\/vc_row][vc_row][vc_column width=\u00a0\u00bb1\/2&Prime;][vc_custom_heading text=\u00a0\u00bbVilla Paquita &#8211; Delta de l&rsquo;Ebre\u00a0\u00bb font_container=\u00a0\u00bbtag:h2|text_align:center\u00a0\u00bb use_theme_fonts=\u00a0\u00bbyes\u00a0\u00bb][vc_single_image image=\u00a0\u00bb5532&Prime; img_size=\u00a0\u00bb600&#215;400&Prime; alignment=\u00a0\u00bbcenter\u00a0\u00bb onclick=\u00a0\u00bbcustom_link\u00a0\u00bb img_link_target=\u00a0\u00bb_blank\u00a0\u00bb css_animation=\u00a0\u00bbnone\u00a0\u00bb link=\u00a0\u00bbhttps:\/\/casesdeltaebre.com\/fr\/les-casetes\/la-casa-gran\/\u00a0\u00bb][vc_column_text]<br \/>\nDe 2 \u00e0 14 places. 5 chambres doubles, trois avec un lit double et deux avec deux lits simples et 1 chambre quadruple avec deux lits superpos\u00e9s. 3 salles de bain compl\u00e8tes. Cuisine \u00e9quip\u00e9e, Salle \u00e0 manger avec chemin\u00e9e, Jardin avec barbecue. Piscine-Jacuzzi, Salle de jeux. Parking gratuit sur place.<br \/>\n[\/vc_column_text][vc_btn title=\u00a0\u00bbVilla Paquita\u00a0\u00bb color=\u00a0\u00bbturquoise\u00a0\u00bb align=\u00a0\u00bbcenter\u00a0\u00bb link=\u00a0\u00bburl:https%3A%2F%2Fcasesdeltaebre.com%2Ffr%2Fles-casetes%2Fcal-gasso%2F|title:Villa%20Paquita%20%E2%80%93%20Delta%20de%20l%E2%80%99Ebre|target:_blank|\u00a0\u00bb][\/vc_column][vc_column width=\u00a0\u00bb1\/2&Prime;][vc_custom_heading text=\u00a0\u00bbVilla Paquita Loft\u00a0\u00bb font_container=\u00a0\u00bbtag:h2|text_align:center\u00a0\u00bb use_theme_fonts=\u00a0\u00bbyes\u00a0\u00bb][vc_single_image image=\u00a0\u00bb5559&Prime; img_size=\u00a0\u00bb600&#215;400&Prime; alignment=\u00a0\u00bbcenter\u00a0\u00bb onclick=\u00a0\u00bbcustom_link\u00a0\u00bb img_link_target=\u00a0\u00bb_blank\u00a0\u00bb css_animation=\u00a0\u00bbnone\u00a0\u00bb link=\u00a0\u00bbhttps:\/\/casesdeltaebre.com\/fr\/les-casetes\/la-casa-petita\/\u00a0\u00bb][vc_column_text]<br \/>\nDe 2 \u00e0 3 places. Studio avec un lit double et un canap\u00e9 lit. Salle de bain compl\u00e8te Cuisine \u00e9quip\u00e9e Grande terrasse avec barbecue.<br \/>\n[\/vc_column_text][vc_btn title=\u00a0\u00bbVilla Paquita Loft\u00a0\u00bb color=\u00a0\u00bbturquoise\u00a0\u00bb align=\u00a0\u00bbcenter\u00a0\u00bb link=\u00a0\u00bburl:https%3A%2F%2Fcasesdeltaebre.com%2Ffr%2Fles-casetes%2Fbarraca-vilbor%2F|title:Villa%20Paquita%20Loft|target:_blank|\u00a0\u00bb][\/vc_column][\/vc_row][vc_row][vc_column][vc_empty_space height=\u00a0\u00bb16px\u00a0\u00bb][\/vc_column][\/vc_row][vc_row][vc_column width=\u00a0\u00bb1\/4&Prime;][\/vc_column][vc_column width=\u00a0\u00bb1\/2&Prime;][vc_empty_space][\/vc_column][vc_column width=\u00a0\u00bb1\/4&Prime;][vc_btn title=\u00a0\u00bbDisponibilit\u00e9 et r\u00e9servations\u00a0\u00bb color=\u00a0\u00bborange\u00a0\u00bb link=\u00a0\u00bburl:https%3A%2F%2Fvillapaquita.com%2Freserva%2F|target:_blank|\u00a0\u00bb][\/vc_column][\/vc_row]<\/p>\n<\/section>","protected":false},"excerpt":{"rendered":"<p>[vc_row][vc_column][vc_single_image image=\u00a0\u00bb4074&Prime; img_size=\u00a0\u00bbfull\u00a0\u00bb alignment=\u00a0\u00bbcenter\u00a0\u00bb][\/vc_column][\/vc_row][vc_row][vc_column][vc_empty_space][\/vc_column][\/vc_row][vc_row][vc_column][vc_custom_heading text=\u00a0\u00bbMaisons de charme pour profiter du delta de l&rsquo;\u00c8bre. Nous faisons du tourisme durable\u00a0\u00bb font_container=\u00a0\u00bbtag:h1|text_align:center\u00a0\u00bb use_theme_fonts=\u00a0\u00bbyes\u00a0\u00bb][\/vc_column][\/vc_row][vc_row][vc_column][vc_empty_space height=\u00a0\u00bb40px\u00a0\u00bb][\/vc_column][\/vc_row][vc_row][vc_column width=\u00a0\u00bb1\/2&Prime;][vc_custom_heading text=\u00a0\u00bbCasa Gran\u00a0\u00bb font_container=\u00a0\u00bbtag:h2|text_align:center\u00a0\u00bb use_theme_fonts=\u00a0\u00bbyes\u00a0\u00bb][vc_single_image image=\u00a0\u00bb3971&Prime; img_size=\u00a0\u00bb600&#215;400&Prime; alignment=\u00a0\u00bbcenter\u00a0\u00bb onclick=\u00a0\u00bbcustom_link\u00a0\u00bb img_link_target=\u00a0\u00bb_blank\u00a0\u00bb css_animation=\u00a0\u00bbnone\u00a0\u00bb link=\u00a0\u00bbhttps:\/\/casesdeltaebre.com\/fr\/les-casetes\/la-casa-gran\/\u00a0\u00bb][vc_column_text] De 2 \u00e0 5 places. 2 chambres doubles, une avec un lit double et l&rsquo;autre avec deux lits simples et un lit &#8230; <a title=\"H\u00e9bergement dans le delta de l&rsquo;\u00c8bre\" class=\"read-more\" href=\"https:\/\/casesdeltaebre.com\/fr\/\" aria-label=\"En savoir plus sur H\u00e9bergement dans le delta de l&rsquo;\u00c8bre\">Lire la suite<\/a><\/p>\n","protected":false},"author":1,"featured_media":0,"parent":0,"menu_order":0,"comment_status":"closed","ping_status":"closed","template":"","meta":{"_exactmetrics_skip_tracking":false,"_exactmetrics_sitenote_active":false,"_exactmetrics_sitenote_note":"","_exactmetrics_sitenote_category":0,"footnotes":""},"class_list":["post-1749","page","type-page","status-publish"],"yoast_head":"<!-- This site is optimized with the Yoast SEO plugin v20.2 - https:\/\/yoast.com\/wordpress\/plugins\/seo\/ -->\n<title>H\u00e9bergement dans le delta de l&#039;\u00c8bre - Cases del Delta Cases del Delta<\/title>\n<meta name=\"description\" content=\"H\u00e9bergement dans le delta de l&#039;\u00c8bre. Maisons de charme en pleine nature et avec toutes les commodit\u00e9s. Tourisme durable et responsable.\" \/>\n<meta name=\"robots\" content=\"index, follow, max-snippet:-1, max-image-preview:large, max-video-preview:-1\" \/>\n<link rel=\"canonical\" href=\"https:\/\/casesdeltaebre.com\/fr\/\" \/>\n<meta property=\"og:locale\" content=\"fr_FR\" \/>\n<meta property=\"og:type\" content=\"article\" \/>\n<meta property=\"og:title\" content=\"H\u00e9bergement dans le delta de l&#039;\u00c8bre - Cases del Delta Cases del Delta\" \/>\n<meta property=\"og:description\" content=\"H\u00e9bergement dans le delta de l&#039;\u00c8bre. Maisons de charme en pleine nature et avec toutes les commodit\u00e9s. Tourisme durable et responsable.\" \/>\n<meta property=\"og:url\" content=\"https:\/\/casesdeltaebre.com\/fr\/\" \/>\n<meta property=\"og:site_name\" content=\"Cases del Delta\" \/>\n<meta property=\"article:modified_time\" content=\"2024-12-24T07:35:07+00:00\" \/>\n<meta name=\"twitter:card\" content=\"summary_large_image\" \/>\n<meta name=\"twitter:label1\" content=\"Dur\u00e9e de lecture estim\u00e9e\" \/>\n\t<meta name=\"twitter:data1\" content=\"1 minute\" \/>\n<script type=\"application\/ld+json\" class=\"yoast-schema-graph\">{\"@context\":\"https:\/\/schema.org\",\"@graph\":[{\"@type\":\"WebPage\",\"@id\":\"https:\/\/casesdeltaebre.com\/fr\/\",\"url\":\"https:\/\/casesdeltaebre.com\/fr\/\",\"name\":\"H\u00e9bergement dans le delta de l'\u00c8bre - Cases del Delta Cases del Delta\",\"isPartOf\":{\"@id\":\"https:\/\/casesdeltaebre.com\/fr\/#website\"},\"datePublished\":\"2019-06-04T15:57:33+00:00\",\"dateModified\":\"2024-12-24T07:35:07+00:00\",\"description\":\"H\u00e9bergement dans le delta de l'\u00c8bre. Maisons de charme en pleine nature et avec toutes les commodit\u00e9s. Tourisme durable et responsable.\",\"breadcrumb\":{\"@id\":\"https:\/\/casesdeltaebre.com\/fr\/#breadcrumb\"},\"inLanguage\":\"fr-FR\",\"potentialAction\":[{\"@type\":\"ReadAction\",\"target\":[\"https:\/\/casesdeltaebre.com\/fr\/\"]}]},{\"@type\":\"BreadcrumbList\",\"@id\":\"https:\/\/casesdeltaebre.com\/fr\/#breadcrumb\",\"itemListElement\":[{\"@type\":\"ListItem\",\"position\":1,\"name\":\"Portada\",\"item\":\"https:\/\/casesdeltaebre.com\/fr\/\"},{\"@type\":\"ListItem\",\"position\":2,\"name\":\"H\u00e9bergement dans le delta de l&#8217;\u00c8bre\"}]},{\"@type\":\"WebSite\",\"@id\":\"https:\/\/casesdeltaebre.com\/fr\/#website\",\"url\":\"https:\/\/casesdeltaebre.com\/fr\/\",\"name\":\"Cases del Delta\",\"description\":\"Ecoturisme al Delta de l&#039;Ebre\",\"publisher\":{\"@id\":\"https:\/\/casesdeltaebre.com\/fr\/#organization\"},\"potentialAction\":[{\"@type\":\"SearchAction\",\"target\":{\"@type\":\"EntryPoint\",\"urlTemplate\":\"https:\/\/casesdeltaebre.com\/fr\/?s={search_term_string}\"},\"query-input\":\"required name=search_term_string\"}],\"inLanguage\":\"fr-FR\"},{\"@type\":\"Organization\",\"@id\":\"https:\/\/casesdeltaebre.com\/fr\/#organization\",\"name\":\"Cases del Delta\",\"url\":\"https:\/\/casesdeltaebre.com\/fr\/\",\"logo\":{\"@type\":\"ImageObject\",\"inLanguage\":\"fr-FR\",\"@id\":\"https:\/\/casesdeltaebre.com\/fr\/#\/schema\/logo\/image\/\",\"url\":\"https:\/\/casesdeltaebre.com\/wp-content\/uploads\/2019\/06\/cropped-LogoCasesDeltaHoritzontal-1.png\",\"contentUrl\":\"https:\/\/casesdeltaebre.com\/wp-content\/uploads\/2019\/06\/cropped-LogoCasesDeltaHoritzontal-1.png\",\"width\":938,\"height\":205,\"caption\":\"Cases del Delta\"},\"image\":{\"@id\":\"https:\/\/casesdeltaebre.com\/fr\/#\/schema\/logo\/image\/\"}}]}<\/script>\n<!-- \/ Yoast SEO plugin. -->","yoast_head_json":{"title":"H\u00e9bergement dans le delta de l'\u00c8bre - Cases del Delta Cases del Delta","description":"H\u00e9bergement dans le delta de l'\u00c8bre. Maisons de charme en pleine nature et avec toutes les commodit\u00e9s. Tourisme durable et responsable.","robots":{"index":"index","follow":"follow","max-snippet":"max-snippet:-1","max-image-preview":"max-image-preview:large","max-video-preview":"max-video-preview:-1"},"canonical":"https:\/\/casesdeltaebre.com\/fr\/","og_locale":"fr_FR","og_type":"article","og_title":"H\u00e9bergement dans le delta de l'\u00c8bre - Cases del Delta Cases del Delta","og_description":"H\u00e9bergement dans le delta de l'\u00c8bre. Maisons de charme en pleine nature et avec toutes les commodit\u00e9s. Tourisme durable et responsable.","og_url":"https:\/\/casesdeltaebre.com\/fr\/","og_site_name":"Cases del Delta","article_modified_time":"2024-12-24T07:35:07+00:00","twitter_card":"summary_large_image","twitter_misc":{"Dur\u00e9e de lecture estim\u00e9e":"1 minute"},"schema":{"@context":"https:\/\/schema.org","@graph":[{"@type":"WebPage","@id":"https:\/\/casesdeltaebre.com\/fr\/","url":"https:\/\/casesdeltaebre.com\/fr\/","name":"H\u00e9bergement dans le delta de l'\u00c8bre - Cases del Delta Cases del Delta","isPartOf":{"@id":"https:\/\/casesdeltaebre.com\/fr\/#website"},"datePublished":"2019-06-04T15:57:33+00:00","dateModified":"2024-12-24T07:35:07+00:00","description":"H\u00e9bergement dans le delta de l'\u00c8bre. Maisons de charme en pleine nature et avec toutes les commodit\u00e9s. Tourisme durable et responsable.","breadcrumb":{"@id":"https:\/\/casesdeltaebre.com\/fr\/#breadcrumb"},"inLanguage":"fr-FR","potentialAction":[{"@type":"ReadAction","target":["https:\/\/casesdeltaebre.com\/fr\/"]}]},{"@type":"BreadcrumbList","@id":"https:\/\/casesdeltaebre.com\/fr\/#breadcrumb","itemListElement":[{"@type":"ListItem","position":1,"name":"Portada","item":"https:\/\/casesdeltaebre.com\/fr\/"},{"@type":"ListItem","position":2,"name":"H\u00e9bergement dans le delta de l&#8217;\u00c8bre"}]},{"@type":"WebSite","@id":"https:\/\/casesdeltaebre.com\/fr\/#website","url":"https:\/\/casesdeltaebre.com\/fr\/","name":"Cases del Delta","description":"Ecoturisme al Delta de l&#039;Ebre","publisher":{"@id":"https:\/\/casesdeltaebre.com\/fr\/#organization"},"potentialAction":[{"@type":"SearchAction","target":{"@type":"EntryPoint","urlTemplate":"https:\/\/casesdeltaebre.com\/fr\/?s={search_term_string}"},"query-input":"required name=search_term_string"}],"inLanguage":"fr-FR"},{"@type":"Organization","@id":"https:\/\/casesdeltaebre.com\/fr\/#organization","name":"Cases del Delta","url":"https:\/\/casesdeltaebre.com\/fr\/","logo":{"@type":"ImageObject","inLanguage":"fr-FR","@id":"https:\/\/casesdeltaebre.com\/fr\/#\/schema\/logo\/image\/","url":"https:\/\/casesdeltaebre.com\/wp-content\/uploads\/2019\/06\/cropped-LogoCasesDeltaHoritzontal-1.png","contentUrl":"https:\/\/casesdeltaebre.com\/wp-content\/uploads\/2019\/06\/cropped-LogoCasesDeltaHoritzontal-1.png","width":938,"height":205,"caption":"Cases del Delta"},"image":{"@id":"https:\/\/casesdeltaebre.com\/fr\/#\/schema\/logo\/image\/"}}]}},"_links":{"self":[{"href":"https:\/\/casesdeltaebre.com\/fr\/wp-json\/wp\/v2\/pages\/1749","targetHints":{"allow":["GET"]}}],"collection":[{"href":"https:\/\/casesdeltaebre.com\/fr\/wp-json\/wp\/v2\/pages"}],"about":[{"href":"https:\/\/casesdeltaebre.com\/fr\/wp-json\/wp\/v2\/types\/page"}],"author":[{"embeddable":true,"href":"https:\/\/casesdeltaebre.com\/fr\/wp-json\/wp\/v2\/users\/1"}],"replies":[{"embeddable":true,"href":"https:\/\/casesdeltaebre.com\/fr\/wp-json\/wp\/v2\/comments?post=1749"}],"version-history":[{"count":56,"href":"https:\/\/casesdeltaebre.com\/fr\/wp-json\/wp\/v2\/pages\/1749\/revisions"}],"predecessor-version":[{"id":5698,"href":"https:\/\/casesdeltaebre.com\/fr\/wp-json\/wp\/v2\/pages\/1749\/revisions\/5698"}],"wp:attachment":[{"href":"https:\/\/casesdeltaebre.com\/fr\/wp-json\/wp\/v2\/media?parent=1749"}],"curies":[{"name":"wp","href":"https:\/\/api.w.org\/{rel}","templated":true}]}}