{"id":4694,"date":"2023-01-12T17:10:06","date_gmt":"2023-01-12T17:10:06","guid":{"rendered":"https:\/\/casesdeltaebre.com\/les-casetes\/cal-gasso\/"},"modified":"2025-02-25T10:04:23","modified_gmt":"2025-02-25T10:04:23","slug":"cal-gasso","status":"publish","type":"page","link":"https:\/\/casesdeltaebre.com\/es\/les-casetes\/cal-gasso\/","title":{"rendered":"Villa Paquita &#8211; Delta de l&#8217;Ebre"},"content":{"rendered":"<section class=\"wpb-content-wrapper\"><p>[vc_row][vc_column][vc_column_text]<br \/>\nVilla Paquita es un alojamiento ideal para realizar estancias de amigos y en familia. Dispone de espacios amplios, confortables y acogedores muy adecuados para disfrutar en grupo. Dispone de seis habitaciones con tres ba\u00f1os completos, cocina-comedor, terraza, bbq, jard\u00edn con piscina y jacuzzi. Aparcamiento gratuito privado. Villa Paquita es una casa tradicional de Deltebre donde ha vivido el anfitri\u00f3n y su familia.<br \/>\nLa estancia en Villa Paquita fue perfecta. La casa es amplia y c\u00f3moda, tiene una gran terraza con barbacoa, comedor y cocina bien equipadas. El jard\u00edn y su piscina-jacuzzi una maravilla. Y qu\u00e9 decir de su ubicaci\u00f3n en Deltebre, en el coraz\u00f3n del Delta del Ebro. Guillem<br \/>\n[\/vc_column_text][\/vc_column][\/vc_row][vc_row][vc_column width=\u00bb1\/2&#8243;][vc_single_image image=\u00bb5533&#8243; img_size=\u00bbfull\u00bb alignment=\u00bbcenter\u00bb][vc_gallery type=\u00bbflexslider_slide\u00bb interval=\u00bb3&#8243; images=\u00bb5541,5537,5469,5545,5513,5529,5465,5525,5497,5477,5489,5493,5501,5505,5509,5517,5473,5521&#8243; img_size=\u00bblarge\u00bb][\/vc_column][vc_column width=\u00bb1\/2&#8243;][vc_column_text]<br \/>\n<strong>En las habitaciones encontrar\u00e1s:<\/strong><\/p>\n<p>S\u00e1banas y toallas<br \/>\nSecador de pelo<br \/>\nBa\u00f1o privado con ducha<br \/>\nWifi<br \/>\nAire acondicionado<br \/>\nTv en cada habitaci\u00f3n<br \/>\nEn la casa encontrar\u00e1s:<br \/>\nTodos los utensilios necesarios para cocinar y lavar.<br \/>\nNevera<br \/>\nMicroondas<br \/>\nLavadora<br \/>\nLavavajillas<br \/>\nTostadora<br \/>\nTendedero<br \/>\nPatio-Terraza con barbacoa<br \/>\nWifi en toda la casa<br \/>\nEn la cocina dejamos sal y aceite de las Terres de l&#8217;Ebre. Tambi\u00e9n jab\u00f3n de lavar platos, bolsas de basura, papel de cocina, mantel y servilletas.<\/p>\n<p>Villa Paquita est\u00e1 en <strong>Deltebre<\/strong>, un pueblo joven con mucha historia en medio coraz\u00f3n del <strong>Parque Natural del Delta del Ebro<\/strong>. Desde Villa Paquita se pueden realizar varias rutas, entre las que destacan la que lleva hasta la Desembocadura del r\u00edo Ebro bordeando el r\u00edo y adentr\u00e1ndote en los campos de arroz y la que recorre el per\u00edmetro de la Faroleta o Far del Fangar, la primera muy adecuada para realizar en bicicleta y la segunda caminando entre las Dunas. Entorno \u00fanico y singular.[\/vc_column_text][\/vc_column][\/vc_row][vc_row][vc_column width=\u00bb1\/2&#8243;][vc_custom_heading text=\u00bbD\u00f3nde est\u00e1 Villa Paquita\u00bb font_container=\u00bbtag:h3|text_align:center\u00bb google_fonts=\u00bbfont_family:Arimo%3Aregular%2Citalic%2C700%2C700italic|font_style:400%20regular%3A400%3Anormal\u00bb][vc_gmaps link=\u00bb#E-8_JTNDaWZyYW1lJTIwc3JjJTNEJTIyaHR0cHMlM0ElMkYlMkZ3d3cuZ29vZ2xlLmNvbSUyRm1hcHMlMkZlbWJlZCUzRnBiJTNEJTIxMW0xNCUyMTFtMTIlMjExbTMlMjExZDEwNjkuMTM3NjY3Nzg4NzM5JTIxMmQwLjc0MTI5MTAzMTg3NzQ1MTUlMjEzZDQwLjcxODUwMTI0OTQwNDk2NiUyMTJtMyUyMTFmMCUyMTJmMCUyMTNmMCUyMTNtMiUyMTFpMTAyNCUyMTJpNzY4JTIxNGYxMy4xJTIxNWUwJTIxM20yJTIxMXNlcyUyMTJzZXMlMjE0djE3MzQwMjI0OTczNjAlMjE1bTIlMjExc2VzJTIxMnNlcyUyMiUyMHdpZHRoJTNEJTIyNjAwJTIyJTIwaGVpZ2h0JTNEJTIyNDUwJTIyJTIwc3R5bGUlM0QlMjJib3JkZXIlM0EwJTNCJTIyJTIwYWxsb3dmdWxsc2NyZWVuJTNEJTIyJTIyJTIwbG9hZGluZyUzRCUyMmxhenklMjIlMjByZWZlcnJlcnBvbGljeSUzRCUyMm5vLXJlZmVycmVyLXdoZW4tZG93bmdyYWRlJTIyJTNFJTNDJTJGaWZyYW1lJTNF\u00bb][\/vc_column][vc_column width=\u00bb1\/2&#8243;][vc_btn title=\u00bbReserva aqu\u00ed\u00bb color=\u00bbturquoise\u00bb size=\u00bblg\u00bb align=\u00bbcenter\u00bb link=\u00bburl:https%3A%2F%2Fcasesdeltaebre.amenitiz.io%2Fes%2Fbooking%2Froom%23DatesGuests-BE|title:Villa%20Paquita%20-%20Delta%20de%20l%27Ebre-%20Reserva%20tu%20estancia|target:_blank|\u00bb][\/vc_column][\/vc_row]<\/p>\n<\/section>","protected":false},"excerpt":{"rendered":"<p>[vc_row][vc_column][vc_column_text] Villa Paquita es un alojamiento ideal para realizar estancias de amigos y en familia. Dispone de espacios amplios, confortables y acogedores muy adecuados para disfrutar en grupo. Dispone de seis habitaciones con tres ba\u00f1os completos, cocina-comedor, terraza, bbq, jard\u00edn con piscina y jacuzzi. Aparcamiento gratuito privado. Villa Paquita es una casa tradicional de Deltebre &#8230; <a title=\"Villa Paquita &#8211; Delta de l&#8217;Ebre\" class=\"read-more\" href=\"https:\/\/casesdeltaebre.com\/es\/les-casetes\/cal-gasso\/\" aria-label=\"M\u00e1s en Villa Paquita &#8211; Delta de l&#8217;Ebre\">Leer m\u00e1s<\/a><\/p>\n","protected":false},"author":1,"featured_media":0,"parent":2076,"menu_order":4,"comment_status":"closed","ping_status":"closed","template":"","meta":{"_exactmetrics_skip_tracking":false,"_exactmetrics_sitenote_active":false,"_exactmetrics_sitenote_note":"","_exactmetrics_sitenote_category":0,"footnotes":""},"class_list":["post-4694","page","type-page","status-publish"],"yoast_head":"<!-- This site is optimized with the Yoast SEO plugin v20.2 - https:\/\/yoast.com\/wordpress\/plugins\/seo\/ -->\n<title>Villa Paquita - Delta de l&#039;Ebre - Cases del Delta<\/title>\n<meta name=\"description\" content=\"Cal Gasso es una casa rural ideal para grupo de amigos y familias. Dispone de 20 plazas, todas las habitaciones con ba\u00f1o privado y aire acondicionado.\" \/>\n<meta name=\"robots\" content=\"index, follow, max-snippet:-1, max-image-preview:large, max-video-preview:-1\" \/>\n<link rel=\"canonical\" href=\"https:\/\/casesdeltaebre.com\/es\/les-casetes\/cal-gasso\/\" \/>\n<meta property=\"og:locale\" content=\"es_ES\" \/>\n<meta property=\"og:type\" content=\"article\" \/>\n<meta property=\"og:title\" content=\"Villa Paquita - Delta de l&#039;Ebre - Cases del Delta\" \/>\n<meta property=\"og:description\" content=\"Cal Gasso es una casa rural ideal para grupo de amigos y familias. Dispone de 20 plazas, todas las habitaciones con ba\u00f1o privado y aire acondicionado.\" \/>\n<meta property=\"og:url\" content=\"https:\/\/casesdeltaebre.com\/es\/les-casetes\/cal-gasso\/\" \/>\n<meta property=\"og:site_name\" content=\"Cases del Delta\" \/>\n<meta property=\"article:modified_time\" content=\"2025-02-25T10:04:23+00:00\" \/>\n<meta name=\"twitter:card\" content=\"summary_large_image\" \/>\n<meta name=\"twitter:label1\" content=\"Tiempo de lectura\" \/>\n\t<meta name=\"twitter:data1\" content=\"2 minutos\" \/>\n<script type=\"application\/ld+json\" class=\"yoast-schema-graph\">{\"@context\":\"https:\/\/schema.org\",\"@graph\":[{\"@type\":\"WebPage\",\"@id\":\"https:\/\/casesdeltaebre.com\/es\/les-casetes\/cal-gasso\/\",\"url\":\"https:\/\/casesdeltaebre.com\/es\/les-casetes\/cal-gasso\/\",\"name\":\"Villa Paquita - Delta de l'Ebre - Cases del Delta\",\"isPartOf\":{\"@id\":\"https:\/\/casesdeltaebre.com\/es\/#website\"},\"datePublished\":\"2023-01-12T17:10:06+00:00\",\"dateModified\":\"2025-02-25T10:04:23+00:00\",\"description\":\"Cal Gasso es una casa rural ideal para grupo de amigos y familias. Dispone de 20 plazas, todas las habitaciones con ba\u00f1o privado y aire acondicionado.\",\"breadcrumb\":{\"@id\":\"https:\/\/casesdeltaebre.com\/es\/les-casetes\/cal-gasso\/#breadcrumb\"},\"inLanguage\":\"es\",\"potentialAction\":[{\"@type\":\"ReadAction\",\"target\":[\"https:\/\/casesdeltaebre.com\/es\/les-casetes\/cal-gasso\/\"]}]},{\"@type\":\"BreadcrumbList\",\"@id\":\"https:\/\/casesdeltaebre.com\/es\/les-casetes\/cal-gasso\/#breadcrumb\",\"itemListElement\":[{\"@type\":\"ListItem\",\"position\":1,\"name\":\"Portada\",\"item\":\"https:\/\/casesdeltaebre.com\/es\/\"},{\"@type\":\"ListItem\",\"position\":2,\"name\":\"Las casas\",\"item\":\"https:\/\/casesdeltaebre.com\/es\/les-casetes\/\"},{\"@type\":\"ListItem\",\"position\":3,\"name\":\"Villa Paquita &#8211; Delta de l&#8217;Ebre\"}]},{\"@type\":\"WebSite\",\"@id\":\"https:\/\/casesdeltaebre.com\/es\/#website\",\"url\":\"https:\/\/casesdeltaebre.com\/es\/\",\"name\":\"Cases del Delta\",\"description\":\"Ecoturisme al Delta de l&#039;Ebre\",\"publisher\":{\"@id\":\"https:\/\/casesdeltaebre.com\/es\/#organization\"},\"potentialAction\":[{\"@type\":\"SearchAction\",\"target\":{\"@type\":\"EntryPoint\",\"urlTemplate\":\"https:\/\/casesdeltaebre.com\/es\/?s={search_term_string}\"},\"query-input\":\"required name=search_term_string\"}],\"inLanguage\":\"es\"},{\"@type\":\"Organization\",\"@id\":\"https:\/\/casesdeltaebre.com\/es\/#organization\",\"name\":\"Cases del Delta\",\"url\":\"https:\/\/casesdeltaebre.com\/es\/\",\"logo\":{\"@type\":\"ImageObject\",\"inLanguage\":\"es\",\"@id\":\"https:\/\/casesdeltaebre.com\/es\/#\/schema\/logo\/image\/\",\"url\":\"https:\/\/casesdeltaebre.com\/wp-content\/uploads\/2019\/06\/cropped-LogoCasesDeltaHoritzontal-1.png\",\"contentUrl\":\"https:\/\/casesdeltaebre.com\/wp-content\/uploads\/2019\/06\/cropped-LogoCasesDeltaHoritzontal-1.png\",\"width\":938,\"height\":205,\"caption\":\"Cases del Delta\"},\"image\":{\"@id\":\"https:\/\/casesdeltaebre.com\/es\/#\/schema\/logo\/image\/\"}}]}<\/script>\n<!-- \/ Yoast SEO plugin. -->","yoast_head_json":{"title":"Villa Paquita - Delta de l'Ebre - Cases del Delta","description":"Cal Gasso es una casa rural ideal para grupo de amigos y familias. Dispone de 20 plazas, todas las habitaciones con ba\u00f1o privado y aire acondicionado.","robots":{"index":"index","follow":"follow","max-snippet":"max-snippet:-1","max-image-preview":"max-image-preview:large","max-video-preview":"max-video-preview:-1"},"canonical":"https:\/\/casesdeltaebre.com\/es\/les-casetes\/cal-gasso\/","og_locale":"es_ES","og_type":"article","og_title":"Villa Paquita - Delta de l'Ebre - Cases del Delta","og_description":"Cal Gasso es una casa rural ideal para grupo de amigos y familias. Dispone de 20 plazas, todas las habitaciones con ba\u00f1o privado y aire acondicionado.","og_url":"https:\/\/casesdeltaebre.com\/es\/les-casetes\/cal-gasso\/","og_site_name":"Cases del Delta","article_modified_time":"2025-02-25T10:04:23+00:00","twitter_card":"summary_large_image","twitter_misc":{"Tiempo de lectura":"2 minutos"},"schema":{"@context":"https:\/\/schema.org","@graph":[{"@type":"WebPage","@id":"https:\/\/casesdeltaebre.com\/es\/les-casetes\/cal-gasso\/","url":"https:\/\/casesdeltaebre.com\/es\/les-casetes\/cal-gasso\/","name":"Villa Paquita - Delta de l'Ebre - Cases del Delta","isPartOf":{"@id":"https:\/\/casesdeltaebre.com\/es\/#website"},"datePublished":"2023-01-12T17:10:06+00:00","dateModified":"2025-02-25T10:04:23+00:00","description":"Cal Gasso es una casa rural ideal para grupo de amigos y familias. Dispone de 20 plazas, todas las habitaciones con ba\u00f1o privado y aire acondicionado.","breadcrumb":{"@id":"https:\/\/casesdeltaebre.com\/es\/les-casetes\/cal-gasso\/#breadcrumb"},"inLanguage":"es","potentialAction":[{"@type":"ReadAction","target":["https:\/\/casesdeltaebre.com\/es\/les-casetes\/cal-gasso\/"]}]},{"@type":"BreadcrumbList","@id":"https:\/\/casesdeltaebre.com\/es\/les-casetes\/cal-gasso\/#breadcrumb","itemListElement":[{"@type":"ListItem","position":1,"name":"Portada","item":"https:\/\/casesdeltaebre.com\/es\/"},{"@type":"ListItem","position":2,"name":"Las casas","item":"https:\/\/casesdeltaebre.com\/es\/les-casetes\/"},{"@type":"ListItem","position":3,"name":"Villa Paquita &#8211; Delta de l&#8217;Ebre"}]},{"@type":"WebSite","@id":"https:\/\/casesdeltaebre.com\/es\/#website","url":"https:\/\/casesdeltaebre.com\/es\/","name":"Cases del Delta","description":"Ecoturisme al Delta de l&#039;Ebre","publisher":{"@id":"https:\/\/casesdeltaebre.com\/es\/#organization"},"potentialAction":[{"@type":"SearchAction","target":{"@type":"EntryPoint","urlTemplate":"https:\/\/casesdeltaebre.com\/es\/?s={search_term_string}"},"query-input":"required name=search_term_string"}],"inLanguage":"es"},{"@type":"Organization","@id":"https:\/\/casesdeltaebre.com\/es\/#organization","name":"Cases del Delta","url":"https:\/\/casesdeltaebre.com\/es\/","logo":{"@type":"ImageObject","inLanguage":"es","@id":"https:\/\/casesdeltaebre.com\/es\/#\/schema\/logo\/image\/","url":"https:\/\/casesdeltaebre.com\/wp-content\/uploads\/2019\/06\/cropped-LogoCasesDeltaHoritzontal-1.png","contentUrl":"https:\/\/casesdeltaebre.com\/wp-content\/uploads\/2019\/06\/cropped-LogoCasesDeltaHoritzontal-1.png","width":938,"height":205,"caption":"Cases del Delta"},"image":{"@id":"https:\/\/casesdeltaebre.com\/es\/#\/schema\/logo\/image\/"}}]}},"_links":{"self":[{"href":"https:\/\/casesdeltaebre.com\/es\/wp-json\/wp\/v2\/pages\/4694","targetHints":{"allow":["GET"]}}],"collection":[{"href":"https:\/\/casesdeltaebre.com\/es\/wp-json\/wp\/v2\/pages"}],"about":[{"href":"https:\/\/casesdeltaebre.com\/es\/wp-json\/wp\/v2\/types\/page"}],"author":[{"embeddable":true,"href":"https:\/\/casesdeltaebre.com\/es\/wp-json\/wp\/v2\/users\/1"}],"replies":[{"embeddable":true,"href":"https:\/\/casesdeltaebre.com\/es\/wp-json\/wp\/v2\/comments?post=4694"}],"version-history":[{"count":19,"href":"https:\/\/casesdeltaebre.com\/es\/wp-json\/wp\/v2\/pages\/4694\/revisions"}],"predecessor-version":[{"id":6054,"href":"https:\/\/casesdeltaebre.com\/es\/wp-json\/wp\/v2\/pages\/4694\/revisions\/6054"}],"up":[{"embeddable":true,"href":"https:\/\/casesdeltaebre.com\/es\/wp-json\/wp\/v2\/pages\/2076"}],"wp:attachment":[{"href":"https:\/\/casesdeltaebre.com\/es\/wp-json\/wp\/v2\/media?parent=4694"}],"curies":[{"name":"wp","href":"https:\/\/api.w.org\/{rel}","templated":true}]}}