{"id":2986,"date":"2020-05-24T18:32:47","date_gmt":"2020-05-24T18:32:47","guid":{"rendered":"https:\/\/casesdeltaebre.com\/?page_id=2986"},"modified":"2026-04-15T12:17:52","modified_gmt":"2026-04-15T12:17:52","slug":"barraca-vilbor","status":"publish","type":"page","link":"https:\/\/casesdeltaebre.com\/es\/les-casetes\/barraca-vilbor\/","title":{"rendered":"Villa Paquita Loft"},"content":{"rendered":"<section class=\"wpb-content-wrapper\"><p>[vc_row][vc_column][vc_column_text]<br \/>\nHUTTE &#8211; 057594<br \/>\nVilla Paquita Loft es un apartamento en el del Delta del Ebro. Ofrece todas las comodidades de una casa convencional con el encanto de la tradici\u00f3n y la proximidad a la naturaleza. Tiene ba\u00f1o completo con ducha y cocina completa abierta. Destacamos la amplitud de su terraza privada, la bbq y el mobiliario exterior ideal para relajarte y desconectar mientras disfrutas de una experiencia en el Delta del Ebro.<br \/>\nEl loft est\u00e1 situado en un sitio tranquilo y est\u00e1 creado con muy buen gusto. El espacio est\u00e1 muy bien aprovechado, est\u00e1 todo lo necesario. Estaba muy bien cuidado y limpio. Nos gust\u00f3 tambi\u00e9n la terraza.<br \/>\nRoger, el propietario, fue super amable y la comunicaci\u00f3n con \u00e9l fue muy f\u00e1cil. \u00a1Super recomendable! Raquel.<br \/>\n[\/vc_column_text][\/vc_column][\/vc_row][vc_row][vc_column][vc_single_image image=\u00bb5560&#8243; img_size=\u00bbfull\u00bb alignment=\u00bbcenter\u00bb][\/vc_column][\/vc_row][vc_row][vc_column width=\u00bb1\/2&#8243;][vc_gallery type=\u00bbflexslider_slide\u00bb interval=\u00bb3&#8243; images=\u00bb5560,5556,5564,5580,5568,5572,5584,5588,5612,5465,5600,5596,5592,5604,5552&#8243; img_size=\u00bblarge\u00bb][\/vc_column][vc_column width=\u00bb1\/2&#8243;][vc_column_text]<br \/>\n<strong>En la casa encontrar\u00e1s:<\/strong><\/p>\n<ul>\n<li>S\u00e1banas y toallas<\/li>\n<li>Todos los utensilios necesarios para cocinar y lavar.<\/li>\n<li>Nevera<\/li>\n<li>Microondas<\/li>\n<li>Lavadora<\/li>\n<li>Tostadora<\/li>\n<li>Secador de pelo<\/li>\n<li>Tendedero<\/li>\n<\/ul>\n<p>En la cocina dejamos sal, aceite de las Terres de l&#8217;Ebre, y tambi\u00e9n jab\u00f3n de lavar platos, bolsas de basura, papel de cocina, manteles y servilletas.<\/p>\n<p>Dispone de wifi[\/vc_column_text][\/vc_column][\/vc_row][vc_row][vc_column][vc_column_text]<strong>El loft est\u00e1 rodeada por una amplia terraza con mobiliario exterior, una barbacoa, varios rincones con encanto.\u00a0<\/strong>[\/vc_column_text][\/vc_column][\/vc_row][vc_row][vc_column width=\u00bb1\/2&#8243;][vc_single_image image=\u00bb5616&#8243; img_size=\u00bbfull\u00bb][\/vc_column][vc_column width=\u00bb1\/2&#8243;][vc_gmaps link=\u00bb#E-8_JTNDaWZyYW1lJTIwc3JjJTNEJTIyaHR0cHMlM0ElMkYlMkZ3d3cuZ29vZ2xlLmNvbSUyRm1hcHMlMkZlbWJlZCUzRnBiJTNEJTIxMW0xNCUyMTFtMTIlMjExbTMlMjExZDEwNjkuMTM3NjY3Nzg4NzM5JTIxMmQwLjc0MTI5MTAzMTg3NzQ1MTUlMjEzZDQwLjcxODUwMTI0OTQwNDk2NiUyMTJtMyUyMTFmMCUyMTJmMCUyMTNmMCUyMTNtMiUyMTFpMTAyNCUyMTJpNzY4JTIxNGYxMy4xJTIxNWUwJTIxM20yJTIxMXNlcyUyMTJzZXMlMjE0djE3MzQwMjI0OTczNjAlMjE1bTIlMjExc2VzJTIxMnNlcyUyMiUyMHdpZHRoJTNEJTIyNjAwJTIyJTIwaGVpZ2h0JTNEJTIyNDUwJTIyJTIwc3R5bGUlM0QlMjJib3JkZXIlM0EwJTNCJTIyJTIwYWxsb3dmdWxsc2NyZWVuJTNEJTIyJTIyJTIwbG9hZGluZyUzRCUyMmxhenklMjIlMjByZWZlcnJlcnBvbGljeSUzRCUyMm5vLXJlZmVycmVyLXdoZW4tZG93bmdyYWRlJTIyJTNFJTNDJTJGaWZyYW1lJTNF\u00bb size=\u00bb300&#8243;][\/vc_column][\/vc_row][vc_row][vc_column width=\u00bb1\/3&#8243;][\/vc_column][vc_column width=\u00bb1\/3&#8243;][vc_empty_space][vc_btn title=\u00bbReserva aqu\u00ed\u00bb color=\u00bbturquoise\u00bb link=\u00bburl:https%3A%2F%2Fcasesdeltaebre.amenitiz.io%2Fes%2Fbooking%2Froom%23DatesGuests-BE|target:_blank|\u00bb][\/vc_column][vc_column width=\u00bb1\/3&#8243;][\/vc_column][\/vc_row]<\/p>\n<\/section>","protected":false},"excerpt":{"rendered":"<p>[vc_row][vc_column][vc_column_text] HUTTE &#8211; 057594 Villa Paquita Loft es un apartamento en el del Delta del Ebro. Ofrece todas las comodidades de una casa convencional con el encanto de la tradici\u00f3n y la proximidad a la naturaleza. Tiene ba\u00f1o completo con ducha y cocina completa abierta. Destacamos la amplitud de su terraza privada, la bbq y &#8230; <a title=\"Villa Paquita Loft\" class=\"read-more\" href=\"https:\/\/casesdeltaebre.com\/es\/les-casetes\/barraca-vilbor\/\" aria-label=\"M\u00e1s en Villa Paquita Loft\">Leer m\u00e1s<\/a><\/p>\n","protected":false},"author":1,"featured_media":0,"parent":2076,"menu_order":0,"comment_status":"closed","ping_status":"closed","template":"","meta":{"_exactmetrics_skip_tracking":false,"_exactmetrics_sitenote_active":false,"_exactmetrics_sitenote_note":"","_exactmetrics_sitenote_category":0,"footnotes":""},"class_list":["post-2986","page","type-page","status-publish"],"yoast_head":"<!-- This site is optimized with the Yoast SEO plugin v20.2 - https:\/\/yoast.com\/wordpress\/plugins\/seo\/ -->\n<title>Villa Paquita Loft - Cases del Delta<\/title>\n<meta name=\"description\" content=\"Alojamiento tradicional en el Delta del Ebro\" \/>\n<meta name=\"robots\" content=\"index, follow, max-snippet:-1, max-image-preview:large, max-video-preview:-1\" \/>\n<link rel=\"canonical\" href=\"https:\/\/casesdeltaebre.com\/es\/les-casetes\/barraca-vilbor\/\" \/>\n<meta property=\"og:locale\" content=\"es_ES\" \/>\n<meta property=\"og:type\" content=\"article\" \/>\n<meta property=\"og:title\" content=\"Villa Paquita Loft - Cases del Delta\" \/>\n<meta property=\"og:description\" content=\"Alojamiento tradicional en el Delta del Ebro\" \/>\n<meta property=\"og:url\" content=\"https:\/\/casesdeltaebre.com\/es\/les-casetes\/barraca-vilbor\/\" \/>\n<meta property=\"og:site_name\" content=\"Cases del Delta\" \/>\n<meta property=\"article:modified_time\" content=\"2026-04-15T12:17:52+00:00\" \/>\n<meta name=\"twitter:card\" content=\"summary_large_image\" \/>\n<meta name=\"twitter:label1\" content=\"Tiempo de lectura\" \/>\n\t<meta name=\"twitter:data1\" content=\"2 minutos\" \/>\n<script type=\"application\/ld+json\" class=\"yoast-schema-graph\">{\"@context\":\"https:\/\/schema.org\",\"@graph\":[{\"@type\":\"WebPage\",\"@id\":\"https:\/\/casesdeltaebre.com\/es\/les-casetes\/barraca-vilbor\/\",\"url\":\"https:\/\/casesdeltaebre.com\/es\/les-casetes\/barraca-vilbor\/\",\"name\":\"Villa Paquita Loft - Cases del Delta\",\"isPartOf\":{\"@id\":\"https:\/\/casesdeltaebre.com\/es\/#website\"},\"datePublished\":\"2020-05-24T18:32:47+00:00\",\"dateModified\":\"2026-04-15T12:17:52+00:00\",\"description\":\"Alojamiento tradicional en el Delta del Ebro\",\"breadcrumb\":{\"@id\":\"https:\/\/casesdeltaebre.com\/es\/les-casetes\/barraca-vilbor\/#breadcrumb\"},\"inLanguage\":\"es\",\"potentialAction\":[{\"@type\":\"ReadAction\",\"target\":[\"https:\/\/casesdeltaebre.com\/es\/les-casetes\/barraca-vilbor\/\"]}]},{\"@type\":\"BreadcrumbList\",\"@id\":\"https:\/\/casesdeltaebre.com\/es\/les-casetes\/barraca-vilbor\/#breadcrumb\",\"itemListElement\":[{\"@type\":\"ListItem\",\"position\":1,\"name\":\"Portada\",\"item\":\"https:\/\/casesdeltaebre.com\/es\/\"},{\"@type\":\"ListItem\",\"position\":2,\"name\":\"Las casas\",\"item\":\"https:\/\/casesdeltaebre.com\/es\/les-casetes\/\"},{\"@type\":\"ListItem\",\"position\":3,\"name\":\"Villa Paquita Loft\"}]},{\"@type\":\"WebSite\",\"@id\":\"https:\/\/casesdeltaebre.com\/es\/#website\",\"url\":\"https:\/\/casesdeltaebre.com\/es\/\",\"name\":\"Cases del Delta\",\"description\":\"Ecoturisme al Delta de l&#039;Ebre\",\"publisher\":{\"@id\":\"https:\/\/casesdeltaebre.com\/es\/#organization\"},\"potentialAction\":[{\"@type\":\"SearchAction\",\"target\":{\"@type\":\"EntryPoint\",\"urlTemplate\":\"https:\/\/casesdeltaebre.com\/es\/?s={search_term_string}\"},\"query-input\":\"required name=search_term_string\"}],\"inLanguage\":\"es\"},{\"@type\":\"Organization\",\"@id\":\"https:\/\/casesdeltaebre.com\/es\/#organization\",\"name\":\"Cases del Delta\",\"url\":\"https:\/\/casesdeltaebre.com\/es\/\",\"logo\":{\"@type\":\"ImageObject\",\"inLanguage\":\"es\",\"@id\":\"https:\/\/casesdeltaebre.com\/es\/#\/schema\/logo\/image\/\",\"url\":\"https:\/\/casesdeltaebre.com\/wp-content\/uploads\/2019\/06\/cropped-LogoCasesDeltaHoritzontal-1.png\",\"contentUrl\":\"https:\/\/casesdeltaebre.com\/wp-content\/uploads\/2019\/06\/cropped-LogoCasesDeltaHoritzontal-1.png\",\"width\":938,\"height\":205,\"caption\":\"Cases del Delta\"},\"image\":{\"@id\":\"https:\/\/casesdeltaebre.com\/es\/#\/schema\/logo\/image\/\"}}]}<\/script>\n<!-- \/ Yoast SEO plugin. -->","yoast_head_json":{"title":"Villa Paquita Loft - Cases del Delta","description":"Alojamiento tradicional en el Delta del Ebro","robots":{"index":"index","follow":"follow","max-snippet":"max-snippet:-1","max-image-preview":"max-image-preview:large","max-video-preview":"max-video-preview:-1"},"canonical":"https:\/\/casesdeltaebre.com\/es\/les-casetes\/barraca-vilbor\/","og_locale":"es_ES","og_type":"article","og_title":"Villa Paquita Loft - Cases del Delta","og_description":"Alojamiento tradicional en el Delta del Ebro","og_url":"https:\/\/casesdeltaebre.com\/es\/les-casetes\/barraca-vilbor\/","og_site_name":"Cases del Delta","article_modified_time":"2026-04-15T12:17:52+00:00","twitter_card":"summary_large_image","twitter_misc":{"Tiempo de lectura":"2 minutos"},"schema":{"@context":"https:\/\/schema.org","@graph":[{"@type":"WebPage","@id":"https:\/\/casesdeltaebre.com\/es\/les-casetes\/barraca-vilbor\/","url":"https:\/\/casesdeltaebre.com\/es\/les-casetes\/barraca-vilbor\/","name":"Villa Paquita Loft - Cases del Delta","isPartOf":{"@id":"https:\/\/casesdeltaebre.com\/es\/#website"},"datePublished":"2020-05-24T18:32:47+00:00","dateModified":"2026-04-15T12:17:52+00:00","description":"Alojamiento tradicional en el Delta del Ebro","breadcrumb":{"@id":"https:\/\/casesdeltaebre.com\/es\/les-casetes\/barraca-vilbor\/#breadcrumb"},"inLanguage":"es","potentialAction":[{"@type":"ReadAction","target":["https:\/\/casesdeltaebre.com\/es\/les-casetes\/barraca-vilbor\/"]}]},{"@type":"BreadcrumbList","@id":"https:\/\/casesdeltaebre.com\/es\/les-casetes\/barraca-vilbor\/#breadcrumb","itemListElement":[{"@type":"ListItem","position":1,"name":"Portada","item":"https:\/\/casesdeltaebre.com\/es\/"},{"@type":"ListItem","position":2,"name":"Las casas","item":"https:\/\/casesdeltaebre.com\/es\/les-casetes\/"},{"@type":"ListItem","position":3,"name":"Villa Paquita Loft"}]},{"@type":"WebSite","@id":"https:\/\/casesdeltaebre.com\/es\/#website","url":"https:\/\/casesdeltaebre.com\/es\/","name":"Cases del Delta","description":"Ecoturisme al Delta de l&#039;Ebre","publisher":{"@id":"https:\/\/casesdeltaebre.com\/es\/#organization"},"potentialAction":[{"@type":"SearchAction","target":{"@type":"EntryPoint","urlTemplate":"https:\/\/casesdeltaebre.com\/es\/?s={search_term_string}"},"query-input":"required name=search_term_string"}],"inLanguage":"es"},{"@type":"Organization","@id":"https:\/\/casesdeltaebre.com\/es\/#organization","name":"Cases del Delta","url":"https:\/\/casesdeltaebre.com\/es\/","logo":{"@type":"ImageObject","inLanguage":"es","@id":"https:\/\/casesdeltaebre.com\/es\/#\/schema\/logo\/image\/","url":"https:\/\/casesdeltaebre.com\/wp-content\/uploads\/2019\/06\/cropped-LogoCasesDeltaHoritzontal-1.png","contentUrl":"https:\/\/casesdeltaebre.com\/wp-content\/uploads\/2019\/06\/cropped-LogoCasesDeltaHoritzontal-1.png","width":938,"height":205,"caption":"Cases del Delta"},"image":{"@id":"https:\/\/casesdeltaebre.com\/es\/#\/schema\/logo\/image\/"}}]}},"_links":{"self":[{"href":"https:\/\/casesdeltaebre.com\/es\/wp-json\/wp\/v2\/pages\/2986","targetHints":{"allow":["GET"]}}],"collection":[{"href":"https:\/\/casesdeltaebre.com\/es\/wp-json\/wp\/v2\/pages"}],"about":[{"href":"https:\/\/casesdeltaebre.com\/es\/wp-json\/wp\/v2\/types\/page"}],"author":[{"embeddable":true,"href":"https:\/\/casesdeltaebre.com\/es\/wp-json\/wp\/v2\/users\/1"}],"replies":[{"embeddable":true,"href":"https:\/\/casesdeltaebre.com\/es\/wp-json\/wp\/v2\/comments?post=2986"}],"version-history":[{"count":33,"href":"https:\/\/casesdeltaebre.com\/es\/wp-json\/wp\/v2\/pages\/2986\/revisions"}],"predecessor-version":[{"id":7191,"href":"https:\/\/casesdeltaebre.com\/es\/wp-json\/wp\/v2\/pages\/2986\/revisions\/7191"}],"up":[{"embeddable":true,"href":"https:\/\/casesdeltaebre.com\/es\/wp-json\/wp\/v2\/pages\/2076"}],"wp:attachment":[{"href":"https:\/\/casesdeltaebre.com\/es\/wp-json\/wp\/v2\/media?parent=2986"}],"curies":[{"name":"wp","href":"https:\/\/api.w.org\/{rel}","templated":true}]}}