{"id":2303,"date":"2019-07-27T16:43:24","date_gmt":"2019-07-27T16:43:24","guid":{"rendered":"https:\/\/casesdeltaebre.com\/precios\/normas-de-la-casa\/"},"modified":"2024-09-10T13:50:02","modified_gmt":"2024-09-10T13:50:02","slug":"normas-de-la-casa","status":"publish","type":"page","link":"https:\/\/casesdeltaebre.com\/es\/les-casetes\/normas-de-la-casa\/","title":{"rendered":"Normas de la casa"},"content":{"rendered":"<h4><strong>Normativa y Condiciones Generales<\/strong><br \/>\n<strong>Cases del Delta<\/strong><\/h4>\n<p><strong>DISPONIBILIDAD Y CONFIRMACI\u00d3N DE RESERVA<\/strong><br \/>\n<span class=\"JLqJ4b ChMk0b\" data-language-for-alternatives=\"es\" data-language-to-translate-into=\"ca\" data-phrase-index=\"0\">Una<\/span> <span class=\"JLqJ4b ChMk0b\" data-language-for-alternatives=\"es\" data-language-to-translate-into=\"ca\" data-phrase-index=\"1\">vez efectuada<\/span> <span class=\"JLqJ4b ChMk0b\" data-language-for-alternatives=\"es\" data-language-to-translate-into=\"ca\" data-phrase-index=\"2\">la aceptaci\u00f3n<\/span> <span class=\"JLqJ4b ChMk0b\" data-language-for-alternatives=\"es\" data-language-to-translate-into=\"ca\" data-phrase-index=\"3\">de la \u00ab<\/span><span class=\"JLqJ4b ChMk0b\" data-language-for-alternatives=\"es\" data-language-to-translate-into=\"ca\" data-phrase-index=\"4\">Pre-<\/span><span class=\"JLqJ4b ChMk0b\" data-language-for-alternatives=\"es\" data-language-to-translate-into=\"ca\" data-phrase-index=\"5\">reserva\u00bb<\/span> <span class=\"JLqJ4b ChMk0b\" data-language-for-alternatives=\"es\" data-language-to-translate-into=\"ca\" data-phrase-index=\"6\">por parte<\/span> <span class=\"JLqJ4b ChMk0b\" data-language-for-alternatives=\"es\" data-language-to-translate-into=\"ca\" data-phrase-index=\"7\">del alojamiento<\/span><span class=\"JLqJ4b ChMk0b\" data-language-for-alternatives=\"es\" data-language-to-translate-into=\"ca\" data-phrase-index=\"8\">, el cliente<\/span> <span class=\"JLqJ4b ChMk0b\" data-language-for-alternatives=\"es\" data-language-to-translate-into=\"ca\" data-phrase-index=\"9\">dispondr\u00e1<\/span> <span class=\"JLqJ4b ChMk0b\" data-language-for-alternatives=\"es\" data-language-to-translate-into=\"ca\" data-phrase-index=\"10\">de 48<\/span> <span class=\"JLqJ4b ChMk0b\" data-language-for-alternatives=\"es\" data-language-to-translate-into=\"ca\" data-phrase-index=\"11\">para hacer<\/span> <span class=\"JLqJ4b ChMk0b\" data-language-for-alternatives=\"es\" data-language-to-translate-into=\"ca\" data-phrase-index=\"12\">efectivo<\/span> <span class=\"JLqJ4b ChMk0b\" data-language-for-alternatives=\"es\" data-language-to-translate-into=\"ca\" data-phrase-index=\"13\">el pago<\/span> <span class=\"JLqJ4b ChMk0b\" data-language-for-alternatives=\"es\" data-language-to-translate-into=\"ca\" data-phrase-index=\"14\">de la paga y se\u00f1al<\/span> <span class=\"JLqJ4b ChMk0b\" data-language-for-alternatives=\"es\" data-language-to-translate-into=\"ca\" data-phrase-index=\"15\">de la reserva que<\/span> <span class=\"JLqJ4b ChMk0b\" data-language-for-alternatives=\"es\" data-language-to-translate-into=\"ca\" data-phrase-index=\"16\">ser\u00e1 del<\/span> <span class=\"JLqJ4b ChMk0b\" data-language-for-alternatives=\"es\" data-language-to-translate-into=\"ca\" data-phrase-index=\"17\">100\u20ac<\/span> <span class=\"JLqJ4b ChMk0b\" data-language-for-alternatives=\"es\" data-language-to-translate-into=\"ca\" data-phrase-index=\"18\">en<\/span> <span class=\"JLqJ4b ChMk0b\" data-language-for-alternatives=\"es\" data-language-to-translate-into=\"ca\" data-phrase-index=\"19\">estancias<\/span> <span class=\"JLqJ4b ChMk0b\" data-language-for-alternatives=\"es\" data-language-to-translate-into=\"ca\" data-phrase-index=\"20\">cortas<\/span> <span class=\"JLqJ4b ChMk0b\" data-language-for-alternatives=\"es\" data-language-to-translate-into=\"ca\" data-phrase-index=\"21\">de dos<\/span> <span class=\"JLqJ4b ChMk0b\" data-language-for-alternatives=\"es\" data-language-to-translate-into=\"ca\" data-phrase-index=\"22\">a tres<\/span> <span class=\"JLqJ4b ChMk0b\" data-language-for-alternatives=\"es\" data-language-to-translate-into=\"ca\" data-phrase-index=\"23\">noches<\/span> <span class=\"JLqJ4b ChMk0b\" data-language-for-alternatives=\"es\" data-language-to-translate-into=\"ca\" data-phrase-index=\"24\">o<\/span> <span class=\"JLqJ4b ChMk0b\" data-language-for-alternatives=\"es\" data-language-to-translate-into=\"ca\" data-phrase-index=\"25\">del 20% del<\/span> <span class=\"JLqJ4b ChMk0b\" data-language-for-alternatives=\"es\" data-language-to-translate-into=\"ca\" data-phrase-index=\"26\">total en<\/span> <span class=\"JLqJ4b ChMk0b\" data-language-for-alternatives=\"es\" data-language-to-translate-into=\"ca\" data-phrase-index=\"27\">estancias<\/span> <span class=\"JLqJ4b ChMk0b\" data-language-for-alternatives=\"es\" data-language-to-translate-into=\"ca\" data-phrase-index=\"28\">superiores a<\/span> <span class=\"JLqJ4b ChMk0b\" data-language-for-alternatives=\"es\" data-language-to-translate-into=\"ca\" data-phrase-index=\"29\">tres<\/span> <span class=\"JLqJ4b ChMk0b\" data-language-for-alternatives=\"es\" data-language-to-translate-into=\"ca\" data-phrase-index=\"30\">noches<\/span><span class=\"JLqJ4b ChMk0b\" data-language-for-alternatives=\"es\" data-language-to-translate-into=\"ca\" data-phrase-index=\"31\">.<\/span> <span class=\"JLqJ4b ChMk0b\" data-language-for-alternatives=\"es\" data-language-to-translate-into=\"ca\" data-phrase-index=\"32\">El pago<\/span> <span class=\"JLqJ4b ChMk0b\" data-language-for-alternatives=\"es\" data-language-to-translate-into=\"ca\" data-phrase-index=\"33\">se har\u00e1 mediante<\/span> <span class=\"JLqJ4b ChMk0b\" data-language-for-alternatives=\"es\" data-language-to-translate-into=\"ca\" data-phrase-index=\"34\">transferencia<\/span> <span class=\"JLqJ4b ChMk0b\" data-language-for-alternatives=\"es\" data-language-to-translate-into=\"ca\" data-phrase-index=\"35\">a la cuenta<\/span> <span class=\"JLqJ4b ChMk0b\" data-language-for-alternatives=\"es\" data-language-to-translate-into=\"ca\" data-phrase-index=\"36\">corriente que<\/span> <span class=\"JLqJ4b ChMk0b\" data-language-for-alternatives=\"es\" data-language-to-translate-into=\"ca\" data-phrase-index=\"37\">se le facilitar\u00e1<\/span><span class=\"JLqJ4b ChMk0b\" data-language-for-alternatives=\"es\" data-language-to-translate-into=\"ca\" data-phrase-index=\"38\">,<\/span> <span class=\"JLqJ4b ChMk0b\" data-language-for-alternatives=\"es\" data-language-to-translate-into=\"ca\" data-phrase-index=\"39\">indicando<\/span> <span class=\"JLqJ4b ChMk0b\" data-language-for-alternatives=\"es\" data-language-to-translate-into=\"ca\" data-phrase-index=\"40\">nombre<\/span> <span class=\"JLqJ4b ChMk0b\" data-language-for-alternatives=\"es\" data-language-to-translate-into=\"ca\" data-phrase-index=\"41\">y los d\u00edas<\/span> <span class=\"JLqJ4b ChMk0b\" data-language-for-alternatives=\"es\" data-language-to-translate-into=\"ca\" data-phrase-index=\"42\">de la estancia<\/span><span class=\"JLqJ4b ChMk0b\" data-language-for-alternatives=\"es\" data-language-to-translate-into=\"ca\" data-phrase-index=\"46\">.<\/span>\u00a0Pasado este plazo, en el caso de no haber recibido el pago, el alojamiento se reserva el derecho de proponer el alojamiento a otros clientes potenciales. Una vez recibida la transferencia, nosotros le enviaremos la confirmaci\u00f3n de reserva. La reserva no queda efectuada hasta que el propietario no haya recibido la transferencia. El coste de la transferencia bancaria, si lo hay, es por cuenta del cliente, y nunca podr\u00e1 ser deducido del coste del alquiler.<\/p>\n<p>El resto del importe de la estancia se abonar\u00e1 por transferencia 15 d\u00edas antes de la llegada a la casa.<\/p>\n<p><strong>CANCELACI\u00d3N<\/strong><br \/>\nEn caso de anulaci\u00f3n de una reserva antes de la fecha de llegada al establecimiento, se aplicar\u00e1n una serie de gastos de anulaci\u00f3n en funci\u00f3n de la antelaci\u00f3n con la que se anule la reserva. Los intervalos y porcentajes de penalizaci\u00f3n aplicados, en estancias de 2 o menos d\u00edas, y se aplicar\u00e1n sobre la cantidad dada en concepto de reserva, son los siguientes:<\/p>\n<p><span class=\"JLqJ4b ChMk0b\" data-language-for-alternatives=\"es\" data-language-to-translate-into=\"ca\" data-phrase-index=\"48\">\u2022<\/span> <span class=\"JLqJ4b ChMk0b\" data-language-for-alternatives=\"es\" data-language-to-translate-into=\"ca\" data-phrase-index=\"49\">Si<\/span> <span class=\"JLqJ4b ChMk0b\" data-language-for-alternatives=\"es\" data-language-to-translate-into=\"ca\" data-phrase-index=\"50\">la anulaci\u00f3n se<\/span> <span class=\"JLqJ4b ChMk0b\" data-language-for-alternatives=\"es\" data-language-to-translate-into=\"ca\" data-phrase-index=\"51\">produce<\/span> <span class=\"JLqJ4b ChMk0b\" data-language-for-alternatives=\"es\" data-language-to-translate-into=\"ca\" data-phrase-index=\"52\">hasta 15<\/span> <span class=\"JLqJ4b ChMk0b\" data-language-for-alternatives=\"es\" data-language-to-translate-into=\"ca\" data-phrase-index=\"53\">d\u00edas antes de<\/span> <span class=\"JLqJ4b ChMk0b\" data-language-for-alternatives=\"es\" data-language-to-translate-into=\"ca\" data-phrase-index=\"54\">la llegada,<\/span> <span class=\"JLqJ4b ChMk0b\" data-language-for-alternatives=\"es\" data-language-to-translate-into=\"ca\" data-phrase-index=\"55\">Casas<\/span> <span class=\"JLqJ4b ChMk0b\" data-language-for-alternatives=\"es\" data-language-to-translate-into=\"ca\" data-phrase-index=\"56\">del<\/span> <span class=\"JLqJ4b ChMk0b\" data-language-for-alternatives=\"es\" data-language-to-translate-into=\"ca\" data-phrase-index=\"57\">Delta<\/span> <span class=\"JLqJ4b ChMk0b\" data-language-for-alternatives=\"es\" data-language-to-translate-into=\"ca\" data-phrase-index=\"58\">reembolsar\u00e1<\/span> <span class=\"JLqJ4b ChMk0b\" data-language-for-alternatives=\"es\" data-language-to-translate-into=\"ca\" data-phrase-index=\"59\">el 100% del<\/span> <span class=\"JLqJ4b ChMk0b\" data-language-for-alternatives=\"es\" data-language-to-translate-into=\"ca\" data-phrase-index=\"60\">dep\u00f3sito dado.<\/span><br \/>\n<span class=\"JLqJ4b ChMk0b\" data-language-for-alternatives=\"es\" data-language-to-translate-into=\"ca\" data-phrase-index=\"62\">\u2022<\/span> <span class=\"JLqJ4b ChMk0b\" data-language-for-alternatives=\"es\" data-language-to-translate-into=\"ca\" data-phrase-index=\"63\">La anulaci\u00f3n<\/span> <span class=\"JLqJ4b ChMk0b\" data-language-for-alternatives=\"es\" data-language-to-translate-into=\"ca\" data-phrase-index=\"64\">de la reserva<\/span> <span class=\"JLqJ4b ChMk0b\" data-language-for-alternatives=\"es\" data-language-to-translate-into=\"ca\" data-phrase-index=\"65\">durante los<\/span> <span class=\"JLqJ4b ChMk0b\" data-language-for-alternatives=\"es\" data-language-to-translate-into=\"ca\" data-phrase-index=\"66\">15 d\u00edas<\/span> <span class=\"JLqJ4b ChMk0b\" data-language-for-alternatives=\"es\" data-language-to-translate-into=\"ca\" data-phrase-index=\"67\">anteriores a la fecha<\/span> <span class=\"JLqJ4b ChMk0b\" data-language-for-alternatives=\"es\" data-language-to-translate-into=\"ca\" data-phrase-index=\"68\">de<\/span> <span class=\"JLqJ4b ChMk0b\" data-language-for-alternatives=\"es\" data-language-to-translate-into=\"ca\" data-phrase-index=\"69\">la ocupaci\u00f3n<\/span> <span class=\"JLqJ4b ChMk0b\" data-language-for-alternatives=\"es\" data-language-to-translate-into=\"ca\" data-phrase-index=\"70\">del alojamiento<\/span> <span class=\"JLqJ4b ChMk0b\" data-language-for-alternatives=\"es\" data-language-to-translate-into=\"ca\" data-phrase-index=\"71\">supondr\u00e1<\/span> <span class=\"JLqJ4b ChMk0b\" data-language-for-alternatives=\"es\" data-language-to-translate-into=\"ca\" data-phrase-index=\"72\">la p\u00e9rdida<\/span> <span class=\"JLqJ4b ChMk0b\" data-language-for-alternatives=\"es\" data-language-to-translate-into=\"ca\" data-phrase-index=\"73\">del<\/span> <span class=\"JLqJ4b ChMk0b\" data-language-for-alternatives=\"es\" data-language-to-translate-into=\"ca\" data-phrase-index=\"74\">100%<\/span> <span class=\"JLqJ4b ChMk0b\" data-language-for-alternatives=\"es\" data-language-to-translate-into=\"ca\" data-phrase-index=\"75\">de la cantidad<\/span> <span class=\"JLqJ4b ChMk0b\" data-language-for-alternatives=\"es\" data-language-to-translate-into=\"ca\" data-phrase-index=\"76\">entregada<\/span> <span class=\"JLqJ4b ChMk0b\" data-language-for-alternatives=\"es\" data-language-to-translate-into=\"ca\" data-phrase-index=\"77\">a cuenta<\/span><span class=\"JLqJ4b ChMk0b\" data-language-for-alternatives=\"es\" data-language-to-translate-into=\"ca\" data-phrase-index=\"78\">,<\/span> <span class=\"JLqJ4b ChMk0b\" data-language-for-alternatives=\"es\" data-language-to-translate-into=\"ca\" data-phrase-index=\"79\">que quedar\u00e1<\/span> <span class=\"JLqJ4b ChMk0b\" data-language-for-alternatives=\"es\" data-language-to-translate-into=\"ca\" data-phrase-index=\"80\">a disposici\u00f3n de la<\/span> <span class=\"JLqJ4b ChMk0b\" data-language-for-alternatives=\"es\" data-language-to-translate-into=\"ca\" data-phrase-index=\"81\">titular de la<\/span> <span class=\"JLqJ4b ChMk0b\" data-language-for-alternatives=\"es\" data-language-to-translate-into=\"ca\" data-phrase-index=\"82\">alojamiento.<\/span><\/p>\n<p>En caso de abandono del establecimiento con antelaci\u00f3n al tiempo pactado entre las dos partes, se cobrar\u00e1 el total del tiempo acordado para la estancia. La fianza de 150\u20ac se devolver\u00e1 una vez se haya comprobado que todo est\u00e9 correcto, mediante transferencia bancaria.<\/p>\n<p><strong>LLEGADA<\/strong><br \/>\nEl horario de entrada al establecimiento ser\u00e1 a partir de las 16h. Si, por cualquier raz\u00f3n, usted planea su llegada antes o despu\u00e9s de este margen horario, le rogamos que nos lo comunique e intentaremos alojarlo en el horario deseado. El cliente tiene la obligaci\u00f3n de pagar en el momento de la presentaci\u00f3n de la factura el precio de la estancia, en ning\u00fan caso, el hecho de presentar una reclamaci\u00f3n le exime de este pago.<\/p>\n<p><strong>SALIDA<\/strong><br \/>\nLa salida se har\u00e1 antes de las 12h. Por favor, soliciten una salida m\u00e1s tard\u00eda, si la necesitan, antes de su llegada y haremos todo lo posible para atender la demanda.<\/p>\n<p><strong>ESTANCIA<\/strong><br \/>\nLa estancia m\u00ednima en la casa es de dos noches durante todo el a\u00f1o, excepto en los per\u00edodos siguientes. La estancia m\u00e1xima se fija en 15 noches.<\/p>\n<p>Agosto. Estancia m\u00ednima 6 noches<br \/>\nSemana Santa. Estancia m\u00ednima 4 noches<br \/>\nPuentes: Estancia m\u00ednima en funci\u00f3n de las fechas.<\/p>\n<p><strong>IDENTIFICACI\u00d3N DE LOS CLIENTES<\/strong><br \/>\nEl cliente debe informar a la direcci\u00f3n el n\u00famero de personas incluidas en la reserva. S\u00f3lo el n\u00famero de personas indicado en la confirmaci\u00f3n de la reserva tiene derecho a ocupar el alojamiento y las instalaciones. Tambi\u00e9n deber\u00e1 comunicar a la direcci\u00f3n si tiene visita de alg\u00fan amigo o familiar, que venga s\u00f3lo a pasar el d\u00eda. En caso de cualquier incumplimiento de las obligaciones mencionadas, el propietario por criterio propio tiene derecho a pedir al cliente que desocupe el establecimiento y el cliente no tendr\u00e1 derecho a ninguna compensaci\u00f3n. Es obligatorio, por ley, registrar a todas las personas alojadas y enviarlo telem\u00e1ticamente a la Direcci\u00f3n General de Mossos. (Art\u00edculo 5.2 del Decreto 164\/2010). Los datos obligatorios para el registro son: nombre completo, fecha de nacimiento, n\u00famero de DNI, fecha de llegada y de salida, nacionalidad.<\/p>\n<p><strong>ANIMALES DOM\u00c9STICOS<\/strong><br \/>\nNo se aceptan mascotas en ninguna de las casas.<\/p>\n<p><strong>RESPONSABILIDAD<\/strong><br \/>\nEl establecimiento no se hace cargo de cualquier p\u00e9rdida, da\u00f1o, anulaci\u00f3n o cualquier gasto adicional sufrida por el cliente, o de cualquier causa que escape del control del propietario. El establecimiento no se responsabiliza de la p\u00e9rdida u olvido de objetos; No obstante, si a la hora de hacer la limpieza se encuentra alg\u00fan objeto en el establecimiento, el propietario no tendr\u00e1 inconveniente de enviarlo a la direcci\u00f3n facilitada mediados env\u00edo a contra reembolso. No est\u00e1 permitido fumar dentro de las casas, tampoco est\u00e1 permitido sacar ni utensilios, ni ropa de cama, mantas, etc. del establecimiento. Las toallas de ba\u00f1o son para este uso, en ning\u00fan caso se utilizar\u00e1n como toallas de playa o piscina. En caso de que se produjera alg\u00fan desperfecto deber\u00e1 comunicarlo a la direcci\u00f3n y siempre antes de la salida del establecimiento, para evitar mal entendidos. El cliente deber\u00e1 abonar el coste del desperfecto. Al finalizar la estancia la casa deber\u00e1 estar recogida, tanto en cuanto a las instalaciones y el mobiliario (mesas, sillas, tumbonas, sof\u00e1s, etc &#8230;.), en las habitaciones (camas deshechas) en los lavabos (toallas usadas en el suelo), etc &#8230;.<\/p>\n<p>El alojamiento agradecer\u00e1 cualquier sugerencia que nos pueda ofrecer el fin de poder hacer m\u00e1s agradable las futuras estancias. Nuestro objetivo principal es que el cliente tenga una buena experiencia de su estancia en los alojamientos de\u00a0<strong>\u00a0Cases del Delta.<\/strong><\/p>\n","protected":false},"excerpt":{"rendered":"<p>Normativa y Condiciones Generales Cases del Delta DISPONIBILIDAD Y CONFIRMACI\u00d3N DE RESERVA Una vez efectuada la aceptaci\u00f3n de la \u00abPre-reserva\u00bb por parte del alojamiento, el cliente dispondr\u00e1 de 48 para hacer efectivo el pago de la paga y se\u00f1al de la reserva que ser\u00e1 del 100\u20ac en estancias cortas de dos a tres noches o &#8230; <a title=\"Normas de la casa\" class=\"read-more\" href=\"https:\/\/casesdeltaebre.com\/es\/les-casetes\/normas-de-la-casa\/\" aria-label=\"M\u00e1s en Normas de la casa\">Leer m\u00e1s<\/a><\/p>\n","protected":false},"author":1,"featured_media":0,"parent":2076,"menu_order":0,"comment_status":"closed","ping_status":"closed","template":"","meta":{"_exactmetrics_skip_tracking":false,"_exactmetrics_sitenote_active":false,"_exactmetrics_sitenote_note":"","_exactmetrics_sitenote_category":0,"footnotes":""},"class_list":["post-2303","page","type-page","status-publish"],"yoast_head":"<!-- This site is optimized with the Yoast SEO plugin v20.2 - https:\/\/yoast.com\/wordpress\/plugins\/seo\/ -->\n<title>Normas de la casa - Cases del Delta<\/title>\n<meta name=\"robots\" content=\"index, follow, max-snippet:-1, max-image-preview:large, max-video-preview:-1\" \/>\n<link rel=\"canonical\" href=\"https:\/\/casesdeltaebre.com\/es\/les-casetes\/normas-de-la-casa\/\" \/>\n<meta property=\"og:locale\" content=\"es_ES\" \/>\n<meta property=\"og:type\" content=\"article\" \/>\n<meta property=\"og:title\" content=\"Normas de la casa - Cases del Delta\" \/>\n<meta property=\"og:description\" content=\"Normativa y Condiciones Generales Cases del Delta DISPONIBILIDAD Y CONFIRMACI\u00d3N DE RESERVA Una vez efectuada la aceptaci\u00f3n de la \u00abPre-reserva\u00bb por parte del alojamiento, el cliente dispondr\u00e1 de 48 para hacer efectivo el pago de la paga y se\u00f1al de la reserva que ser\u00e1 del 100\u20ac en estancias cortas de dos a tres noches o ... Leer m\u00e1s\" \/>\n<meta property=\"og:url\" content=\"https:\/\/casesdeltaebre.com\/es\/les-casetes\/normas-de-la-casa\/\" \/>\n<meta property=\"og:site_name\" content=\"Cases del Delta\" \/>\n<meta property=\"article:modified_time\" content=\"2024-09-10T13:50:02+00:00\" \/>\n<meta name=\"twitter:card\" content=\"summary_large_image\" \/>\n<meta name=\"twitter:label1\" content=\"Tiempo de lectura\" \/>\n\t<meta name=\"twitter:data1\" content=\"5 minutos\" \/>\n<script type=\"application\/ld+json\" class=\"yoast-schema-graph\">{\"@context\":\"https:\/\/schema.org\",\"@graph\":[{\"@type\":\"WebPage\",\"@id\":\"https:\/\/casesdeltaebre.com\/es\/les-casetes\/normas-de-la-casa\/\",\"url\":\"https:\/\/casesdeltaebre.com\/es\/les-casetes\/normas-de-la-casa\/\",\"name\":\"Normas de la casa - Cases del Delta\",\"isPartOf\":{\"@id\":\"https:\/\/casesdeltaebre.com\/es\/#website\"},\"datePublished\":\"2019-07-27T16:43:24+00:00\",\"dateModified\":\"2024-09-10T13:50:02+00:00\",\"breadcrumb\":{\"@id\":\"https:\/\/casesdeltaebre.com\/es\/les-casetes\/normas-de-la-casa\/#breadcrumb\"},\"inLanguage\":\"es\",\"potentialAction\":[{\"@type\":\"ReadAction\",\"target\":[\"https:\/\/casesdeltaebre.com\/es\/les-casetes\/normas-de-la-casa\/\"]}]},{\"@type\":\"BreadcrumbList\",\"@id\":\"https:\/\/casesdeltaebre.com\/es\/les-casetes\/normas-de-la-casa\/#breadcrumb\",\"itemListElement\":[{\"@type\":\"ListItem\",\"position\":1,\"name\":\"Portada\",\"item\":\"https:\/\/casesdeltaebre.com\/es\/\"},{\"@type\":\"ListItem\",\"position\":2,\"name\":\"Precios\",\"item\":\"https:\/\/casesdeltaebre.com\/es\/preus\/\"},{\"@type\":\"ListItem\",\"position\":3,\"name\":\"Normas de la casa\"}]},{\"@type\":\"WebSite\",\"@id\":\"https:\/\/casesdeltaebre.com\/es\/#website\",\"url\":\"https:\/\/casesdeltaebre.com\/es\/\",\"name\":\"Cases del Delta\",\"description\":\"Ecoturisme al Delta de l&#039;Ebre\",\"publisher\":{\"@id\":\"https:\/\/casesdeltaebre.com\/es\/#organization\"},\"potentialAction\":[{\"@type\":\"SearchAction\",\"target\":{\"@type\":\"EntryPoint\",\"urlTemplate\":\"https:\/\/casesdeltaebre.com\/es\/?s={search_term_string}\"},\"query-input\":\"required name=search_term_string\"}],\"inLanguage\":\"es\"},{\"@type\":\"Organization\",\"@id\":\"https:\/\/casesdeltaebre.com\/es\/#organization\",\"name\":\"Cases del Delta\",\"url\":\"https:\/\/casesdeltaebre.com\/es\/\",\"logo\":{\"@type\":\"ImageObject\",\"inLanguage\":\"es\",\"@id\":\"https:\/\/casesdeltaebre.com\/es\/#\/schema\/logo\/image\/\",\"url\":\"https:\/\/casesdeltaebre.com\/wp-content\/uploads\/2019\/06\/cropped-LogoCasesDeltaHoritzontal-1.png\",\"contentUrl\":\"https:\/\/casesdeltaebre.com\/wp-content\/uploads\/2019\/06\/cropped-LogoCasesDeltaHoritzontal-1.png\",\"width\":938,\"height\":205,\"caption\":\"Cases del Delta\"},\"image\":{\"@id\":\"https:\/\/casesdeltaebre.com\/es\/#\/schema\/logo\/image\/\"}}]}<\/script>\n<!-- \/ Yoast SEO plugin. -->","yoast_head_json":{"title":"Normas de la casa - Cases del Delta","robots":{"index":"index","follow":"follow","max-snippet":"max-snippet:-1","max-image-preview":"max-image-preview:large","max-video-preview":"max-video-preview:-1"},"canonical":"https:\/\/casesdeltaebre.com\/es\/les-casetes\/normas-de-la-casa\/","og_locale":"es_ES","og_type":"article","og_title":"Normas de la casa - Cases del Delta","og_description":"Normativa y Condiciones Generales Cases del Delta DISPONIBILIDAD Y CONFIRMACI\u00d3N DE RESERVA Una vez efectuada la aceptaci\u00f3n de la \u00abPre-reserva\u00bb por parte del alojamiento, el cliente dispondr\u00e1 de 48 para hacer efectivo el pago de la paga y se\u00f1al de la reserva que ser\u00e1 del 100\u20ac en estancias cortas de dos a tres noches o ... Leer m\u00e1s","og_url":"https:\/\/casesdeltaebre.com\/es\/les-casetes\/normas-de-la-casa\/","og_site_name":"Cases del Delta","article_modified_time":"2024-09-10T13:50:02+00:00","twitter_card":"summary_large_image","twitter_misc":{"Tiempo de lectura":"5 minutos"},"schema":{"@context":"https:\/\/schema.org","@graph":[{"@type":"WebPage","@id":"https:\/\/casesdeltaebre.com\/es\/les-casetes\/normas-de-la-casa\/","url":"https:\/\/casesdeltaebre.com\/es\/les-casetes\/normas-de-la-casa\/","name":"Normas de la casa - Cases del Delta","isPartOf":{"@id":"https:\/\/casesdeltaebre.com\/es\/#website"},"datePublished":"2019-07-27T16:43:24+00:00","dateModified":"2024-09-10T13:50:02+00:00","breadcrumb":{"@id":"https:\/\/casesdeltaebre.com\/es\/les-casetes\/normas-de-la-casa\/#breadcrumb"},"inLanguage":"es","potentialAction":[{"@type":"ReadAction","target":["https:\/\/casesdeltaebre.com\/es\/les-casetes\/normas-de-la-casa\/"]}]},{"@type":"BreadcrumbList","@id":"https:\/\/casesdeltaebre.com\/es\/les-casetes\/normas-de-la-casa\/#breadcrumb","itemListElement":[{"@type":"ListItem","position":1,"name":"Portada","item":"https:\/\/casesdeltaebre.com\/es\/"},{"@type":"ListItem","position":2,"name":"Precios","item":"https:\/\/casesdeltaebre.com\/es\/preus\/"},{"@type":"ListItem","position":3,"name":"Normas de la casa"}]},{"@type":"WebSite","@id":"https:\/\/casesdeltaebre.com\/es\/#website","url":"https:\/\/casesdeltaebre.com\/es\/","name":"Cases del Delta","description":"Ecoturisme al Delta de l&#039;Ebre","publisher":{"@id":"https:\/\/casesdeltaebre.com\/es\/#organization"},"potentialAction":[{"@type":"SearchAction","target":{"@type":"EntryPoint","urlTemplate":"https:\/\/casesdeltaebre.com\/es\/?s={search_term_string}"},"query-input":"required name=search_term_string"}],"inLanguage":"es"},{"@type":"Organization","@id":"https:\/\/casesdeltaebre.com\/es\/#organization","name":"Cases del Delta","url":"https:\/\/casesdeltaebre.com\/es\/","logo":{"@type":"ImageObject","inLanguage":"es","@id":"https:\/\/casesdeltaebre.com\/es\/#\/schema\/logo\/image\/","url":"https:\/\/casesdeltaebre.com\/wp-content\/uploads\/2019\/06\/cropped-LogoCasesDeltaHoritzontal-1.png","contentUrl":"https:\/\/casesdeltaebre.com\/wp-content\/uploads\/2019\/06\/cropped-LogoCasesDeltaHoritzontal-1.png","width":938,"height":205,"caption":"Cases del Delta"},"image":{"@id":"https:\/\/casesdeltaebre.com\/es\/#\/schema\/logo\/image\/"}}]}},"_links":{"self":[{"href":"https:\/\/casesdeltaebre.com\/es\/wp-json\/wp\/v2\/pages\/2303","targetHints":{"allow":["GET"]}}],"collection":[{"href":"https:\/\/casesdeltaebre.com\/es\/wp-json\/wp\/v2\/pages"}],"about":[{"href":"https:\/\/casesdeltaebre.com\/es\/wp-json\/wp\/v2\/types\/page"}],"author":[{"embeddable":true,"href":"https:\/\/casesdeltaebre.com\/es\/wp-json\/wp\/v2\/users\/1"}],"replies":[{"embeddable":true,"href":"https:\/\/casesdeltaebre.com\/es\/wp-json\/wp\/v2\/comments?post=2303"}],"version-history":[{"count":10,"href":"https:\/\/casesdeltaebre.com\/es\/wp-json\/wp\/v2\/pages\/2303\/revisions"}],"predecessor-version":[{"id":5257,"href":"https:\/\/casesdeltaebre.com\/es\/wp-json\/wp\/v2\/pages\/2303\/revisions\/5257"}],"up":[{"embeddable":true,"href":"https:\/\/casesdeltaebre.com\/es\/wp-json\/wp\/v2\/pages\/2076"}],"wp:attachment":[{"href":"https:\/\/casesdeltaebre.com\/es\/wp-json\/wp\/v2\/media?parent=2303"}],"curies":[{"name":"wp","href":"https:\/\/api.w.org\/{rel}","templated":true}]}}