{"id":2257,"date":"2019-07-12T14:34:20","date_gmt":"2019-07-12T14:34:20","guid":{"rendered":"https:\/\/casesdeltaebre.com\/aviso-legal\/"},"modified":"2020-11-19T18:25:30","modified_gmt":"2020-11-19T18:25:30","slug":"aviso-legal","status":"publish","type":"page","link":"https:\/\/casesdeltaebre.com\/es\/aviso-legal\/","title":{"rendered":"Aviso legal"},"content":{"rendered":"<h3>Cases del Delta Ecoturisme<\/h3>\n<h4><strong>HUTTE-1534<\/strong><\/h4>\n<h4><strong>HUTTE-0618<\/strong><\/h4>\n<h4><strong>HUTTE-2068<\/strong><\/h4>\n<h4>Anna Borr\u00e0s Cesena<\/h4>\n<h4>Carrer Ferderic MAr\u00e8s 46 2-2<\/h4>\n<h4>08450 Llinars del Valles<\/h4>\n<h4>Barcelona<\/h4>\n<h4>46221971K<\/h4>\n<p><a href=\"mailto:info@casesdeltaebre.com\">info@casesdeltaebre.com<\/a><\/p>\n<p><strong>Punto de Informaci\u00f3n del Parque Natural del Delta del Ebro<\/strong><\/p>\n<p><strong>Acreditada con la Carta Europea de Turismo Sostenible<\/strong><\/p>\n<p><strong>Delta del Ebro Ecotourism (Asociaci\u00f3n de Empresas y Actividades Tur\u00edsticas del Delta del Ebro)<\/strong><\/p>\n<p><strong>Asociaci\u00f3n de Turismo Rural de las Tierras del Ebro (ATUREBRE)<\/strong><\/p>\n<p>Esta web y su contenido es propiedad de Anna Borr\u00e0s Cesena, que bajo el nombre de Casas del Delta Ecoturismo, es la editoria y propietaria de la misma.<\/p>\n<p>Se proh\u00edbe cualquier transmisi\u00f3n, cesi\u00f3n, venta, alquiler y \/ o exposici\u00f3n p\u00fablica de esta web o cualquier parte de la misma salvo autorizaci\u00f3n previa, expresa y por escrito. El usuario se obliga a usar los contenidos de la forma diligente, correcta y l\u00edcita y, en particular, se compromete a abstenerse de utilizar los Contenidos de forma, con fines o efectos contrarios a la ley, a la moral ya las buenas costumbres generalmente aceptadas o al orden p\u00fablico; se compromete a no reproducir o copiar, distribuir, permitir el acceso del p\u00fablico a trav\u00e9s de cualquier modalidad y comunicaci\u00f3n p\u00fablica, transformar o modificar los contenidos, a menos que se cuente con la autorizaci\u00f3n del titular de los correspondientes derechos o ello resulte legalmente permitido; suprimir, editar o manipular el \u00abcopyright\u00bb.<\/p>\n<p>Anna Borr\u00e0s Cesena se reserva el derecho de modificar el contenido de la web sin previo aviso y sin ning\u00fan tipo de limitaci\u00f3n.<\/p>\n<p>Mediante el presente documento se informa a los usuarios de esta web de las condiciones generales que rigen para la utilizaci\u00f3n y \/ o consulta. La utilizaci\u00f3n y \/ o consulta de esta web supone por parte de los visitantes la aceptaci\u00f3n plena y sin reserva de condiciones expuestas en este documento.<\/p>\n<p>El usuario se obliga a indemnizar Anna Borr\u00e0s Cesena por cualquier da\u00f1o o perjuicio que pudiera ocasionar por el uso de esta web, infringiendo estas condiciones generales y \/ o la legalidad vigente.<\/p>\n<p>Anna Borr\u00e0s Cesena se reserva el derecho de modificar las condiciones legales que se expone en este documento sin previo aviso.<\/p>\n<p>Anna Borr\u00e0s Cesena no garantiza la ausencia de virus ni de otros elementos en la web que puedan producir alteraciones en su sistema inform\u00e1tico.<\/p>\n<p>Anna Borr\u00e0s Cesena declina cualquier responsabilidad por los servicios y \/ o informaci\u00f3n que se preste en otras webs enlazadas con esta web.<\/p>\n<p>Anna Borr\u00e0s Cesena no controla ni ejerce ning\u00fan tipo de supervisi\u00f3n en webs de terceros.<\/p>\n","protected":false},"excerpt":{"rendered":"<p>Cases del Delta Ecoturisme HUTTE-1534 HUTTE-0618 HUTTE-2068 Anna Borr\u00e0s Cesena Carrer Ferderic MAr\u00e8s 46 2-2 08450 Llinars del Valles Barcelona 46221971K info@casesdeltaebre.com Punto de Informaci\u00f3n del Parque Natural del Delta del Ebro Acreditada con la Carta Europea de Turismo Sostenible Delta del Ebro Ecotourism (Asociaci\u00f3n de Empresas y Actividades Tur\u00edsticas del Delta del Ebro) Asociaci\u00f3n &#8230; <a title=\"Aviso legal\" class=\"read-more\" href=\"https:\/\/casesdeltaebre.com\/es\/aviso-legal\/\" aria-label=\"M\u00e1s en Aviso legal\">Leer m\u00e1s<\/a><\/p>\n","protected":false},"author":1,"featured_media":0,"parent":0,"menu_order":0,"comment_status":"closed","ping_status":"closed","template":"","meta":{"_exactmetrics_skip_tracking":false,"_exactmetrics_sitenote_active":false,"_exactmetrics_sitenote_note":"","_exactmetrics_sitenote_category":0,"footnotes":""},"class_list":["post-2257","page","type-page","status-publish"],"yoast_head":"<!-- This site is optimized with the Yoast SEO plugin v20.2 - https:\/\/yoast.com\/wordpress\/plugins\/seo\/ -->\n<title>Aviso legal - Cases del Delta<\/title>\n<meta name=\"robots\" content=\"index, follow, max-snippet:-1, max-image-preview:large, max-video-preview:-1\" \/>\n<link rel=\"canonical\" href=\"https:\/\/casesdeltaebre.com\/es\/aviso-legal\/\" \/>\n<meta property=\"og:locale\" content=\"es_ES\" \/>\n<meta property=\"og:type\" content=\"article\" \/>\n<meta property=\"og:title\" content=\"Aviso legal - Cases del Delta\" \/>\n<meta property=\"og:description\" content=\"Cases del Delta Ecoturisme HUTTE-1534 HUTTE-0618 HUTTE-2068 Anna Borr\u00e0s Cesena Carrer Ferderic MAr\u00e8s 46 2-2 08450 Llinars del Valles Barcelona 46221971K info@casesdeltaebre.com Punto de Informaci\u00f3n del Parque Natural del Delta del Ebro Acreditada con la Carta Europea de Turismo Sostenible Delta del Ebro Ecotourism (Asociaci\u00f3n de Empresas y Actividades Tur\u00edsticas del Delta del Ebro) Asociaci\u00f3n ... Leer m\u00e1s\" \/>\n<meta property=\"og:url\" content=\"https:\/\/casesdeltaebre.com\/es\/aviso-legal\/\" \/>\n<meta property=\"og:site_name\" content=\"Cases del Delta\" \/>\n<meta property=\"article:modified_time\" content=\"2020-11-19T18:25:30+00:00\" \/>\n<meta name=\"twitter:card\" content=\"summary_large_image\" \/>\n<meta name=\"twitter:label1\" content=\"Tiempo de lectura\" \/>\n\t<meta name=\"twitter:data1\" content=\"2 minutos\" \/>\n<script type=\"application\/ld+json\" class=\"yoast-schema-graph\">{\"@context\":\"https:\/\/schema.org\",\"@graph\":[{\"@type\":\"WebPage\",\"@id\":\"https:\/\/casesdeltaebre.com\/es\/aviso-legal\/\",\"url\":\"https:\/\/casesdeltaebre.com\/es\/aviso-legal\/\",\"name\":\"Aviso legal - Cases del Delta\",\"isPartOf\":{\"@id\":\"https:\/\/casesdeltaebre.com\/es\/#website\"},\"datePublished\":\"2019-07-12T14:34:20+00:00\",\"dateModified\":\"2020-11-19T18:25:30+00:00\",\"breadcrumb\":{\"@id\":\"https:\/\/casesdeltaebre.com\/es\/aviso-legal\/#breadcrumb\"},\"inLanguage\":\"es\",\"potentialAction\":[{\"@type\":\"ReadAction\",\"target\":[\"https:\/\/casesdeltaebre.com\/es\/aviso-legal\/\"]}]},{\"@type\":\"BreadcrumbList\",\"@id\":\"https:\/\/casesdeltaebre.com\/es\/aviso-legal\/#breadcrumb\",\"itemListElement\":[{\"@type\":\"ListItem\",\"position\":1,\"name\":\"Portada\",\"item\":\"https:\/\/casesdeltaebre.com\/es\/\"},{\"@type\":\"ListItem\",\"position\":2,\"name\":\"Aviso legal\"}]},{\"@type\":\"WebSite\",\"@id\":\"https:\/\/casesdeltaebre.com\/es\/#website\",\"url\":\"https:\/\/casesdeltaebre.com\/es\/\",\"name\":\"Cases del Delta\",\"description\":\"Ecoturisme al Delta de l&#039;Ebre\",\"publisher\":{\"@id\":\"https:\/\/casesdeltaebre.com\/es\/#organization\"},\"potentialAction\":[{\"@type\":\"SearchAction\",\"target\":{\"@type\":\"EntryPoint\",\"urlTemplate\":\"https:\/\/casesdeltaebre.com\/es\/?s={search_term_string}\"},\"query-input\":\"required name=search_term_string\"}],\"inLanguage\":\"es\"},{\"@type\":\"Organization\",\"@id\":\"https:\/\/casesdeltaebre.com\/es\/#organization\",\"name\":\"Cases del Delta\",\"url\":\"https:\/\/casesdeltaebre.com\/es\/\",\"logo\":{\"@type\":\"ImageObject\",\"inLanguage\":\"es\",\"@id\":\"https:\/\/casesdeltaebre.com\/es\/#\/schema\/logo\/image\/\",\"url\":\"https:\/\/casesdeltaebre.com\/wp-content\/uploads\/2019\/06\/cropped-LogoCasesDeltaHoritzontal-1.png\",\"contentUrl\":\"https:\/\/casesdeltaebre.com\/wp-content\/uploads\/2019\/06\/cropped-LogoCasesDeltaHoritzontal-1.png\",\"width\":938,\"height\":205,\"caption\":\"Cases del Delta\"},\"image\":{\"@id\":\"https:\/\/casesdeltaebre.com\/es\/#\/schema\/logo\/image\/\"}}]}<\/script>\n<!-- \/ Yoast SEO plugin. -->","yoast_head_json":{"title":"Aviso legal - Cases del Delta","robots":{"index":"index","follow":"follow","max-snippet":"max-snippet:-1","max-image-preview":"max-image-preview:large","max-video-preview":"max-video-preview:-1"},"canonical":"https:\/\/casesdeltaebre.com\/es\/aviso-legal\/","og_locale":"es_ES","og_type":"article","og_title":"Aviso legal - Cases del Delta","og_description":"Cases del Delta Ecoturisme HUTTE-1534 HUTTE-0618 HUTTE-2068 Anna Borr\u00e0s Cesena Carrer Ferderic MAr\u00e8s 46 2-2 08450 Llinars del Valles Barcelona 46221971K info@casesdeltaebre.com Punto de Informaci\u00f3n del Parque Natural del Delta del Ebro Acreditada con la Carta Europea de Turismo Sostenible Delta del Ebro Ecotourism (Asociaci\u00f3n de Empresas y Actividades Tur\u00edsticas del Delta del Ebro) Asociaci\u00f3n ... Leer m\u00e1s","og_url":"https:\/\/casesdeltaebre.com\/es\/aviso-legal\/","og_site_name":"Cases del Delta","article_modified_time":"2020-11-19T18:25:30+00:00","twitter_card":"summary_large_image","twitter_misc":{"Tiempo de lectura":"2 minutos"},"schema":{"@context":"https:\/\/schema.org","@graph":[{"@type":"WebPage","@id":"https:\/\/casesdeltaebre.com\/es\/aviso-legal\/","url":"https:\/\/casesdeltaebre.com\/es\/aviso-legal\/","name":"Aviso legal - Cases del Delta","isPartOf":{"@id":"https:\/\/casesdeltaebre.com\/es\/#website"},"datePublished":"2019-07-12T14:34:20+00:00","dateModified":"2020-11-19T18:25:30+00:00","breadcrumb":{"@id":"https:\/\/casesdeltaebre.com\/es\/aviso-legal\/#breadcrumb"},"inLanguage":"es","potentialAction":[{"@type":"ReadAction","target":["https:\/\/casesdeltaebre.com\/es\/aviso-legal\/"]}]},{"@type":"BreadcrumbList","@id":"https:\/\/casesdeltaebre.com\/es\/aviso-legal\/#breadcrumb","itemListElement":[{"@type":"ListItem","position":1,"name":"Portada","item":"https:\/\/casesdeltaebre.com\/es\/"},{"@type":"ListItem","position":2,"name":"Aviso legal"}]},{"@type":"WebSite","@id":"https:\/\/casesdeltaebre.com\/es\/#website","url":"https:\/\/casesdeltaebre.com\/es\/","name":"Cases del Delta","description":"Ecoturisme al Delta de l&#039;Ebre","publisher":{"@id":"https:\/\/casesdeltaebre.com\/es\/#organization"},"potentialAction":[{"@type":"SearchAction","target":{"@type":"EntryPoint","urlTemplate":"https:\/\/casesdeltaebre.com\/es\/?s={search_term_string}"},"query-input":"required name=search_term_string"}],"inLanguage":"es"},{"@type":"Organization","@id":"https:\/\/casesdeltaebre.com\/es\/#organization","name":"Cases del Delta","url":"https:\/\/casesdeltaebre.com\/es\/","logo":{"@type":"ImageObject","inLanguage":"es","@id":"https:\/\/casesdeltaebre.com\/es\/#\/schema\/logo\/image\/","url":"https:\/\/casesdeltaebre.com\/wp-content\/uploads\/2019\/06\/cropped-LogoCasesDeltaHoritzontal-1.png","contentUrl":"https:\/\/casesdeltaebre.com\/wp-content\/uploads\/2019\/06\/cropped-LogoCasesDeltaHoritzontal-1.png","width":938,"height":205,"caption":"Cases del Delta"},"image":{"@id":"https:\/\/casesdeltaebre.com\/es\/#\/schema\/logo\/image\/"}}]}},"_links":{"self":[{"href":"https:\/\/casesdeltaebre.com\/es\/wp-json\/wp\/v2\/pages\/2257","targetHints":{"allow":["GET"]}}],"collection":[{"href":"https:\/\/casesdeltaebre.com\/es\/wp-json\/wp\/v2\/pages"}],"about":[{"href":"https:\/\/casesdeltaebre.com\/es\/wp-json\/wp\/v2\/types\/page"}],"author":[{"embeddable":true,"href":"https:\/\/casesdeltaebre.com\/es\/wp-json\/wp\/v2\/users\/1"}],"replies":[{"embeddable":true,"href":"https:\/\/casesdeltaebre.com\/es\/wp-json\/wp\/v2\/comments?post=2257"}],"version-history":[{"count":2,"href":"https:\/\/casesdeltaebre.com\/es\/wp-json\/wp\/v2\/pages\/2257\/revisions"}],"predecessor-version":[{"id":3558,"href":"https:\/\/casesdeltaebre.com\/es\/wp-json\/wp\/v2\/pages\/2257\/revisions\/3558"}],"wp:attachment":[{"href":"https:\/\/casesdeltaebre.com\/es\/wp-json\/wp\/v2\/media?parent=2257"}],"curies":[{"name":"wp","href":"https:\/\/api.w.org\/{rel}","templated":true}]}}