{"id":2084,"date":"2019-06-27T07:25:46","date_gmt":"2019-06-27T07:25:46","guid":{"rendered":"https:\/\/casesdeltaebre.com\/instalaciones-y-recorridos\/"},"modified":"2022-03-30T15:13:10","modified_gmt":"2022-03-30T15:13:10","slug":"instalaciones-y-recorridos","status":"publish","type":"page","link":"https:\/\/casesdeltaebre.com\/es\/parque-natural-del-delta-del-ebro\/instalaciones-y-recorridos\/","title":{"rendered":"Instalaciones y recorridos"},"content":{"rendered":"<section class=\"wpb-content-wrapper\"><p>[vc_row][vc_column][vc_column_text]El Delta del Ebro es zona protegida desde 1983 como parque natural y fue considerado Reserva de la Biosfera en 2013. El parque tiene varios puntos de inter\u00e9s en cuanto a la observaci\u00f3n de aves, del entorno y de los diversos ecosistemas que lo forman::<\/p>\n<h2><strong>Hemidelta derecho:<\/strong><\/h2>\n<p><a href=\"http:\/\/enjoyingdelta.com\/2013\/03\/16\/illa-de-buda\/\"><strong>Illa de Buda<\/strong><\/a>. El acceso es restringido, aunque hay algunos d\u00edas del a\u00f1o con la entrada permitida, ya que es una importante \u00e1rea de nidificaci\u00f3n a proteger especialmente. Cerca est\u00e1 el observatorio de Migjorn que permite tener una buena visi\u00f3n. Se puede rodear en barco o kayak.<\/p>\n<p><strong>Bassa de la Platjola.<\/strong> Un paraje virgen situado cerca de la playa de la Platjola.<\/p>\n<p><strong>Bassa de la Tancada:<\/strong> Hay un carril bici que lleva hasta la laguna de la Encanyissada (<a href=\"http:\/\/enjoyingdelta.com\/2013\/02\/05\/la-ruta-de-les-llacunes\/\" target=\"_blank\" rel=\"noopener noreferrer\">Ruta de las lagunas<\/a>). Tiene dos miradores. Es uno de los mejor puntos para ver flamencos, a veces se re\u00fanen m\u00e1s de 10 mil ejemplares, todo un espect\u00e1culo. El punto id\u00f3neo para contemplarlo es el mirador situado en la carretera que va desde la playa de Eucaliptus hasta la del Trabucador..<\/p>\n<p><strong>Laguna de L\u2019Encanyissada.\u00a0<\/strong>Muy cerca del Poblenou del Delta, es la laguna m\u00e1s grande del Delta, de unas 900 hect\u00e1reas y una profundidad de 114 cm. Est\u00e1 comunicada de forma natural con el mar -con la bah\u00eda de los Alfacs, en trav\u00e9s de la Gola Vella, pero tambi\u00e9n de forma artificial por los desag\u00fces que van desde la laguna hasta la bah\u00eda. Es un importante n\u00facleo de nidificaci\u00f3n de aves..<br \/>\nAdem\u00e1s de la <a href=\"http:\/\/enjoyingdelta.com\/2012\/12\/31\/casa-de-fusta\/\" target=\"_blank\" rel=\"noopener noreferrer\">casa de Fusta<\/a>, donde se puede contemplar una exposici\u00f3n sobre la fauna de la zona, tambi\u00e9n encontramos una gran barraca tradicional que es punto de informaci\u00f3n y agro-tienda, un restaurante y un centro de actividades. Hay un carril bici de 3,4 kil\u00f3metros y cinco miradores.<\/p>\n<p><strong>Punta de la Banya.<\/strong> Ll otro brazo del delta mira hacia la bah\u00eda de los Alfaques. Es uno de los mejores lugares para ver flamencos. Hay un mirador.<\/p>\n<p><a href=\"http:\/\/enjoyingdelta.com\/2013\/08\/17\/els-ullals-de-baltasar\/\" target=\"_blank\" rel=\"noopener noreferrer\"><strong>Ullals de Baltassar.<\/strong><\/a> Camino de San Carlos de la R\u00e1pita, a mano izquierda se hallan estas surgencias de agua que han creado un ecosistema muy diferente del resto del delta. Como si de otro mundo se tratara, los Ullals de Baltasar son una especie de rinc\u00f3n ex\u00f3tico en esta gran llanura que es el Delta. La vegetaci\u00f3n alta y salvaje protege estas surgencias de agua dulce que proceden de las cercanas monta\u00f1as de la sierra del Montsi\u00e0 y de los Puertos. El agua hace un largo viaje por el interior de la tierra y aparece en este lugar creando un paisaje fant\u00e1stico formado por peque\u00f1os lagos, rodeados por bosques de eucaliptos. Se llega en coche por la carretera que une Amposta y San Carlos de la R\u00e1pita. Una serie de senderos se\u00f1alizados y delimitados por vallas de madera marcan el itinerario y permite al visitante contemplar el conjunto y su flora y fauna peculiares sin perderse nada. Durante el recorrido se pueden observar tortugas, ranas y aves peculiares como las currucas capirotada y los abejarucos. Los bosques de eucalipto y la presencia de nen\u00fafares son tambi\u00e9n distintivos de esta zona declarada refugio de pesca y reserva local de caza.[\/vc_column_text][\/vc_column][\/vc_row][vc_row][vc_column][vc_gallery type=\u00bbflexslider_slide\u00bb interval=\u00bb3&#8243; images=\u00bb119,300,301,289,496,495,555,559,580,790,792,793,1839,1868,304&#8243; img_size=\u00bblarge\u00bb][vc_column_text]<\/p>\n<h2><strong>Hemidelta izquierdo:<\/strong><\/h2>\n<p><strong>Bassa de les Olles<\/strong>\u00a0consta de cinco miradores, un carril para bicicletas de cuatro kil\u00f3metros de recorrido y un \u00e1rea de servicio.<\/p>\n<p><strong>Punta del Fangar<\/strong>. No hay acceso motorizado. Se trata del brazo norte del delta que tiene una superficie de 517 hect\u00e1reas. Encontramos un mirador y el faro rodeado de espejismos. Vive una colonia de xarracs, la m\u00e1s importante de la Pen\u00ednsula. Para llegar hay que dejar el coche en la playa de la Marquesa y hacer a pie unos 4 kil\u00f3metros. Es un agradable paseo que transcurre por la orilla del mar.<\/p>\n<p><strong>Bassa del Garxal<\/strong>. Encontramos un carril bici de tres kil\u00f3metros y cinco miradores, entre los que destaca el Zigurat, una gran construcci\u00f3n de madera en la que vive una gran cantidad de aves.<\/p>\n<p><img decoding=\"async\" title=\"gallery link=&quot;file&quot; columns=&quot;5&quot; ids=&quot;300,302,303,304,305&quot;\" src=\"http:\/\/casesdeltaebre.com\/wp-includes\/js\/tinymce\/plugins\/wpgallery\/img\/t.gif\" alt=\"\" \/>[\/vc_column_text][\/vc_column][\/vc_row][vc_row][vc_column][vc_column_text]<\/p>\n<h3 style=\"text-align: center;\"><strong>Todos los puntos de inter\u00e9s del Parque Natural se pueden visitar haciendo las rutas que propone el mismo parque.<\/strong><br \/>\n<strong>Hay nueve en total.<\/strong><\/h3>\n<p>&nbsp;<\/p>\n<p style=\"text-align: center;\"><a href=\"https:\/\/parcsnaturals.gencat.cat\/ca\/xarxa-de-parcs\/delta-ebre\/gaudeix-del-parc\/equipaments-i-itineraris\/itineraris\/index.html\" target=\"_blank\" rel=\"noopener noreferrer\"><strong>Itinerarios por el Delta del Ebro en catal\u00e1n, espa\u00f1ol, franc\u00e9s e ingl\u00e9s<\/strong><\/a><\/p>\n<p>[\/vc_column_text][\/vc_column][\/vc_row]<\/p>\n<\/section>","protected":false},"excerpt":{"rendered":"<p>[vc_row][vc_column][vc_column_text]El Delta del Ebro es zona protegida desde 1983 como parque natural y fue considerado Reserva de la Biosfera en 2013. El parque tiene varios puntos de inter\u00e9s en cuanto a la observaci\u00f3n de aves, del entorno y de los diversos ecosistemas que lo forman:: Hemidelta derecho: Illa de Buda. El acceso es restringido, aunque &#8230; <a title=\"Instalaciones y recorridos\" class=\"read-more\" href=\"https:\/\/casesdeltaebre.com\/es\/parque-natural-del-delta-del-ebro\/instalaciones-y-recorridos\/\" aria-label=\"M\u00e1s en Instalaciones y recorridos\">Leer m\u00e1s<\/a><\/p>\n","protected":false},"author":1,"featured_media":0,"parent":1781,"menu_order":0,"comment_status":"closed","ping_status":"closed","template":"","meta":{"_exactmetrics_skip_tracking":false,"_exactmetrics_sitenote_active":false,"_exactmetrics_sitenote_note":"","_exactmetrics_sitenote_category":0,"footnotes":""},"class_list":["post-2084","page","type-page","status-publish"],"yoast_head":"<!-- This site is optimized with the Yoast SEO plugin v20.2 - https:\/\/yoast.com\/wordpress\/plugins\/seo\/ -->\n<title>Instalaciones y recorridos - Cases del Delta<\/title>\n<meta name=\"description\" content=\"Todo lo que debes saber para conocer el Delta del Ebro. Rutas, actividades y propuestas para disfrutar de la visita.\" \/>\n<meta name=\"robots\" content=\"index, follow, max-snippet:-1, max-image-preview:large, max-video-preview:-1\" \/>\n<link rel=\"canonical\" href=\"https:\/\/casesdeltaebre.com\/es\/parque-natural-del-delta-del-ebro\/instalaciones-y-recorridos\/\" \/>\n<meta property=\"og:locale\" content=\"es_ES\" \/>\n<meta property=\"og:type\" content=\"article\" \/>\n<meta property=\"og:title\" content=\"Instalaciones y recorridos - Cases del Delta\" \/>\n<meta property=\"og:description\" content=\"Todo lo que debes saber para conocer el Delta del Ebro. Rutas, actividades y propuestas para disfrutar de la visita.\" \/>\n<meta property=\"og:url\" content=\"https:\/\/casesdeltaebre.com\/es\/parque-natural-del-delta-del-ebro\/instalaciones-y-recorridos\/\" \/>\n<meta property=\"og:site_name\" content=\"Cases del Delta\" \/>\n<meta property=\"article:modified_time\" content=\"2022-03-30T15:13:10+00:00\" \/>\n<meta property=\"og:image\" content=\"http:\/\/casesdeltaebre.com\/wp-includes\/js\/tinymce\/plugins\/wpgallery\/img\/t.gif\" \/>\n<meta name=\"twitter:card\" content=\"summary_large_image\" \/>\n<meta name=\"twitter:label1\" content=\"Tiempo de lectura\" \/>\n\t<meta name=\"twitter:data1\" content=\"4 minutos\" \/>\n<script type=\"application\/ld+json\" class=\"yoast-schema-graph\">{\"@context\":\"https:\/\/schema.org\",\"@graph\":[{\"@type\":\"WebPage\",\"@id\":\"https:\/\/casesdeltaebre.com\/es\/parque-natural-del-delta-del-ebro\/instalaciones-y-recorridos\/\",\"url\":\"https:\/\/casesdeltaebre.com\/es\/parque-natural-del-delta-del-ebro\/instalaciones-y-recorridos\/\",\"name\":\"Instalaciones y recorridos - Cases del Delta\",\"isPartOf\":{\"@id\":\"https:\/\/casesdeltaebre.com\/es\/#website\"},\"datePublished\":\"2019-06-27T07:25:46+00:00\",\"dateModified\":\"2022-03-30T15:13:10+00:00\",\"description\":\"Todo lo que debes saber para conocer el Delta del Ebro. Rutas, actividades y propuestas para disfrutar de la visita.\",\"breadcrumb\":{\"@id\":\"https:\/\/casesdeltaebre.com\/es\/parque-natural-del-delta-del-ebro\/instalaciones-y-recorridos\/#breadcrumb\"},\"inLanguage\":\"es\",\"potentialAction\":[{\"@type\":\"ReadAction\",\"target\":[\"https:\/\/casesdeltaebre.com\/es\/parque-natural-del-delta-del-ebro\/instalaciones-y-recorridos\/\"]}]},{\"@type\":\"BreadcrumbList\",\"@id\":\"https:\/\/casesdeltaebre.com\/es\/parque-natural-del-delta-del-ebro\/instalaciones-y-recorridos\/#breadcrumb\",\"itemListElement\":[{\"@type\":\"ListItem\",\"position\":1,\"name\":\"Portada\",\"item\":\"https:\/\/casesdeltaebre.com\/es\/\"},{\"@type\":\"ListItem\",\"position\":2,\"name\":\"Vive la experiencia Delta\",\"item\":\"https:\/\/casesdeltaebre.com\/es\/vive-la-experiencia-delta\/\"},{\"@type\":\"ListItem\",\"position\":3,\"name\":\"Parque Natural del Delta del Ebro\",\"item\":\"https:\/\/casesdeltaebre.com\/es\/vive-la-experiencia-delta\/parque-natural-del-delta-del-ebro\/\"},{\"@type\":\"ListItem\",\"position\":4,\"name\":\"Instalaciones y recorridos\"}]},{\"@type\":\"WebSite\",\"@id\":\"https:\/\/casesdeltaebre.com\/es\/#website\",\"url\":\"https:\/\/casesdeltaebre.com\/es\/\",\"name\":\"Cases del Delta\",\"description\":\"Ecoturisme al Delta de l&#039;Ebre\",\"publisher\":{\"@id\":\"https:\/\/casesdeltaebre.com\/es\/#organization\"},\"potentialAction\":[{\"@type\":\"SearchAction\",\"target\":{\"@type\":\"EntryPoint\",\"urlTemplate\":\"https:\/\/casesdeltaebre.com\/es\/?s={search_term_string}\"},\"query-input\":\"required name=search_term_string\"}],\"inLanguage\":\"es\"},{\"@type\":\"Organization\",\"@id\":\"https:\/\/casesdeltaebre.com\/es\/#organization\",\"name\":\"Cases del Delta\",\"url\":\"https:\/\/casesdeltaebre.com\/es\/\",\"logo\":{\"@type\":\"ImageObject\",\"inLanguage\":\"es\",\"@id\":\"https:\/\/casesdeltaebre.com\/es\/#\/schema\/logo\/image\/\",\"url\":\"https:\/\/casesdeltaebre.com\/wp-content\/uploads\/2019\/06\/cropped-LogoCasesDeltaHoritzontal-1.png\",\"contentUrl\":\"https:\/\/casesdeltaebre.com\/wp-content\/uploads\/2019\/06\/cropped-LogoCasesDeltaHoritzontal-1.png\",\"width\":938,\"height\":205,\"caption\":\"Cases del Delta\"},\"image\":{\"@id\":\"https:\/\/casesdeltaebre.com\/es\/#\/schema\/logo\/image\/\"}}]}<\/script>\n<!-- \/ Yoast SEO plugin. -->","yoast_head_json":{"title":"Instalaciones y recorridos - Cases del Delta","description":"Todo lo que debes saber para conocer el Delta del Ebro. Rutas, actividades y propuestas para disfrutar de la visita.","robots":{"index":"index","follow":"follow","max-snippet":"max-snippet:-1","max-image-preview":"max-image-preview:large","max-video-preview":"max-video-preview:-1"},"canonical":"https:\/\/casesdeltaebre.com\/es\/parque-natural-del-delta-del-ebro\/instalaciones-y-recorridos\/","og_locale":"es_ES","og_type":"article","og_title":"Instalaciones y recorridos - Cases del Delta","og_description":"Todo lo que debes saber para conocer el Delta del Ebro. Rutas, actividades y propuestas para disfrutar de la visita.","og_url":"https:\/\/casesdeltaebre.com\/es\/parque-natural-del-delta-del-ebro\/instalaciones-y-recorridos\/","og_site_name":"Cases del Delta","article_modified_time":"2022-03-30T15:13:10+00:00","og_image":[{"url":"http:\/\/casesdeltaebre.com\/wp-includes\/js\/tinymce\/plugins\/wpgallery\/img\/t.gif"}],"twitter_card":"summary_large_image","twitter_misc":{"Tiempo de lectura":"4 minutos"},"schema":{"@context":"https:\/\/schema.org","@graph":[{"@type":"WebPage","@id":"https:\/\/casesdeltaebre.com\/es\/parque-natural-del-delta-del-ebro\/instalaciones-y-recorridos\/","url":"https:\/\/casesdeltaebre.com\/es\/parque-natural-del-delta-del-ebro\/instalaciones-y-recorridos\/","name":"Instalaciones y recorridos - Cases del Delta","isPartOf":{"@id":"https:\/\/casesdeltaebre.com\/es\/#website"},"datePublished":"2019-06-27T07:25:46+00:00","dateModified":"2022-03-30T15:13:10+00:00","description":"Todo lo que debes saber para conocer el Delta del Ebro. Rutas, actividades y propuestas para disfrutar de la visita.","breadcrumb":{"@id":"https:\/\/casesdeltaebre.com\/es\/parque-natural-del-delta-del-ebro\/instalaciones-y-recorridos\/#breadcrumb"},"inLanguage":"es","potentialAction":[{"@type":"ReadAction","target":["https:\/\/casesdeltaebre.com\/es\/parque-natural-del-delta-del-ebro\/instalaciones-y-recorridos\/"]}]},{"@type":"BreadcrumbList","@id":"https:\/\/casesdeltaebre.com\/es\/parque-natural-del-delta-del-ebro\/instalaciones-y-recorridos\/#breadcrumb","itemListElement":[{"@type":"ListItem","position":1,"name":"Portada","item":"https:\/\/casesdeltaebre.com\/es\/"},{"@type":"ListItem","position":2,"name":"Vive la experiencia Delta","item":"https:\/\/casesdeltaebre.com\/es\/vive-la-experiencia-delta\/"},{"@type":"ListItem","position":3,"name":"Parque Natural del Delta del Ebro","item":"https:\/\/casesdeltaebre.com\/es\/vive-la-experiencia-delta\/parque-natural-del-delta-del-ebro\/"},{"@type":"ListItem","position":4,"name":"Instalaciones y recorridos"}]},{"@type":"WebSite","@id":"https:\/\/casesdeltaebre.com\/es\/#website","url":"https:\/\/casesdeltaebre.com\/es\/","name":"Cases del Delta","description":"Ecoturisme al Delta de l&#039;Ebre","publisher":{"@id":"https:\/\/casesdeltaebre.com\/es\/#organization"},"potentialAction":[{"@type":"SearchAction","target":{"@type":"EntryPoint","urlTemplate":"https:\/\/casesdeltaebre.com\/es\/?s={search_term_string}"},"query-input":"required name=search_term_string"}],"inLanguage":"es"},{"@type":"Organization","@id":"https:\/\/casesdeltaebre.com\/es\/#organization","name":"Cases del Delta","url":"https:\/\/casesdeltaebre.com\/es\/","logo":{"@type":"ImageObject","inLanguage":"es","@id":"https:\/\/casesdeltaebre.com\/es\/#\/schema\/logo\/image\/","url":"https:\/\/casesdeltaebre.com\/wp-content\/uploads\/2019\/06\/cropped-LogoCasesDeltaHoritzontal-1.png","contentUrl":"https:\/\/casesdeltaebre.com\/wp-content\/uploads\/2019\/06\/cropped-LogoCasesDeltaHoritzontal-1.png","width":938,"height":205,"caption":"Cases del Delta"},"image":{"@id":"https:\/\/casesdeltaebre.com\/es\/#\/schema\/logo\/image\/"}}]}},"_links":{"self":[{"href":"https:\/\/casesdeltaebre.com\/es\/wp-json\/wp\/v2\/pages\/2084","targetHints":{"allow":["GET"]}}],"collection":[{"href":"https:\/\/casesdeltaebre.com\/es\/wp-json\/wp\/v2\/pages"}],"about":[{"href":"https:\/\/casesdeltaebre.com\/es\/wp-json\/wp\/v2\/types\/page"}],"author":[{"embeddable":true,"href":"https:\/\/casesdeltaebre.com\/es\/wp-json\/wp\/v2\/users\/1"}],"replies":[{"embeddable":true,"href":"https:\/\/casesdeltaebre.com\/es\/wp-json\/wp\/v2\/comments?post=2084"}],"version-history":[{"count":5,"href":"https:\/\/casesdeltaebre.com\/es\/wp-json\/wp\/v2\/pages\/2084\/revisions"}],"predecessor-version":[{"id":4439,"href":"https:\/\/casesdeltaebre.com\/es\/wp-json\/wp\/v2\/pages\/2084\/revisions\/4439"}],"up":[{"embeddable":true,"href":"https:\/\/casesdeltaebre.com\/es\/wp-json\/wp\/v2\/pages\/1781"}],"wp:attachment":[{"href":"https:\/\/casesdeltaebre.com\/es\/wp-json\/wp\/v2\/media?parent=2084"}],"curies":[{"name":"wp","href":"https:\/\/api.w.org\/{rel}","templated":true}]}}