{"id":2042,"date":"2019-06-23T16:22:45","date_gmt":"2019-06-23T16:22:45","guid":{"rendered":"https:\/\/casesdeltaebre.com\/vive-la-experiencia-del-delta\/"},"modified":"2024-12-06T12:11:58","modified_gmt":"2024-12-06T12:11:58","slug":"vive-la-experiencia-del-delta","status":"publish","type":"page","link":"https:\/\/casesdeltaebre.com\/es\/vive-la-experiencia-del-delta\/","title":{"rendered":"Qu\u00e9 podemos hacer"},"content":{"rendered":"<section class=\"wpb-content-wrapper\"><p>[vc_row][vc_column][vc_column_text]<\/p>\n<h3 style=\"text-align: center;\">Todos los alojamientos de Cases del Delta est\u00e1n situados en el coraz\u00f3n del Delta, en lugares estrat\u00e9gicos para recorrer y conocer los lugares m\u00e1s interesantes del territorio.<\/h3>\n<p>[\/vc_column_text][\/vc_column][\/vc_row][vc_row][vc_column][vc_custom_heading text=\u00bbVisitas y actividades\u00bb font_container=\u00bbtag:h2|text_align:center|color:%233d7722&#8243; google_fonts=\u00bbfont_family:PT%20Sans%20Narrow%3Aregular%2C700|font_style:400%20regular%3A400%3Anormal\u00bb][\/vc_column][\/vc_row][vc_row][vc_column width=\u00bb1\/3&#8243;][vc_column_text]<strong>Paseo Fluvial<\/strong><\/p>\n<p>Una de los paseos m\u00e1s bellos y f\u00e1ciles \u00a1 que se pueden hacer en Sant Jaume d&#8217;Enveja es el recorrido por el paseo fluvial que transcurre paralelo al r\u00edo a lo largo de treinta kil\u00f3metros. Se puede optar por la ruta hacia la desembocadura, es decir hacia la derecha, o bien ir r\u00edo arriba hacia Amposta. Ambas direcciones son recomendables. A lo largo del camino veremos bosques de ribera, todo tipo de vegetaci\u00f3n mediterr\u00e1nea y con suerte podremos observar bandadas de aves. La duraci\u00f3n de la excursi\u00f3n depende de cada uno.<\/p>\n<p><strong>Distancia<\/strong>: Una vez se llega al puente Lo Passador, que comunica Sant Jaume con Deltebre, se puede seguir por el Paseo Fluvial durante 8,7 km hasta la isla de Buda. El primer tramo es asfaltado, los \u00faltimos 7 km son por una pista de tierra. Encontrar\u00e1 bancos, alguna zona de picnic, as\u00ed como paneles informativos sobre la fauna y la flora de la zona. Al llegar a la isla de Buda tendr\u00e1 que volver atr\u00e1s.[\/vc_column_text][vc_single_image image=\u00bb1682&#8243; img_size=\u00bblarge\u00bb alignment=\u00bbcenter\u00bb][vc_column_text]<strong>Cruceros por el r\u00edo.<\/strong><\/p>\n<p>Desde Deltebre salen varios barcos que recorren el Ebro hasta la desembocadura con vistas a la Isla de Buda y del brazo de Migjorn. Duraci\u00f3n 1&#8217;30 minutos. Otra opci\u00f3n es ir hasta Riumar (hemidelta izquierdo) para hacer una traves\u00eda de 45 minutos por la desembocadura. Estos barcos salen de delante del Restaurante Casa Nuri, situado cerca de la desembocadura.<\/p>\n<p><strong>Hay dos modalidades de cruceros:<\/strong><br \/>\n<strong>1-<\/strong> los que salen de Deltebre que hacen un trayecto de 1&#8217;20 h Tel. 977 077 022 &#8211; 645 927 110 <a href=\"http:\/\/crucerosdeltadelebro.es\" target=\"_blank\" rel=\"noopener\">Cruceros Delta del Ebro<\/a><\/p>\n<p><strong>2-<\/strong> los que s\u00f3lo hacen la vuelta por la desembocadura y salen de Riumar (trayecto 40 minutos). Tel. 977.480.128 &#8211; 977.267.672 <a href=\"http:\/\/creuersdeltaebre.com\" target=\"_blank\" rel=\"noopener\">Creuers del Delta<\/a><\/p>\n<p>&nbsp;<br \/>\n[\/vc_column_text][vc_single_image image=\u00bb1921&#8243; img_size=\u00bblarge\u00bb alignment=\u00bbcenter\u00bb][vc_column_text]<strong><span style=\"font-size: 12pt; caret-color: #000000; font-family: GillSans;\"><a href=\"https:\/\/www.monnaturadelta.com\/es\/home\/portada\">M\u00f3nNatura Delta de l\u2019Ebre<\/a> <\/span><\/strong><\/p>\n<p>Situado en la laguna de la Tancada, MonNatura es un espacio pensado para dar a conocer y difundir la riqueza y variedad del entorno natural del Delta del Ebro Proponemos pues una visita a esta antigua piscifactor\u00eda que la Fundaci\u00f3n La Pedrera ha recuperado y tambi\u00e9n a la laguna de la Tancada. No se pierdan la vista desde el mirador, desde donde podr\u00e1n observar miles de flamencos. Ofrecen un amplio abanico de actividades, sobre todo para los m\u00e1s peque\u00f1os.[\/vc_column_text][vc_single_image image=\u00bb1915&#8243; img_size=\u00bbfull\u00bb alignment=\u00bbcenter\u00bb][\/vc_column][vc_column width=\u00bb1\/3&#8243;][vc_empty_space][vc_column_text]<br \/>\n<strong>Centro de Interpretaci\u00f3n del Arroz La Torra de Camarles.<\/strong><\/p>\n<p>Una visita muy interesante si queremos saber c\u00f3mo era la vida en estas tierras hace cien a\u00f1os y c\u00f3mo ha evolucionado el cultivo del arroz. Las visitas guiadas son muy recomendables.<br \/>\n[\/vc_column_text][vc_single_image image=\u00bb946&#8243; img_size=\u00bblarge\u00bb alignment=\u00bbcenter\u00bb][vc_empty_space][vc_column_text]<a href=\"http:\/\/www.moliderafelet.com\" target=\"_blank\" rel=\"noopener\"><strong>Mol\u00ed de Rafelet.<\/strong><\/a><\/p>\n<p>En las visitas al molino de madera Mol\u00ed de Rafelet se puede conocer el cultivo, el proceso de elaboraci\u00f3n, el envasado del arroz, as\u00ed como, su conservaci\u00f3n, las formas de cocinarlo y las variedades como el bomba, marisma, ecol\u00f3gico, &#8230;[\/vc_column_text][vc_single_image image=\u00bb1891&#8243; img_size=\u00bblarge\u00bb alignment=\u00bbcenter\u00bb][vc_column_text]<\/p>\n<div class=\"page\" title=\"Page 4\">\n<div class=\"layoutArea\">\n<div class=\"column\">\n<p><strong>Actividades en kayak con\u00a0<a href=\"https:\/\/www.riualebre.com\" target=\"_blank\" rel=\"noopener\">Riu a l&#8217;Ebre<\/a>. <\/strong><\/p>\n<p>Una de las maneras m\u00e1s recomendables de conocer este territorio es desde el r\u00edo y tambi\u00e9n por mar. La empresa <strong>Riu a l&#8217;Ebre<\/strong> ofrece un amplia oferta de posibilidades para navegar y descubrir rincones ins\u00f3litos del Ebro (isla de Gracia, isla de Sapinya, la desembocadura &#8230;) y por las bah\u00edas del Delta (excursi\u00f3n a las mejilloneras de la bah\u00eda del Fangar, Mirador Delta y la ruta hasta la Torre de San Joan en la bah\u00eda de los Alfacs). Tambi\u00e9n organizan <strong>rutas guiadas en bicicleta y furgoneta<\/strong> por los lugares m\u00e1s emblem\u00e1ticos del Delta del Ebro. Tel. 600 47 10 78<\/p>\n<\/div>\n<\/div>\n<\/div>\n<p>[\/vc_column_text][vc_single_image image=\u00bb1628&#8243; img_size=\u00bbfull\u00bb alignment=\u00bbcenter\u00bb][vc_column_text]<br \/>\n<strong><a href=\"http:\/\/www.deltapolet.com\/\">Delta Polet o el Delta m\u00e1s aut\u00e9ntico.<\/a><\/strong><\/p>\n<p>Si quer\u00e9is saber m\u00e1s sobre el cultivo ancestral del arroz, las costumbres de esta tierra, realizar actividades en la naturaleza, descubrir las aves y otros animales de la fauna aut\u00f3ctona del Delta, deb\u00e9is contactar con Josep Polet. Una experiencia que os encantar\u00e1.<br \/>\n[\/vc_column_text][vc_single_image image=\u00bb1926&#8243; img_size=\u00bbfull\u00bb alignment=\u00bbcenter\u00bb][vc_column_text]<\/p>\n<div class=\"page\" title=\"Page 5\">\n<div class=\"layoutArea\">\n<div class=\"column\">\n<p><a href=\"https:\/\/xarternauticeli.com\" target=\"_blank\" rel=\"noopener\"><strong>Xarter N\u00e0utic Eli. <\/strong><\/a><\/p>\n<p>Descubre el Delta del Ebro navegando. Viajes a la carta por la desembocadura del Ebro. Una experiencia \u00fanica, contacto directo con el mar de la mano de una experta patrona, Eli, que conoce como nadie estas aguas. A bordo de la Skipper Black, una lancha con capacidad para 12 personas, equipada con un motor de gran potencia, se recorre el r\u00edo suavemente y se adentra en el Mediterr\u00e1neo a toda velocidad.<\/p>\n<\/div>\n<\/div>\n<\/div>\n<p>[\/vc_column_text][vc_single_image image=\u00bb1953&#8243; img_size=\u00bbfull\u00bb alignment=\u00bbcenter\u00bb][\/vc_column][vc_column width=\u00bb1\/3&#8243;][vc_empty_space][vc_column_text]<\/p>\n<div class=\"page\" title=\"Page 3\">\n<div class=\"layoutArea\">\n<div class=\"column\">\n<p><a href=\"http:\/\/www.santjaumeturisme.cat\/centre-dinterpretacio-de-barraques\/\" target=\"_blank\" rel=\"noopener\"><strong>Centro de Interpretaci\u00f3n de las Barraques<\/strong>.<\/a><\/p>\n<p>Situado en el pueblo de Sant Jaume d&#8217;Enveja, este peque\u00f1o museo muestra una exposici\u00f3n sobre la vida, el trabajo y la vivienda de los primeros pobladores del Delta. Las barracas son construcciones t\u00edpicas hechas con los elementos que la naturaleza les ofrec\u00eda, ca\u00f1as, barro y barr\u00f3n. Hay podemos ver maquetas de antiguas barracas, fotograf\u00edas, saber c\u00f3mo se hac\u00edan, qu\u00e9 usos ten\u00edan y conocer un sistema de vida totalmente adaptado al entorno.<\/p>\n<\/div>\n<\/div>\n<\/div>\n<p>[\/vc_column_text][vc_single_image image=\u00bb1896&#8243; img_size=\u00bblarge\u00bb alignment=\u00bbcenter\u00bb][vc_empty_space][vc_column_text]<\/p>\n<div class=\"page\" title=\"Page 3\">\n<div class=\"layoutArea\">\n<div class=\"column\">\n<p><a href=\"https:\/\/www.ecoherbes.com\" target=\"_blank\" rel=\"noopener\"><strong>Ecoherbes Park. <\/strong><\/a><\/p>\n<p>El Jard\u00edn Bot\u00e1nico Medicinal Ecoherbes Park es un gran espacio natural donde los visitantes pueden pasear, reencontrarse con la naturaleza y descubrir las m\u00e1s de 400 especies de plantas arom\u00e1ticas y medicinales que crecen en \u00e9l.<\/p>\n<\/div>\n<\/div>\n<\/div>\n<p>[\/vc_column_text][vc_single_image image=\u00bb1900&#8243; img_size=\u00bblarge\u00bb alignment=\u00bbcenter\u00bb][vc_column_text]<br \/>\n<strong>Mejilloneras en la bah\u00eda de los Alfaques<\/strong><\/p>\n<p>La gran bah\u00eda del sur est\u00e1 protegida por la Punta de la Ba\u00f1a, uno de los lugares m\u00e1s emblem\u00e1ticos del Delta, protegido como parque natural y hogar de una de las colonias estables de flamencos m\u00e1s numerosas de Europa. La traves\u00eda por la bah\u00eda permite conocer el cultivo de mejillones y degustarlos en pleno mar.<\/p>\n<p><strong>Degustaci\u00f3n de mejillones en la bah\u00eda de los Alfaques<\/strong><\/p>\n<p><strong>Muscl\u00e0rium.<\/strong> Una de las mejores experiencias gastron\u00f3micas del Delta. Te llevan en barca hasta la mejillonera, donde ofrecen una comida de mejillones y ostras. Tel. 638 283 986<\/p>\n<p>Otra opci\u00f3n es la <strong>Mejillonera del Avi Agust\u00ed<\/strong>.<br \/>\n[\/vc_column_text][vc_single_image image=\u00bb1911&#8243; img_size=\u00bbfull\u00bb alignment=\u00bbcenter\u00bb][vc_column_text]<a href=\"http:\/\/www.miradorbadia.com\" target=\"_blank\" rel=\"noopener\"><strong>Mirador Badia.<\/strong><\/a><\/p>\n<p>Si quieres hacer una ruta por la bah\u00eda del Fangar, admirar los acantilados de la costa de L&#8217;Ampolla, conocer las mejilloneras y hacer una cata de mejillones y ostras con excelentes vistas puedes ir hasta la poblaci\u00f3n de L&#8217;Ampolla de donde sale la embarcaci\u00f3n de Mirador Badia. Una opci\u00f3n excelente para pasar un d\u00eda inolvidable.[\/vc_column_text][vc_single_image image=\u00bb1958&#8243; img_size=\u00bbfull\u00bb alignment=\u00bbcenter\u00bb][\/vc_column][\/vc_row][vc_row][vc_column][\/vc_column][\/vc_row]<\/p>\n<\/section>","protected":false},"excerpt":{"rendered":"<p>[vc_row][vc_column][vc_column_text] Todos los alojamientos de Cases del Delta est\u00e1n situados en el coraz\u00f3n del Delta, en lugares estrat\u00e9gicos para recorrer y conocer los lugares m\u00e1s interesantes del territorio. [\/vc_column_text][\/vc_column][\/vc_row][vc_row][vc_column][vc_custom_heading text=\u00bbVisitas y actividades\u00bb font_container=\u00bbtag:h2|text_align:center|color:%233d7722&#8243; google_fonts=\u00bbfont_family:PT%20Sans%20Narrow%3Aregular%2C700|font_style:400%20regular%3A400%3Anormal\u00bb][\/vc_column][\/vc_row][vc_row][vc_column width=\u00bb1\/3&#8243;][vc_column_text]Paseo Fluvial Una de los paseos m\u00e1s bellos y f\u00e1ciles \u00a1 que se pueden hacer en Sant Jaume d&#8217;Enveja es el &#8230; <a title=\"Qu\u00e9 podemos hacer\" class=\"read-more\" href=\"https:\/\/casesdeltaebre.com\/es\/vive-la-experiencia-del-delta\/\" aria-label=\"M\u00e1s en Qu\u00e9 podemos hacer\">Leer m\u00e1s<\/a><\/p>\n","protected":false},"author":1,"featured_media":0,"parent":0,"menu_order":0,"comment_status":"closed","ping_status":"closed","template":"","meta":{"_exactmetrics_skip_tracking":false,"_exactmetrics_sitenote_active":false,"_exactmetrics_sitenote_note":"","_exactmetrics_sitenote_category":0,"footnotes":""},"class_list":["post-2042","page","type-page","status-publish"],"yoast_head":"<!-- This site is optimized with the Yoast SEO plugin v20.2 - https:\/\/yoast.com\/wordpress\/plugins\/seo\/ -->\n<title>Qu\u00e9 podemos hacer - Cases del Delta<\/title>\n<meta name=\"description\" content=\"Todo lo que debes saber para conocer y disfrutar del Delta del Ebro. Las mejores visitas, todas las actividades, gastronom\u00eda ... No te lo pierdas.\" \/>\n<meta name=\"robots\" content=\"index, follow, max-snippet:-1, max-image-preview:large, max-video-preview:-1\" \/>\n<link rel=\"canonical\" href=\"https:\/\/casesdeltaebre.com\/es\/vive-la-experiencia-del-delta\/\" \/>\n<meta property=\"og:locale\" content=\"es_ES\" \/>\n<meta property=\"og:type\" content=\"article\" \/>\n<meta property=\"og:title\" content=\"Qu\u00e9 podemos hacer - Cases del Delta\" \/>\n<meta property=\"og:description\" content=\"Todo lo que debes saber para conocer y disfrutar del Delta del Ebro. Las mejores visitas, todas las actividades, gastronom\u00eda ... No te lo pierdas.\" \/>\n<meta property=\"og:url\" content=\"https:\/\/casesdeltaebre.com\/es\/vive-la-experiencia-del-delta\/\" \/>\n<meta property=\"og:site_name\" content=\"Cases del Delta\" \/>\n<meta property=\"article:modified_time\" content=\"2024-12-06T12:11:58+00:00\" \/>\n<meta name=\"twitter:card\" content=\"summary_large_image\" \/>\n<meta name=\"twitter:label1\" content=\"Tiempo de lectura\" \/>\n\t<meta name=\"twitter:data1\" content=\"7 minutos\" \/>\n<script type=\"application\/ld+json\" class=\"yoast-schema-graph\">{\"@context\":\"https:\/\/schema.org\",\"@graph\":[{\"@type\":\"WebPage\",\"@id\":\"https:\/\/casesdeltaebre.com\/es\/vive-la-experiencia-del-delta\/\",\"url\":\"https:\/\/casesdeltaebre.com\/es\/vive-la-experiencia-del-delta\/\",\"name\":\"Qu\u00e9 podemos hacer - Cases del Delta\",\"isPartOf\":{\"@id\":\"https:\/\/casesdeltaebre.com\/es\/#website\"},\"datePublished\":\"2019-06-23T16:22:45+00:00\",\"dateModified\":\"2024-12-06T12:11:58+00:00\",\"description\":\"Todo lo que debes saber para conocer y disfrutar del Delta del Ebro. Las mejores visitas, todas las actividades, gastronom\u00eda ... No te lo pierdas.\",\"breadcrumb\":{\"@id\":\"https:\/\/casesdeltaebre.com\/es\/vive-la-experiencia-del-delta\/#breadcrumb\"},\"inLanguage\":\"es\",\"potentialAction\":[{\"@type\":\"ReadAction\",\"target\":[\"https:\/\/casesdeltaebre.com\/es\/vive-la-experiencia-del-delta\/\"]}]},{\"@type\":\"BreadcrumbList\",\"@id\":\"https:\/\/casesdeltaebre.com\/es\/vive-la-experiencia-del-delta\/#breadcrumb\",\"itemListElement\":[{\"@type\":\"ListItem\",\"position\":1,\"name\":\"Portada\",\"item\":\"https:\/\/casesdeltaebre.com\/es\/\"},{\"@type\":\"ListItem\",\"position\":2,\"name\":\"Qu\u00e9 podemos hacer\"}]},{\"@type\":\"WebSite\",\"@id\":\"https:\/\/casesdeltaebre.com\/es\/#website\",\"url\":\"https:\/\/casesdeltaebre.com\/es\/\",\"name\":\"Cases del Delta\",\"description\":\"Ecoturisme al Delta de l&#039;Ebre\",\"publisher\":{\"@id\":\"https:\/\/casesdeltaebre.com\/es\/#organization\"},\"potentialAction\":[{\"@type\":\"SearchAction\",\"target\":{\"@type\":\"EntryPoint\",\"urlTemplate\":\"https:\/\/casesdeltaebre.com\/es\/?s={search_term_string}\"},\"query-input\":\"required name=search_term_string\"}],\"inLanguage\":\"es\"},{\"@type\":\"Organization\",\"@id\":\"https:\/\/casesdeltaebre.com\/es\/#organization\",\"name\":\"Cases del Delta\",\"url\":\"https:\/\/casesdeltaebre.com\/es\/\",\"logo\":{\"@type\":\"ImageObject\",\"inLanguage\":\"es\",\"@id\":\"https:\/\/casesdeltaebre.com\/es\/#\/schema\/logo\/image\/\",\"url\":\"https:\/\/casesdeltaebre.com\/wp-content\/uploads\/2019\/06\/cropped-LogoCasesDeltaHoritzontal-1.png\",\"contentUrl\":\"https:\/\/casesdeltaebre.com\/wp-content\/uploads\/2019\/06\/cropped-LogoCasesDeltaHoritzontal-1.png\",\"width\":938,\"height\":205,\"caption\":\"Cases del Delta\"},\"image\":{\"@id\":\"https:\/\/casesdeltaebre.com\/es\/#\/schema\/logo\/image\/\"}}]}<\/script>\n<!-- \/ Yoast SEO plugin. -->","yoast_head_json":{"title":"Qu\u00e9 podemos hacer - Cases del Delta","description":"Todo lo que debes saber para conocer y disfrutar del Delta del Ebro. Las mejores visitas, todas las actividades, gastronom\u00eda ... No te lo pierdas.","robots":{"index":"index","follow":"follow","max-snippet":"max-snippet:-1","max-image-preview":"max-image-preview:large","max-video-preview":"max-video-preview:-1"},"canonical":"https:\/\/casesdeltaebre.com\/es\/vive-la-experiencia-del-delta\/","og_locale":"es_ES","og_type":"article","og_title":"Qu\u00e9 podemos hacer - Cases del Delta","og_description":"Todo lo que debes saber para conocer y disfrutar del Delta del Ebro. Las mejores visitas, todas las actividades, gastronom\u00eda ... No te lo pierdas.","og_url":"https:\/\/casesdeltaebre.com\/es\/vive-la-experiencia-del-delta\/","og_site_name":"Cases del Delta","article_modified_time":"2024-12-06T12:11:58+00:00","twitter_card":"summary_large_image","twitter_misc":{"Tiempo de lectura":"7 minutos"},"schema":{"@context":"https:\/\/schema.org","@graph":[{"@type":"WebPage","@id":"https:\/\/casesdeltaebre.com\/es\/vive-la-experiencia-del-delta\/","url":"https:\/\/casesdeltaebre.com\/es\/vive-la-experiencia-del-delta\/","name":"Qu\u00e9 podemos hacer - Cases del Delta","isPartOf":{"@id":"https:\/\/casesdeltaebre.com\/es\/#website"},"datePublished":"2019-06-23T16:22:45+00:00","dateModified":"2024-12-06T12:11:58+00:00","description":"Todo lo que debes saber para conocer y disfrutar del Delta del Ebro. Las mejores visitas, todas las actividades, gastronom\u00eda ... No te lo pierdas.","breadcrumb":{"@id":"https:\/\/casesdeltaebre.com\/es\/vive-la-experiencia-del-delta\/#breadcrumb"},"inLanguage":"es","potentialAction":[{"@type":"ReadAction","target":["https:\/\/casesdeltaebre.com\/es\/vive-la-experiencia-del-delta\/"]}]},{"@type":"BreadcrumbList","@id":"https:\/\/casesdeltaebre.com\/es\/vive-la-experiencia-del-delta\/#breadcrumb","itemListElement":[{"@type":"ListItem","position":1,"name":"Portada","item":"https:\/\/casesdeltaebre.com\/es\/"},{"@type":"ListItem","position":2,"name":"Qu\u00e9 podemos hacer"}]},{"@type":"WebSite","@id":"https:\/\/casesdeltaebre.com\/es\/#website","url":"https:\/\/casesdeltaebre.com\/es\/","name":"Cases del Delta","description":"Ecoturisme al Delta de l&#039;Ebre","publisher":{"@id":"https:\/\/casesdeltaebre.com\/es\/#organization"},"potentialAction":[{"@type":"SearchAction","target":{"@type":"EntryPoint","urlTemplate":"https:\/\/casesdeltaebre.com\/es\/?s={search_term_string}"},"query-input":"required name=search_term_string"}],"inLanguage":"es"},{"@type":"Organization","@id":"https:\/\/casesdeltaebre.com\/es\/#organization","name":"Cases del Delta","url":"https:\/\/casesdeltaebre.com\/es\/","logo":{"@type":"ImageObject","inLanguage":"es","@id":"https:\/\/casesdeltaebre.com\/es\/#\/schema\/logo\/image\/","url":"https:\/\/casesdeltaebre.com\/wp-content\/uploads\/2019\/06\/cropped-LogoCasesDeltaHoritzontal-1.png","contentUrl":"https:\/\/casesdeltaebre.com\/wp-content\/uploads\/2019\/06\/cropped-LogoCasesDeltaHoritzontal-1.png","width":938,"height":205,"caption":"Cases del Delta"},"image":{"@id":"https:\/\/casesdeltaebre.com\/es\/#\/schema\/logo\/image\/"}}]}},"_links":{"self":[{"href":"https:\/\/casesdeltaebre.com\/es\/wp-json\/wp\/v2\/pages\/2042","targetHints":{"allow":["GET"]}}],"collection":[{"href":"https:\/\/casesdeltaebre.com\/es\/wp-json\/wp\/v2\/pages"}],"about":[{"href":"https:\/\/casesdeltaebre.com\/es\/wp-json\/wp\/v2\/types\/page"}],"author":[{"embeddable":true,"href":"https:\/\/casesdeltaebre.com\/es\/wp-json\/wp\/v2\/users\/1"}],"replies":[{"embeddable":true,"href":"https:\/\/casesdeltaebre.com\/es\/wp-json\/wp\/v2\/comments?post=2042"}],"version-history":[{"count":19,"href":"https:\/\/casesdeltaebre.com\/es\/wp-json\/wp\/v2\/pages\/2042\/revisions"}],"predecessor-version":[{"id":5426,"href":"https:\/\/casesdeltaebre.com\/es\/wp-json\/wp\/v2\/pages\/2042\/revisions\/5426"}],"wp:attachment":[{"href":"https:\/\/casesdeltaebre.com\/es\/wp-json\/wp\/v2\/media?parent=2042"}],"curies":[{"name":"wp","href":"https:\/\/api.w.org\/{rel}","templated":true}]}}