{"id":2014,"date":"2019-06-16T09:06:22","date_gmt":"2019-06-16T09:06:22","guid":{"rendered":"https:\/\/casesdeltaebre.com\/como-llegar\/"},"modified":"2024-12-06T12:02:06","modified_gmt":"2024-12-06T12:02:06","slug":"como-llegar","status":"publish","type":"page","link":"https:\/\/casesdeltaebre.com\/es\/como-llegar\/","title":{"rendered":"C\u00f3mo llegar"},"content":{"rendered":"<section class=\"wpb-content-wrapper\"><p>[vc_row][vc_column width=\u00bb1\/4&#8243;][\/vc_column][vc_column width=\u00bb1\/2&#8243;][vc_custom_heading text=\u00bbCasetes del Delta (Gran y Petita)\u00bb font_container=\u00bbtag:h3|text_align:center|color:%2336a7af\u00bb google_fonts=\u00bbfont_family:Arimo%3Aregular%2Citalic%2C700%2C700italic|font_style:400%20regular%3A400%3Anormal\u00bb][vc_custom_heading text=\u00bbSant Jaume d&#8217;Enveja\u00bb font_container=\u00bbtag:h3|text_align:center|color:%2336a7af\u00bb google_fonts=\u00bbfont_family:Arimo%3Aregular%2Citalic%2C700%2C700italic|font_style:400%20regular%3A400%3Anormal\u00bb][vc_single_image image=\u00bb2733&#8243; img_size=\u00bbfull\u00bb alignment=\u00bbcenter\u00bb][vc_column_text]<\/p>\n<h3>Coordenadas GPS:<\/h3>\n<ul>\n<li>\n<h4>40.71170823399534,<\/h4>\n<\/li>\n<li>\n<h4>0.6889551983325409<\/h4>\n<\/li>\n<\/ul>\n<p>[\/vc_column_text][vc_gmaps link=\u00bb#E-8_JTNDaWZyYW1lJTIwc3JjJTNEJTIyaHR0cHMlM0ElMkYlMkZ3d3cuZ29vZ2xlLmNvbSUyRm1hcHMlMkZlbWJlZCUzRnBiJTNEJTIxMW0xOCUyMTFtMTIlMjExbTMlMjExZDMwMjQuMjkxNzEwNzAyMDElMjEyZDAuNjg2NzYxMTUxNzg2MDE3NyUyMTNkNDAuNzExNTk0Mzc5MjMwNjclMjEybTMlMjExZjAlMjEyZjAlMjEzZjAlMjEzbTIlMjExaTEwMjQlMjEyaTc2OCUyMTRmMTMuMSUyMTNtMyUyMTFtMiUyMTFzMHgxMmExMDY5ZWU2Y2VjZGRkJTI1M0EweGNiNWE3ZmI3OGVhODM0NSUyMTJzQ2FzZXRlcyUyNTIwZGVsJTI1MjBEZWx0YSUyMTVlMCUyMTNtMiUyMTFzY2ElMjEyc2VzJTIxNHYxNTkwNDAwNzU4MTgwJTIxNW0yJTIxMXNjYSUyMTJzZXMlMjIlMjB3aWR0aCUzRCUyMjQwMCUyMiUyMGhlaWdodCUzRCUyMjMwMCUyMiUyMGZyYW1lYm9yZGVyJTNEJTIyMCUyMiUyMHN0eWxlJTNEJTIyYm9yZGVyJTNBMCUzQiUyMiUyMGFsbG93ZnVsbHNjcmVlbiUzRCUyMiUyMiUyMGFyaWEtaGlkZGVuJTNEJTIyZmFsc2UlMjIlMjB0YWJpbmRleCUzRCUyMjAlMjIlM0UlM0MlMkZpZnJhbWUlM0U=\u00bb][vc_separator color=\u00bbturquoise\u00bb border_width=\u00bb3&#8243;][\/vc_column][vc_column width=\u00bb1\/4&#8243;][\/vc_column][\/vc_row][vc_row][vc_column width=\u00bb1\/4&#8243;][vc_single_image image=\u00bb4036&#8243; img_size=\u00bb80&#215;80&#8243;][\/vc_column][vc_column width=\u00bb1\/4&#8243;][vc_column_text]<strong>Desde Barcelona<\/strong><br \/>\nAP-7 salida 39 L\u2019Ampolla. N-340 direcci\u00f3n Deltebre-Sant Jaume d\u2019Enveja carretera TV 3401.<\/p>\n<p>AP-7 salida 41 Amposta-Sant Carles de la R\u00e0pita. N-340 direcci\u00f3n sur. Girar a mano izquierda en direcci\u00f3n TV 3405 Sant Jaume.<\/p>\n<p>[\/vc_column_text][\/vc_column][vc_column width=\u00bb1\/4&#8243;][vc_column_text]<strong>Desde Valencia<\/strong><br \/>\nAP-7 salida 41 Amposta. N-340 direcci\u00f3n sur. Girar a mano derecha direcci\u00f3n TV 3405 Sant Jaume.<\/p>\n<p>N340 hasta Amposta. Girar en direcci\u00f3n a Sant Jaume antes de cruzar el puente del r\u00edo Ebro. Tomar la TV3405.<\/p>\n<p>[\/vc_column_text][\/vc_column][vc_column width=\u00bb1\/4&#8243;][vc_column_text]<strong>Desde Arag\u00f3n<\/strong><br \/>\nN420 y C-12 direcci\u00f3n Tortosa y Amposta. TV3405[\/vc_column_text][\/vc_column][\/vc_row][vc_row][vc_column][vc_column_text]<\/p>\n<h3>Tambi\u00e9n se puede llegar a nuestros alojamientos en transporte p\u00fablico, en tren o en bus desde Barcelona y otras ciudades.<\/h3>\n<p>[\/vc_column_text][vc_row_inner][vc_column_inner width=\u00bb1\/4&#8243;][vc_single_image image=\u00bb4044&#8243; img_size=\u00bb80&#215;80&#8243;][\/vc_column_inner][vc_column_inner width=\u00bb3\/4&#8243;][vc_column_text]<a href=\"http:\/\/www.renfe.com\/viajeros\/\"><img loading=\"lazy\" decoding=\"async\" class=\"wp-image-763 alignleft\" src=\"https:\/\/casesdeltaebre.com\/wp-content\/uploads\/2018\/10\/Renfe.png\" sizes=\"auto, (max-width: 90px) 100vw, 90px\" srcset=\"https:\/\/casesdeltaebre.com\/wp-content\/uploads\/2018\/10\/Renfe.png 250w, https:\/\/casesdeltaebre.com\/wp-content\/uploads\/2018\/10\/Renfe-179x150.png 179w, https:\/\/casesdeltaebre.com\/wp-content\/uploads\/2018\/10\/Renfe-150x126.png 150w\" alt=\"Rnefe com arribar cases del delta\" width=\"90\" height=\"76\" \/><\/a>Las estaciones de tren m\u00e1s cercanas son L&#8217;Aldea-Amposta, donde paran trenes de alta velocidad, el Euromed y el Talgo, o l&#8217;Ampolla-Perell\u00f3, parada de los trenes regionales.[\/vc_column_text][\/vc_column_inner][\/vc_row_inner][vc_row_inner][vc_column_inner width=\u00bb1\/4&#8243;][vc_single_image image=\u00bb4040&#8243; img_size=\u00bb100&#215;100&#8243;][\/vc_column_inner][vc_column_inner width=\u00bb3\/4&#8243;][vc_column_text]<a href=\"https:\/\/www.hife.es\/es-ES\"><img loading=\"lazy\" decoding=\"async\" class=\"alignleft\" src=\"https:\/\/casadeldelta.files.wordpress.com\/2018\/02\/hife.png?w=200&amp;h=133&amp;crop=1\" alt=\"\" width=\"116\" height=\"77\" \/><\/a>La estaci\u00f3n m\u00e1s cercana de la compa\u00f1\u00eda de autobuses HIFE es Amposta, a 10 km de Sant Jaume. Hay conexiones con Sant Jaume.[\/vc_column_text][\/vc_column_inner][\/vc_row_inner][\/vc_column][\/vc_row][vc_row][vc_column width=\u00bb1\/4&#8243;][vc_single_image image=\u00bb4032&#8243; img_size=\u00bb100&#215;100&#8243;][\/vc_column][vc_column width=\u00bb1\/4&#8243;][vc_column_text]<a title=\"Aeroport de Barcelona El Prat (Aena)\" href=\"http:\/\/www.aena.es\/csee\/Satellite\/Aeropuerto-Barcelona\/ca\/Page\/1045569607459\/\" target=\"_blank\" rel=\"noopener noreferrer nofollow\"><strong>Aeropuerto de Barcelona<\/strong><\/a><br \/>\nDistancia: 200 km<br \/>\nAutov\u00eda Barcelona \u2013 Castelldefels (C-31)<br \/>\nEl Prat de Llobregat[\/vc_column_text][\/vc_column][vc_column width=\u00bb1\/4&#8243;][vc_column_text]<a title=\"Aeroport de Reus. Aena\" href=\"http:\/\/www.aena.es\/csee\/Satellite\/Aeropuerto-Reus\/ca\/Page\/1048858949294\/\" target=\"_blank\" rel=\"noopener noreferrer nofollow\"><strong>Aeropuerto de Reus\u00a0<\/strong><\/a><br \/>\nDistancia: 90 km<br \/>\nAutov\u00eda Tarragona \u2013 Reus (T-11)<br \/>\nReus<\/p>\n<p>&nbsp;<\/p>\n<p>[\/vc_column_text][\/vc_column][vc_column width=\u00bb1\/4&#8243;][vc_column_text]<a title=\"Aeroport de Valencia (Aena)\" href=\"http:\/\/www.aena.es\/csee\/Satellite\/Aeropuerto-Valencia\/es\/Page\/1048790574453\/\" target=\"_blank\" rel=\"noopener noreferrer nofollow\"><strong>Aeropuerto de Valencia<\/strong><\/a>\u00a0(AENA)<br \/>\nDistancia: 190 km<br \/>\nN-220.\u00a0Manises[\/vc_column_text][\/vc_column][\/vc_row]<\/p>\n<\/section>","protected":false},"excerpt":{"rendered":"<p>[vc_row][vc_column width=\u00bb1\/4&#8243;][\/vc_column][vc_column width=\u00bb1\/2&#8243;][vc_custom_heading text=\u00bbCasetes del Delta (Gran y Petita)\u00bb font_container=\u00bbtag:h3|text_align:center|color:%2336a7af\u00bb google_fonts=\u00bbfont_family:Arimo%3Aregular%2Citalic%2C700%2C700italic|font_style:400%20regular%3A400%3Anormal\u00bb][vc_custom_heading text=\u00bbSant Jaume d&#8217;Enveja\u00bb font_container=\u00bbtag:h3|text_align:center|color:%2336a7af\u00bb google_fonts=\u00bbfont_family:Arimo%3Aregular%2Citalic%2C700%2C700italic|font_style:400%20regular%3A400%3Anormal\u00bb][vc_single_image image=\u00bb2733&#8243; img_size=\u00bbfull\u00bb alignment=\u00bbcenter\u00bb][vc_column_text] Coordenadas GPS: 40.71170823399534, 0.6889551983325409 [\/vc_column_text][vc_gmaps link=\u00bb#E-8_JTNDaWZyYW1lJTIwc3JjJTNEJTIyaHR0cHMlM0ElMkYlMkZ3d3cuZ29vZ2xlLmNvbSUyRm1hcHMlMkZlbWJlZCUzRnBiJTNEJTIxMW0xOCUyMTFtMTIlMjExbTMlMjExZDMwMjQuMjkxNzEwNzAyMDElMjEyZDAuNjg2NzYxMTUxNzg2MDE3NyUyMTNkNDAuNzExNTk0Mzc5MjMwNjclMjEybTMlMjExZjAlMjEyZjAlMjEzZjAlMjEzbTIlMjExaTEwMjQlMjEyaTc2OCUyMTRmMTMuMSUyMTNtMyUyMTFtMiUyMTFzMHgxMmExMDY5ZWU2Y2VjZGRkJTI1M0EweGNiNWE3ZmI3OGVhODM0NSUyMTJzQ2FzZXRlcyUyNTIwZGVsJTI1MjBEZWx0YSUyMTVlMCUyMTNtMiUyMTFzY2ElMjEyc2VzJTIxNHYxNTkwNDAwNzU4MTgwJTIxNW0yJTIxMXNjYSUyMTJzZXMlMjIlMjB3aWR0aCUzRCUyMjQwMCUyMiUyMGhlaWdodCUzRCUyMjMwMCUyMiUyMGZyYW1lYm9yZGVyJTNEJTIyMCUyMiUyMHN0eWxlJTNEJTIyYm9yZGVyJTNBMCUzQiUyMiUyMGFsbG93ZnVsbHNjcmVlbiUzRCUyMiUyMiUyMGFyaWEtaGlkZGVuJTNEJTIyZmFsc2UlMjIlMjB0YWJpbmRleCUzRCUyMjAlMjIlM0UlM0MlMkZpZnJhbWUlM0U=\u00bb][vc_separator color=\u00bbturquoise\u00bb border_width=\u00bb3&#8243;][\/vc_column][vc_column width=\u00bb1\/4&#8243;][\/vc_column][\/vc_row][vc_row][vc_column width=\u00bb1\/4&#8243;][vc_single_image image=\u00bb4036&#8243; img_size=\u00bb80&#215;80&#8243;][\/vc_column][vc_column width=\u00bb1\/4&#8243;][vc_column_text]Desde Barcelona AP-7 salida 39 L\u2019Ampolla. N-340 direcci\u00f3n Deltebre-Sant Jaume d\u2019Enveja carretera TV 3401. AP-7 salida 41 Amposta-Sant Carles de la R\u00e0pita. N-340 direcci\u00f3n &#8230; <a title=\"C\u00f3mo llegar\" class=\"read-more\" href=\"https:\/\/casesdeltaebre.com\/es\/como-llegar\/\" aria-label=\"M\u00e1s en C\u00f3mo llegar\">Leer m\u00e1s<\/a><\/p>\n","protected":false},"author":1,"featured_media":0,"parent":0,"menu_order":0,"comment_status":"closed","ping_status":"closed","template":"","meta":{"_exactmetrics_skip_tracking":false,"_exactmetrics_sitenote_active":false,"_exactmetrics_sitenote_note":"","_exactmetrics_sitenote_category":0,"footnotes":""},"class_list":["post-2014","page","type-page","status-publish"],"yoast_head":"<!-- This site is optimized with the Yoast SEO plugin v20.2 - https:\/\/yoast.com\/wordpress\/plugins\/seo\/ -->\n<title>C\u00f3mo llegar - Cases del Delta<\/title>\n<meta name=\"description\" content=\"C\u00f3mo llegar a las Cases del Delta desde cualquier punto, en tren, bus, coche particular... i bicicleta\" \/>\n<meta name=\"robots\" content=\"index, follow, max-snippet:-1, max-image-preview:large, max-video-preview:-1\" \/>\n<link rel=\"canonical\" href=\"https:\/\/casesdeltaebre.com\/es\/como-llegar\/\" \/>\n<meta property=\"og:locale\" content=\"es_ES\" \/>\n<meta property=\"og:type\" content=\"article\" \/>\n<meta property=\"og:title\" content=\"C\u00f3mo llegar - Cases del Delta\" \/>\n<meta property=\"og:description\" content=\"C\u00f3mo llegar a las Cases del Delta desde cualquier punto, en tren, bus, coche particular... i bicicleta\" \/>\n<meta property=\"og:url\" content=\"https:\/\/casesdeltaebre.com\/es\/como-llegar\/\" \/>\n<meta property=\"og:site_name\" content=\"Cases del Delta\" \/>\n<meta property=\"article:modified_time\" content=\"2024-12-06T12:02:06+00:00\" \/>\n<meta property=\"og:image\" content=\"https:\/\/casesdeltaebre.com\/wp-content\/uploads\/2018\/10\/Renfe.png\" \/>\n<meta name=\"twitter:card\" content=\"summary_large_image\" \/>\n<meta name=\"twitter:label1\" content=\"Tiempo de lectura\" \/>\n\t<meta name=\"twitter:data1\" content=\"3 minutos\" \/>\n<script type=\"application\/ld+json\" class=\"yoast-schema-graph\">{\"@context\":\"https:\/\/schema.org\",\"@graph\":[{\"@type\":\"WebPage\",\"@id\":\"https:\/\/casesdeltaebre.com\/es\/como-llegar\/\",\"url\":\"https:\/\/casesdeltaebre.com\/es\/como-llegar\/\",\"name\":\"C\u00f3mo llegar - Cases del Delta\",\"isPartOf\":{\"@id\":\"https:\/\/casesdeltaebre.com\/es\/#website\"},\"datePublished\":\"2019-06-16T09:06:22+00:00\",\"dateModified\":\"2024-12-06T12:02:06+00:00\",\"description\":\"C\u00f3mo llegar a las Cases del Delta desde cualquier punto, en tren, bus, coche particular... i bicicleta\",\"breadcrumb\":{\"@id\":\"https:\/\/casesdeltaebre.com\/es\/como-llegar\/#breadcrumb\"},\"inLanguage\":\"es\",\"potentialAction\":[{\"@type\":\"ReadAction\",\"target\":[\"https:\/\/casesdeltaebre.com\/es\/como-llegar\/\"]}]},{\"@type\":\"BreadcrumbList\",\"@id\":\"https:\/\/casesdeltaebre.com\/es\/como-llegar\/#breadcrumb\",\"itemListElement\":[{\"@type\":\"ListItem\",\"position\":1,\"name\":\"Portada\",\"item\":\"https:\/\/casesdeltaebre.com\/es\/\"},{\"@type\":\"ListItem\",\"position\":2,\"name\":\"C\u00f3mo llegar\"}]},{\"@type\":\"WebSite\",\"@id\":\"https:\/\/casesdeltaebre.com\/es\/#website\",\"url\":\"https:\/\/casesdeltaebre.com\/es\/\",\"name\":\"Cases del Delta\",\"description\":\"Ecoturisme al Delta de l&#039;Ebre\",\"publisher\":{\"@id\":\"https:\/\/casesdeltaebre.com\/es\/#organization\"},\"potentialAction\":[{\"@type\":\"SearchAction\",\"target\":{\"@type\":\"EntryPoint\",\"urlTemplate\":\"https:\/\/casesdeltaebre.com\/es\/?s={search_term_string}\"},\"query-input\":\"required name=search_term_string\"}],\"inLanguage\":\"es\"},{\"@type\":\"Organization\",\"@id\":\"https:\/\/casesdeltaebre.com\/es\/#organization\",\"name\":\"Cases del Delta\",\"url\":\"https:\/\/casesdeltaebre.com\/es\/\",\"logo\":{\"@type\":\"ImageObject\",\"inLanguage\":\"es\",\"@id\":\"https:\/\/casesdeltaebre.com\/es\/#\/schema\/logo\/image\/\",\"url\":\"https:\/\/casesdeltaebre.com\/wp-content\/uploads\/2019\/06\/cropped-LogoCasesDeltaHoritzontal-1.png\",\"contentUrl\":\"https:\/\/casesdeltaebre.com\/wp-content\/uploads\/2019\/06\/cropped-LogoCasesDeltaHoritzontal-1.png\",\"width\":938,\"height\":205,\"caption\":\"Cases del Delta\"},\"image\":{\"@id\":\"https:\/\/casesdeltaebre.com\/es\/#\/schema\/logo\/image\/\"}}]}<\/script>\n<!-- \/ Yoast SEO plugin. -->","yoast_head_json":{"title":"C\u00f3mo llegar - Cases del Delta","description":"C\u00f3mo llegar a las Cases del Delta desde cualquier punto, en tren, bus, coche particular... i bicicleta","robots":{"index":"index","follow":"follow","max-snippet":"max-snippet:-1","max-image-preview":"max-image-preview:large","max-video-preview":"max-video-preview:-1"},"canonical":"https:\/\/casesdeltaebre.com\/es\/como-llegar\/","og_locale":"es_ES","og_type":"article","og_title":"C\u00f3mo llegar - Cases del Delta","og_description":"C\u00f3mo llegar a las Cases del Delta desde cualquier punto, en tren, bus, coche particular... i bicicleta","og_url":"https:\/\/casesdeltaebre.com\/es\/como-llegar\/","og_site_name":"Cases del Delta","article_modified_time":"2024-12-06T12:02:06+00:00","og_image":[{"url":"https:\/\/casesdeltaebre.com\/wp-content\/uploads\/2018\/10\/Renfe.png"}],"twitter_card":"summary_large_image","twitter_misc":{"Tiempo de lectura":"3 minutos"},"schema":{"@context":"https:\/\/schema.org","@graph":[{"@type":"WebPage","@id":"https:\/\/casesdeltaebre.com\/es\/como-llegar\/","url":"https:\/\/casesdeltaebre.com\/es\/como-llegar\/","name":"C\u00f3mo llegar - Cases del Delta","isPartOf":{"@id":"https:\/\/casesdeltaebre.com\/es\/#website"},"datePublished":"2019-06-16T09:06:22+00:00","dateModified":"2024-12-06T12:02:06+00:00","description":"C\u00f3mo llegar a las Cases del Delta desde cualquier punto, en tren, bus, coche particular... i bicicleta","breadcrumb":{"@id":"https:\/\/casesdeltaebre.com\/es\/como-llegar\/#breadcrumb"},"inLanguage":"es","potentialAction":[{"@type":"ReadAction","target":["https:\/\/casesdeltaebre.com\/es\/como-llegar\/"]}]},{"@type":"BreadcrumbList","@id":"https:\/\/casesdeltaebre.com\/es\/como-llegar\/#breadcrumb","itemListElement":[{"@type":"ListItem","position":1,"name":"Portada","item":"https:\/\/casesdeltaebre.com\/es\/"},{"@type":"ListItem","position":2,"name":"C\u00f3mo llegar"}]},{"@type":"WebSite","@id":"https:\/\/casesdeltaebre.com\/es\/#website","url":"https:\/\/casesdeltaebre.com\/es\/","name":"Cases del Delta","description":"Ecoturisme al Delta de l&#039;Ebre","publisher":{"@id":"https:\/\/casesdeltaebre.com\/es\/#organization"},"potentialAction":[{"@type":"SearchAction","target":{"@type":"EntryPoint","urlTemplate":"https:\/\/casesdeltaebre.com\/es\/?s={search_term_string}"},"query-input":"required name=search_term_string"}],"inLanguage":"es"},{"@type":"Organization","@id":"https:\/\/casesdeltaebre.com\/es\/#organization","name":"Cases del Delta","url":"https:\/\/casesdeltaebre.com\/es\/","logo":{"@type":"ImageObject","inLanguage":"es","@id":"https:\/\/casesdeltaebre.com\/es\/#\/schema\/logo\/image\/","url":"https:\/\/casesdeltaebre.com\/wp-content\/uploads\/2019\/06\/cropped-LogoCasesDeltaHoritzontal-1.png","contentUrl":"https:\/\/casesdeltaebre.com\/wp-content\/uploads\/2019\/06\/cropped-LogoCasesDeltaHoritzontal-1.png","width":938,"height":205,"caption":"Cases del Delta"},"image":{"@id":"https:\/\/casesdeltaebre.com\/es\/#\/schema\/logo\/image\/"}}]}},"_links":{"self":[{"href":"https:\/\/casesdeltaebre.com\/es\/wp-json\/wp\/v2\/pages\/2014","targetHints":{"allow":["GET"]}}],"collection":[{"href":"https:\/\/casesdeltaebre.com\/es\/wp-json\/wp\/v2\/pages"}],"about":[{"href":"https:\/\/casesdeltaebre.com\/es\/wp-json\/wp\/v2\/types\/page"}],"author":[{"embeddable":true,"href":"https:\/\/casesdeltaebre.com\/es\/wp-json\/wp\/v2\/users\/1"}],"replies":[{"embeddable":true,"href":"https:\/\/casesdeltaebre.com\/es\/wp-json\/wp\/v2\/comments?post=2014"}],"version-history":[{"count":13,"href":"https:\/\/casesdeltaebre.com\/es\/wp-json\/wp\/v2\/pages\/2014\/revisions"}],"predecessor-version":[{"id":5411,"href":"https:\/\/casesdeltaebre.com\/es\/wp-json\/wp\/v2\/pages\/2014\/revisions\/5411"}],"wp:attachment":[{"href":"https:\/\/casesdeltaebre.com\/es\/wp-json\/wp\/v2\/media?parent=2014"}],"curies":[{"name":"wp","href":"https:\/\/api.w.org\/{rel}","templated":true}]}}