{"id":1994,"date":"2019-06-16T08:02:51","date_gmt":"2019-06-16T08:02:51","guid":{"rendered":"https:\/\/casesdeltaebre.com\/sant-jaume-denveja\/"},"modified":"2020-05-27T19:30:00","modified_gmt":"2020-05-27T19:30:00","slug":"sant-jaume-denveja","status":"publish","type":"page","link":"https:\/\/casesdeltaebre.com\/es\/sant-jaume-denveja\/","title":{"rendered":"Sant Jaume d&#8217;Enveja"},"content":{"rendered":"<section class=\"wpb-content-wrapper\"><p>[vc_row][vc_column width=\u00bb1\/2&#8243;][vc_column_text]El pueblo se extiende ancho y bajo por la orilla del <strong>r\u00edo Ebro<\/strong>. Tanto si se llega desde Amposta o desde el puente <strong>Lo Passador<\/strong>, la calle Mayor lo atraviesa de norte a sur. Esta calle hace apenas cincuenta a\u00f1os era de tierra polvorienta y estaba rodeada de casas con tejados y puertas peque\u00f1as. Hoy es el eje principal de la poblaci\u00f3n, donde se re\u00fanen la mayor\u00eda de tiendas y restaurantes. Es la calle de la <strong>iglesia<\/strong>, donde se celebran la fiestas, las procesiones en Semana Santa y las carrozas de Carnaval &#8230; Sant Jaume tiene cerca de 3.600 habitantes, el r\u00edo lame sus huertas y est\u00e1 rodeado de arrozales. Las playas no distan m\u00e1s de diez minutos de la poblaci\u00f3n, playas de grandes arenales y aguas tranquilas, mediterr\u00e1neas, que los p\u00e1jaros pisan de madrugada y las risas y carreras de los ni\u00f1os y ni\u00f1as el resto del d\u00eda; de noche es patrimonio de los cangrejos y de la luna.[\/vc_column_text][\/vc_column][vc_column width=\u00bb1\/2&#8243;][vc_single_image image=\u00bb3200&#8243; img_size=\u00bbfull\u00bb][\/vc_column][\/vc_row][vc_row][vc_column width=\u00bb1\/2&#8243;][vc_column_text]<br \/>\n<strong>Centro de Interpretaci\u00f3n de Les Barraques.<\/strong> Si se quiere conocer c\u00f3mo viv\u00edan los habitantes del Delta hace m\u00e1s de cincuenta a\u00f1os, hay que visitar este centro donde se explica c\u00f3mo eran y qu\u00e9 uso ten\u00edan estas construcciones rurales y tradicionales de esta tierra.<br \/>\n<strong>Fiestas Mayores.<\/strong> Se celebran por Sant Jaume, claro. Durante una semana el pueblo cambia totalmente. Animaci\u00f3n, gente en la calle y mucha fiesta. Se monta una plaza de toros en las afueras, aunque tambi\u00e9n se pueden ver \u00abcorrrebous\u00bb \u00a0por las calles principales. Desfiles de carrozas y bailes de noche son parte del programa de fiestas.<br \/>\n<strong>El r\u00edo<\/strong>. Sant Jaume celebra la fiesta \u00abSom Riu\u00bb coincidiendo con el aniversario de la inauguraci\u00f3n de Lo Passador a principios de octubre con puestos de artesan\u00eda y productos gastron\u00f3micos, demostraciones de remo y m\u00fasica. Del embarcadero zarpan las embarcaciones hacia la desembocadura, un interesante paseo para descubrir la vegetaci\u00f3n de la ribera y sentir la navegaci\u00f3n por las aguas tranquilas del Ebro. Tambi\u00e9n se practican deportes n\u00e1uticos.<br \/>\n<strong>Paseo Fluvial<\/strong>. Desde Amposta hasta la isla de Buda, es un sendero bien se\u00f1alizado y muy agradable para recorrer a pie o en bicicleta. El tramo entre Sant Jaume y Buda tiene 8,7 kil\u00f3metros. El camino comienza sobre pista asfaltada y los \u00faltimos 7 kil\u00f3metros son por pista de tierra. Hay bancos, alguna zona de picnic, as\u00ed como paneles informativos sobre la fauna y la flora de la zona. Al llegar a la isla de Buda se debe volver atr\u00e1s.<br \/>\n<strong>Comer en Sant Jaume.<\/strong> La gastronom\u00eda del Delta destaca por su calidad y variedad. Los arroces, los platos a base de pescado, mariscos y caza son espectaculares gracias a la materia prima pero tambi\u00e9n a la tradici\u00f3n culinaria de estas tierras. Puede probar esta cocina excelente en varios restaurantes del municipio. Consulte toda la informaci\u00f3n en <a href=\"https:\/\/enjoyingdelta.com\/2017\/07\/11\/cuina-tradicional\/\" target=\"_blank\" rel=\"noopener noreferrer\">enjoyingdelta.com<\/a><br \/>\n<strong>Tiendas<\/strong>. En el pueblo se puede comprar de todo: hortalizas, verduras, pescado fresqu\u00edsmo, dulces tradicionales, arroz y otros productos aut\u00f3ctonos.<br \/>\n<strong>Las playas.<\/strong> La Platjola, el Serrallo y Mitjorn son las tres playas del municipio de Sant Jaume. Las dos primeras no tienen ning\u00fan servicio, son salvajes y solitarias, la de Migjorn tiene un chiringuito y est\u00e1 situada cerca de la desembocadura, frente a la isla de Buda.<br \/>\n<strong>La Isla de Buda.<\/strong> Pertenece al municipio de Sant Jaume. Tiene m\u00e1s de mil hect\u00e1reas de superficie y unos cinco kil\u00f3metros de longitud. Es la isla m\u00e1s grande de Catalu\u00f1a. Su entrada es restringida para preservar su riqueza natural.<\/p>\n<p>Sant Jaume fue territorio de Tortosa, como lo era todo el Delta del Ebro, hasta el a\u00f1o 1978, que se consigui\u00f3 la segregaci\u00f3n. Lo celebran cada a\u00f1o por San Juan con bailes y toros. Dentro del t\u00e9rmino municipal de Sany Jaume estaba el antiguo puerto de Tortosa llamado Port Fang\u00f3s (puerto enbarrado) que qued\u00f3 inutilizado a mediados del siglo XIV debido al barro que se acumul\u00f3 y el hizo impracticable.<\/p>\n<p><strong>El pueblo dispone de todos los servicios necesarios.<\/strong>[\/vc_column_text][\/vc_column][vc_column width=\u00bb1\/2&#8243;][vc_gallery type=\u00bbimage_grid\u00bb images=\u00bb782,781,779,778,777,182,184,3192,3204&#8243; onclick=\u00bb\u00bb][vc_gallery type=\u00bbimage_grid\u00bb images=\u00bb3216,3212,3208,187,3220,3224&#8243; onclick=\u00bb\u00bb][\/vc_column][\/vc_row][vc_row][vc_column][vc_empty_space height=\u00bb16px\u00bb][vc_btn title=\u00bbSant Jaume Turisme\u00bb color=\u00bbturquoise\u00bb align=\u00bbcenter\u00bb link=\u00bburl:http%3A%2F%2Fwww.santjaumeturisme.cat|target:%20_blank|\u00bb][\/vc_column][\/vc_row]<\/p>\n<\/section>","protected":false},"excerpt":{"rendered":"<p>[vc_row][vc_column width=\u00bb1\/2&#8243;][vc_column_text]El pueblo se extiende ancho y bajo por la orilla del r\u00edo Ebro. Tanto si se llega desde Amposta o desde el puente Lo Passador, la calle Mayor lo atraviesa de norte a sur. Esta calle hace apenas cincuenta a\u00f1os era de tierra polvorienta y estaba rodeada de casas con tejados y puertas peque\u00f1as. &#8230; <a title=\"Sant Jaume d&#8217;Enveja\" class=\"read-more\" href=\"https:\/\/casesdeltaebre.com\/es\/sant-jaume-denveja\/\" aria-label=\"M\u00e1s en Sant Jaume d&#8217;Enveja\">Leer m\u00e1s<\/a><\/p>\n","protected":false},"author":1,"featured_media":0,"parent":0,"menu_order":0,"comment_status":"closed","ping_status":"closed","template":"","meta":{"_exactmetrics_skip_tracking":false,"_exactmetrics_sitenote_active":false,"_exactmetrics_sitenote_note":"","_exactmetrics_sitenote_category":0,"footnotes":""},"class_list":["post-1994","page","type-page","status-publish"],"yoast_head":"<!-- This site is optimized with the Yoast SEO plugin v20.2 - https:\/\/yoast.com\/wordpress\/plugins\/seo\/ -->\n<title>Sant Jaume d&#039;Enveja - Cases del Delta<\/title>\n<meta name=\"description\" content=\"Visita Sant Jaume d&#039;Enveja desde las Casetes del Delta. El pueblo dispone de todos los servicios y comercios y est\u00e1 s\u00f3lo dos kil\u00f3metros del alojamiento.\" \/>\n<meta name=\"robots\" content=\"index, follow, max-snippet:-1, max-image-preview:large, max-video-preview:-1\" \/>\n<link rel=\"canonical\" href=\"https:\/\/casesdeltaebre.com\/es\/sant-jaume-denveja\/\" \/>\n<meta property=\"og:locale\" content=\"es_ES\" \/>\n<meta property=\"og:type\" content=\"article\" \/>\n<meta property=\"og:title\" content=\"Sant Jaume d&#039;Enveja - Cases del Delta\" \/>\n<meta property=\"og:description\" content=\"Visita Sant Jaume d&#039;Enveja desde las Casetes del Delta. El pueblo dispone de todos los servicios y comercios y est\u00e1 s\u00f3lo dos kil\u00f3metros del alojamiento.\" \/>\n<meta property=\"og:url\" content=\"https:\/\/casesdeltaebre.com\/es\/sant-jaume-denveja\/\" \/>\n<meta property=\"og:site_name\" content=\"Cases del Delta\" \/>\n<meta property=\"article:modified_time\" content=\"2020-05-27T19:30:00+00:00\" \/>\n<meta name=\"twitter:card\" content=\"summary_large_image\" \/>\n<meta name=\"twitter:label1\" content=\"Tiempo de lectura\" \/>\n\t<meta name=\"twitter:data1\" content=\"4 minutos\" \/>\n<script type=\"application\/ld+json\" class=\"yoast-schema-graph\">{\"@context\":\"https:\/\/schema.org\",\"@graph\":[{\"@type\":\"WebPage\",\"@id\":\"https:\/\/casesdeltaebre.com\/es\/sant-jaume-denveja\/\",\"url\":\"https:\/\/casesdeltaebre.com\/es\/sant-jaume-denveja\/\",\"name\":\"Sant Jaume d'Enveja - Cases del Delta\",\"isPartOf\":{\"@id\":\"https:\/\/casesdeltaebre.com\/es\/#website\"},\"datePublished\":\"2019-06-16T08:02:51+00:00\",\"dateModified\":\"2020-05-27T19:30:00+00:00\",\"description\":\"Visita Sant Jaume d'Enveja desde las Casetes del Delta. El pueblo dispone de todos los servicios y comercios y est\u00e1 s\u00f3lo dos kil\u00f3metros del alojamiento.\",\"breadcrumb\":{\"@id\":\"https:\/\/casesdeltaebre.com\/es\/sant-jaume-denveja\/#breadcrumb\"},\"inLanguage\":\"es\",\"potentialAction\":[{\"@type\":\"ReadAction\",\"target\":[\"https:\/\/casesdeltaebre.com\/es\/sant-jaume-denveja\/\"]}]},{\"@type\":\"BreadcrumbList\",\"@id\":\"https:\/\/casesdeltaebre.com\/es\/sant-jaume-denveja\/#breadcrumb\",\"itemListElement\":[{\"@type\":\"ListItem\",\"position\":1,\"name\":\"Portada\",\"item\":\"https:\/\/casesdeltaebre.com\/es\/\"},{\"@type\":\"ListItem\",\"position\":2,\"name\":\"Sant Jaume d&#8217;Enveja\"}]},{\"@type\":\"WebSite\",\"@id\":\"https:\/\/casesdeltaebre.com\/es\/#website\",\"url\":\"https:\/\/casesdeltaebre.com\/es\/\",\"name\":\"Cases del Delta\",\"description\":\"Ecoturisme al Delta de l&#039;Ebre\",\"publisher\":{\"@id\":\"https:\/\/casesdeltaebre.com\/es\/#organization\"},\"potentialAction\":[{\"@type\":\"SearchAction\",\"target\":{\"@type\":\"EntryPoint\",\"urlTemplate\":\"https:\/\/casesdeltaebre.com\/es\/?s={search_term_string}\"},\"query-input\":\"required name=search_term_string\"}],\"inLanguage\":\"es\"},{\"@type\":\"Organization\",\"@id\":\"https:\/\/casesdeltaebre.com\/es\/#organization\",\"name\":\"Cases del Delta\",\"url\":\"https:\/\/casesdeltaebre.com\/es\/\",\"logo\":{\"@type\":\"ImageObject\",\"inLanguage\":\"es\",\"@id\":\"https:\/\/casesdeltaebre.com\/es\/#\/schema\/logo\/image\/\",\"url\":\"https:\/\/casesdeltaebre.com\/wp-content\/uploads\/2019\/06\/cropped-LogoCasesDeltaHoritzontal-1.png\",\"contentUrl\":\"https:\/\/casesdeltaebre.com\/wp-content\/uploads\/2019\/06\/cropped-LogoCasesDeltaHoritzontal-1.png\",\"width\":938,\"height\":205,\"caption\":\"Cases del Delta\"},\"image\":{\"@id\":\"https:\/\/casesdeltaebre.com\/es\/#\/schema\/logo\/image\/\"}}]}<\/script>\n<!-- \/ Yoast SEO plugin. -->","yoast_head_json":{"title":"Sant Jaume d'Enveja - Cases del Delta","description":"Visita Sant Jaume d'Enveja desde las Casetes del Delta. El pueblo dispone de todos los servicios y comercios y est\u00e1 s\u00f3lo dos kil\u00f3metros del alojamiento.","robots":{"index":"index","follow":"follow","max-snippet":"max-snippet:-1","max-image-preview":"max-image-preview:large","max-video-preview":"max-video-preview:-1"},"canonical":"https:\/\/casesdeltaebre.com\/es\/sant-jaume-denveja\/","og_locale":"es_ES","og_type":"article","og_title":"Sant Jaume d'Enveja - Cases del Delta","og_description":"Visita Sant Jaume d'Enveja desde las Casetes del Delta. El pueblo dispone de todos los servicios y comercios y est\u00e1 s\u00f3lo dos kil\u00f3metros del alojamiento.","og_url":"https:\/\/casesdeltaebre.com\/es\/sant-jaume-denveja\/","og_site_name":"Cases del Delta","article_modified_time":"2020-05-27T19:30:00+00:00","twitter_card":"summary_large_image","twitter_misc":{"Tiempo de lectura":"4 minutos"},"schema":{"@context":"https:\/\/schema.org","@graph":[{"@type":"WebPage","@id":"https:\/\/casesdeltaebre.com\/es\/sant-jaume-denveja\/","url":"https:\/\/casesdeltaebre.com\/es\/sant-jaume-denveja\/","name":"Sant Jaume d'Enveja - Cases del Delta","isPartOf":{"@id":"https:\/\/casesdeltaebre.com\/es\/#website"},"datePublished":"2019-06-16T08:02:51+00:00","dateModified":"2020-05-27T19:30:00+00:00","description":"Visita Sant Jaume d'Enveja desde las Casetes del Delta. El pueblo dispone de todos los servicios y comercios y est\u00e1 s\u00f3lo dos kil\u00f3metros del alojamiento.","breadcrumb":{"@id":"https:\/\/casesdeltaebre.com\/es\/sant-jaume-denveja\/#breadcrumb"},"inLanguage":"es","potentialAction":[{"@type":"ReadAction","target":["https:\/\/casesdeltaebre.com\/es\/sant-jaume-denveja\/"]}]},{"@type":"BreadcrumbList","@id":"https:\/\/casesdeltaebre.com\/es\/sant-jaume-denveja\/#breadcrumb","itemListElement":[{"@type":"ListItem","position":1,"name":"Portada","item":"https:\/\/casesdeltaebre.com\/es\/"},{"@type":"ListItem","position":2,"name":"Sant Jaume d&#8217;Enveja"}]},{"@type":"WebSite","@id":"https:\/\/casesdeltaebre.com\/es\/#website","url":"https:\/\/casesdeltaebre.com\/es\/","name":"Cases del Delta","description":"Ecoturisme al Delta de l&#039;Ebre","publisher":{"@id":"https:\/\/casesdeltaebre.com\/es\/#organization"},"potentialAction":[{"@type":"SearchAction","target":{"@type":"EntryPoint","urlTemplate":"https:\/\/casesdeltaebre.com\/es\/?s={search_term_string}"},"query-input":"required name=search_term_string"}],"inLanguage":"es"},{"@type":"Organization","@id":"https:\/\/casesdeltaebre.com\/es\/#organization","name":"Cases del Delta","url":"https:\/\/casesdeltaebre.com\/es\/","logo":{"@type":"ImageObject","inLanguage":"es","@id":"https:\/\/casesdeltaebre.com\/es\/#\/schema\/logo\/image\/","url":"https:\/\/casesdeltaebre.com\/wp-content\/uploads\/2019\/06\/cropped-LogoCasesDeltaHoritzontal-1.png","contentUrl":"https:\/\/casesdeltaebre.com\/wp-content\/uploads\/2019\/06\/cropped-LogoCasesDeltaHoritzontal-1.png","width":938,"height":205,"caption":"Cases del Delta"},"image":{"@id":"https:\/\/casesdeltaebre.com\/es\/#\/schema\/logo\/image\/"}}]}},"_links":{"self":[{"href":"https:\/\/casesdeltaebre.com\/es\/wp-json\/wp\/v2\/pages\/1994","targetHints":{"allow":["GET"]}}],"collection":[{"href":"https:\/\/casesdeltaebre.com\/es\/wp-json\/wp\/v2\/pages"}],"about":[{"href":"https:\/\/casesdeltaebre.com\/es\/wp-json\/wp\/v2\/types\/page"}],"author":[{"embeddable":true,"href":"https:\/\/casesdeltaebre.com\/es\/wp-json\/wp\/v2\/users\/1"}],"replies":[{"embeddable":true,"href":"https:\/\/casesdeltaebre.com\/es\/wp-json\/wp\/v2\/comments?post=1994"}],"version-history":[{"count":5,"href":"https:\/\/casesdeltaebre.com\/es\/wp-json\/wp\/v2\/pages\/1994\/revisions"}],"predecessor-version":[{"id":3230,"href":"https:\/\/casesdeltaebre.com\/es\/wp-json\/wp\/v2\/pages\/1994\/revisions\/3230"}],"wp:attachment":[{"href":"https:\/\/casesdeltaebre.com\/es\/wp-json\/wp\/v2\/media?parent=1994"}],"curies":[{"name":"wp","href":"https:\/\/api.w.org\/{rel}","templated":true}]}}