{"id":1790,"date":"2019-06-04T19:47:20","date_gmt":"2019-06-04T19:47:20","guid":{"rendered":"https:\/\/casesdeltaebre.com\/las-playas-del-delta\/"},"modified":"2020-11-07T16:56:10","modified_gmt":"2020-11-07T16:56:10","slug":"las-playas-del-delta","status":"publish","type":"page","link":"https:\/\/casesdeltaebre.com\/es\/las-playas-del-delta\/","title":{"rendered":"Las playas del Delta"},"content":{"rendered":"<section class=\"wpb-content-wrapper\"><p>[vc_row][vc_column width=\u00bb1\/2&#8243;][vc_column_text]El <strong>Delta del Ebro<\/strong> est\u00e1 rodeado por m\u00e1s de cien kil\u00f3metros de playas, todas ellas poco concurridas y un punto salvajes. A la salida y la puesta de sol se producen instantes \u00fanicos con luces extraordinarias que quedan para siempre en la memoria. Pero hay un hecho que las hace totalmente especiales, sus dimensiones casi inalcanzables y la ausencia de gente que dan la posibilidad de disfrutar en soledad de un entorno m\u00e1gico y exclusivo.<\/p>\n<p>[\/vc_column_text][vc_column_text]<\/p>\n<h3><b>Migjorn<\/b><\/h3>\n<p>Pertenece al pueblo de San Jaume d&#8217;\u00c8nveja y est\u00e1 situada cerca de la desembocadura del Ebro, ahora tapada por sedimentos. Es una playa poco masificada y hay un chiringuito para refrescarse y comer algo, que tambi\u00e9n abre por la noche. Muy cerca est\u00e1 el mirador del Migjorn desde donde se obtienen unas vistas sensacionales.<\/p>\n<h3><b>El Serrallo<\/b><\/h3>\n<p>La m\u00e1s desierta y virgen de las playas del Delta. No tiene ning\u00fan tipo de equipamiento pero la sensaci\u00f3n de estar solo ba\u00f1\u00e1ndose en la inmensidad del mar, no tiene precio. Su acceso es un poco complicado. Caminando un buen trozo se puede llegar en el Migjorn, una buena excursi\u00f3n para conocer el proceso de desag\u00fces del Delta a trav\u00e9s de las compuertas de descarga.<\/p>\n<h3><b>El Trabucador<\/b><\/h3>\n<p>La lengua de arena que se extiende desde la playa de Eucaliptus (con servicios) y la Punta de la Banya (en el extremo sur del Delta) recibe el nombre de El Trabucador. Tiene mar en ambos lados; por un lado las aguas tranquilas de la bah\u00eda de los Alfaques y por la otra el Mediterr\u00e1neo abierto. Desde hace unos a\u00f1os se ha convertido en uno de los lugares preferidos por quienes practican kite surf. Hay un par de escuelas, lugares donde alquilar el material y un chiringuito. El Trabucador es paso obligado de los flamencos que cruzan el Delta de norte a sur. Levante la vista, seguro que los ve<\/p>\n<h3><b>Platja del Fangar<\/b><\/h3>\n<p>Est\u00e1 situada al norte de la desembocadura del Delta del Ebro. Una playa virgen en medio de uno de los espacios naturales y paisaj\u00edsticos m\u00e1s sorprendentes. Llena de dunas, su inmensidad y belleza le dan un car\u00e1cter especial. Para acceder hay que caminar desde la playa de la Marquesa (donde hay un restaurante). Tambi\u00e9n se puede llegar en barca desde La Ametlla o\u00a0 La Ampolla. La playa recuerda un desierto, por su arena fin\u00edsima y por los espejismos que surgen cuando vas caminando hacia el Faro del Fangar.<\/p>\n<h3><b>Riumar<\/b><\/h3>\n<p>Est\u00e1 situada en la urbanizaci\u00f3n del mismo nombre y muy cerca de la desembocadura del r\u00edo Ebro. A diferencia de las otras playas del Delta, esta tiene todo tipo de servicios y desde el 1997 est\u00e1 galardonada con la bandera azul. Compuesta por dunas altas y compactas, protegidas por pasarelas de madera, es una de las playas m\u00e1s bonitas del Delta. Frente hay chiringuitos, restaurantes, un hotel y varios servicios tur\u00edsticos, entre ellos, alquiler de embarcaciones y de bicicletas para recorrer el entorno. Es recomendable la excursi\u00f3n hasta el Garxal, donde es posible observar flamencos en los peque\u00f1os islotes que configuran lagunas junto a la playa.[\/vc_column_text][\/vc_column][vc_column width=\u00bb1\/2&#8243;][vc_single_image image=\u00bb791&#8243; img_size=\u00bbfull\u00bb][vc_single_image image=\u00bb790&#8243; img_size=\u00bbfull\u00bb][vc_single_image image=\u00bb174&#8243; img_size=\u00bbfull\u00bb][vc_single_image image=\u00bb291&#8243; img_size=\u00bbfull\u00bb][vc_single_image image=\u00bb173&#8243; img_size=\u00bbfull\u00bb][\/vc_column][\/vc_row][vc_row][vc_column width=\u00bb1\/2&#8243;][\/vc_column][vc_column width=\u00bb1\/2&#8243;][\/vc_column][\/vc_row][vc_row][vc_column][\/vc_column][\/vc_row]<\/p>\n<\/section>","protected":false},"excerpt":{"rendered":"<p>[vc_row][vc_column width=\u00bb1\/2&#8243;][vc_column_text]El Delta del Ebro est\u00e1 rodeado por m\u00e1s de cien kil\u00f3metros de playas, todas ellas poco concurridas y un punto salvajes. A la salida y la puesta de sol se producen instantes \u00fanicos con luces extraordinarias que quedan para siempre en la memoria. Pero hay un hecho que las hace totalmente especiales, sus dimensiones &#8230; <a title=\"Las playas del Delta\" class=\"read-more\" href=\"https:\/\/casesdeltaebre.com\/es\/las-playas-del-delta\/\" aria-label=\"M\u00e1s en Las playas del Delta\">Leer m\u00e1s<\/a><\/p>\n","protected":false},"author":1,"featured_media":0,"parent":0,"menu_order":0,"comment_status":"closed","ping_status":"closed","template":"","meta":{"_exactmetrics_skip_tracking":false,"_exactmetrics_sitenote_active":false,"_exactmetrics_sitenote_note":"","_exactmetrics_sitenote_category":0,"footnotes":""},"class_list":["post-1790","page","type-page","status-publish"],"yoast_head":"<!-- This site is optimized with the Yoast SEO plugin v20.2 - https:\/\/yoast.com\/wordpress\/plugins\/seo\/ -->\n<title>Las playas del Delta - Cases del Delta<\/title>\n<meta name=\"description\" content=\"Una lista completa de las playas del Delta del Ebro. C\u00f3mo son, c\u00f3m llegar, cu\u00e1l es la m\u00e1s solitaria, cu\u00e1l es la m\u00e1s bonita...\" \/>\n<meta name=\"robots\" content=\"index, follow, max-snippet:-1, max-image-preview:large, max-video-preview:-1\" \/>\n<link rel=\"canonical\" href=\"https:\/\/casesdeltaebre.com\/es\/las-playas-del-delta\/\" \/>\n<meta property=\"og:locale\" content=\"es_ES\" \/>\n<meta property=\"og:type\" content=\"article\" \/>\n<meta property=\"og:title\" content=\"Las playas del Delta - Cases del Delta\" \/>\n<meta property=\"og:description\" content=\"Una lista completa de las playas del Delta del Ebro. C\u00f3mo son, c\u00f3m llegar, cu\u00e1l es la m\u00e1s solitaria, cu\u00e1l es la m\u00e1s bonita...\" \/>\n<meta property=\"og:url\" content=\"https:\/\/casesdeltaebre.com\/es\/las-playas-del-delta\/\" \/>\n<meta property=\"og:site_name\" content=\"Cases del Delta\" \/>\n<meta property=\"article:modified_time\" content=\"2020-11-07T16:56:10+00:00\" \/>\n<meta name=\"twitter:card\" content=\"summary_large_image\" \/>\n<meta name=\"twitter:label1\" content=\"Tiempo de lectura\" \/>\n\t<meta name=\"twitter:data1\" content=\"3 minutos\" \/>\n<script type=\"application\/ld+json\" class=\"yoast-schema-graph\">{\"@context\":\"https:\/\/schema.org\",\"@graph\":[{\"@type\":\"WebPage\",\"@id\":\"https:\/\/casesdeltaebre.com\/es\/las-playas-del-delta\/\",\"url\":\"https:\/\/casesdeltaebre.com\/es\/las-playas-del-delta\/\",\"name\":\"Las playas del Delta - Cases del Delta\",\"isPartOf\":{\"@id\":\"https:\/\/casesdeltaebre.com\/es\/#website\"},\"datePublished\":\"2019-06-04T19:47:20+00:00\",\"dateModified\":\"2020-11-07T16:56:10+00:00\",\"description\":\"Una lista completa de las playas del Delta del Ebro. C\u00f3mo son, c\u00f3m llegar, cu\u00e1l es la m\u00e1s solitaria, cu\u00e1l es la m\u00e1s bonita...\",\"breadcrumb\":{\"@id\":\"https:\/\/casesdeltaebre.com\/es\/las-playas-del-delta\/#breadcrumb\"},\"inLanguage\":\"es\",\"potentialAction\":[{\"@type\":\"ReadAction\",\"target\":[\"https:\/\/casesdeltaebre.com\/es\/las-playas-del-delta\/\"]}]},{\"@type\":\"BreadcrumbList\",\"@id\":\"https:\/\/casesdeltaebre.com\/es\/las-playas-del-delta\/#breadcrumb\",\"itemListElement\":[{\"@type\":\"ListItem\",\"position\":1,\"name\":\"Portada\",\"item\":\"https:\/\/casesdeltaebre.com\/es\/\"},{\"@type\":\"ListItem\",\"position\":2,\"name\":\"Vive la experiencia Delta\",\"item\":\"https:\/\/casesdeltaebre.com\/es\/vive-la-experiencia-delta\/\"},{\"@type\":\"ListItem\",\"position\":3,\"name\":\"Las playas del Delta\"}]},{\"@type\":\"WebSite\",\"@id\":\"https:\/\/casesdeltaebre.com\/es\/#website\",\"url\":\"https:\/\/casesdeltaebre.com\/es\/\",\"name\":\"Cases del Delta\",\"description\":\"Ecoturisme al Delta de l&#039;Ebre\",\"publisher\":{\"@id\":\"https:\/\/casesdeltaebre.com\/es\/#organization\"},\"potentialAction\":[{\"@type\":\"SearchAction\",\"target\":{\"@type\":\"EntryPoint\",\"urlTemplate\":\"https:\/\/casesdeltaebre.com\/es\/?s={search_term_string}\"},\"query-input\":\"required name=search_term_string\"}],\"inLanguage\":\"es\"},{\"@type\":\"Organization\",\"@id\":\"https:\/\/casesdeltaebre.com\/es\/#organization\",\"name\":\"Cases del Delta\",\"url\":\"https:\/\/casesdeltaebre.com\/es\/\",\"logo\":{\"@type\":\"ImageObject\",\"inLanguage\":\"es\",\"@id\":\"https:\/\/casesdeltaebre.com\/es\/#\/schema\/logo\/image\/\",\"url\":\"https:\/\/casesdeltaebre.com\/wp-content\/uploads\/2019\/06\/cropped-LogoCasesDeltaHoritzontal-1.png\",\"contentUrl\":\"https:\/\/casesdeltaebre.com\/wp-content\/uploads\/2019\/06\/cropped-LogoCasesDeltaHoritzontal-1.png\",\"width\":938,\"height\":205,\"caption\":\"Cases del Delta\"},\"image\":{\"@id\":\"https:\/\/casesdeltaebre.com\/es\/#\/schema\/logo\/image\/\"}}]}<\/script>\n<!-- \/ Yoast SEO plugin. -->","yoast_head_json":{"title":"Las playas del Delta - Cases del Delta","description":"Una lista completa de las playas del Delta del Ebro. C\u00f3mo son, c\u00f3m llegar, cu\u00e1l es la m\u00e1s solitaria, cu\u00e1l es la m\u00e1s bonita...","robots":{"index":"index","follow":"follow","max-snippet":"max-snippet:-1","max-image-preview":"max-image-preview:large","max-video-preview":"max-video-preview:-1"},"canonical":"https:\/\/casesdeltaebre.com\/es\/las-playas-del-delta\/","og_locale":"es_ES","og_type":"article","og_title":"Las playas del Delta - Cases del Delta","og_description":"Una lista completa de las playas del Delta del Ebro. C\u00f3mo son, c\u00f3m llegar, cu\u00e1l es la m\u00e1s solitaria, cu\u00e1l es la m\u00e1s bonita...","og_url":"https:\/\/casesdeltaebre.com\/es\/las-playas-del-delta\/","og_site_name":"Cases del Delta","article_modified_time":"2020-11-07T16:56:10+00:00","twitter_card":"summary_large_image","twitter_misc":{"Tiempo de lectura":"3 minutos"},"schema":{"@context":"https:\/\/schema.org","@graph":[{"@type":"WebPage","@id":"https:\/\/casesdeltaebre.com\/es\/las-playas-del-delta\/","url":"https:\/\/casesdeltaebre.com\/es\/las-playas-del-delta\/","name":"Las playas del Delta - Cases del Delta","isPartOf":{"@id":"https:\/\/casesdeltaebre.com\/es\/#website"},"datePublished":"2019-06-04T19:47:20+00:00","dateModified":"2020-11-07T16:56:10+00:00","description":"Una lista completa de las playas del Delta del Ebro. C\u00f3mo son, c\u00f3m llegar, cu\u00e1l es la m\u00e1s solitaria, cu\u00e1l es la m\u00e1s bonita...","breadcrumb":{"@id":"https:\/\/casesdeltaebre.com\/es\/las-playas-del-delta\/#breadcrumb"},"inLanguage":"es","potentialAction":[{"@type":"ReadAction","target":["https:\/\/casesdeltaebre.com\/es\/las-playas-del-delta\/"]}]},{"@type":"BreadcrumbList","@id":"https:\/\/casesdeltaebre.com\/es\/las-playas-del-delta\/#breadcrumb","itemListElement":[{"@type":"ListItem","position":1,"name":"Portada","item":"https:\/\/casesdeltaebre.com\/es\/"},{"@type":"ListItem","position":2,"name":"Vive la experiencia Delta","item":"https:\/\/casesdeltaebre.com\/es\/vive-la-experiencia-delta\/"},{"@type":"ListItem","position":3,"name":"Las playas del Delta"}]},{"@type":"WebSite","@id":"https:\/\/casesdeltaebre.com\/es\/#website","url":"https:\/\/casesdeltaebre.com\/es\/","name":"Cases del Delta","description":"Ecoturisme al Delta de l&#039;Ebre","publisher":{"@id":"https:\/\/casesdeltaebre.com\/es\/#organization"},"potentialAction":[{"@type":"SearchAction","target":{"@type":"EntryPoint","urlTemplate":"https:\/\/casesdeltaebre.com\/es\/?s={search_term_string}"},"query-input":"required name=search_term_string"}],"inLanguage":"es"},{"@type":"Organization","@id":"https:\/\/casesdeltaebre.com\/es\/#organization","name":"Cases del Delta","url":"https:\/\/casesdeltaebre.com\/es\/","logo":{"@type":"ImageObject","inLanguage":"es","@id":"https:\/\/casesdeltaebre.com\/es\/#\/schema\/logo\/image\/","url":"https:\/\/casesdeltaebre.com\/wp-content\/uploads\/2019\/06\/cropped-LogoCasesDeltaHoritzontal-1.png","contentUrl":"https:\/\/casesdeltaebre.com\/wp-content\/uploads\/2019\/06\/cropped-LogoCasesDeltaHoritzontal-1.png","width":938,"height":205,"caption":"Cases del Delta"},"image":{"@id":"https:\/\/casesdeltaebre.com\/es\/#\/schema\/logo\/image\/"}}]}},"_links":{"self":[{"href":"https:\/\/casesdeltaebre.com\/es\/wp-json\/wp\/v2\/pages\/1790","targetHints":{"allow":["GET"]}}],"collection":[{"href":"https:\/\/casesdeltaebre.com\/es\/wp-json\/wp\/v2\/pages"}],"about":[{"href":"https:\/\/casesdeltaebre.com\/es\/wp-json\/wp\/v2\/types\/page"}],"author":[{"embeddable":true,"href":"https:\/\/casesdeltaebre.com\/es\/wp-json\/wp\/v2\/users\/1"}],"replies":[{"embeddable":true,"href":"https:\/\/casesdeltaebre.com\/es\/wp-json\/wp\/v2\/comments?post=1790"}],"version-history":[{"count":3,"href":"https:\/\/casesdeltaebre.com\/es\/wp-json\/wp\/v2\/pages\/1790\/revisions"}],"predecessor-version":[{"id":3524,"href":"https:\/\/casesdeltaebre.com\/es\/wp-json\/wp\/v2\/pages\/1790\/revisions\/3524"}],"wp:attachment":[{"href":"https:\/\/casesdeltaebre.com\/es\/wp-json\/wp\/v2\/media?parent=1790"}],"curies":[{"name":"wp","href":"https:\/\/api.w.org\/{rel}","templated":true}]}}