{"id":1781,"date":"2019-06-04T19:24:49","date_gmt":"2019-06-04T19:24:49","guid":{"rendered":"https:\/\/casesdeltaebre.com\/parque-natural-del-delta-del-ebro\/"},"modified":"2020-11-07T16:48:30","modified_gmt":"2020-11-07T16:48:30","slug":"parque-natural-del-delta-del-ebro","status":"publish","type":"page","link":"https:\/\/casesdeltaebre.com\/es\/parque-natural-del-delta-del-ebro\/","title":{"rendered":"Parque Natural del Delta del Ebro"},"content":{"rendered":"<section class=\"wpb-content-wrapper\"><p>[vc_row][vc_column][vc_single_image image=\u00bb2175&#8243; img_size=\u00bbfull\u00bb][vc_column_text]<strong>El Delta del Ebro<\/strong> es la zona h\u00fameda m\u00e1s grande de Catalu\u00f1a y una de las m\u00e1s importantes de la regi\u00f3n mediterr\u00e1nea. La desembocadura del r\u00edo que da nombre al conjunto de estas tierras constituye un parque natural de primer orden con una incomparable riqueza de flora y fauna que lo hacen \u00fanico. Con una superficie total de <strong>7.736 hect\u00e1reas<\/strong> comprende las comarcas del Baix Ebre y el Montsi\u00e0. Dentro de su vasta extensi\u00f3n se encuentran las lagunas de las Ollas, el Canal Vell, el Garxal, la Alfacada, la Platjola, la Tancada y la Enca\u00f1izada; as\u00ed como las islas de Buda, Gracia, Sapinya y San Antonio; las pen\u00ednsulas de la Punta de la Banya y del Fangar y los Ullals de Baltasar.<\/p>\n<blockquote><p><strong>En el Delta viven de forma estable o de no m\u00e1s de 350 especies de aves. El flamenco, con una gran colonia estable, es uno de sus s\u00edmbolos.<\/strong><\/p><\/blockquote>\n<p>M\u00e1s de 500 especies diferentes confieren a este territorio de un gran potencial en cuanto a la vegetaci\u00f3n, donde destacan los ca\u00f1averales, los juncales, los eucaliptos y los madreselvas de r\u00edo. No se debe olvidar el arroz, el cultivo estrella del delta, cuya producci\u00f3n ocupa grandes extensiones de terreno. En cuanto a la fauna, las aves tienen una gran importancia en la zona.<\/p>\n<p>El clima h\u00famedo propicia el h\u00e1bitat id\u00f3neo para insectos e invertebrados, mientras que los diversos grados de salinidad del agua facilita que se puedan encontrar un gran n\u00famero de peces entre los que destacan las anguilas, los salmonetes y las corvinas. Las condiciones clim\u00e1ticas y del terreno, conjuntamente con su belleza natural, permiten contemplar un gran espect\u00e1culo donde el agua del r\u00edo y del mar son los protagonistas principales. Multitud de rutas y actividades complementan la oferta de la zona del Delta del Ebro y de sus municipios.<\/p>\n<blockquote><p><strong>R\u00edo, mar, dunas, arrozales, lagunas, salinas, humedales, bosque de ribera &#8230; el delta del Ebro es un crisol de paisajes que forman un universo tan rico que ha sido considerado Reserva de la Biosfera.<\/strong><\/p><\/blockquote>\n<p>[\/vc_column_text][vc_row_inner][vc_column_inner width=\u00bb1\/2&#8243;][vc_gallery type=\u00bbflexslider_slide\u00bb interval=\u00bb3&#8243; images=\u00bb580,569,560,495,496,119,44,1839,1843,1847,1851,1855,1859,793,790,173,304,302&#8243; img_size=\u00bb500&#215;440&#8243;][\/vc_column_inner][vc_column_inner width=\u00bb1\/2&#8243;][vc_empty_space height=\u00bb64px\u00bb][vc_btn title=\u00bbInstalaciones y recorridos por el Parque Natural del Delta del Ebro\u00bb color=\u00bbturquoise\u00bb align=\u00bbcenter\u00bb link=\u00bburl:https%3A%2F%2Fcasesdeltaebre.com%2Fes%2Finstalaciones-y-recorridos%2F|title:Instalaciones%20y%20recorridos%20|\u00bb][vc_empty_space][vc_btn title=\u00bbVen a conocer las playas del Delta\u00bb color=\u00bbturquoise\u00bb align=\u00bbcenter\u00bb link=\u00bburl:https%3A%2F%2Fcasesdeltaebre.com%2Fes%2Flas-playas-del-delta%2F|title:Instalaciones%20y%20recorridos%20|\u00bb][\/vc_column_inner][\/vc_row_inner][\/vc_column][\/vc_row]<\/p>\n<\/section>","protected":false},"excerpt":{"rendered":"<p>[vc_row][vc_column][vc_single_image image=\u00bb2175&#8243; img_size=\u00bbfull\u00bb][vc_column_text]El Delta del Ebro es la zona h\u00fameda m\u00e1s grande de Catalu\u00f1a y una de las m\u00e1s importantes de la regi\u00f3n mediterr\u00e1nea. La desembocadura del r\u00edo que da nombre al conjunto de estas tierras constituye un parque natural de primer orden con una incomparable riqueza de flora y fauna que lo hacen \u00fanico. &#8230; <a title=\"Parque Natural del Delta del Ebro\" class=\"read-more\" href=\"https:\/\/casesdeltaebre.com\/es\/parque-natural-del-delta-del-ebro\/\" aria-label=\"M\u00e1s en Parque Natural del Delta del Ebro\">Leer m\u00e1s<\/a><\/p>\n","protected":false},"author":1,"featured_media":0,"parent":0,"menu_order":0,"comment_status":"closed","ping_status":"closed","template":"","meta":{"_exactmetrics_skip_tracking":false,"_exactmetrics_sitenote_active":false,"_exactmetrics_sitenote_note":"","_exactmetrics_sitenote_category":0,"footnotes":""},"class_list":["post-1781","page","type-page","status-publish"],"yoast_head":"<!-- This site is optimized with the Yoast SEO plugin v20.2 - https:\/\/yoast.com\/wordpress\/plugins\/seo\/ -->\n<title>Parque Natural del Delta del Ebro - Cases del Delta<\/title>\n<meta name=\"description\" content=\"Al\u00f3jate en Casetes del Delta y descubre el Delta del Ebro, un territorio de aves, humedales, playas inmensas, infinitos campos de arroz. Haz ecoturismo.\" \/>\n<meta name=\"robots\" content=\"index, follow, max-snippet:-1, max-image-preview:large, max-video-preview:-1\" \/>\n<link rel=\"canonical\" href=\"https:\/\/casesdeltaebre.com\/es\/parque-natural-del-delta-del-ebro\/\" \/>\n<meta property=\"og:locale\" content=\"es_ES\" \/>\n<meta property=\"og:type\" content=\"article\" \/>\n<meta property=\"og:title\" content=\"Parque Natural del Delta del Ebro - Cases del Delta\" \/>\n<meta property=\"og:description\" content=\"Al\u00f3jate en Casetes del Delta y descubre el Delta del Ebro, un territorio de aves, humedales, playas inmensas, infinitos campos de arroz. Haz ecoturismo.\" \/>\n<meta property=\"og:url\" content=\"https:\/\/casesdeltaebre.com\/es\/parque-natural-del-delta-del-ebro\/\" \/>\n<meta property=\"og:site_name\" content=\"Cases del Delta\" \/>\n<meta property=\"article:modified_time\" content=\"2020-11-07T16:48:30+00:00\" \/>\n<meta name=\"twitter:card\" content=\"summary_large_image\" \/>\n<meta name=\"twitter:label1\" content=\"Tiempo de lectura\" \/>\n\t<meta name=\"twitter:data1\" content=\"2 minutos\" \/>\n<script type=\"application\/ld+json\" class=\"yoast-schema-graph\">{\"@context\":\"https:\/\/schema.org\",\"@graph\":[{\"@type\":\"WebPage\",\"@id\":\"https:\/\/casesdeltaebre.com\/es\/parque-natural-del-delta-del-ebro\/\",\"url\":\"https:\/\/casesdeltaebre.com\/es\/parque-natural-del-delta-del-ebro\/\",\"name\":\"Parque Natural del Delta del Ebro - Cases del Delta\",\"isPartOf\":{\"@id\":\"https:\/\/casesdeltaebre.com\/es\/#website\"},\"datePublished\":\"2019-06-04T19:24:49+00:00\",\"dateModified\":\"2020-11-07T16:48:30+00:00\",\"description\":\"Al\u00f3jate en Casetes del Delta y descubre el Delta del Ebro, un territorio de aves, humedales, playas inmensas, infinitos campos de arroz. Haz ecoturismo.\",\"breadcrumb\":{\"@id\":\"https:\/\/casesdeltaebre.com\/es\/parque-natural-del-delta-del-ebro\/#breadcrumb\"},\"inLanguage\":\"es\",\"potentialAction\":[{\"@type\":\"ReadAction\",\"target\":[\"https:\/\/casesdeltaebre.com\/es\/parque-natural-del-delta-del-ebro\/\"]}]},{\"@type\":\"BreadcrumbList\",\"@id\":\"https:\/\/casesdeltaebre.com\/es\/parque-natural-del-delta-del-ebro\/#breadcrumb\",\"itemListElement\":[{\"@type\":\"ListItem\",\"position\":1,\"name\":\"Portada\",\"item\":\"https:\/\/casesdeltaebre.com\/es\/\"},{\"@type\":\"ListItem\",\"position\":2,\"name\":\"Vive la experiencia Delta\",\"item\":\"https:\/\/casesdeltaebre.com\/es\/vive-la-experiencia-delta\/\"},{\"@type\":\"ListItem\",\"position\":3,\"name\":\"Parque Natural del Delta del Ebro\"}]},{\"@type\":\"WebSite\",\"@id\":\"https:\/\/casesdeltaebre.com\/es\/#website\",\"url\":\"https:\/\/casesdeltaebre.com\/es\/\",\"name\":\"Cases del Delta\",\"description\":\"Ecoturisme al Delta de l&#039;Ebre\",\"publisher\":{\"@id\":\"https:\/\/casesdeltaebre.com\/es\/#organization\"},\"potentialAction\":[{\"@type\":\"SearchAction\",\"target\":{\"@type\":\"EntryPoint\",\"urlTemplate\":\"https:\/\/casesdeltaebre.com\/es\/?s={search_term_string}\"},\"query-input\":\"required name=search_term_string\"}],\"inLanguage\":\"es\"},{\"@type\":\"Organization\",\"@id\":\"https:\/\/casesdeltaebre.com\/es\/#organization\",\"name\":\"Cases del Delta\",\"url\":\"https:\/\/casesdeltaebre.com\/es\/\",\"logo\":{\"@type\":\"ImageObject\",\"inLanguage\":\"es\",\"@id\":\"https:\/\/casesdeltaebre.com\/es\/#\/schema\/logo\/image\/\",\"url\":\"https:\/\/casesdeltaebre.com\/wp-content\/uploads\/2019\/06\/cropped-LogoCasesDeltaHoritzontal-1.png\",\"contentUrl\":\"https:\/\/casesdeltaebre.com\/wp-content\/uploads\/2019\/06\/cropped-LogoCasesDeltaHoritzontal-1.png\",\"width\":938,\"height\":205,\"caption\":\"Cases del Delta\"},\"image\":{\"@id\":\"https:\/\/casesdeltaebre.com\/es\/#\/schema\/logo\/image\/\"}}]}<\/script>\n<!-- \/ Yoast SEO plugin. -->","yoast_head_json":{"title":"Parque Natural del Delta del Ebro - Cases del Delta","description":"Al\u00f3jate en Casetes del Delta y descubre el Delta del Ebro, un territorio de aves, humedales, playas inmensas, infinitos campos de arroz. Haz ecoturismo.","robots":{"index":"index","follow":"follow","max-snippet":"max-snippet:-1","max-image-preview":"max-image-preview:large","max-video-preview":"max-video-preview:-1"},"canonical":"https:\/\/casesdeltaebre.com\/es\/parque-natural-del-delta-del-ebro\/","og_locale":"es_ES","og_type":"article","og_title":"Parque Natural del Delta del Ebro - Cases del Delta","og_description":"Al\u00f3jate en Casetes del Delta y descubre el Delta del Ebro, un territorio de aves, humedales, playas inmensas, infinitos campos de arroz. Haz ecoturismo.","og_url":"https:\/\/casesdeltaebre.com\/es\/parque-natural-del-delta-del-ebro\/","og_site_name":"Cases del Delta","article_modified_time":"2020-11-07T16:48:30+00:00","twitter_card":"summary_large_image","twitter_misc":{"Tiempo de lectura":"2 minutos"},"schema":{"@context":"https:\/\/schema.org","@graph":[{"@type":"WebPage","@id":"https:\/\/casesdeltaebre.com\/es\/parque-natural-del-delta-del-ebro\/","url":"https:\/\/casesdeltaebre.com\/es\/parque-natural-del-delta-del-ebro\/","name":"Parque Natural del Delta del Ebro - Cases del Delta","isPartOf":{"@id":"https:\/\/casesdeltaebre.com\/es\/#website"},"datePublished":"2019-06-04T19:24:49+00:00","dateModified":"2020-11-07T16:48:30+00:00","description":"Al\u00f3jate en Casetes del Delta y descubre el Delta del Ebro, un territorio de aves, humedales, playas inmensas, infinitos campos de arroz. Haz ecoturismo.","breadcrumb":{"@id":"https:\/\/casesdeltaebre.com\/es\/parque-natural-del-delta-del-ebro\/#breadcrumb"},"inLanguage":"es","potentialAction":[{"@type":"ReadAction","target":["https:\/\/casesdeltaebre.com\/es\/parque-natural-del-delta-del-ebro\/"]}]},{"@type":"BreadcrumbList","@id":"https:\/\/casesdeltaebre.com\/es\/parque-natural-del-delta-del-ebro\/#breadcrumb","itemListElement":[{"@type":"ListItem","position":1,"name":"Portada","item":"https:\/\/casesdeltaebre.com\/es\/"},{"@type":"ListItem","position":2,"name":"Vive la experiencia Delta","item":"https:\/\/casesdeltaebre.com\/es\/vive-la-experiencia-delta\/"},{"@type":"ListItem","position":3,"name":"Parque Natural del Delta del Ebro"}]},{"@type":"WebSite","@id":"https:\/\/casesdeltaebre.com\/es\/#website","url":"https:\/\/casesdeltaebre.com\/es\/","name":"Cases del Delta","description":"Ecoturisme al Delta de l&#039;Ebre","publisher":{"@id":"https:\/\/casesdeltaebre.com\/es\/#organization"},"potentialAction":[{"@type":"SearchAction","target":{"@type":"EntryPoint","urlTemplate":"https:\/\/casesdeltaebre.com\/es\/?s={search_term_string}"},"query-input":"required name=search_term_string"}],"inLanguage":"es"},{"@type":"Organization","@id":"https:\/\/casesdeltaebre.com\/es\/#organization","name":"Cases del Delta","url":"https:\/\/casesdeltaebre.com\/es\/","logo":{"@type":"ImageObject","inLanguage":"es","@id":"https:\/\/casesdeltaebre.com\/es\/#\/schema\/logo\/image\/","url":"https:\/\/casesdeltaebre.com\/wp-content\/uploads\/2019\/06\/cropped-LogoCasesDeltaHoritzontal-1.png","contentUrl":"https:\/\/casesdeltaebre.com\/wp-content\/uploads\/2019\/06\/cropped-LogoCasesDeltaHoritzontal-1.png","width":938,"height":205,"caption":"Cases del Delta"},"image":{"@id":"https:\/\/casesdeltaebre.com\/es\/#\/schema\/logo\/image\/"}}]}},"_links":{"self":[{"href":"https:\/\/casesdeltaebre.com\/es\/wp-json\/wp\/v2\/pages\/1781","targetHints":{"allow":["GET"]}}],"collection":[{"href":"https:\/\/casesdeltaebre.com\/es\/wp-json\/wp\/v2\/pages"}],"about":[{"href":"https:\/\/casesdeltaebre.com\/es\/wp-json\/wp\/v2\/types\/page"}],"author":[{"embeddable":true,"href":"https:\/\/casesdeltaebre.com\/es\/wp-json\/wp\/v2\/users\/1"}],"replies":[{"embeddable":true,"href":"https:\/\/casesdeltaebre.com\/es\/wp-json\/wp\/v2\/comments?post=1781"}],"version-history":[{"count":6,"href":"https:\/\/casesdeltaebre.com\/es\/wp-json\/wp\/v2\/pages\/1781\/revisions"}],"predecessor-version":[{"id":3520,"href":"https:\/\/casesdeltaebre.com\/es\/wp-json\/wp\/v2\/pages\/1781\/revisions\/3520"}],"wp:attachment":[{"href":"https:\/\/casesdeltaebre.com\/es\/wp-json\/wp\/v2\/media?parent=1781"}],"curies":[{"name":"wp","href":"https:\/\/api.w.org\/{rel}","templated":true}]}}