{"id":1763,"date":"2019-06-04T16:29:37","date_gmt":"2019-06-04T16:29:37","guid":{"rendered":"https:\/\/casesdeltaebre.com\/la-casa-petita\/"},"modified":"2025-02-25T10:02:37","modified_gmt":"2025-02-25T10:02:37","slug":"la-casa-petita","status":"publish","type":"page","link":"https:\/\/casesdeltaebre.com\/es\/les-casetes\/la-casa-petita\/","title":{"rendered":"La Casa Petita"},"content":{"rendered":"<section class=\"wpb-content-wrapper\"><p>[vc_row][vc_column][vc_column_text]<\/p>\n<h3><strong>HUTTE &#8211; 01524<\/strong><\/h3>\n<h4><strong>La casa Petita<\/strong> ofrece cuatro plazas repartidas en dos estancias. Una habitaci\u00f3n con cama de matrimonio y un altillo con dos camas. Tiene un amplio comedor, una peque\u00f1a cocina con todo lo necesario y ba\u00f1o con ducha.<\/h4>\n<p><em><strong>\u00cdntima, recogida y muy acogedora<\/strong>, un peque\u00f1o refugio del Delta del Ebro. Decorada con colores vivos y atractivos, tiene mucho encanto.<br \/>\nMaria<\/em><\/p>\n<p>&nbsp;<br \/>\n[\/vc_column_text][\/vc_column][\/vc_row][vc_row][vc_column][vc_single_image image=\u00bb1526&#8243; img_size=\u00bbfull\u00bb alignment=\u00bbcenter\u00bb][\/vc_column][\/vc_row][vc_row][vc_column width=\u00bb1\/2&#8243;][vc_empty_space][vc_gallery type=\u00bbimage_grid\u00bb images=\u00bb1529,1376,1315,1355,1514,1367,1333,1324,1520&#8243; css_animation=\u00bbnone\u00bb][vc_empty_space height=\u00bb16px\u00bb][\/vc_column][vc_column width=\u00bb1\/2&#8243;][vc_column_text]<\/p>\n<h4>En la casa encontrar\u00e1s:<\/h4>\n<ul>\n<li>S\u00e1banas y toallas<\/li>\n<li>Todos los utensilios necesarios para cocinar y lavar<\/li>\n<li>Nevera<\/li>\n<li>Microondas<\/li>\n<li>Lavadora<\/li>\n<li>Tostadora<\/li>\n<li>Secador de pelo<\/li>\n<li>Tendedero<br \/>\nEn la cocina dejamos sal, aceite de las Terres de l&#8217;Ebre, vinagre y caf\u00e9. Y tambi\u00e9n jab\u00f3n de lavar platos, bolsas de basura, papel de cocina, manteles y servilletas.<\/li>\n<li>En frente tiene un bonito jard\u00edn con mesa, sillas, barbacoa y mucha sombra. Desde la casa se puede ir hasta el r\u00edo, situado a unos cien metros, y all\u00ed mismo est\u00e1 el Paseo Fluvial que recorre toda la ribera desde la ciudad de Amposta hasta la desembocadura. Un lugar fant\u00e1stico para pasear y recorrer en bicicleta.<strong><br \/>\nWifi gratuito en toda la casa<br \/>\n<strong>Estufa de le\u00f1a\u00a0<\/strong><br \/>\n<\/strong><strong>Ventiladores de techo<\/strong><\/li>\n<\/ul>\n<p>[\/vc_column_text][\/vc_column][\/vc_row][vc_row][vc_column width=\u00bb2\/3&#8243;][vc_custom_heading text=\u00bbD\u00f3nde est\u00e0 la Casa Petita &#8211; Casetes del Delta\u00bb font_container=\u00bbtag:h3|text_align:left\u00bb use_theme_fonts=\u00bbyes\u00bb][vc_gmaps link=\u00bb#E-8_JTNDaWZyYW1lJTIwc3JjJTNEJTIyaHR0cHMlM0ElMkYlMkZ3d3cuZ29vZ2xlLmNvbSUyRm1hcHMlMkZlbWJlZCUzRnBiJTNEJTIxMW0xOCUyMTFtMTIlMjExbTMlMjExZDMwMjQuMjkxNTI2MDA5MTQxJTIxMmQwLjY4Njc2NjUxNTU1NzczMjclMjEzZDQwLjcxMTU5ODQ0NTU3NjY4JTIxMm0zJTIxMWYwJTIxMmYwJTIxM2YwJTIxM20yJTIxMWkxMDI0JTIxMmk3NjglMjE0ZjEzLjElMjEzbTMlMjExbTIlMjExczB4MTJhMTA2OWVlNmNlY2RkZCUyNTNBMHhjYjVhN2ZiNzhlYTgzNDUlMjEyc0Nhc2V0ZXMlMjUyMGRlbCUyNTIwRGVsdGElMjE1ZTAlMjEzbTIlMjExc2NhJTIxMnNlcyUyMTR2MTYxMzMyNjExMDgzOCUyMTVtMiUyMTFzY2ElMjEyc2VzJTIyJTIwd2lkdGglM0QlMjI0NTAlMjIlMjBoZWlnaHQlM0QlMjIzMDAlMjIlMjBmcmFtZWJvcmRlciUzRCUyMjIlMjIlMjBzdHlsZSUzRCUyMmJvcmRlciUzQTIlM0IlMjIlMjBhbGxvd2Z1bGxzY3JlZW4lM0QlMjIlMjIlMjBhcmlhLWhpZGRlbiUzRCUyMmZhbHNlJTIyJTIwdGFiaW5kZXglM0QlMjIwJTIyJTNFJTNDJTJGaWZyYW1lJTNF\u00bb][\/vc_column][vc_column width=\u00bb1\/3&#8243;][vc_custom_heading text=\u00bb\u00bb font_container=\u00bbtag:h3|text_align:left\u00bb google_fonts=\u00bbfont_family:Arimo%3Aregular%2Citalic%2C700%2C700italic|font_style:400%20regular%3A400%3Anormal\u00bb link=\u00bburl:https%3A%2F%2Fcasesdeltaebre.amenitiz.io%2Fes%2Fbooking%2Froom%23DatesGuests-BE|title:Casa%20Petita%20-%20Casetes%20del%20Delta%20|target:_blank|\u00bb][vc_btn title=\u00bbReserva aqu\u00ed\u00bb color=\u00bbturquoise\u00bb link=\u00bburl:https%3A%2F%2Fcasesdeltaebre.amenitiz.io%2Fes%2Fbooking%2Froom%23DatesGuests-BE|target:_blank|\u00bb][\/vc_column][\/vc_row]<\/p>\n<\/section>","protected":false},"excerpt":{"rendered":"<p>[vc_row][vc_column][vc_column_text] HUTTE &#8211; 01524 La casa Petita ofrece cuatro plazas repartidas en dos estancias. Una habitaci\u00f3n con cama de matrimonio y un altillo con dos camas. Tiene un amplio comedor, una peque\u00f1a cocina con todo lo necesario y ba\u00f1o con ducha. \u00cdntima, recogida y muy acogedora, un peque\u00f1o refugio del Delta del Ebro. Decorada con &#8230; <a title=\"La Casa Petita\" class=\"read-more\" href=\"https:\/\/casesdeltaebre.com\/es\/les-casetes\/la-casa-petita\/\" aria-label=\"M\u00e1s en La Casa Petita\">Leer m\u00e1s<\/a><\/p>\n","protected":false},"author":1,"featured_media":0,"parent":2076,"menu_order":0,"comment_status":"closed","ping_status":"closed","template":"","meta":{"_exactmetrics_skip_tracking":false,"_exactmetrics_sitenote_active":false,"_exactmetrics_sitenote_note":"","_exactmetrics_sitenote_category":0,"footnotes":""},"class_list":["post-1763","page","type-page","status-publish"],"yoast_head":"<!-- This site is optimized with the Yoast SEO plugin v20.2 - https:\/\/yoast.com\/wordpress\/plugins\/seo\/ -->\n<title>La Casa Petita - Cases del Delta<\/title>\n<meta name=\"description\" content=\"Ven a la Casa Peque\u00f1a de las Casetes del Delta y disfruta de un entorno \u00fanico y de una casa con encanto. Una propuesta de ecoturismo en el coraz\u00f3n del Delta del Ebro.\" \/>\n<meta name=\"robots\" content=\"index, follow, max-snippet:-1, max-image-preview:large, max-video-preview:-1\" \/>\n<link rel=\"canonical\" href=\"https:\/\/casesdeltaebre.com\/es\/les-casetes\/la-casa-petita\/\" \/>\n<meta property=\"og:locale\" content=\"es_ES\" \/>\n<meta property=\"og:type\" content=\"article\" \/>\n<meta property=\"og:title\" content=\"La Casa Petita - Cases del Delta\" \/>\n<meta property=\"og:description\" content=\"Ven a la Casa Peque\u00f1a de las Casetes del Delta y disfruta de un entorno \u00fanico y de una casa con encanto. Una propuesta de ecoturismo en el coraz\u00f3n del Delta del Ebro.\" \/>\n<meta property=\"og:url\" content=\"https:\/\/casesdeltaebre.com\/es\/les-casetes\/la-casa-petita\/\" \/>\n<meta property=\"og:site_name\" content=\"Cases del Delta\" \/>\n<meta property=\"article:modified_time\" content=\"2025-02-25T10:02:37+00:00\" \/>\n<meta name=\"twitter:card\" content=\"summary_large_image\" \/>\n<meta name=\"twitter:label1\" content=\"Tiempo de lectura\" \/>\n\t<meta name=\"twitter:data1\" content=\"2 minutos\" \/>\n<script type=\"application\/ld+json\" class=\"yoast-schema-graph\">{\"@context\":\"https:\/\/schema.org\",\"@graph\":[{\"@type\":\"WebPage\",\"@id\":\"https:\/\/casesdeltaebre.com\/es\/les-casetes\/la-casa-petita\/\",\"url\":\"https:\/\/casesdeltaebre.com\/es\/les-casetes\/la-casa-petita\/\",\"name\":\"La Casa Petita - Cases del Delta\",\"isPartOf\":{\"@id\":\"https:\/\/casesdeltaebre.com\/es\/#website\"},\"datePublished\":\"2019-06-04T16:29:37+00:00\",\"dateModified\":\"2025-02-25T10:02:37+00:00\",\"description\":\"Ven a la Casa Peque\u00f1a de las Casetes del Delta y disfruta de un entorno \u00fanico y de una casa con encanto. Una propuesta de ecoturismo en el coraz\u00f3n del Delta del Ebro.\",\"breadcrumb\":{\"@id\":\"https:\/\/casesdeltaebre.com\/es\/les-casetes\/la-casa-petita\/#breadcrumb\"},\"inLanguage\":\"es\",\"potentialAction\":[{\"@type\":\"ReadAction\",\"target\":[\"https:\/\/casesdeltaebre.com\/es\/les-casetes\/la-casa-petita\/\"]}]},{\"@type\":\"BreadcrumbList\",\"@id\":\"https:\/\/casesdeltaebre.com\/es\/les-casetes\/la-casa-petita\/#breadcrumb\",\"itemListElement\":[{\"@type\":\"ListItem\",\"position\":1,\"name\":\"Portada\",\"item\":\"https:\/\/casesdeltaebre.com\/es\/\"},{\"@type\":\"ListItem\",\"position\":2,\"name\":\"Las casas\",\"item\":\"https:\/\/casesdeltaebre.com\/es\/les-casetes\/\"},{\"@type\":\"ListItem\",\"position\":3,\"name\":\"La Casa Petita\"}]},{\"@type\":\"WebSite\",\"@id\":\"https:\/\/casesdeltaebre.com\/es\/#website\",\"url\":\"https:\/\/casesdeltaebre.com\/es\/\",\"name\":\"Cases del Delta\",\"description\":\"Ecoturisme al Delta de l&#039;Ebre\",\"publisher\":{\"@id\":\"https:\/\/casesdeltaebre.com\/es\/#organization\"},\"potentialAction\":[{\"@type\":\"SearchAction\",\"target\":{\"@type\":\"EntryPoint\",\"urlTemplate\":\"https:\/\/casesdeltaebre.com\/es\/?s={search_term_string}\"},\"query-input\":\"required name=search_term_string\"}],\"inLanguage\":\"es\"},{\"@type\":\"Organization\",\"@id\":\"https:\/\/casesdeltaebre.com\/es\/#organization\",\"name\":\"Cases del Delta\",\"url\":\"https:\/\/casesdeltaebre.com\/es\/\",\"logo\":{\"@type\":\"ImageObject\",\"inLanguage\":\"es\",\"@id\":\"https:\/\/casesdeltaebre.com\/es\/#\/schema\/logo\/image\/\",\"url\":\"https:\/\/casesdeltaebre.com\/wp-content\/uploads\/2019\/06\/cropped-LogoCasesDeltaHoritzontal-1.png\",\"contentUrl\":\"https:\/\/casesdeltaebre.com\/wp-content\/uploads\/2019\/06\/cropped-LogoCasesDeltaHoritzontal-1.png\",\"width\":938,\"height\":205,\"caption\":\"Cases del Delta\"},\"image\":{\"@id\":\"https:\/\/casesdeltaebre.com\/es\/#\/schema\/logo\/image\/\"}}]}<\/script>\n<!-- \/ Yoast SEO plugin. -->","yoast_head_json":{"title":"La Casa Petita - Cases del Delta","description":"Ven a la Casa Peque\u00f1a de las Casetes del Delta y disfruta de un entorno \u00fanico y de una casa con encanto. Una propuesta de ecoturismo en el coraz\u00f3n del Delta del Ebro.","robots":{"index":"index","follow":"follow","max-snippet":"max-snippet:-1","max-image-preview":"max-image-preview:large","max-video-preview":"max-video-preview:-1"},"canonical":"https:\/\/casesdeltaebre.com\/es\/les-casetes\/la-casa-petita\/","og_locale":"es_ES","og_type":"article","og_title":"La Casa Petita - Cases del Delta","og_description":"Ven a la Casa Peque\u00f1a de las Casetes del Delta y disfruta de un entorno \u00fanico y de una casa con encanto. Una propuesta de ecoturismo en el coraz\u00f3n del Delta del Ebro.","og_url":"https:\/\/casesdeltaebre.com\/es\/les-casetes\/la-casa-petita\/","og_site_name":"Cases del Delta","article_modified_time":"2025-02-25T10:02:37+00:00","twitter_card":"summary_large_image","twitter_misc":{"Tiempo de lectura":"2 minutos"},"schema":{"@context":"https:\/\/schema.org","@graph":[{"@type":"WebPage","@id":"https:\/\/casesdeltaebre.com\/es\/les-casetes\/la-casa-petita\/","url":"https:\/\/casesdeltaebre.com\/es\/les-casetes\/la-casa-petita\/","name":"La Casa Petita - Cases del Delta","isPartOf":{"@id":"https:\/\/casesdeltaebre.com\/es\/#website"},"datePublished":"2019-06-04T16:29:37+00:00","dateModified":"2025-02-25T10:02:37+00:00","description":"Ven a la Casa Peque\u00f1a de las Casetes del Delta y disfruta de un entorno \u00fanico y de una casa con encanto. Una propuesta de ecoturismo en el coraz\u00f3n del Delta del Ebro.","breadcrumb":{"@id":"https:\/\/casesdeltaebre.com\/es\/les-casetes\/la-casa-petita\/#breadcrumb"},"inLanguage":"es","potentialAction":[{"@type":"ReadAction","target":["https:\/\/casesdeltaebre.com\/es\/les-casetes\/la-casa-petita\/"]}]},{"@type":"BreadcrumbList","@id":"https:\/\/casesdeltaebre.com\/es\/les-casetes\/la-casa-petita\/#breadcrumb","itemListElement":[{"@type":"ListItem","position":1,"name":"Portada","item":"https:\/\/casesdeltaebre.com\/es\/"},{"@type":"ListItem","position":2,"name":"Las casas","item":"https:\/\/casesdeltaebre.com\/es\/les-casetes\/"},{"@type":"ListItem","position":3,"name":"La Casa Petita"}]},{"@type":"WebSite","@id":"https:\/\/casesdeltaebre.com\/es\/#website","url":"https:\/\/casesdeltaebre.com\/es\/","name":"Cases del Delta","description":"Ecoturisme al Delta de l&#039;Ebre","publisher":{"@id":"https:\/\/casesdeltaebre.com\/es\/#organization"},"potentialAction":[{"@type":"SearchAction","target":{"@type":"EntryPoint","urlTemplate":"https:\/\/casesdeltaebre.com\/es\/?s={search_term_string}"},"query-input":"required name=search_term_string"}],"inLanguage":"es"},{"@type":"Organization","@id":"https:\/\/casesdeltaebre.com\/es\/#organization","name":"Cases del Delta","url":"https:\/\/casesdeltaebre.com\/es\/","logo":{"@type":"ImageObject","inLanguage":"es","@id":"https:\/\/casesdeltaebre.com\/es\/#\/schema\/logo\/image\/","url":"https:\/\/casesdeltaebre.com\/wp-content\/uploads\/2019\/06\/cropped-LogoCasesDeltaHoritzontal-1.png","contentUrl":"https:\/\/casesdeltaebre.com\/wp-content\/uploads\/2019\/06\/cropped-LogoCasesDeltaHoritzontal-1.png","width":938,"height":205,"caption":"Cases del Delta"},"image":{"@id":"https:\/\/casesdeltaebre.com\/es\/#\/schema\/logo\/image\/"}}]}},"_links":{"self":[{"href":"https:\/\/casesdeltaebre.com\/es\/wp-json\/wp\/v2\/pages\/1763","targetHints":{"allow":["GET"]}}],"collection":[{"href":"https:\/\/casesdeltaebre.com\/es\/wp-json\/wp\/v2\/pages"}],"about":[{"href":"https:\/\/casesdeltaebre.com\/es\/wp-json\/wp\/v2\/types\/page"}],"author":[{"embeddable":true,"href":"https:\/\/casesdeltaebre.com\/es\/wp-json\/wp\/v2\/users\/1"}],"replies":[{"embeddable":true,"href":"https:\/\/casesdeltaebre.com\/es\/wp-json\/wp\/v2\/comments?post=1763"}],"version-history":[{"count":30,"href":"https:\/\/casesdeltaebre.com\/es\/wp-json\/wp\/v2\/pages\/1763\/revisions"}],"predecessor-version":[{"id":6036,"href":"https:\/\/casesdeltaebre.com\/es\/wp-json\/wp\/v2\/pages\/1763\/revisions\/6036"}],"up":[{"embeddable":true,"href":"https:\/\/casesdeltaebre.com\/es\/wp-json\/wp\/v2\/pages\/2076"}],"wp:attachment":[{"href":"https:\/\/casesdeltaebre.com\/es\/wp-json\/wp\/v2\/media?parent=1763"}],"curies":[{"name":"wp","href":"https:\/\/api.w.org\/{rel}","templated":true}]}}