{"id":1757,"date":"2019-06-04T16:16:25","date_gmt":"2019-06-04T16:16:25","guid":{"rendered":"https:\/\/casesdeltaebre.com\/la-casa-gran\/"},"modified":"2024-04-29T09:53:15","modified_gmt":"2024-04-29T09:53:15","slug":"la-casa-gran","status":"publish","type":"page","link":"https:\/\/casesdeltaebre.com\/es\/les-casetes\/la-casa-gran\/","title":{"rendered":"La Casa Gran"},"content":{"rendered":"<section class=\"wpb-content-wrapper\"><p>[vc_row][vc_column][vc_row_inner][vc_column_inner][vc_column_text]<br \/>\nHUTTE &#8211; 01524<\/p>\n<h4>La Casa Gran tiene dos a cinco plazas y dispone de todas las comodidades. Consta de un gran comedor-sala de estar, dos habitaciones dobles, una con cama doble y otra con dos individuales y una cama supletoria, cocina totalmente equipada y ba\u00f1o con ducha.<\/h4>\n<p>[\/vc_column_text][\/vc_column_inner][\/vc_row_inner][vc_column_text]<\/p>\n<blockquote>\n<p style=\"text-align: left;\">La casa es preciosa. El trato muy bueno y cercano y el lugar inmejorable. Oriol<\/p>\n<p>&nbsp;<\/p><\/blockquote>\n<p>[\/vc_column_text][vc_single_image image=\u00bb2174&#8243; img_size=\u00bblarge\u00bb][\/vc_column][\/vc_row][vc_row][vc_column width=\u00bb1\/2&#8243;][vc_gallery type=\u00bbimage_grid\u00bb images=\u00bb2745,1144,1553,1595,1102,1249,1598,1565,2704&#8243;][\/vc_column][vc_column width=\u00bb1\/2&#8243;][vc_column_text]<\/p>\n<h4>En la casa encontrar\u00e1s:<\/h4>\n<ul>\n<li>S\u00e1banas y toallas<\/li>\n<li>Todos los utensilios necesarios para cocinar y lavar<\/li>\n<li>Nevera<\/li>\n<li>Lavavajillas<\/li>\n<li>Microondas<\/li>\n<li>Lavadora<\/li>\n<li>Tostadora<\/li>\n<li>Secador de pelo<\/li>\n<li>TendederoEn la cocina dejamos sal, aceite de las Terres de l&#8217;Ebre, vinagre y caf\u00e9. Tambi\u00e9n jab\u00f3n de lavar platos, bolsas de basura, papel de cocina, manteles y servilletas.<br \/>\n<strong>Dispone de wifi<\/strong><br \/>\n<strong>Tiene estufa de le\u00f1a (con toda la le\u00f1a necesaria)<\/strong><br \/>\n<strong>Ventiladores de techo<\/strong><\/li>\n<\/ul>\n<p>[\/vc_column_text][\/vc_column][\/vc_row][vc_row][vc_column width=\u00bb1\/2&#8243;][vc_empty_space height=\u00bb8&#8243;][\/vc_column][vc_column width=\u00bb1\/2&#8243;][\/vc_column][\/vc_row][vc_row][vc_column][vc_column_text]En frente tiene un bonito jard\u00edn con mesa, sillas, barbacoa y mucha sombra. Desde la casa se puede ir hasta el r\u00edo, situado a unos cien metros, y all\u00ed mismo est\u00e1 el Paseo Fluvial que recorre toda la ribera desde la ciudad de Amposta hasta la desembocadura. Un lugar fant\u00e1stico para pasear y recorrer en bicicleta.[\/vc_column_text][vc_empty_space][\/vc_column][\/vc_row][vc_row][vc_column width=\u00bb2\/3&#8243;][vc_custom_heading text=\u00bbD\u00f3nde est\u00e1 la Casa Gran &#8211; Casetes del Delta\u00bb font_container=\u00bbtag:h3|text_align:left\u00bb google_fonts=\u00bbfont_family:Arimo%3Aregular%2Citalic%2C700%2C700italic|font_style:400%20regular%3A400%3Anormal\u00bb][vc_gmaps link=\u00bb#E-8_JTNDaWZyYW1lJTIwc3JjJTNEJTIyaHR0cHMlM0ElMkYlMkZ3d3cuZ29vZ2xlLmNvbSUyRm1hcHMlMkZlbWJlZCUzRnBiJTNEJTIxMW0xOCUyMTFtMTIlMjExbTMlMjExZDMwMjQuMjkxNTI2MDA5MTQwNCUyMTJkMC42ODY3NjY1MTU1NTc3Mjk5JTIxM2Q0MC43MTE1OTg0NDU1NzY3JTIxMm0zJTIxMWYwJTIxMmYwJTIxM2YwJTIxM20yJTIxMWkxMDI0JTIxMmk3NjglMjE0ZjEzLjElMjEzbTMlMjExbTIlMjExczB4MTJhMTA2OWVlNmNlY2RkZCUyNTNBMHhjYjVhN2ZiNzhlYTgzNDUlMjEyc0Nhc2V0ZXMlMjUyMGRlbCUyNTIwRGVsdGElMjE1ZTAlMjEzbTIlMjExc2NhJTIxMnNlcyUyMTR2MTYxMzMyNTAwODA5NiUyMTVtMiUyMTFzY2ElMjEyc2VzJTIyJTIwd2lkdGglM0QlMjI0NTAlMjIlMjBoZWlnaHQlM0QlMjIzMDAlMjIlMjBmcmFtZWJvcmRlciUzRCUyMjIlMjIlMjBzdHlsZSUzRCUyMmJvcmRlciUzQTAlM0IlMjIlMjBhbGxvd2Z1bGxzY3JlZW4lM0QlMjIlMjIlMjBhcmlhLWhpZGRlbiUzRCUyMmZhbHNlJTIyJTIwdGFiaW5kZXglM0QlMjIyJTIyJTNFJTNDJTJGaWZyYW1lJTNF\u00bb size=\u00bbStandar\u00bb][\/vc_column][vc_column width=\u00bb1\/3&#8243;][vc_custom_heading text=\u00bbReserva aqu\u00ed\u00bb font_container=\u00bbtag:h3|text_align:left\u00bb google_fonts=\u00bbfont_family:Arimo%3Aregular%2Citalic%2C700%2C700italic|font_style:400%20regular%3A400%3Anormal\u00bb][vc_raw_html]PGlmcmFtZSBzcmM9Imh0dHBzOi8vd3d3LmF2YWlib29rLmNvbS93aWRnZXRzX3Byb3BpZXRhcmlvcy9sb2FkZXIucGhwP2lkPTgxNDY0Jmxhbmc9ZXMiIHN0eWxlPSJ3aWR0aDogNTAwcHg7IGhlaWdodDogMzU1cHg7IGJvcmRlcjogMCIgZnJhbWVib3JkZXI9MCBhbGxvd3RyYW5zcGFyZW5jeT0iYWxsb3d0cmFuc3BhcmVuY3kiPlR1IG5hdmVnYWRvciBubyBzb3BvcnRhIGlmcmFtZXM8L2lmcmFtZT48ZGl2IHN0eWxlPSJ3aWR0aDogNTAwcHg7IG1hcmdpbjogYXV0byI+PGEgaHJlZj0iaHR0cHM6Ly93d3cuYXZhaWJvb2suY29tL2VuLyIgdGFyZ2V0PSJfYmxhbmsiPnBvd2VyZWQgYnkgQXZhaUJvb2suY29tPC9hPjwvZGl2Pg==[\/vc_raw_html][\/vc_column][\/vc_row]<\/p>\n<\/section>","protected":false},"excerpt":{"rendered":"<p>[vc_row][vc_column][vc_row_inner][vc_column_inner][vc_column_text] HUTTE &#8211; 01524 La Casa Gran tiene dos a cinco plazas y dispone de todas las comodidades. Consta de un gran comedor-sala de estar, dos habitaciones dobles, una con cama doble y otra con dos individuales y una cama supletoria, cocina totalmente equipada y ba\u00f1o con ducha. [\/vc_column_text][\/vc_column_inner][\/vc_row_inner][vc_column_text] La casa es preciosa. El trato &#8230; <a title=\"La Casa Gran\" class=\"read-more\" href=\"https:\/\/casesdeltaebre.com\/es\/les-casetes\/la-casa-gran\/\" aria-label=\"M\u00e1s en La Casa Gran\">Leer m\u00e1s<\/a><\/p>\n","protected":false},"author":1,"featured_media":0,"parent":2076,"menu_order":0,"comment_status":"closed","ping_status":"closed","template":"","meta":{"_exactmetrics_skip_tracking":false,"_exactmetrics_sitenote_active":false,"_exactmetrics_sitenote_note":"","_exactmetrics_sitenote_category":0,"footnotes":""},"class_list":["post-1757","page","type-page","status-publish"],"yoast_head":"<!-- This site is optimized with the Yoast SEO plugin v20.2 - https:\/\/yoast.com\/wordpress\/plugins\/seo\/ -->\n<title>La Casa Gran - Cases del Delta<\/title>\n<meta name=\"description\" content=\"Ven a la Casa Gran de las Casetes del Delta y disfruta de un entorno \u00fanico y de una casa con encanto. Una propuesta de ecoturismo en el coraz\u00f3n del Delta del Ebro.\" \/>\n<meta name=\"robots\" content=\"index, follow, max-snippet:-1, max-image-preview:large, max-video-preview:-1\" \/>\n<link rel=\"canonical\" href=\"https:\/\/casesdeltaebre.com\/es\/les-casetes\/la-casa-gran\/\" \/>\n<meta property=\"og:locale\" content=\"es_ES\" \/>\n<meta property=\"og:type\" content=\"article\" \/>\n<meta property=\"og:title\" content=\"La Casa Gran - Cases del Delta\" \/>\n<meta property=\"og:description\" content=\"Ven a la Casa Gran de las Casetes del Delta y disfruta de un entorno \u00fanico y de una casa con encanto. Una propuesta de ecoturismo en el coraz\u00f3n del Delta del Ebro.\" \/>\n<meta property=\"og:url\" content=\"https:\/\/casesdeltaebre.com\/es\/les-casetes\/la-casa-gran\/\" \/>\n<meta property=\"og:site_name\" content=\"Cases del Delta\" \/>\n<meta property=\"article:modified_time\" content=\"2024-04-29T09:53:15+00:00\" \/>\n<meta name=\"twitter:card\" content=\"summary_large_image\" \/>\n<meta name=\"twitter:label1\" content=\"Tiempo de lectura\" \/>\n\t<meta name=\"twitter:data1\" content=\"3 minutos\" \/>\n<script type=\"application\/ld+json\" class=\"yoast-schema-graph\">{\"@context\":\"https:\/\/schema.org\",\"@graph\":[{\"@type\":\"WebPage\",\"@id\":\"https:\/\/casesdeltaebre.com\/es\/les-casetes\/la-casa-gran\/\",\"url\":\"https:\/\/casesdeltaebre.com\/es\/les-casetes\/la-casa-gran\/\",\"name\":\"La Casa Gran - Cases del Delta\",\"isPartOf\":{\"@id\":\"https:\/\/casesdeltaebre.com\/es\/#website\"},\"datePublished\":\"2019-06-04T16:16:25+00:00\",\"dateModified\":\"2024-04-29T09:53:15+00:00\",\"description\":\"Ven a la Casa Gran de las Casetes del Delta y disfruta de un entorno \u00fanico y de una casa con encanto. Una propuesta de ecoturismo en el coraz\u00f3n del Delta del Ebro.\",\"breadcrumb\":{\"@id\":\"https:\/\/casesdeltaebre.com\/es\/les-casetes\/la-casa-gran\/#breadcrumb\"},\"inLanguage\":\"es\",\"potentialAction\":[{\"@type\":\"ReadAction\",\"target\":[\"https:\/\/casesdeltaebre.com\/es\/les-casetes\/la-casa-gran\/\"]}]},{\"@type\":\"BreadcrumbList\",\"@id\":\"https:\/\/casesdeltaebre.com\/es\/les-casetes\/la-casa-gran\/#breadcrumb\",\"itemListElement\":[{\"@type\":\"ListItem\",\"position\":1,\"name\":\"Portada\",\"item\":\"https:\/\/casesdeltaebre.com\/es\/\"},{\"@type\":\"ListItem\",\"position\":2,\"name\":\"Las casas\",\"item\":\"https:\/\/casesdeltaebre.com\/es\/les-casetes\/\"},{\"@type\":\"ListItem\",\"position\":3,\"name\":\"La Casa Gran\"}]},{\"@type\":\"WebSite\",\"@id\":\"https:\/\/casesdeltaebre.com\/es\/#website\",\"url\":\"https:\/\/casesdeltaebre.com\/es\/\",\"name\":\"Cases del Delta\",\"description\":\"Ecoturisme al Delta de l&#039;Ebre\",\"publisher\":{\"@id\":\"https:\/\/casesdeltaebre.com\/es\/#organization\"},\"potentialAction\":[{\"@type\":\"SearchAction\",\"target\":{\"@type\":\"EntryPoint\",\"urlTemplate\":\"https:\/\/casesdeltaebre.com\/es\/?s={search_term_string}\"},\"query-input\":\"required name=search_term_string\"}],\"inLanguage\":\"es\"},{\"@type\":\"Organization\",\"@id\":\"https:\/\/casesdeltaebre.com\/es\/#organization\",\"name\":\"Cases del Delta\",\"url\":\"https:\/\/casesdeltaebre.com\/es\/\",\"logo\":{\"@type\":\"ImageObject\",\"inLanguage\":\"es\",\"@id\":\"https:\/\/casesdeltaebre.com\/es\/#\/schema\/logo\/image\/\",\"url\":\"https:\/\/casesdeltaebre.com\/wp-content\/uploads\/2019\/06\/cropped-LogoCasesDeltaHoritzontal-1.png\",\"contentUrl\":\"https:\/\/casesdeltaebre.com\/wp-content\/uploads\/2019\/06\/cropped-LogoCasesDeltaHoritzontal-1.png\",\"width\":938,\"height\":205,\"caption\":\"Cases del Delta\"},\"image\":{\"@id\":\"https:\/\/casesdeltaebre.com\/es\/#\/schema\/logo\/image\/\"}}]}<\/script>\n<!-- \/ Yoast SEO plugin. -->","yoast_head_json":{"title":"La Casa Gran - Cases del Delta","description":"Ven a la Casa Gran de las Casetes del Delta y disfruta de un entorno \u00fanico y de una casa con encanto. Una propuesta de ecoturismo en el coraz\u00f3n del Delta del Ebro.","robots":{"index":"index","follow":"follow","max-snippet":"max-snippet:-1","max-image-preview":"max-image-preview:large","max-video-preview":"max-video-preview:-1"},"canonical":"https:\/\/casesdeltaebre.com\/es\/les-casetes\/la-casa-gran\/","og_locale":"es_ES","og_type":"article","og_title":"La Casa Gran - Cases del Delta","og_description":"Ven a la Casa Gran de las Casetes del Delta y disfruta de un entorno \u00fanico y de una casa con encanto. Una propuesta de ecoturismo en el coraz\u00f3n del Delta del Ebro.","og_url":"https:\/\/casesdeltaebre.com\/es\/les-casetes\/la-casa-gran\/","og_site_name":"Cases del Delta","article_modified_time":"2024-04-29T09:53:15+00:00","twitter_card":"summary_large_image","twitter_misc":{"Tiempo de lectura":"3 minutos"},"schema":{"@context":"https:\/\/schema.org","@graph":[{"@type":"WebPage","@id":"https:\/\/casesdeltaebre.com\/es\/les-casetes\/la-casa-gran\/","url":"https:\/\/casesdeltaebre.com\/es\/les-casetes\/la-casa-gran\/","name":"La Casa Gran - Cases del Delta","isPartOf":{"@id":"https:\/\/casesdeltaebre.com\/es\/#website"},"datePublished":"2019-06-04T16:16:25+00:00","dateModified":"2024-04-29T09:53:15+00:00","description":"Ven a la Casa Gran de las Casetes del Delta y disfruta de un entorno \u00fanico y de una casa con encanto. Una propuesta de ecoturismo en el coraz\u00f3n del Delta del Ebro.","breadcrumb":{"@id":"https:\/\/casesdeltaebre.com\/es\/les-casetes\/la-casa-gran\/#breadcrumb"},"inLanguage":"es","potentialAction":[{"@type":"ReadAction","target":["https:\/\/casesdeltaebre.com\/es\/les-casetes\/la-casa-gran\/"]}]},{"@type":"BreadcrumbList","@id":"https:\/\/casesdeltaebre.com\/es\/les-casetes\/la-casa-gran\/#breadcrumb","itemListElement":[{"@type":"ListItem","position":1,"name":"Portada","item":"https:\/\/casesdeltaebre.com\/es\/"},{"@type":"ListItem","position":2,"name":"Las casas","item":"https:\/\/casesdeltaebre.com\/es\/les-casetes\/"},{"@type":"ListItem","position":3,"name":"La Casa Gran"}]},{"@type":"WebSite","@id":"https:\/\/casesdeltaebre.com\/es\/#website","url":"https:\/\/casesdeltaebre.com\/es\/","name":"Cases del Delta","description":"Ecoturisme al Delta de l&#039;Ebre","publisher":{"@id":"https:\/\/casesdeltaebre.com\/es\/#organization"},"potentialAction":[{"@type":"SearchAction","target":{"@type":"EntryPoint","urlTemplate":"https:\/\/casesdeltaebre.com\/es\/?s={search_term_string}"},"query-input":"required name=search_term_string"}],"inLanguage":"es"},{"@type":"Organization","@id":"https:\/\/casesdeltaebre.com\/es\/#organization","name":"Cases del Delta","url":"https:\/\/casesdeltaebre.com\/es\/","logo":{"@type":"ImageObject","inLanguage":"es","@id":"https:\/\/casesdeltaebre.com\/es\/#\/schema\/logo\/image\/","url":"https:\/\/casesdeltaebre.com\/wp-content\/uploads\/2019\/06\/cropped-LogoCasesDeltaHoritzontal-1.png","contentUrl":"https:\/\/casesdeltaebre.com\/wp-content\/uploads\/2019\/06\/cropped-LogoCasesDeltaHoritzontal-1.png","width":938,"height":205,"caption":"Cases del Delta"},"image":{"@id":"https:\/\/casesdeltaebre.com\/es\/#\/schema\/logo\/image\/"}}]}},"_links":{"self":[{"href":"https:\/\/casesdeltaebre.com\/es\/wp-json\/wp\/v2\/pages\/1757","targetHints":{"allow":["GET"]}}],"collection":[{"href":"https:\/\/casesdeltaebre.com\/es\/wp-json\/wp\/v2\/pages"}],"about":[{"href":"https:\/\/casesdeltaebre.com\/es\/wp-json\/wp\/v2\/types\/page"}],"author":[{"embeddable":true,"href":"https:\/\/casesdeltaebre.com\/es\/wp-json\/wp\/v2\/users\/1"}],"replies":[{"embeddable":true,"href":"https:\/\/casesdeltaebre.com\/es\/wp-json\/wp\/v2\/comments?post=1757"}],"version-history":[{"count":23,"href":"https:\/\/casesdeltaebre.com\/es\/wp-json\/wp\/v2\/pages\/1757\/revisions"}],"predecessor-version":[{"id":5199,"href":"https:\/\/casesdeltaebre.com\/es\/wp-json\/wp\/v2\/pages\/1757\/revisions\/5199"}],"up":[{"embeddable":true,"href":"https:\/\/casesdeltaebre.com\/es\/wp-json\/wp\/v2\/pages\/2076"}],"wp:attachment":[{"href":"https:\/\/casesdeltaebre.com\/es\/wp-json\/wp\/v2\/media?parent=1757"}],"curies":[{"name":"wp","href":"https:\/\/api.w.org\/{rel}","templated":true}]}}