{"id":1740,"date":"2019-05-30T17:35:08","date_gmt":"2019-05-30T17:35:08","guid":{"rendered":"https:\/\/casesdeltaebre.com\/turismo-rural-en-el-delta-del-ebro\/"},"modified":"2024-12-24T07:26:46","modified_gmt":"2024-12-24T07:26:46","slug":"turismo-rural-en-el-delta-del-ebro","status":"publish","type":"page","link":"https:\/\/casesdeltaebre.com\/es\/","title":{"rendered":"Casas en el Delta del Ebro"},"content":{"rendered":"<section class=\"wpb-content-wrapper\"><p>[vc_row][vc_column][vc_single_image image=\u00bb4075&#8243; img_size=\u00bbfull\u00bb alignment=\u00bbcenter\u00bb][\/vc_column][\/vc_row][vc_row][vc_column][vc_empty_space][\/vc_column][\/vc_row][vc_row][vc_column][vc_custom_heading text=\u00bbCasas con encanto para disfrutar del Delta del Ebro. Hacemos turismo sostenible\u00bb font_container=\u00bbtag:h1|text_align:center\u00bb use_theme_fonts=\u00bbyes\u00bb][\/vc_column][\/vc_row][vc_row][vc_column][vc_empty_space height=\u00bb40px\u00bb][\/vc_column][\/vc_row][vc_row][vc_column width=\u00bb1\/2&#8243;][vc_custom_heading text=\u00bbCasa Gran\u00bb font_container=\u00bbtag:h2|text_align:center\u00bb use_theme_fonts=\u00bbyes\u00bb][vc_single_image image=\u00bb3972&#8243; img_size=\u00bb600&#215;400&#8243; alignment=\u00bbcenter\u00bb onclick=\u00bbcustom_link\u00bb img_link_target=\u00bb_blank\u00bb css_animation=\u00bbnone\u00bb link=\u00bbhttps:\/\/casesdeltaebre.com\/es\/les-casetes\/la-casa-gran\/\u00bb][vc_column_text]<\/p>\n<blockquote>\n<h5 style=\"text-align: center;\">De 2 a 5 places. 2 habitacions dobles, una amb llit doble i l&#8217;altra amb dos llits individuals i llit supletori. Bany complet. Cuina equipada. Jard\u00ed amb barbacoa.<\/h5>\n<\/blockquote>\n<p>[\/vc_column_text][vc_btn title=\u00bbCasa Gran\u00bb color=\u00bbturquoise\u00bb align=\u00bbcenter\u00bb link=\u00bburl:https%3A%2F%2Fcasesdeltaebre.com%2Fes%2Fles-casetes%2Fla-casa-gran%2F|target:%20_blank|\u00bb][\/vc_column][vc_column width=\u00bb1\/2&#8243;][vc_custom_heading text=\u00bbCasa Petita\u00bb font_container=\u00bbtag:h2|text_align:center\u00bb use_theme_fonts=\u00bbyes\u00bb][vc_single_image image=\u00bb1574&#8243; img_size=\u00bb600&#215;400&#8243; alignment=\u00bbcenter\u00bb onclick=\u00bbcustom_link\u00bb img_link_target=\u00bb_blank\u00bb css_animation=\u00bbnone\u00bb link=\u00bbhttps:\/\/casesdeltaebre.com\/es\/les-casetes\/la-casa-petita\/\u00bb][vc_column_text]<\/p>\n<h5 style=\"text-align: center;\">De 2 a 4 plazas. 1 habitaci\u00f3n con cama doble y un altillo con dos camas individuales. Ba\u00f1o completo. Cocina equipada. Jard\u00edn con barbacoa.<\/h5>\n<p>[\/vc_column_text][vc_btn title=\u00bbCasa Petita\u00bb color=\u00bbturquoise\u00bb align=\u00bbcenter\u00bb link=\u00bburl:https%3A%2F%2Fcasesdeltaebre.com%2Fes%2Fles-casetes%2Fla-casa-petita%2F|target:%20_blank|\u00bb][\/vc_column][\/vc_row][vc_row][vc_column width=\u00bb1\/2&#8243;][vc_custom_heading text=\u00bbVilla Paquita &#8211; Delta de l&#8217;Ebre\u00bb font_container=\u00bbtag:h2|text_align:center\u00bb use_theme_fonts=\u00bbyes\u00bb][vc_single_image image=\u00bb5533&#8243; img_size=\u00bb600&#215;400&#8243; alignment=\u00bbcenter\u00bb onclick=\u00bbcustom_link\u00bb img_link_target=\u00bb_blank\u00bb css_animation=\u00bbnone\u00bb link=\u00bbhttps:\/\/casesdeltaebre.com\/es\/les-casetes\/la-casa-gran\/\u00bb][vc_column_text]<br \/>\nDe 2 a 14 plazas. 5 habitaciones dobles, tres con cama doble y dos con dos camas individuales y 1 habitaci\u00f3n cu\u00e1druple con dos literas. 3 Ba\u00f1os completos. Cocina equipada, Comedor con chimenea, Jard\u00edn con barbacoa. Piscina-Jacuzzi, Sala de juegos. Aparcamiento gratuito en las instalaciones.<br \/>\n[\/vc_column_text][vc_btn title=\u00bbVilla Paquita\u00bb color=\u00bbturquoise\u00bb align=\u00bbcenter\u00bb link=\u00bburl:https%3A%2F%2Fcasesdeltaebre.com%2Fes%2Fles-casetes%2Fcal-gasso%2F|title:Villa%20Paquita%20%E2%80%93%20Delta%20de%20l%E2%80%99Ebre|target:_blank|\u00bb][\/vc_column][vc_column width=\u00bb1\/2&#8243;][vc_custom_heading text=\u00bbVilla Paquita Loft\u00bb font_container=\u00bbtag:h2|text_align:center\u00bb use_theme_fonts=\u00bbyes\u00bb][vc_single_image image=\u00bb5560&#8243; img_size=\u00bb600&#215;400&#8243; alignment=\u00bbcenter\u00bb onclick=\u00bbcustom_link\u00bb img_link_target=\u00bb_blank\u00bb css_animation=\u00bbnone\u00bb link=\u00bbhttps:\/\/casesdeltaebre.com\/es\/les-casetes\/la-casa-petita\/\u00bb][vc_column_text]<br \/>\nDe 2 a 3 plazas. Estudio con cama doble y sof\u00e1 cama. Ba\u00f1o completo. Cocina equipada. Terraza con barbacoa amplios.<br \/>\n[\/vc_column_text][vc_btn title=\u00bbVilla Paquita Loft\u00bb color=\u00bbturquoise\u00bb align=\u00bbcenter\u00bb link=\u00bburl:https%3A%2F%2Fcasesdeltaebre.com%2Fes%2Fles-casetes%2Fbarraca-vilbor%2F|title:Villa%20Paquita%20Loft|target:_blank|\u00bb][\/vc_column][\/vc_row][vc_row][vc_column][vc_empty_space height=\u00bb16px\u00bb][\/vc_column][\/vc_row][vc_row][vc_column width=\u00bb1\/4&#8243;][\/vc_column][vc_column width=\u00bb1\/2&#8243;][vc_empty_space][\/vc_column][vc_column width=\u00bb1\/4&#8243;][vc_btn title=\u00bbDisponibilitat i Reserves \u00bb color=\u00bborange\u00bb link=\u00bburl:https%3A%2F%2Fvillapaquita.com%2Freserva%2F|target:_blank|\u00bb][\/vc_column][\/vc_row]<\/p>\n<\/section>","protected":false},"excerpt":{"rendered":"<p>[vc_row][vc_column][vc_single_image image=\u00bb4075&#8243; img_size=\u00bbfull\u00bb alignment=\u00bbcenter\u00bb][\/vc_column][\/vc_row][vc_row][vc_column][vc_empty_space][\/vc_column][\/vc_row][vc_row][vc_column][vc_custom_heading text=\u00bbCasas con encanto para disfrutar del Delta del Ebro. Hacemos turismo sostenible\u00bb font_container=\u00bbtag:h1|text_align:center\u00bb use_theme_fonts=\u00bbyes\u00bb][\/vc_column][\/vc_row][vc_row][vc_column][vc_empty_space height=\u00bb40px\u00bb][\/vc_column][\/vc_row][vc_row][vc_column width=\u00bb1\/2&#8243;][vc_custom_heading text=\u00bbCasa Gran\u00bb font_container=\u00bbtag:h2|text_align:center\u00bb use_theme_fonts=\u00bbyes\u00bb][vc_single_image image=\u00bb3972&#8243; img_size=\u00bb600&#215;400&#8243; alignment=\u00bbcenter\u00bb onclick=\u00bbcustom_link\u00bb img_link_target=\u00bb_blank\u00bb css_animation=\u00bbnone\u00bb link=\u00bbhttps:\/\/casesdeltaebre.com\/es\/les-casetes\/la-casa-gran\/\u00bb][vc_column_text] De 2 a 5 places. 2 habitacions dobles, una amb llit doble i l&#8217;altra amb dos llits individuals i llit supletori. Bany complet. Cuina &#8230; <a title=\"Casas en el Delta del Ebro\" class=\"read-more\" href=\"https:\/\/casesdeltaebre.com\/es\/\" aria-label=\"M\u00e1s en Casas en el Delta del Ebro\">Leer m\u00e1s<\/a><\/p>\n","protected":false},"author":1,"featured_media":0,"parent":0,"menu_order":0,"comment_status":"closed","ping_status":"closed","template":"","meta":{"_exactmetrics_skip_tracking":false,"_exactmetrics_sitenote_active":false,"_exactmetrics_sitenote_note":"","_exactmetrics_sitenote_category":0,"footnotes":""},"class_list":["post-1740","page","type-page","status-publish"],"yoast_head":"<!-- This site is optimized with the Yoast SEO plugin v20.2 - https:\/\/yoast.com\/wordpress\/plugins\/seo\/ -->\n<title>Casas en el Delta del Ebro - Cases del Delta Cases del Delta<\/title>\n<meta name=\"description\" content=\"Alojamientos en el Delta del Ebro. Casas con encanto rodeadas de naturaleza y con todos los servicios. Turismo sostenible y responsable.\" \/>\n<meta name=\"robots\" content=\"index, follow, max-snippet:-1, max-image-preview:large, max-video-preview:-1\" \/>\n<link rel=\"canonical\" href=\"https:\/\/casesdeltaebre.com\/es\/\" \/>\n<meta property=\"og:locale\" content=\"es_ES\" \/>\n<meta property=\"og:type\" content=\"article\" \/>\n<meta property=\"og:title\" content=\"Casas en el Delta del Ebro - Cases del Delta Cases del Delta\" \/>\n<meta property=\"og:description\" content=\"Alojamientos en el Delta del Ebro. Casas con encanto rodeadas de naturaleza y con todos los servicios. Turismo sostenible y responsable.\" \/>\n<meta property=\"og:url\" content=\"https:\/\/casesdeltaebre.com\/es\/\" \/>\n<meta property=\"og:site_name\" content=\"Cases del Delta\" \/>\n<meta property=\"article:modified_time\" content=\"2024-12-24T07:26:46+00:00\" \/>\n<meta name=\"twitter:card\" content=\"summary_large_image\" \/>\n<meta name=\"twitter:label1\" content=\"Tiempo de lectura\" \/>\n\t<meta name=\"twitter:data1\" content=\"1 minuto\" \/>\n<script type=\"application\/ld+json\" class=\"yoast-schema-graph\">{\"@context\":\"https:\/\/schema.org\",\"@graph\":[{\"@type\":\"WebPage\",\"@id\":\"https:\/\/casesdeltaebre.com\/es\/\",\"url\":\"https:\/\/casesdeltaebre.com\/es\/\",\"name\":\"Casas en el Delta del Ebro - Cases del Delta Cases del Delta\",\"isPartOf\":{\"@id\":\"https:\/\/casesdeltaebre.com\/es\/#website\"},\"datePublished\":\"2019-05-30T17:35:08+00:00\",\"dateModified\":\"2024-12-24T07:26:46+00:00\",\"description\":\"Alojamientos en el Delta del Ebro. Casas con encanto rodeadas de naturaleza y con todos los servicios. Turismo sostenible y responsable.\",\"breadcrumb\":{\"@id\":\"https:\/\/casesdeltaebre.com\/es\/#breadcrumb\"},\"inLanguage\":\"es\",\"potentialAction\":[{\"@type\":\"ReadAction\",\"target\":[\"https:\/\/casesdeltaebre.com\/es\/\"]}]},{\"@type\":\"BreadcrumbList\",\"@id\":\"https:\/\/casesdeltaebre.com\/es\/#breadcrumb\",\"itemListElement\":[{\"@type\":\"ListItem\",\"position\":1,\"name\":\"Portada\",\"item\":\"https:\/\/casesdeltaebre.com\/es\/\"},{\"@type\":\"ListItem\",\"position\":2,\"name\":\"Casas en el Delta del Ebro\"}]},{\"@type\":\"WebSite\",\"@id\":\"https:\/\/casesdeltaebre.com\/es\/#website\",\"url\":\"https:\/\/casesdeltaebre.com\/es\/\",\"name\":\"Cases del Delta\",\"description\":\"Ecoturisme al Delta de l&#039;Ebre\",\"publisher\":{\"@id\":\"https:\/\/casesdeltaebre.com\/es\/#organization\"},\"potentialAction\":[{\"@type\":\"SearchAction\",\"target\":{\"@type\":\"EntryPoint\",\"urlTemplate\":\"https:\/\/casesdeltaebre.com\/es\/?s={search_term_string}\"},\"query-input\":\"required name=search_term_string\"}],\"inLanguage\":\"es\"},{\"@type\":\"Organization\",\"@id\":\"https:\/\/casesdeltaebre.com\/es\/#organization\",\"name\":\"Cases del Delta\",\"url\":\"https:\/\/casesdeltaebre.com\/es\/\",\"logo\":{\"@type\":\"ImageObject\",\"inLanguage\":\"es\",\"@id\":\"https:\/\/casesdeltaebre.com\/es\/#\/schema\/logo\/image\/\",\"url\":\"https:\/\/casesdeltaebre.com\/wp-content\/uploads\/2019\/06\/cropped-LogoCasesDeltaHoritzontal-1.png\",\"contentUrl\":\"https:\/\/casesdeltaebre.com\/wp-content\/uploads\/2019\/06\/cropped-LogoCasesDeltaHoritzontal-1.png\",\"width\":938,\"height\":205,\"caption\":\"Cases del Delta\"},\"image\":{\"@id\":\"https:\/\/casesdeltaebre.com\/es\/#\/schema\/logo\/image\/\"}}]}<\/script>\n<!-- \/ Yoast SEO plugin. -->","yoast_head_json":{"title":"Casas en el Delta del Ebro - Cases del Delta Cases del Delta","description":"Alojamientos en el Delta del Ebro. Casas con encanto rodeadas de naturaleza y con todos los servicios. Turismo sostenible y responsable.","robots":{"index":"index","follow":"follow","max-snippet":"max-snippet:-1","max-image-preview":"max-image-preview:large","max-video-preview":"max-video-preview:-1"},"canonical":"https:\/\/casesdeltaebre.com\/es\/","og_locale":"es_ES","og_type":"article","og_title":"Casas en el Delta del Ebro - Cases del Delta Cases del Delta","og_description":"Alojamientos en el Delta del Ebro. Casas con encanto rodeadas de naturaleza y con todos los servicios. Turismo sostenible y responsable.","og_url":"https:\/\/casesdeltaebre.com\/es\/","og_site_name":"Cases del Delta","article_modified_time":"2024-12-24T07:26:46+00:00","twitter_card":"summary_large_image","twitter_misc":{"Tiempo de lectura":"1 minuto"},"schema":{"@context":"https:\/\/schema.org","@graph":[{"@type":"WebPage","@id":"https:\/\/casesdeltaebre.com\/es\/","url":"https:\/\/casesdeltaebre.com\/es\/","name":"Casas en el Delta del Ebro - Cases del Delta Cases del Delta","isPartOf":{"@id":"https:\/\/casesdeltaebre.com\/es\/#website"},"datePublished":"2019-05-30T17:35:08+00:00","dateModified":"2024-12-24T07:26:46+00:00","description":"Alojamientos en el Delta del Ebro. Casas con encanto rodeadas de naturaleza y con todos los servicios. Turismo sostenible y responsable.","breadcrumb":{"@id":"https:\/\/casesdeltaebre.com\/es\/#breadcrumb"},"inLanguage":"es","potentialAction":[{"@type":"ReadAction","target":["https:\/\/casesdeltaebre.com\/es\/"]}]},{"@type":"BreadcrumbList","@id":"https:\/\/casesdeltaebre.com\/es\/#breadcrumb","itemListElement":[{"@type":"ListItem","position":1,"name":"Portada","item":"https:\/\/casesdeltaebre.com\/es\/"},{"@type":"ListItem","position":2,"name":"Casas en el Delta del Ebro"}]},{"@type":"WebSite","@id":"https:\/\/casesdeltaebre.com\/es\/#website","url":"https:\/\/casesdeltaebre.com\/es\/","name":"Cases del Delta","description":"Ecoturisme al Delta de l&#039;Ebre","publisher":{"@id":"https:\/\/casesdeltaebre.com\/es\/#organization"},"potentialAction":[{"@type":"SearchAction","target":{"@type":"EntryPoint","urlTemplate":"https:\/\/casesdeltaebre.com\/es\/?s={search_term_string}"},"query-input":"required name=search_term_string"}],"inLanguage":"es"},{"@type":"Organization","@id":"https:\/\/casesdeltaebre.com\/es\/#organization","name":"Cases del Delta","url":"https:\/\/casesdeltaebre.com\/es\/","logo":{"@type":"ImageObject","inLanguage":"es","@id":"https:\/\/casesdeltaebre.com\/es\/#\/schema\/logo\/image\/","url":"https:\/\/casesdeltaebre.com\/wp-content\/uploads\/2019\/06\/cropped-LogoCasesDeltaHoritzontal-1.png","contentUrl":"https:\/\/casesdeltaebre.com\/wp-content\/uploads\/2019\/06\/cropped-LogoCasesDeltaHoritzontal-1.png","width":938,"height":205,"caption":"Cases del Delta"},"image":{"@id":"https:\/\/casesdeltaebre.com\/es\/#\/schema\/logo\/image\/"}}]}},"_links":{"self":[{"href":"https:\/\/casesdeltaebre.com\/es\/wp-json\/wp\/v2\/pages\/1740","targetHints":{"allow":["GET"]}}],"collection":[{"href":"https:\/\/casesdeltaebre.com\/es\/wp-json\/wp\/v2\/pages"}],"about":[{"href":"https:\/\/casesdeltaebre.com\/es\/wp-json\/wp\/v2\/types\/page"}],"author":[{"embeddable":true,"href":"https:\/\/casesdeltaebre.com\/es\/wp-json\/wp\/v2\/users\/1"}],"replies":[{"embeddable":true,"href":"https:\/\/casesdeltaebre.com\/es\/wp-json\/wp\/v2\/comments?post=1740"}],"version-history":[{"count":99,"href":"https:\/\/casesdeltaebre.com\/es\/wp-json\/wp\/v2\/pages\/1740\/revisions"}],"predecessor-version":[{"id":5688,"href":"https:\/\/casesdeltaebre.com\/es\/wp-json\/wp\/v2\/pages\/1740\/revisions\/5688"}],"wp:attachment":[{"href":"https:\/\/casesdeltaebre.com\/es\/wp-json\/wp\/v2\/media?parent=1740"}],"curies":[{"name":"wp","href":"https:\/\/api.w.org\/{rel}","templated":true}]}}